{"id":510,"date":"2020-03-18T16:12:33","date_gmt":"2020-03-18T15:12:33","guid":{"rendered":"https:\/\/agora.xtec.cat\/escoladecalders\/?page_id=510"},"modified":"2021-05-25T02:50:32","modified_gmt":"2021-05-25T00:50:32","slug":"escola-verda","status":"publish","type":"page","link":"https:\/\/agora.xtec.cat\/escoladecalders\/projecte-educatiu\/escola-verda\/","title":{"rendered":"Escola Verda"},"content":{"rendered":"<h5 style=\"text-align: center;\">LA COMISSI\u00d3 VERDA EN ACCI\u00d3<\/h5>\n<p><a href=\"https:\/\/photos.app.goo.gl\/N6SKVyaszmv2QSxU7\"><img loading=\"lazy\" decoding=\"async\" class=\"wp-image-1080 size-full alignleft\" src=\"https:\/\/agora.xtec.cat\/escoladecalders\/wp-content\/uploads\/usu2083\/2020\/11\/20201105_111252-e1604577482624.jpg\" alt=\"\" width=\"448\" height=\"336\" srcset=\"https:\/\/agora.xtec.cat\/escoladecalders\/wp-content\/uploads\/usu2083\/2020\/11\/20201105_111252-e1604577482624.jpg 448w, https:\/\/agora.xtec.cat\/escoladecalders\/wp-content\/uploads\/usu2083\/2020\/11\/20201105_111252-e1604577482624-300x225.jpg 300w, https:\/\/agora.xtec.cat\/escoladecalders\/wp-content\/uploads\/usu2083\/2020\/11\/20201105_111252-e1604577482624-200x150.jpg 200w\" sizes=\"auto, (max-width: 448px) 100vw, 448px\" \/><\/a>\u27a1<\/p>\n<p>Hola! Som la Comissi\u00f3 Verda de l&#8217;Escola Anton Busquets i Punset i al llarg del curs hem intentat\u00a0 con\u00e8ixer i cuidar el nostre entorn i ser una escola m\u00e9s respectuosa amb el medi. Tots els nostres companys, mestres i fam\u00edlies ens han ajudat quan ho hem demanat i gr\u00e0cies a tota la feina que hem fet entre tots, hem aconseguit la placa d&#8217;Escola Verda!<\/p>\n<pre>\u2b05Clica per veure m\u00e9s imatges\r\n\r\n\r\n\r\n\r\n\r\n\r\n\r\n<\/pre>\n<p>Escola verda vol dir que intentem:<\/p>\n<ul>\n<li>Reutilitzar i reciclar<\/li>\n<li>Reduir els pl\u00e0stics<\/li>\n<li>No utilitzar paper d&#8217;alumini<\/li>\n<li>Respectar el medi ambient<\/li>\n<li>Lluitar pel b\u00e9 del planeta<\/li>\n<li>Tenir espais verds: arbres, flors, hort, jardinets, etc.<\/li>\n<li>Tenir els espais de l&#8217;escola nets: el pati, les classes&#8230;<\/li>\n<li>Con\u00e8ixer els \u00e9ssers vius que conviuen amb nosaltres, respectar-los i tenir-ne cura.<\/li>\n<\/ul>\n<p>Per tot aix\u00f2 cada trimestre, cada classe de prim\u00e0ria ha escollit uns representants, que s\u00f3n membres de la comissi\u00f3 verda, i que es reuneixen els dimecres a l&#8217;hora del pati per concretar quins objectius perseguim, pensar accions per aconseguir-ho i ser portaveus a cada classe del que parlem a les reunions, com tamb\u00e9 a la inversa (ser portaveus de la classe per posar en com\u00fa a la comissi\u00f3 els problemes que detectem i sobre els quals cal actuar).<\/p>\n<p>Els alumnes que aquest curs hem format part de la comissi\u00f3 verda som:<\/p>\n<p>MITJANS: Jaume San Nicol\u00e0s, Carles Campanario, Noa Torrescasana, Paula Baeza.<\/p>\n<p>GRANS: N\u00faria Corcuera, Ares Mas , Carla Garcia, Roger Ros.<\/p>\n<p>Aquest curs vam decidir fer alguna acci\u00f3 que millor\u00e9s les zones verdes del nostre pati i vam fer-ho el 22 d&#8217;abril, que \u00e9s el DIA DE LA TERRA. Vam dedicar tot el dia a arreglar l&#8217;espai exterior de l&#8217;escola i en vam fer un petit reportatge fotogr\u00e0fic que us deixem a continuaci\u00f3 perqu\u00e8 pugueu veure-ho:<\/p>\n<table style=\"height: 33px; width: 814px; border-color: #000000; background-color: #d0f23a;\" width=\"814\">\n<tbody>\n<tr style=\"height: 33px;\">\n<td style=\"width: 808.889px; height: 33px;\">\n<h5 style=\"text-align: center;\"><a href=\"https:\/\/agora.xtec.cat\/escoladecalders\/wp-content\/uploads\/usu2083\/2021\/05\/dia-terra-resum.png\"><img loading=\"lazy\" decoding=\"async\" class=\"alignright wp-image-1226 size-full\" src=\"https:\/\/agora.xtec.cat\/escoladecalders\/wp-content\/uploads\/usu2083\/2021\/05\/dia-terra-resum.png\" alt=\"\" width=\"616\" height=\"938\" srcset=\"https:\/\/agora.xtec.cat\/escoladecalders\/wp-content\/uploads\/usu2083\/2021\/05\/dia-terra-resum.png 616w, https:\/\/agora.xtec.cat\/escoladecalders\/wp-content\/uploads\/usu2083\/2021\/05\/dia-terra-resum-197x300.png 197w\" sizes=\"auto, (max-width: 616px) 100vw, 616px\" \/><\/a> <strong>22 D&#8217;ABRIL DE 2021 \ud83c\udf0e<\/strong><\/h5>\n<h5 style=\"text-align: center;\"><strong>\u2600<\/strong><\/h5>\n<h5 style=\"text-align: center;\"><strong>\u267b<\/strong><\/h5>\n<h5 style=\"text-align: center;\"><strong>\ud83d\udd0d<\/strong><\/h5>\n<h5 style=\"text-align: center;\"><strong>\ud83d\udeb4<\/strong><\/h5>\n<h5 style=\"text-align: center;\"><strong>\ud83d\udca7<\/strong><\/h5>\n<h5 style=\"text-align: center;\"><strong>\u26c5<\/strong><\/h5>\n<h5 style=\"text-align: center;\"><strong>\ud83c\udf0e<\/strong><\/h5>\n<h5 style=\"text-align: center;\"><strong>DIA DE LA TERRA<\/strong><\/h5>\n<h5 style=\"text-align: center;\"><strong>\ud83c\udf0e<\/strong><\/h5>\n<h5 style=\"text-align: center;\"><strong>\u2600<\/strong><\/h5>\n<h5 style=\"text-align: center;\"><strong>\u267b<\/strong><\/h5>\n<h5 style=\"text-align: center;\"><strong>\ud83d\udd0d<\/strong><\/h5>\n<h5 style=\"text-align: center;\"><strong>\ud83d\udeb4<\/strong><\/h5>\n<h5 style=\"text-align: center;\"><strong>\ud83d\udca7<\/strong><\/h5>\n<h5 style=\"text-align: center;\"><strong>\u26c5<\/strong><\/h5>\n<h5 style=\"text-align: center;\"><strong>\ud83c\udf0e<\/strong><\/h5>\n<h6 style=\"text-align: center;\">ESCOLA ANTON BUSQUETS I PUNSET<\/h6>\n<h5 style=\"text-align: center;\"><strong>\ud83c\udf0e<\/strong><\/h5>\n<h5 style=\"text-align: center;\"><strong>\u2600<\/strong><\/h5>\n<h5 style=\"text-align: center;\"><strong>\u267b<\/strong><\/h5>\n<h5 style=\"text-align: center;\"><strong>\ud83d\udd0d<\/strong><\/h5>\n<h5 style=\"text-align: center;\"><strong>\ud83d\udeb4<\/strong><\/h5>\n<h5 style=\"text-align: center;\"><strong>\ud83d\udca7<\/strong><\/h5>\n<h5 style=\"text-align: center;\"><strong>\u26c5<\/strong><\/h5>\n<h5 style=\"text-align: center;\"><strong>\ud83c\udf0e<\/strong><\/h5>\n<h6 style=\"text-align: center;\">CALDERS<\/h6>\n<h6 style=\"text-align: center;\">(EL MOIAN\u00c8S)<\/h6>\n<\/td>\n<\/tr>\n<\/tbody>\n<\/table>\n<p>&nbsp;<\/p>\n<p>&nbsp;<\/p>\n<p>&nbsp;<\/p>\n<p>&nbsp;<\/p>\n<p>&nbsp;<\/p>\n<p>&nbsp;<\/p>\n<p>&nbsp;<\/p>\n<p>&nbsp;<\/p>\n<p>&nbsp;<\/p>\n<p>&nbsp;<\/p>\n<p>&nbsp;<\/p>\n","protected":false},"excerpt":{"rendered":"<p>LA COMISSI\u00d3 VERDA EN ACCI\u00d3<br \/>\n<a href=\"https:\/\/photos.app.goo.gl\/N6SKVyaszmv2QSxU7\"><\/a>\u27a1<br \/>\nHola! Som la Comissi\u00f3 Verda de l&#8217;Escola Anton Busquets i Punset i al llarg del curs hem intentat\u00a0 con\u00e8ixer i cuidar el nostre entorn i ser una escola m\u00e9s respectuosa amb el medi. Tots els nostres companys, mestres i fam\u00edlies&hellip;  <a href=\"https:\/\/agora.xtec.cat\/escoladecalders\/projecte-educatiu\/escola-verda\/\" title=\"Read Escola Verda\">Llegeix m\u00e9s\u00bb<\/a><\/p>\n","protected":false},"author":1,"featured_media":0,"parent":64,"menu_order":0,"comment_status":"closed","ping_status":"closed","template":"","meta":{"_bbp_topic_count":0,"_bbp_reply_count":0,"_bbp_total_topic_count":0,"_bbp_total_reply_count":0,"_bbp_voice_count":0,"_bbp_anonymous_reply_count":0,"_bbp_topic_count_hidden":0,"_bbp_reply_count_hidden":0,"_bbp_forum_subforum_count":0,"footnotes":""},"class_list":["post-510","page","type-page","status-publish","hentry"],"post_mailing_queue_ids":[],"_links":{"self":[{"href":"https:\/\/agora.xtec.cat\/escoladecalders\/wp-json\/wp\/v2\/pages\/510","targetHints":{"allow":["GET"]}}],"collection":[{"href":"https:\/\/agora.xtec.cat\/escoladecalders\/wp-json\/wp\/v2\/pages"}],"about":[{"href":"https:\/\/agora.xtec.cat\/escoladecalders\/wp-json\/wp\/v2\/types\/page"}],"author":[{"embeddable":true,"href":"https:\/\/agora.xtec.cat\/escoladecalders\/wp-json\/wp\/v2\/users\/1"}],"replies":[{"embeddable":true,"href":"https:\/\/agora.xtec.cat\/escoladecalders\/wp-json\/wp\/v2\/comments?post=510"}],"version-history":[{"count":3,"href":"https:\/\/agora.xtec.cat\/escoladecalders\/wp-json\/wp\/v2\/pages\/510\/revisions"}],"predecessor-version":[{"id":1232,"href":"https:\/\/agora.xtec.cat\/escoladecalders\/wp-json\/wp\/v2\/pages\/510\/revisions\/1232"}],"up":[{"embeddable":true,"href":"https:\/\/agora.xtec.cat\/escoladecalders\/wp-json\/wp\/v2\/pages\/64"}],"wp:attachment":[{"href":"https:\/\/agora.xtec.cat\/escoladecalders\/wp-json\/wp\/v2\/media?parent=510"}],"curies":[{"name":"wp","href":"https:\/\/api.w.org\/{rel}","templated":true}]}}