{"id":30,"date":"2014-09-18T12:30:23","date_gmt":"2014-09-18T11:30:23","guid":{"rendered":"http:\/\/agora.xtec.cat\/escoladecalders\/?page_id=30"},"modified":"2020-03-19T23:08:27","modified_gmt":"2020-03-19T22:08:27","slug":"instal%c2%b7lacions","status":"publish","type":"page","link":"https:\/\/agora.xtec.cat\/escoladecalders\/lescola\/instal%c2%b7lacions\/","title":{"rendered":"Instal\u00b7lacions"},"content":{"rendered":"<p><span style=\"font-weight: 400;\">La nostra escola disposa de les seg\u00fcents aules i espais:<\/span><\/p>\n<ul>\n<li style=\"font-weight: 400;\">2 Aules d\u2019educaci\u00f3 infantil<\/li>\n<li style=\"font-weight: 400;\">4 Aules de prim\u00e0ria<\/li>\n<li style=\"font-weight: 400;\">1 Sala petita per desdoblaments redu\u00efts<\/li>\n<li style=\"font-weight: 400;\">1 Sala de mestres compartida\u00a0 per desdoblaments<br \/>\n. 1 aula de pl\u00e0stica<\/li>\n<li style=\"font-weight: 400;\">Biblioteca\u00a0compartida amb\u00a0Aula de m\u00fasica<\/li>\n<\/ul>\n<p>. Sala polivalent per psicomotricitat i altres activitats en gran grup<\/p>\n<ul>\n<li style=\"font-weight: 400;\">Menjador<\/li>\n<li style=\"font-weight: 400;\">Administraci\u00f3<\/li>\n<li style=\"font-weight: 400;\">Hort escolar<br \/>\n. 1 Pati pels alumnes de prim\u00e0ria<br \/>\n. 1 Pati pels alumnes d&#8217;infantil<\/li>\n<\/ul>\n<p style=\"font-weight: 400;\">Les activitats d\u2019Educaci\u00f3 F\u00edsica es fan normalment al pati de prim\u00e0ria i al porxo de l\u2019escola. Els dies d&#8217;hivern que fa molt fred i quan plou, l&#8217;activitat es realitza a dins de la sala polivalent.<\/p>\n","protected":false},"excerpt":{"rendered":"<p>La nostra escola disposa de les seg\u00fcents aules i espais:<\/p>\n<ul>\n<li style=\"font-weight: 400;\">2 Aules d\u2019educaci\u00f3 infantil<\/li>\n<li style=\"font-weight: 400;\">4 Aules de prim\u00e0ria<\/li>\n<li style=\"font-weight: 400;\">1 Sala petita per desdoblaments redu\u00efts<\/li>\n<li style=\"font-weight: 400;\">1 Sala de mestres compartida\u00a0 per desdoblaments<br \/>\n. 1 aula de pl\u00e0stica<\/li>\n<li style=\"font-weight: 400;\">Biblioteca\u00a0compartida amb\u00a0Aula de m\u00fasica<\/li>\n<\/ul>\n<p>. Sala&hellip;  <a href=\"https:\/\/agora.xtec.cat\/escoladecalders\/lescola\/instal%c2%b7lacions\/\" title=\"Read Instal\u00b7lacions\">Llegeix m\u00e9s\u00bb<\/a><\/p>\n","protected":false},"author":1,"featured_media":0,"parent":22,"menu_order":40,"comment_status":"closed","ping_status":"closed","template":"page-templates\/side-menu.php","meta":{"_bbp_topic_count":0,"_bbp_reply_count":0,"_bbp_total_topic_count":0,"_bbp_total_reply_count":0,"_bbp_voice_count":0,"_bbp_anonymous_reply_count":0,"_bbp_topic_count_hidden":0,"_bbp_reply_count_hidden":0,"_bbp_forum_subforum_count":0,"footnotes":""},"class_list":["post-30","page","type-page","status-publish","hentry"],"post_mailing_queue_ids":[],"_links":{"self":[{"href":"https:\/\/agora.xtec.cat\/escoladecalders\/wp-json\/wp\/v2\/pages\/30","targetHints":{"allow":["GET"]}}],"collection":[{"href":"https:\/\/agora.xtec.cat\/escoladecalders\/wp-json\/wp\/v2\/pages"}],"about":[{"href":"https:\/\/agora.xtec.cat\/escoladecalders\/wp-json\/wp\/v2\/types\/page"}],"author":[{"embeddable":true,"href":"https:\/\/agora.xtec.cat\/escoladecalders\/wp-json\/wp\/v2\/users\/1"}],"replies":[{"embeddable":true,"href":"https:\/\/agora.xtec.cat\/escoladecalders\/wp-json\/wp\/v2\/comments?post=30"}],"version-history":[{"count":3,"href":"https:\/\/agora.xtec.cat\/escoladecalders\/wp-json\/wp\/v2\/pages\/30\/revisions"}],"predecessor-version":[{"id":547,"href":"https:\/\/agora.xtec.cat\/escoladecalders\/wp-json\/wp\/v2\/pages\/30\/revisions\/547"}],"up":[{"embeddable":true,"href":"https:\/\/agora.xtec.cat\/escoladecalders\/wp-json\/wp\/v2\/pages\/22"}],"wp:attachment":[{"href":"https:\/\/agora.xtec.cat\/escoladecalders\/wp-json\/wp\/v2\/media?parent=30"}],"curies":[{"name":"wp","href":"https:\/\/api.w.org\/{rel}","templated":true}]}}