{"id":28,"date":"2014-09-18T12:29:35","date_gmt":"2014-09-18T11:29:35","guid":{"rendered":"http:\/\/agora.xtec.cat\/escoladecalders\/?page_id=28"},"modified":"2020-09-17T17:49:50","modified_gmt":"2020-09-17T15:49:50","slug":"consell-escolar","status":"publish","type":"page","link":"https:\/\/agora.xtec.cat\/escoladecalders\/lescola\/consell-escolar\/","title":{"rendered":"Consell escolar d&#8217;escola"},"content":{"rendered":"<p style=\"font-weight: 400;\">El m\u00e0xim \u00f2rgan de govern del centre \u00e9s el Consell Escolar.\u00a0Est\u00e0 format per l&#8217;equip directiu del centre, un representant dels mestres, un representant de l&#8217;Ajuntament, un representant de \u00a0tots els pares i mares de l&#8217;escola i un representant de l&#8217;AMPA. Al formar part d&#8217;una ZER, el Consell Escolar de l&#8217;escola est\u00e0 sotm\u00e8s a les decisions preses i aprovades en el Consell Escolar de ZER, que \u00e9s el m\u00e0xim \u00f2rgan representatiu i \u00e9s qui aprova el reglament de normes d&#8217;organitzaci\u00f3 i funcionament dels centres, projecte educatiu, calendari, horaris&#8230;<\/p>\n<p><b>Membres del Consell Escolar<\/b><\/p>\n<p><b>Presidenta<\/b>: Neus Cornellas<\/p>\n<p><b>Secret\u00e0ria:\u00a0<\/b>Montserrat Francitorra<\/p>\n<p><b>Representant Ajuntament:\u00a0<\/b>Teresa Pag\u00e8s<\/p>\n<p><b>Representant mestres:\u00a0<\/b>Montserrat Riba<\/p>\n<p><b>Representant de pares i mares de l&#8217;escola:\u00a0<\/b>Mireia Catot<\/p>\n<p><b>Representant de l\u2019AMPA:<\/b> Arantza Cabezas i Cristina Mart\u00ednez<\/p>\n<p>&nbsp;<\/p>\n<h5 style=\"text-align: center;\"><strong>CONSELL ESCOLAR D&#8217;ESCOLA CELEBRAT EL DIMARTS 15 DE SETEMBRE DE 2020 (RESUM)<\/strong><\/h5>\n<p>En l&#8217;\u00faltim Consell Escolar d&#8217;Escola, celebrat el passat Dimarts 15 de setembre de 2020, es va aprovar el PLA D&#8217;ORGANITZACI\u00d3 DE CENTRE PER AL CURS 2020-21, el qual podeu llegir a continuaci\u00f3:<\/p>\n<p><a href=\"https:\/\/agora.xtec.cat\/escoladecalders\/wp-content\/uploads\/usu2083\/2020\/09\/Pla-dorganitzaci\u00f3-curs-2020-21.docx.pdf\">Pla d&#8217;organitzaci\u00f3 curs 2020-21.docx<\/a><\/p>\n","protected":false},"excerpt":{"rendered":"<p>El m\u00e0xim \u00f2rgan de govern del centre \u00e9s el Consell Escolar.\u00a0Est\u00e0 format per l&#8217;equip directiu del centre, un representant dels mestres, un representant de l&#8217;Ajuntament, un representant de \u00a0tots els pares i mares de l&#8217;escola i un representant de l&#8217;AMPA. Al formar part d&#8217;una ZER,&hellip;  <a href=\"https:\/\/agora.xtec.cat\/escoladecalders\/lescola\/consell-escolar\/\" title=\"Read Consell escolar d&#8217;escola\">Llegeix m\u00e9s\u00bb<\/a><\/p>\n","protected":false},"author":1,"featured_media":0,"parent":22,"menu_order":30,"comment_status":"closed","ping_status":"closed","template":"page-templates\/side-menu.php","meta":{"_bbp_topic_count":0,"_bbp_reply_count":0,"_bbp_total_topic_count":0,"_bbp_total_reply_count":0,"_bbp_voice_count":0,"_bbp_anonymous_reply_count":0,"_bbp_topic_count_hidden":0,"_bbp_reply_count_hidden":0,"_bbp_forum_subforum_count":0,"footnotes":""},"class_list":["post-28","page","type-page","status-publish","hentry"],"post_mailing_queue_ids":[],"_links":{"self":[{"href":"https:\/\/agora.xtec.cat\/escoladecalders\/wp-json\/wp\/v2\/pages\/28","targetHints":{"allow":["GET"]}}],"collection":[{"href":"https:\/\/agora.xtec.cat\/escoladecalders\/wp-json\/wp\/v2\/pages"}],"about":[{"href":"https:\/\/agora.xtec.cat\/escoladecalders\/wp-json\/wp\/v2\/types\/page"}],"author":[{"embeddable":true,"href":"https:\/\/agora.xtec.cat\/escoladecalders\/wp-json\/wp\/v2\/users\/1"}],"replies":[{"embeddable":true,"href":"https:\/\/agora.xtec.cat\/escoladecalders\/wp-json\/wp\/v2\/comments?post=28"}],"version-history":[{"count":3,"href":"https:\/\/agora.xtec.cat\/escoladecalders\/wp-json\/wp\/v2\/pages\/28\/revisions"}],"predecessor-version":[{"id":1034,"href":"https:\/\/agora.xtec.cat\/escoladecalders\/wp-json\/wp\/v2\/pages\/28\/revisions\/1034"}],"up":[{"embeddable":true,"href":"https:\/\/agora.xtec.cat\/escoladecalders\/wp-json\/wp\/v2\/pages\/22"}],"wp:attachment":[{"href":"https:\/\/agora.xtec.cat\/escoladecalders\/wp-json\/wp\/v2\/media?parent=28"}],"curies":[{"name":"wp","href":"https:\/\/api.w.org\/{rel}","templated":true}]}}