{"id":26,"date":"2014-09-18T12:24:32","date_gmt":"2014-09-18T11:24:32","guid":{"rendered":"http:\/\/agora.xtec.cat\/escoladecalders\/?page_id=26"},"modified":"2020-03-11T13:32:39","modified_gmt":"2020-03-11T12:32:39","slug":"historia","status":"publish","type":"page","link":"https:\/\/agora.xtec.cat\/escoladecalders\/lescola\/historia\/","title":{"rendered":"Hist\u00f2ria"},"content":{"rendered":"<p>La hist\u00f2ria de l&#8217;escola es remunta, segons el primers documents, al segle XIV. Sembla ser que l&#8217;any 1885 ja hi ha evid\u00e8ncies d&#8217;una escola a la poblaci\u00f3 de Calders. Diversos pobles del voltant de Calders assistien a l&#8217;escola de Calders al no tenir escola pr\u00f2pia.<\/p>\n<p>L&#8217;any 1959 es construeix una escola amb el nom &#8216;Escuelas Nacionales de Ni\u00f1as de Calders&#8217;. Ja per l&#8217;any 1978 funcionava una sola aula, en gran part degut al tancament de la f\u00e0brica Jorba i la conseq\u00fcent dispersi\u00f3 de la poblaci\u00f3. L&#8217;any seg\u00fcent, el 1979, l&#8217;escola passa a dir-se &#8216;Escuela p\u00fcblica Ni\u00f1as de Calders&#8217;.<\/p>\n<p>Amb el creixement del nombre d&#8217;habitants al poble a l&#8217;\u00e8poca dels &#8217;90 es va veure augmentat el nombre d&#8217;alumnes i, per tant, tamb\u00e9 d&#8217;aules. Aquest augment va fer necessari construir les conegudes &#8216;cargoles&#8217; per poder encabir tos els infants. Per\u00f2 la precarietat de les instal\u00b7lacions va emp\u00e8nyer a les fam\u00edlies a reivindicar una escola nova que va arribar l&#8217;any 2005 (tot i que va ser inaugurada un any despr\u00e9s).<\/p>\n","protected":false},"excerpt":{"rendered":"<p>La hist\u00f2ria de l&#8217;escola es remunta, segons el primers documents, al segle XIV. Sembla ser que l&#8217;any 1885 ja hi ha evid\u00e8ncies d&#8217;una escola a la poblaci\u00f3 de Calders. Diversos pobles del voltant de Calders assistien a l&#8217;escola de Calders al no tenir escola pr\u00f2pia.<br \/>\nL&#8217;any&hellip;  <a href=\"https:\/\/agora.xtec.cat\/escoladecalders\/lescola\/historia\/\" title=\"Read Hist\u00f2ria\">Llegeix m\u00e9s\u00bb<\/a><\/p>\n","protected":false},"author":1,"featured_media":0,"parent":22,"menu_order":20,"comment_status":"closed","ping_status":"closed","template":"page-templates\/side-menu.php","meta":{"_bbp_topic_count":0,"_bbp_reply_count":0,"_bbp_total_topic_count":0,"_bbp_total_reply_count":0,"_bbp_voice_count":0,"_bbp_anonymous_reply_count":0,"_bbp_topic_count_hidden":0,"_bbp_reply_count_hidden":0,"_bbp_forum_subforum_count":0,"footnotes":""},"class_list":["post-26","page","type-page","status-publish","hentry"],"post_mailing_queue_ids":[],"_links":{"self":[{"href":"https:\/\/agora.xtec.cat\/escoladecalders\/wp-json\/wp\/v2\/pages\/26","targetHints":{"allow":["GET"]}}],"collection":[{"href":"https:\/\/agora.xtec.cat\/escoladecalders\/wp-json\/wp\/v2\/pages"}],"about":[{"href":"https:\/\/agora.xtec.cat\/escoladecalders\/wp-json\/wp\/v2\/types\/page"}],"author":[{"embeddable":true,"href":"https:\/\/agora.xtec.cat\/escoladecalders\/wp-json\/wp\/v2\/users\/1"}],"replies":[{"embeddable":true,"href":"https:\/\/agora.xtec.cat\/escoladecalders\/wp-json\/wp\/v2\/comments?post=26"}],"version-history":[{"count":2,"href":"https:\/\/agora.xtec.cat\/escoladecalders\/wp-json\/wp\/v2\/pages\/26\/revisions"}],"predecessor-version":[{"id":479,"href":"https:\/\/agora.xtec.cat\/escoladecalders\/wp-json\/wp\/v2\/pages\/26\/revisions\/479"}],"up":[{"embeddable":true,"href":"https:\/\/agora.xtec.cat\/escoladecalders\/wp-json\/wp\/v2\/pages\/22"}],"wp:attachment":[{"href":"https:\/\/agora.xtec.cat\/escoladecalders\/wp-json\/wp\/v2\/media?parent=26"}],"curies":[{"name":"wp","href":"https:\/\/api.w.org\/{rel}","templated":true}]}}