{"id":82,"date":"2014-09-18T14:10:51","date_gmt":"2014-09-18T14:10:51","guid":{"rendered":"http:\/\/agora.xtec.cat\/escoladebosc\/?page_id=82"},"modified":"2015-09-25T17:44:08","modified_gmt":"2015-09-25T16:44:08","slug":"casal-destiu","status":"publish","type":"page","link":"https:\/\/agora.xtec.cat\/escoladebosc\/ampa\/casal-destiu\/","title":{"rendered":"Casal d&#8217;estiu"},"content":{"rendered":"<p><a href=\"http:\/\/agora.xtec.cat\/escoladebosc\/wp-content\/uploads\/usu454\/2014\/09\/Casal2015_8-e1443086202962.jpg\"><img loading=\"lazy\" decoding=\"async\" class=\"  wp-image-833 alignleft\" src=\"http:\/\/agora.xtec.cat\/escoladebosc\/wp-content\/uploads\/usu454\/2014\/09\/Casal2015_8-300x169.jpg\" alt=\"Casal2015\" width=\"323\" height=\"182\" \/><\/a>L\u2019AMPA organitza cada any un casal d\u2019estiu a l\u2019escola des de finals de juny fins a finals de juliol en torns setmanals.<\/p>\n<p>L\u2019execuci\u00f3 de les activitats del mat\u00ed (9 a 14 h) \u00e9s per part de Xamfr\u00e0, centre de m\u00fasica i escena del raval.<\/p>\n<p>El servei de menjador (\u00e0pats i activitats) el desenvolupar\u00e0 Pam i Pipa S.L, empresa que d\u00f3na aquest servei durant tot el curs al Centre (amb cuina pr\u00f2pia) oferint menjar de proximitat i\/o ecol\u00f2gic.<\/p>\n<p>Trobareu tota la informaci\u00f3 actualitzada sobre el Casal d&#8217;estiu al <a href=\"http:\/\/ampaescoladeboscmontjuic.org\/\" target=\"_blank\">web de l&#8217;AMPA<\/a><\/p>\n<p><strong>Contacte<\/strong>:\u00a0<a href=\"mailto: ampaescolaboscmontjuic@gmail.com\">ampaescolaboscmontjuic@gmail.com<\/a><\/p>\n<p>&nbsp;<\/p>\n","protected":false},"excerpt":{"rendered":"<p><a href=\"http:\/\/agora.xtec.cat\/escoladebosc\/wp-content\/uploads\/usu454\/2014\/09\/Casal2015_8-e1443086202962.jpg\"><\/a>L\u2019AMPA organitza cada any un casal d\u2019estiu a l\u2019escola des de finals de juny fins a finals de juliol en torns setmanals.<br \/>\nL\u2019execuci\u00f3 de les activitats del mat\u00ed (9 a 14 h) \u00e9s per part de Xamfr\u00e0, centre de m\u00fasica i escena del raval.<br \/>\nEl servei&hellip;  <a href=\"https:\/\/agora.xtec.cat\/escoladebosc\/ampa\/casal-destiu\/\" title=\"Read Casal d&#8217;estiu\">Llegeix m\u00e9s\u00bb<\/a><\/p>\n","protected":false},"author":2,"featured_media":0,"parent":66,"menu_order":50,"comment_status":"closed","ping_status":"closed","template":"page-templates\/side-menu.php","meta":{"_bbp_topic_count":0,"_bbp_reply_count":0,"_bbp_total_topic_count":0,"_bbp_total_reply_count":0,"_bbp_voice_count":0,"_bbp_anonymous_reply_count":0,"_bbp_topic_count_hidden":0,"_bbp_reply_count_hidden":0,"_bbp_forum_subforum_count":0,"footnotes":""},"class_list":["post-82","page","type-page","status-publish","hentry"],"post_mailing_queue_ids":[],"_links":{"self":[{"href":"https:\/\/agora.xtec.cat\/escoladebosc\/wp-json\/wp\/v2\/pages\/82","targetHints":{"allow":["GET"]}}],"collection":[{"href":"https:\/\/agora.xtec.cat\/escoladebosc\/wp-json\/wp\/v2\/pages"}],"about":[{"href":"https:\/\/agora.xtec.cat\/escoladebosc\/wp-json\/wp\/v2\/types\/page"}],"author":[{"embeddable":true,"href":"https:\/\/agora.xtec.cat\/escoladebosc\/wp-json\/wp\/v2\/users\/2"}],"replies":[{"embeddable":true,"href":"https:\/\/agora.xtec.cat\/escoladebosc\/wp-json\/wp\/v2\/comments?post=82"}],"version-history":[{"count":5,"href":"https:\/\/agora.xtec.cat\/escoladebosc\/wp-json\/wp\/v2\/pages\/82\/revisions"}],"predecessor-version":[{"id":892,"href":"https:\/\/agora.xtec.cat\/escoladebosc\/wp-json\/wp\/v2\/pages\/82\/revisions\/892"}],"up":[{"embeddable":true,"href":"https:\/\/agora.xtec.cat\/escoladebosc\/wp-json\/wp\/v2\/pages\/66"}],"wp:attachment":[{"href":"https:\/\/agora.xtec.cat\/escoladebosc\/wp-json\/wp\/v2\/media?parent=82"}],"curies":[{"name":"wp","href":"https:\/\/api.w.org\/{rel}","templated":true}]}}