{"id":73,"date":"2014-09-18T14:01:51","date_gmt":"2014-09-18T13:01:51","guid":{"rendered":"http:\/\/agora.xtec.cat\/escoladebosc\/?page_id=73"},"modified":"2025-02-05T12:52:04","modified_gmt":"2025-02-05T11:52:04","slug":"menjador-escolar","status":"publish","type":"page","link":"https:\/\/agora.xtec.cat\/escoladebosc\/curs\/menjador-escolar\/","title":{"rendered":"Menjador escolar &#8211; Temps de migdia"},"content":{"rendered":"<p style=\"text-align: justify;\">El menjador ha estat considerat durant molt temps com un servei incl\u00f2s en la jornada escolar, per a donar resposta a la creixent demanda social de les fam\u00edlies que no poden atendre els seus fills en aquest espai del dia. Aix\u00ed, el seu objectiu primari: proporcionar als nens\/es una dieta nutritiva el m\u00e9s equilibrada possible. El menjador escolar es un \u00e0mbit ideal per desenvolupar l\u2019Educaci\u00f3 per la Salut, tenint com a finalitat formar als nens\/es, amb coneixements, actituds i h\u00e0bits per la salut individual i col\u00b7lectiva. A la nostra Escola, aquest servei corre a c\u00e0rrec de l&#8217;empresa Som Valors.<\/p>\n<p style=\"text-align: justify;\"><a href=\"http:\/\/agora.xtec.cat\/escoladebosc\/wp-content\/uploads\/usu454\/2015\/08\/David-Campdelacreu.jpg\"><img loading=\"lazy\" decoding=\"async\" class=\"alignleft size-medium wp-image-427\" src=\"http:\/\/agora.xtec.cat\/escoladebosc\/wp-content\/uploads\/usu454\/2015\/08\/David-Campdelacreu-300x165.jpg\" alt=\"cuina\" width=\"300\" height=\"165\" srcset=\"https:\/\/agora.xtec.cat\/escoladebosc\/wp-content\/uploads\/usu454\/2015\/08\/David-Campdelacreu-300x165.jpg 300w, https:\/\/agora.xtec.cat\/escoladebosc\/wp-content\/uploads\/usu454\/2015\/08\/David-Campdelacreu-1024x564.jpg 1024w\" sizes=\"auto, (max-width: 300px) 100vw, 300px\" \/><\/a>Quan ens plantegem la tasca educativa en el menjador escolar, cal tenir en compte que els infants disposen d\u2019un espai de temps molt ampli en el que cal invertir qualitativament a dur a terme el projecte educatiu de l\u2019escola, amb altres mitjans com s\u00f3n les relacions entre iguals, amb el monitor i amb les activitats lliures o dirigides.<br \/>\nL\u2019espai fonamental del menjador escolar \u00e9s l\u2019estona que estan a taula i per tant cal incidir en un treball d\u2019h\u00e0bits de bona conducta respecte el menjar, el torn de paraula, el to de veu, la utilitzaci\u00f3 correcta dels estris&#8230;<\/p>\n<p style=\"text-align: justify;\">En finalitzar el dinar els infants encara disposen d\u2019un temps per descansar i\/o fer activitats. \u00c9s el moment ideal per relacionar-se entre iguals ja sigui a trav\u00e9s del joc lliure o dirigit.<\/p>\n<p style=\"text-align: justify;\">Des de la nostra perspectiva, cal donar opcions divertides i enriquidores, per cobrir aquest &#8220;extra&#8221; de temps dinamitzant i optimitzant el servei de menjador de forma l\u00fadica i creativa oferint la possibilitat de combinar el joc lliure amb els tallers educatius en el lleure escolar.<\/p>\n<p>&nbsp;<\/p>\n<hr \/>\n<p style=\"text-align: justify;\">Trobareu m\u00e9s informaci\u00f3 a:<\/p>\n<p><a href=\"http:\/\/ampaescoladeboscmontjuic.org\/temps-de-migdia\/\">Web de l&#8217;AFI<\/a><\/p>\n<p><a href=\"http:\/\/agora.xtec.cat\/escoladebosc\/categoria\/menjador\/\">Articles &#8220;Temps de Migdia&#8221; a la\u00a0 Web<\/a><\/p>\n","protected":false},"excerpt":{"rendered":"<p>El menjador ha estat considerat durant molt temps com un servei incl\u00f2s en la jornada escolar, per a donar resposta a la creixent demanda social de les fam\u00edlies que no poden atendre els seus fills en aquest espai del dia. Aix\u00ed, el seu objectiu primari:&hellip;  <a href=\"https:\/\/agora.xtec.cat\/escoladebosc\/curs\/menjador-escolar\/\" title=\"Read Menjador escolar &#8211; Temps de migdia\">Llegeix m\u00e9s\u00bb<\/a><\/p>\n","protected":false},"author":1,"featured_media":0,"parent":234,"menu_order":20,"comment_status":"closed","ping_status":"closed","template":"page-templates\/side-menu.php","meta":{"_bbp_topic_count":0,"_bbp_reply_count":0,"_bbp_total_topic_count":0,"_bbp_total_reply_count":0,"_bbp_voice_count":0,"_bbp_anonymous_reply_count":0,"_bbp_topic_count_hidden":0,"_bbp_reply_count_hidden":0,"_bbp_forum_subforum_count":0,"footnotes":""},"class_list":["post-73","page","type-page","status-publish","hentry"],"post_mailing_queue_ids":[],"_links":{"self":[{"href":"https:\/\/agora.xtec.cat\/escoladebosc\/wp-json\/wp\/v2\/pages\/73","targetHints":{"allow":["GET"]}}],"collection":[{"href":"https:\/\/agora.xtec.cat\/escoladebosc\/wp-json\/wp\/v2\/pages"}],"about":[{"href":"https:\/\/agora.xtec.cat\/escoladebosc\/wp-json\/wp\/v2\/types\/page"}],"author":[{"embeddable":true,"href":"https:\/\/agora.xtec.cat\/escoladebosc\/wp-json\/wp\/v2\/users\/1"}],"replies":[{"embeddable":true,"href":"https:\/\/agora.xtec.cat\/escoladebosc\/wp-json\/wp\/v2\/comments?post=73"}],"version-history":[{"count":6,"href":"https:\/\/agora.xtec.cat\/escoladebosc\/wp-json\/wp\/v2\/pages\/73\/revisions"}],"predecessor-version":[{"id":21131,"href":"https:\/\/agora.xtec.cat\/escoladebosc\/wp-json\/wp\/v2\/pages\/73\/revisions\/21131"}],"up":[{"embeddable":true,"href":"https:\/\/agora.xtec.cat\/escoladebosc\/wp-json\/wp\/v2\/pages\/234"}],"wp:attachment":[{"href":"https:\/\/agora.xtec.cat\/escoladebosc\/wp-json\/wp\/v2\/media?parent=73"}],"curies":[{"name":"wp","href":"https:\/\/api.w.org\/{rel}","templated":true}]}}