{"id":66,"date":"2014-09-18T12:40:47","date_gmt":"2014-09-18T10:40:47","guid":{"rendered":"http:\/\/agora.xtec.cat\/escoladebosc\/?page_id=66"},"modified":"2025-02-05T12:49:23","modified_gmt":"2025-02-05T11:49:23","slug":"ampa","status":"publish","type":"page","link":"https:\/\/agora.xtec.cat\/escoladebosc\/ampa\/","title":{"rendered":"L&#8217;AFI"},"content":{"rendered":"<p><a href=\"http:\/\/agora.xtec.cat\/escoladebosc\/wp-content\/uploads\/usu454\/2015\/09\/cap\u00e7alera.jpg\"><img loading=\"lazy\" decoding=\"async\" class=\"alignnone wp-image-771\" src=\"http:\/\/agora.xtec.cat\/escoladebosc\/wp-content\/uploads\/usu454\/2015\/09\/cap\u00e7alera-300x115.jpg\" alt=\"cap\u00e7alera\" width=\"404\" height=\"155\" srcset=\"https:\/\/agora.xtec.cat\/escoladebosc\/wp-content\/uploads\/usu454\/2015\/09\/cap\u00e7alera-300x115.jpg 300w, https:\/\/agora.xtec.cat\/escoladebosc\/wp-content\/uploads\/usu454\/2015\/09\/cap\u00e7alera.jpg 900w\" sizes=\"auto, (max-width: 404px) 100vw, 404px\" \/><\/a><\/p>\n<p><strong>L\u2019AFI \u00e9s la veu de les fam\u00edlies dins l\u2019escola<\/strong><\/p>\n<p>L&#8217;AFI \u00e9s l&#8217;associaci\u00f3 que agrupa les fam\u00edlies de l&#8217;escola. \u00c9s una plataforma oberta a la participaci\u00f3 de tots els pares i mares per tal d\u2019aconseguir de manera conjunta amb l\u2019equip de mestres la millor formaci\u00f3 dels infants i una escola p\u00fablica de qualitat<strong>. <\/strong><\/p>\n<p>Entre els diferents projectes de l&#8217;AFI est\u00e0 el de donar suport a les fam\u00edlies de l&#8217;escola per tal de conciliar la vida laboral i familiar. Per aquest motiu organitza el servei de <a href=\"http:\/\/agora.xtec.cat\/escoladebosc\/serveis\/acollida\/\">SAM i SAT<\/a>. Tamb\u00e9 organitza les <a href=\"http:\/\/agora.xtec.cat\/escoladebosc\/serveis\/activitats-extraescolars\/\">activitats extraescolars<\/a> i el <a href=\"http:\/\/agora.xtec.cat\/escoladebosc\/serveis\/casal-destiu\/\">Casal d&#8217;Estiu<\/a>.<\/p>\n<p>L&#8217;AFI tamb\u00e9 dona suport al centre amb activitats i tallers que es realitzen a l&#8217;escola i amb les beques per a col\u00f2nies.<\/p>\n<p>Altres projectes de l&#8217;AFI s\u00f3n les Festes, espais de relaci\u00f3 entre les fam\u00edlies o l&#8217;organitzaci\u00f3 de xerrades, debats i cursos respecte tem\u00e0tiques centrades en l&#8217;educaci\u00f3 dels infants.<\/p>\n<p>Trobareu m\u00e9s informaci\u00f3 de l&#8217;AFI al seu <a href=\"http:\/\/ampaescoladeboscmontjuic.org\/\">web<\/a>.<\/p>\n","protected":false},"excerpt":{"rendered":"<p><a href=\"http:\/\/agora.xtec.cat\/escoladebosc\/wp-content\/uploads\/usu454\/2015\/09\/cap\u00e7alera.jpg\"><\/a><br \/>\nL\u2019AFI \u00e9s la veu de les fam\u00edlies dins l\u2019escola<br \/>\nL&#8217;AFI \u00e9s l&#8217;associaci\u00f3 que agrupa les fam\u00edlies de l&#8217;escola. \u00c9s una plataforma oberta a la participaci\u00f3 de tots els pares i mares per tal d\u2019aconseguir de manera conjunta amb l\u2019equip de mestres la millor formaci\u00f3 dels&hellip;  <a href=\"https:\/\/agora.xtec.cat\/escoladebosc\/ampa\/\" title=\"Read L&#8217;AFI\">Llegeix m\u00e9s\u00bb<\/a><\/p>\n","protected":false},"author":1,"featured_media":0,"parent":0,"menu_order":0,"comment_status":"closed","ping_status":"closed","template":"page-templates\/side-menu.php","meta":{"_bbp_topic_count":0,"_bbp_reply_count":0,"_bbp_total_topic_count":0,"_bbp_total_reply_count":0,"_bbp_voice_count":0,"_bbp_anonymous_reply_count":0,"_bbp_topic_count_hidden":0,"_bbp_reply_count_hidden":0,"_bbp_forum_subforum_count":0,"footnotes":""},"class_list":["post-66","page","type-page","status-publish","hentry"],"post_mailing_queue_ids":[],"_links":{"self":[{"href":"https:\/\/agora.xtec.cat\/escoladebosc\/wp-json\/wp\/v2\/pages\/66","targetHints":{"allow":["GET"]}}],"collection":[{"href":"https:\/\/agora.xtec.cat\/escoladebosc\/wp-json\/wp\/v2\/pages"}],"about":[{"href":"https:\/\/agora.xtec.cat\/escoladebosc\/wp-json\/wp\/v2\/types\/page"}],"author":[{"embeddable":true,"href":"https:\/\/agora.xtec.cat\/escoladebosc\/wp-json\/wp\/v2\/users\/1"}],"replies":[{"embeddable":true,"href":"https:\/\/agora.xtec.cat\/escoladebosc\/wp-json\/wp\/v2\/comments?post=66"}],"version-history":[{"count":3,"href":"https:\/\/agora.xtec.cat\/escoladebosc\/wp-json\/wp\/v2\/pages\/66\/revisions"}],"predecessor-version":[{"id":21130,"href":"https:\/\/agora.xtec.cat\/escoladebosc\/wp-json\/wp\/v2\/pages\/66\/revisions\/21130"}],"wp:attachment":[{"href":"https:\/\/agora.xtec.cat\/escoladebosc\/wp-json\/wp\/v2\/media?parent=66"}],"curies":[{"name":"wp","href":"https:\/\/api.w.org\/{rel}","templated":true}]}}