{"id":348,"date":"2015-07-30T14:59:16","date_gmt":"2015-07-30T12:59:16","guid":{"rendered":"http:\/\/agora.xtec.cat\/escoladebosc\/?page_id=348"},"modified":"2016-12-20T11:51:44","modified_gmt":"2016-12-20T10:51:44","slug":"activitats-educatives","status":"publish","type":"page","link":"https:\/\/agora.xtec.cat\/escoladebosc\/projecte-educatiu\/activitats-educatives\/","title":{"rendered":"Activitats Educatives"},"content":{"rendered":"<p style=\"text-align: justify;\"><img loading=\"lazy\" decoding=\"async\" class=\"aligncenter wp-image-430 size-large\" src=\"http:\/\/agora.xtec.cat\/escoladebosc\/wp-content\/uploads\/usu454\/2015\/08\/fent-formes-1024x244.jpg\" alt=\"fent formes\" width=\"1024\" height=\"244\" srcset=\"https:\/\/agora.xtec.cat\/escoladebosc\/wp-content\/uploads\/usu454\/2015\/08\/fent-formes-1024x244.jpg 1024w, https:\/\/agora.xtec.cat\/escoladebosc\/wp-content\/uploads\/usu454\/2015\/08\/fent-formes-300x72.jpg 300w\" sizes=\"auto, (max-width: 1024px) 100vw, 1024px\" \/><\/p>\n<p style=\"text-align: justify;\">El curr\u00edculum de l\u2019educaci\u00f3 infantil i prim\u00e0ria esdev\u00e9 la guia de totes les nostres activitats educatives, ens orienta metodol\u00f2gicament i ens d\u00f3na eines per la concreci\u00f3, procurant desvetllar la motivaci\u00f3, la curiositat i la imaginaci\u00f3 dels nostres alumnes.<\/p>\n<p style=\"text-align: justify;\">Per aix\u00f2, a l\u2019escola, portem a terme tota una s\u00e8rie d\u2019activitats educatives pr\u00f2pies que garanteixen l\u2019intercanvi entre iguals, la emprenedoria i transversalitat i la qualitat educativa.<\/p>\n<p style=\"text-align: justify;\"><strong>Parelles lectores<\/strong>:<\/p>\n<p style=\"text-align: justify;\">Un cop per setmana, els alumnes de 4t ajuden a llegir contes als nens i nenes de P-5. Ho fan en un espai com\u00fa, la biblioteca a l\u2019hivern o b\u00e9 els espais exteriors quan el temps \u00e9s bo. Entre els dos cursos formen parelles estables que al llarg del curs es coneixen i s\u2019intercanvien coneixements i experi\u00e8ncies.<\/p>\n<p style=\"text-align: justify;\">\r\n\t<div class=\"slideshow_container slideshow_container_style-light\" style=\" \" data-slideshow-id=\"725\" data-style-name=\"style-light\" data-style-version=\"2.3.1\" >\r\n\r\n\t\t\t\t\t<div class=\"slideshow_loading_icon\"><\/div>\r\n\t\t\r\n\t\t<div class=\"slideshow_content\" style=\"display: none;\">\r\n\r\n\t\t\t<div class=\"slideshow_view\">\r\n\t\t\t\t<div class=\"slideshow_slide slideshow_slide_image\">\r\n\t\t\t\t\t<a href=\"http:\/\/agora.xtec.cat\/escoladebosc\/wp-content\/uploads\/usu454\/2015\/07\/p-007.jpg\" target=\"_blank\" >\t\t\t\t\t\t<img src=\"https:\/\/agora.xtec.cat\/escoladebosc\/wp-content\/uploads\/usu454\/2015\/07\/p-007.jpg\" alt=\"lectura parelles\" width=\"640\" height=\"480\" \/>\r\n\t\t\t\t\t<\/a>\t\t\t\t\t<div class=\"slideshow_description_box slideshow_transparent\">\r\n\t\t\t\t\t\t<div class=\"slideshow_title\"><a href=\"http:\/\/agora.xtec.cat\/escoladebosc\/wp-content\/uploads\/usu454\/2015\/07\/p-007.jpg\" target=\"_blank\" >lectura parelles<\/a><\/div>\t\t\t\t\t\t\t\t\t\t\t<\/div>\r\n\t\t\t\t<\/div>\r\n\r\n\t\t\t\t\t\t\r\n\t\t\t\t<div class=\"slideshow_slide slideshow_slide_image\">\r\n\t\t\t\t\t<a href=\"http:\/\/agora.xtec.cat\/escoladebosc\/wp-content\/uploads\/usu454\/2015\/07\/p-011.jpg\" target=\"_blank\" >\t\t\t\t\t\t<img src=\"https:\/\/agora.xtec.cat\/escoladebosc\/wp-content\/uploads\/usu454\/2015\/07\/p-011.jpg\" alt=\"lectura parelles\" width=\"640\" height=\"480\" \/>\r\n\t\t\t\t\t<\/a>\t\t\t\t\t<div class=\"slideshow_description_box slideshow_transparent\">\r\n\t\t\t\t\t\t<div class=\"slideshow_title\"><a href=\"http:\/\/agora.xtec.cat\/escoladebosc\/wp-content\/uploads\/usu454\/2015\/07\/p-011.jpg\" target=\"_blank\" >lectura parelles<\/a><\/div>\t\t\t\t\t\t\t\t\t\t\t<\/div>\r\n\t\t\t\t<\/div>\r\n\r\n\t\t\t\t\t\t<div style=\"clear: both;\"><\/div><\/div><div class=\"slideshow_view\">\r\n\t<div class=\"slideshow_slide slideshow_slide_text\" style=\"background-color: #1e73be;\">\r\n\t\t\t\t<div class=\"slideshow_title\" style=\"color: #ffffff;\">\r\n\t\t\t\t\t\t\tEscola de Bosc\t\t\t\t\t<\/div>\r\n\t\t\r\n\t\t\t\t<div class=\"slideshow_description\" style=\"color: #ffffff;\">\r\n\t\t\t\t\t\t\tUna Escola petita, d\u2019una l\u00ednia, acollidora i familiar.\t\t\t\t\t<\/div>\r\n\t\t\r\n\t\t<a  class=\"slideshow_background_anchor\"><\/a>\r\n\t<\/div>\r\n<div style=\"clear: both;\"><\/div><\/div>\r\n\t\t<\/div>\r\n\r\n\t\t<div class=\"slideshow_controlPanel slideshow_transparent\" style=\"display: none;\"><ul><li class=\"slideshow_togglePlay\" data-play-text=\"Visualitza\" data-pause-text=\"Pausa\"><\/li><\/ul><\/div>\r\n\r\n\t\t<div class=\"slideshow_button slideshow_previous slideshow_transparent\" role=\"button\" data-previous-text=\"Anterior\" style=\"display: none;\"><\/div>\r\n\t\t<div class=\"slideshow_button slideshow_next slideshow_transparent\" role=\"button\" data-next-text=\"Seg\u00fcent\" style=\"display: none;\"><\/div>\r\n\r\n\t\t<div class=\"slideshow_pagination\" style=\"display: none;\" data-go-to-text=\"V\u00e9s a la diapositiva\"><div class=\"slideshow_pagination_center\"><\/div><\/div>\r\n\r\n\t\t<!-- WordPress Slideshow Version 2.3.1 -->\r\n\r\n\t\t\t<\/div>\r\n\r\n<\/p>\n<p style=\"text-align: justify;\"><strong>Biblioteca:<\/strong><\/p>\n<p style=\"text-align: justify;\">La biblioteca de classe facilita l\u2019 acc\u00e9s a la lectura, la biblioteca d\u2019escola, la import\u00e0ncia i el valor de l\u2019espai com\u00fa en el qual tothom hi t\u00e9 acc\u00e9s. A l\u2019escola s\u2019utilitzen ambd\u00f3s espais a diari facilitant als alumnes el pr\u00e9stec, la consulta i la lectura com a eina de coneixement i tamb\u00e9 d\u2019oci.<\/p>\n<p style=\"text-align: justify;\"><strong>Projectes interdisciplinaris<\/strong>:<\/p>\n<p style=\"text-align: justify;\">Al llarg del curs, els nostres alumnes realitzen un o m\u00e9s projectes, normalment de certa envergadura i en grup. Partim de l\u2019inter\u00e8s dels nens i nenes i, a partir de la planificaci\u00f3, l\u2019organitzaci\u00f3, la participaci\u00f3 i la presa de decisions es va desenvolupant la capacitat de d\u2019iniciativa, l\u2019autonomia, el respecte i l\u2019acceptaci\u00f3. A les classes dels m\u00e9s petits acostumem a treballar el projecte a partir del nom de la classe que els alumnes han triat de forma democr\u00e0tica, als cursos dels m\u00e9s grans sorgeix dels interessos dels mateixos alumnes, per aix\u00f2, mai, d\u2019un curs al seg\u00fcent, els projectes coincideixen ni en els continguts ni en les activitats.<\/p>\n<p style=\"text-align: justify;\"><strong>Tallers<\/strong>:<\/p>\n<p style=\"text-align: justify;\">L\u2019escola complementa les diferents \u00e0rees curriculars amb els tallers. Ens organitzem de forma que els alumnes de dos cursos consecutius i una sessi\u00f3 setmanal porten a terme de forma rotat\u00f2ria quatre activitats que amplien el curr\u00edculum. L\u2019\u00e0rea de llengua catalana, matem\u00e0tica, ci\u00e8ncies i angl\u00e8s formen el contingut d\u2019aquests tallers. Treballar en grup redu\u00eft amb alumnes de cursos diferents permet, per una part, millorar la relaci\u00f3 entre ells i donar valor a la feina del company i, per l\u2019altre, poder fer un treball m\u00e9s individualitzat atenent les caracter\u00edstiques de cadascun dels nens i nenes de l\u2019escola.<\/p>\n<p style=\"text-align: justify;\">\r\n\t<div class=\"slideshow_container slideshow_container_style-light\" style=\" \" data-slideshow-id=\"726\" data-style-name=\"style-light\" data-style-version=\"2.3.1\" >\r\n\r\n\t\t\t\t\t<div class=\"slideshow_loading_icon\"><\/div>\r\n\t\t\r\n\t\t<div class=\"slideshow_content\" style=\"display: none;\">\r\n\r\n\t\t\t<div class=\"slideshow_view\">\r\n\t\t\t\t<div class=\"slideshow_slide slideshow_slide_image\">\r\n\t\t\t\t\t<a href=\"http:\/\/agora.xtec.cat\/escoladebosc\/wp-content\/uploads\/usu454\/2015\/08\/biblioteca1.jpg\" target=\"_blank\" >\t\t\t\t\t\t<img src=\"https:\/\/agora.xtec.cat\/escoladebosc\/wp-content\/uploads\/usu454\/2015\/08\/biblioteca1.jpg\" alt=\"biblioteca\" width=\"3264\" height=\"2448\" \/>\r\n\t\t\t\t\t<\/a>\t\t\t\t\t<div class=\"slideshow_description_box slideshow_transparent\">\r\n\t\t\t\t\t\t<div class=\"slideshow_title\"><a href=\"http:\/\/agora.xtec.cat\/escoladebosc\/wp-content\/uploads\/usu454\/2015\/08\/biblioteca1.jpg\" target=\"_blank\" >biblioteca<\/a><\/div>\t\t\t\t\t\t\t\t\t\t\t<\/div>\r\n\t\t\t\t<\/div>\r\n\r\n\t\t\t\t\t\t\r\n\t\t\t\t<div class=\"slideshow_slide slideshow_slide_image\">\r\n\t\t\t\t\t<a href=\"http:\/\/agora.xtec.cat\/escoladebosc\/wp-content\/uploads\/usu454\/2015\/08\/inform\u00e0tica.jpg\" target=\"_blank\" >\t\t\t\t\t\t<img src=\"https:\/\/agora.xtec.cat\/escoladebosc\/wp-content\/uploads\/usu454\/2015\/08\/inform\u00e0tica.jpg\" alt=\"inform\u00e0tica\" width=\"2048\" height=\"1536\" \/>\r\n\t\t\t\t\t<\/a>\t\t\t\t\t<div class=\"slideshow_description_box slideshow_transparent\">\r\n\t\t\t\t\t\t<div class=\"slideshow_title\"><a href=\"http:\/\/agora.xtec.cat\/escoladebosc\/wp-content\/uploads\/usu454\/2015\/08\/inform\u00e0tica.jpg\" target=\"_blank\" >inform\u00e0tica<\/a><\/div>\t\t\t\t\t\t\t\t\t\t\t<\/div>\r\n\t\t\t\t<\/div>\r\n\r\n\t\t\t\t\t\t<div style=\"clear: both;\"><\/div><\/div><div class=\"slideshow_view\">\r\n\t\t\t\t<div class=\"slideshow_slide slideshow_slide_image\">\r\n\t\t\t\t\t<a href=\"http:\/\/agora.xtec.cat\/escoladebosc\/wp-content\/uploads\/usu454\/2015\/08\/escacs.jpg\" target=\"_blank\" >\t\t\t\t\t\t<img src=\"https:\/\/agora.xtec.cat\/escoladebosc\/wp-content\/uploads\/usu454\/2015\/08\/escacs.jpg\" alt=\"escacs\" width=\"640\" height=\"480\" \/>\r\n\t\t\t\t\t<\/a>\t\t\t\t\t<div class=\"slideshow_description_box slideshow_transparent\">\r\n\t\t\t\t\t\t<div class=\"slideshow_title\"><a href=\"http:\/\/agora.xtec.cat\/escoladebosc\/wp-content\/uploads\/usu454\/2015\/08\/escacs.jpg\" target=\"_blank\" >escacs<\/a><\/div>\t\t\t\t\t\t\t\t\t\t\t<\/div>\r\n\t\t\t\t<\/div>\r\n\r\n\t\t\t\t\t\t\r\n\t\t\t\t<div class=\"slideshow_slide slideshow_slide_image\">\r\n\t\t\t\t\t<a href=\"http:\/\/agora.xtec.cat\/escoladebosc\/wp-content\/uploads\/usu454\/2015\/08\/Varies-029.jpg\" target=\"_blank\" >\t\t\t\t\t\t<img src=\"https:\/\/agora.xtec.cat\/escoladebosc\/wp-content\/uploads\/usu454\/2015\/08\/Varies-029.jpg\" alt=\"tallers\" width=\"640\" height=\"480\" \/>\r\n\t\t\t\t\t<\/a>\t\t\t\t\t<div class=\"slideshow_description_box slideshow_transparent\">\r\n\t\t\t\t\t\t<div class=\"slideshow_title\"><a href=\"http:\/\/agora.xtec.cat\/escoladebosc\/wp-content\/uploads\/usu454\/2015\/08\/Varies-029.jpg\" target=\"_blank\" >tallers<\/a><\/div>\t\t\t\t\t\t\t\t\t\t\t<\/div>\r\n\t\t\t\t<\/div>\r\n\r\n\t\t\t\t\t\t<div style=\"clear: both;\"><\/div><\/div><div class=\"slideshow_view\">\r\n\t<div class=\"slideshow_slide slideshow_slide_text\" style=\"background-color: #1e73be;\">\r\n\t\t\t\t<div class=\"slideshow_title\" style=\"color: #ffffff;\">\r\n\t\t\t\t\t\t\tEscola de Bosc\t\t\t\t\t<\/div>\r\n\t\t\r\n\t\t\t\t<div class=\"slideshow_description\" style=\"color: #ffffff;\">\r\n\t\t\t\t\t\t\tUna Escola petita, d\u2019una l\u00ednia, acollidora i familiar.\t\t\t\t\t<\/div>\r\n\t\t\r\n\t\t<a  class=\"slideshow_background_anchor\"><\/a>\r\n\t<\/div>\r\n<div style=\"clear: both;\"><\/div><\/div>\r\n\t\t<\/div>\r\n\r\n\t\t<div class=\"slideshow_controlPanel slideshow_transparent\" style=\"display: none;\"><ul><li class=\"slideshow_togglePlay\" data-play-text=\"Visualitza\" data-pause-text=\"Pausa\"><\/li><\/ul><\/div>\r\n\r\n\t\t<div class=\"slideshow_button slideshow_previous slideshow_transparent\" role=\"button\" data-previous-text=\"Anterior\" style=\"display: none;\"><\/div>\r\n\t\t<div class=\"slideshow_button slideshow_next slideshow_transparent\" role=\"button\" data-next-text=\"Seg\u00fcent\" style=\"display: none;\"><\/div>\r\n\r\n\t\t<div class=\"slideshow_pagination\" style=\"display: none;\" data-go-to-text=\"V\u00e9s a la diapositiva\"><div class=\"slideshow_pagination_center\"><\/div><\/div>\r\n\r\n\t\t<!-- WordPress Slideshow Version 2.3.1 -->\r\n\r\n\t\t\t<\/div>\r\n\r\n<\/p>\n<p style=\"text-align: justify;\"><strong>Tutories individualitzades:<\/strong><\/p>\n<p style=\"text-align: justify;\">A mesura que els nostres alumnes es fan grans \u00e9s fa imprescindible mantenir un contacte directe amb ells, per aix\u00f2, cada tutora, des de 3r a 6\u00e8, disposa d\u2019una estona setmanal per poder compartir il\u00b7lusions, angoixes i necessitats dels seus alumnes<\/p>\n<p style=\"text-align: justify;\"><strong>Participem en el programa Barcelona + sostenible<\/strong><\/p>\n<p style=\"text-align: justify;\">La sostenibilitat i l\u2019inter\u00e8s de tota la comunitat educativa per l\u2019entorn fan que des de fa temps l\u2019escola estigui acollida al projecte Agenda 21. Peri\u00f2dicament es planifiquen plans d\u2019actuaci\u00f3 que inclouen el respecte i millora de tot el que ens envolta. Actualment estem tirant endavant tota una s\u00e8rie d\u2019activitats relacionades amb el tema de la sensibilitat ac\u00fastica.<\/p>\n<p style=\"text-align: justify;\"><strong>L\u2019angl\u00e8s a la classe de medi<\/strong>:<\/p>\n<p style=\"text-align: justify;\">Considerem que l\u2019angl\u00e8s \u00e9s una llengua d\u2019unitat i enlla\u00e7 entre tots els aspectes de l\u2019escola alhora que un canal de comunicaci\u00f3 imprescindible en la nostra societat, per aix\u00f2, aquest curs, endeguem una nova forma de treballar que, en aquests primers moments consistir\u00e0 en que els alumnes de quart desenvolupin les habilitats d\u2019escoltar, parlar, llegir i escriure en angl\u00e8s a trav\u00e9s de l&#8217;\u00e0rea del coneixement del medi.<\/p>\n","protected":false},"excerpt":{"rendered":"<p>El curr\u00edculum de l\u2019educaci\u00f3 infantil i prim\u00e0ria esdev\u00e9 la guia de totes les nostres activitats educatives, ens orienta metodol\u00f2gicament i ens d\u00f3na eines per la concreci\u00f3, procurant desvetllar la motivaci\u00f3, la curiositat i la imaginaci\u00f3 dels nostres alumnes.<br \/>\nPer aix\u00f2, a l\u2019escola, portem a terme tota&hellip;  <a href=\"https:\/\/agora.xtec.cat\/escoladebosc\/projecte-educatiu\/activitats-educatives\/\" title=\"Read Activitats Educatives\">Llegeix m\u00e9s\u00bb<\/a><\/p>\n","protected":false},"author":1,"featured_media":0,"parent":64,"menu_order":10,"comment_status":"closed","ping_status":"closed","template":"page-templates\/side-menu.php","meta":{"_bbp_topic_count":0,"_bbp_reply_count":0,"_bbp_total_topic_count":0,"_bbp_total_reply_count":0,"_bbp_voice_count":0,"_bbp_anonymous_reply_count":0,"_bbp_topic_count_hidden":0,"_bbp_reply_count_hidden":0,"_bbp_forum_subforum_count":0,"footnotes":""},"class_list":["post-348","page","type-page","status-publish","hentry"],"post_mailing_queue_ids":[],"_links":{"self":[{"href":"https:\/\/agora.xtec.cat\/escoladebosc\/wp-json\/wp\/v2\/pages\/348","targetHints":{"allow":["GET"]}}],"collection":[{"href":"https:\/\/agora.xtec.cat\/escoladebosc\/wp-json\/wp\/v2\/pages"}],"about":[{"href":"https:\/\/agora.xtec.cat\/escoladebosc\/wp-json\/wp\/v2\/types\/page"}],"author":[{"embeddable":true,"href":"https:\/\/agora.xtec.cat\/escoladebosc\/wp-json\/wp\/v2\/users\/1"}],"replies":[{"embeddable":true,"href":"https:\/\/agora.xtec.cat\/escoladebosc\/wp-json\/wp\/v2\/comments?post=348"}],"version-history":[{"count":3,"href":"https:\/\/agora.xtec.cat\/escoladebosc\/wp-json\/wp\/v2\/pages\/348\/revisions"}],"predecessor-version":[{"id":792,"href":"https:\/\/agora.xtec.cat\/escoladebosc\/wp-json\/wp\/v2\/pages\/348\/revisions\/792"}],"up":[{"embeddable":true,"href":"https:\/\/agora.xtec.cat\/escoladebosc\/wp-json\/wp\/v2\/pages\/64"}],"wp:attachment":[{"href":"https:\/\/agora.xtec.cat\/escoladebosc\/wp-json\/wp\/v2\/media?parent=348"}],"curies":[{"name":"wp","href":"https:\/\/api.w.org\/{rel}","templated":true}]}}