{"id":273,"date":"2015-07-16T15:22:25","date_gmt":"2015-07-16T13:22:25","guid":{"rendered":"http:\/\/agora.xtec.cat\/escoladebosc\/?page_id=273"},"modified":"2016-12-20T12:04:05","modified_gmt":"2016-12-20T11:04:05","slug":"hort","status":"publish","type":"page","link":"https:\/\/agora.xtec.cat\/escoladebosc\/projecte-educatiu\/hort\/","title":{"rendered":"Hort"},"content":{"rendered":"<p style=\"text-align: justify;\"><a href=\"http:\/\/agora.xtec.cat\/escoladebosc\/wp-content\/uploads\/usu454\/2015\/10\/MG_3123-copia.jpg\"><img loading=\"lazy\" decoding=\"async\" class=\"aligncenter size-large wp-image-1373\" src=\"http:\/\/agora.xtec.cat\/escoladebosc\/wp-content\/uploads\/usu454\/2015\/10\/MG_3123-copia-1024x270.jpg\" alt=\"_MG_3123 - copia\" width=\"1024\" height=\"270\" srcset=\"https:\/\/agora.xtec.cat\/escoladebosc\/wp-content\/uploads\/usu454\/2015\/10\/MG_3123-copia-1024x270.jpg 1024w, https:\/\/agora.xtec.cat\/escoladebosc\/wp-content\/uploads\/usu454\/2015\/10\/MG_3123-copia-300x79.jpg 300w\" sizes=\"auto, (max-width: 1024px) 100vw, 1024px\" \/><\/a><\/p>\n<p style=\"text-align: justify;\">La nostra societat est\u00e0 fonamentada en els serveis i la tecnologia i, dins d\u2019un ciutat com Barcelona, el paisatge \u00e9s b\u00e0sicament urb\u00e0. Treballar l\u2019hort a l\u2019escola suposa la producci\u00f3 de fruita i verdura per a \u00fas dels alumnes per\u00f2, el seu objectiu principal \u00e9s afavorir i contribuir a l\u2019educaci\u00f3 mediambiental i al desenvolupament individual i social ja que afegeix una dimensi\u00f3 pr\u00e0ctica als aprenentatges. Refor\u00e7a mat\u00e8ries instrumentals com les lleng\u00fces i les matem\u00e0tiques i d\u2019altres com les ci\u00e8ncies i la tecnologia.<\/p>\n<p style=\"text-align: justify;\">Al llarg de tota l\u2019escolaritat els nostres alumnes treballen l\u2019hort. A partir de la persona que coordina l\u2019actuaci\u00f3 directe dels alumnes, cada curs t\u00e9 la responsabilitat d\u2019alguna zona determinada que neteja, prepara, planta i recull els fruits. Alhora cada curs s\u2019encarrega d\u2019algun dels arbres fruiters. Els nois i noies del cicle superior s\u00f3n els encarregats del compostatge.<\/p>\n<p style=\"text-align: justify;\">Tamb\u00e9 hi ha una bassa, petit ecosistema amb gran diversitat d\u2019esp\u00e8cies vegetals i animals, el t\u00f2til n\u2019\u00e9s un dels principals protagonistes, on l\u2019observaci\u00f3 directa i l\u2019experimentaci\u00f3 en s\u00f3n constants.<\/p>\n<p style=\"text-align: justify;\">\r\n\t<div class=\"slideshow_container slideshow_container_style-light\" style=\" \" data-slideshow-id=\"728\" data-style-name=\"style-light\" data-style-version=\"2.3.1\" >\r\n\r\n\t\t\t\t\t<div class=\"slideshow_loading_icon\"><\/div>\r\n\t\t\r\n\t\t<div class=\"slideshow_content\" style=\"display: none;\">\r\n\r\n\t\t\t<div class=\"slideshow_view\">\r\n\t\t\t\t<div class=\"slideshow_slide slideshow_slide_image\">\r\n\t\t\t\t\t<a href=\"http:\/\/agora.xtec.cat\/escoladebosc\/wp-content\/uploads\/usu454\/2015\/08\/DSC_0448.jpg\" target=\"_blank\" >\t\t\t\t\t\t<img src=\"https:\/\/agora.xtec.cat\/escoladebosc\/wp-content\/uploads\/usu454\/2015\/08\/DSC_0448.jpg\" alt=\"hort\" width=\"3264\" height=\"1836\" \/>\r\n\t\t\t\t\t<\/a>\t\t\t\t\t<div class=\"slideshow_description_box slideshow_transparent\">\r\n\t\t\t\t\t\t<div class=\"slideshow_title\"><a href=\"http:\/\/agora.xtec.cat\/escoladebosc\/wp-content\/uploads\/usu454\/2015\/08\/DSC_0448.jpg\" target=\"_blank\" >hort<\/a><\/div>\t\t\t\t\t\t\t\t\t\t\t<\/div>\r\n\t\t\t\t<\/div>\r\n\r\n\t\t\t\t\t\t\r\n\t\t\t\t<div class=\"slideshow_slide slideshow_slide_image\">\r\n\t\t\t\t\t<a href=\"http:\/\/agora.xtec.cat\/escoladebosc\/wp-content\/uploads\/usu454\/2015\/08\/DSC_1497.jpg\" target=\"_blank\" >\t\t\t\t\t\t<img src=\"https:\/\/agora.xtec.cat\/escoladebosc\/wp-content\/uploads\/usu454\/2015\/08\/DSC_1497.jpg\" alt=\"hort\" width=\"3264\" height=\"1836\" \/>\r\n\t\t\t\t\t<\/a>\t\t\t\t\t<div class=\"slideshow_description_box slideshow_transparent\">\r\n\t\t\t\t\t\t<div class=\"slideshow_title\"><a href=\"http:\/\/agora.xtec.cat\/escoladebosc\/wp-content\/uploads\/usu454\/2015\/08\/DSC_1497.jpg\" target=\"_blank\" >hort<\/a><\/div>\t\t\t\t\t\t\t\t\t\t\t<\/div>\r\n\t\t\t\t<\/div>\r\n\r\n\t\t\t\t\t\t<div style=\"clear: both;\"><\/div><\/div><div class=\"slideshow_view\">\r\n\t\t\t\t<div class=\"slideshow_slide slideshow_slide_image\">\r\n\t\t\t\t\t<a href=\"http:\/\/agora.xtec.cat\/escoladebosc\/wp-content\/uploads\/usu454\/2015\/08\/h-024.jpg\" target=\"_blank\" >\t\t\t\t\t\t<img src=\"https:\/\/agora.xtec.cat\/escoladebosc\/wp-content\/uploads\/usu454\/2015\/08\/h-024.jpg\" alt=\"hort\" width=\"2600\" height=\"1950\" \/>\r\n\t\t\t\t\t<\/a>\t\t\t\t\t<div class=\"slideshow_description_box slideshow_transparent\">\r\n\t\t\t\t\t\t<div class=\"slideshow_title\"><a href=\"http:\/\/agora.xtec.cat\/escoladebosc\/wp-content\/uploads\/usu454\/2015\/08\/h-024.jpg\" target=\"_blank\" >hort<\/a><\/div>\t\t\t\t\t\t\t\t\t\t\t<\/div>\r\n\t\t\t\t<\/div>\r\n\r\n\t\t\t\t\t\t\r\n\t\t\t\t<div class=\"slideshow_slide slideshow_slide_image\">\r\n\t\t\t\t\t<a href=\"http:\/\/agora.xtec.cat\/escoladebosc\/wp-content\/uploads\/usu454\/2015\/08\/DSC_0449.jpg\" target=\"_blank\" >\t\t\t\t\t\t<img src=\"https:\/\/agora.xtec.cat\/escoladebosc\/wp-content\/uploads\/usu454\/2015\/08\/DSC_0449.jpg\" alt=\"hort\" width=\"3264\" height=\"1836\" \/>\r\n\t\t\t\t\t<\/a>\t\t\t\t\t<div class=\"slideshow_description_box slideshow_transparent\">\r\n\t\t\t\t\t\t<div class=\"slideshow_title\"><a href=\"http:\/\/agora.xtec.cat\/escoladebosc\/wp-content\/uploads\/usu454\/2015\/08\/DSC_0449.jpg\" target=\"_blank\" >hort<\/a><\/div>\t\t\t\t\t\t\t\t\t\t\t<\/div>\r\n\t\t\t\t<\/div>\r\n\r\n\t\t\t\t\t\t<div style=\"clear: both;\"><\/div><\/div><div class=\"slideshow_view\">\r\n\t<div class=\"slideshow_slide slideshow_slide_text\" style=\"background-color: #1e73be;\">\r\n\t\t\t\t<div class=\"slideshow_title\" style=\"color: #ffffff;\">\r\n\t\t\t\t\t\t\tEscola de Bosc\t\t\t\t\t<\/div>\r\n\t\t\r\n\t\t\t\t<div class=\"slideshow_description\" style=\"color: #ffffff;\">\r\n\t\t\t\t\t\t\tUna Escola petita, d\u2019una l\u00ednia, acollidora i familiar.\t\t\t\t\t<\/div>\r\n\t\t\r\n\t\t<a  class=\"slideshow_background_anchor\"><\/a>\r\n\t<\/div>\r\n<div style=\"clear: both;\"><\/div><\/div>\r\n\t\t<\/div>\r\n\r\n\t\t<div class=\"slideshow_controlPanel slideshow_transparent\" style=\"display: none;\"><ul><li class=\"slideshow_togglePlay\" data-play-text=\"Visualitza\" data-pause-text=\"Pausa\"><\/li><\/ul><\/div>\r\n\r\n\t\t<div class=\"slideshow_button slideshow_previous slideshow_transparent\" role=\"button\" data-previous-text=\"Anterior\" style=\"display: none;\"><\/div>\r\n\t\t<div class=\"slideshow_button slideshow_next slideshow_transparent\" role=\"button\" data-next-text=\"Seg\u00fcent\" style=\"display: none;\"><\/div>\r\n\r\n\t\t<div class=\"slideshow_pagination\" style=\"display: none;\" data-go-to-text=\"V\u00e9s a la diapositiva\"><div class=\"slideshow_pagination_center\"><\/div><\/div>\r\n\r\n\t\t<!-- WordPress Slideshow Version 2.3.1 -->\r\n\r\n\t\t\t<\/div>\r\n\r\n<\/p>\n<p style=\"text-align: justify;\">\n<p><a href=\"https:\/\/goo.gl\/photos\/XszBqrEcoxeiPdGW8\" target=\"_blank\">M\u00e9s fotos aqui<\/a><\/p>\n","protected":false},"excerpt":{"rendered":"<p><a href=\"http:\/\/agora.xtec.cat\/escoladebosc\/wp-content\/uploads\/usu454\/2015\/10\/MG_3123-copia.jpg\"><\/a><br \/>\nLa nostra societat est\u00e0 fonamentada en els serveis i la tecnologia i, dins d\u2019un ciutat com Barcelona, el paisatge \u00e9s b\u00e0sicament urb\u00e0. Treballar l\u2019hort a l\u2019escola suposa la producci\u00f3 de fruita i verdura per a \u00fas dels alumnes per\u00f2, el seu objectiu principal \u00e9s&hellip;  <a href=\"https:\/\/agora.xtec.cat\/escoladebosc\/projecte-educatiu\/hort\/\" title=\"Read Hort\">Llegeix m\u00e9s\u00bb<\/a><\/p>\n","protected":false},"author":1,"featured_media":0,"parent":64,"menu_order":30,"comment_status":"closed","ping_status":"closed","template":"page-templates\/side-menu.php","meta":{"_bbp_topic_count":0,"_bbp_reply_count":0,"_bbp_total_topic_count":0,"_bbp_total_reply_count":0,"_bbp_voice_count":0,"_bbp_anonymous_reply_count":0,"_bbp_topic_count_hidden":0,"_bbp_reply_count_hidden":0,"_bbp_forum_subforum_count":0,"footnotes":""},"class_list":["post-273","page","type-page","status-publish","hentry"],"post_mailing_queue_ids":[],"_links":{"self":[{"href":"https:\/\/agora.xtec.cat\/escoladebosc\/wp-json\/wp\/v2\/pages\/273","targetHints":{"allow":["GET"]}}],"collection":[{"href":"https:\/\/agora.xtec.cat\/escoladebosc\/wp-json\/wp\/v2\/pages"}],"about":[{"href":"https:\/\/agora.xtec.cat\/escoladebosc\/wp-json\/wp\/v2\/types\/page"}],"author":[{"embeddable":true,"href":"https:\/\/agora.xtec.cat\/escoladebosc\/wp-json\/wp\/v2\/users\/1"}],"replies":[{"embeddable":true,"href":"https:\/\/agora.xtec.cat\/escoladebosc\/wp-json\/wp\/v2\/comments?post=273"}],"version-history":[{"count":3,"href":"https:\/\/agora.xtec.cat\/escoladebosc\/wp-json\/wp\/v2\/pages\/273\/revisions"}],"predecessor-version":[{"id":5182,"href":"https:\/\/agora.xtec.cat\/escoladebosc\/wp-json\/wp\/v2\/pages\/273\/revisions\/5182"}],"up":[{"embeddable":true,"href":"https:\/\/agora.xtec.cat\/escoladebosc\/wp-json\/wp\/v2\/pages\/64"}],"wp:attachment":[{"href":"https:\/\/agora.xtec.cat\/escoladebosc\/wp-json\/wp\/v2\/media?parent=273"}],"curies":[{"name":"wp","href":"https:\/\/api.w.org\/{rel}","templated":true}]}}