{"id":271,"date":"2015-07-16T15:22:03","date_gmt":"2015-07-16T14:22:03","guid":{"rendered":"http:\/\/agora.xtec.cat\/escoladebosc\/?page_id=271"},"modified":"2015-10-09T07:17:37","modified_gmt":"2015-10-09T06:17:37","slug":"assemblea-descola","status":"publish","type":"page","link":"https:\/\/agora.xtec.cat\/escoladebosc\/projecte-educatiu\/assemblea-descola\/","title":{"rendered":"Assemblea d&#8217;escola"},"content":{"rendered":"<p style=\"text-align: justify;\">La comunicaci\u00f3 i el di\u00e0leg transformen situacions de conflicte i organitzaci\u00f3 en un f\u00f2rum de discussi\u00f3 i debat que porta als nostres alumnes al coneixement compartit, eixamplament de perspectives referencials, acceptaci\u00f3 de difer\u00e8ncies, desenvolupament de l\u2019autonomia i capacitat de cooperaci\u00f3.<\/p>\n<p style=\"text-align: justify;\">Des de ben petits, primer de Prim\u00e0ria, fins a sis\u00e8, els nostres alumnes participen activament de les assembles d\u2019Escola. Dos cops al mes, i al llarg d\u2019una hora, dialoguen sobre aspectes relacionats amb diversos interessos personals sorgits de l\u2019assemblea de classe (aquesta es realitza un cop a la setmana en l\u2019\u00e0mbit de la classe i dinamitzada per la tutora).<\/p>\n<p style=\"text-align: justify;\">L\u2019inter\u00e8s dels alumnes per participar de l\u2019assemblea i representar els interessos del grup \u00e9s general, per aix\u00f2 un parell de cops al llarg del curs es fa canvi de representants a partir d\u2019una elecci\u00f3 democr\u00e0tica dins del grup.<\/p>\n<table>\n<tbody>\n<tr>\n<td><a href=\"http:\/\/agora.xtec.cat\/escoladebosc\/wp-content\/uploads\/usu454\/2015\/10\/assemblea-009.jpg\"><img loading=\"lazy\" decoding=\"async\" class=\"aligncenter size-medium wp-image-1089\" src=\"http:\/\/agora.xtec.cat\/escoladebosc\/wp-content\/uploads\/usu454\/2015\/10\/assemblea-009-300x225.jpg\" alt=\"assemblea 009\" width=\"300\" height=\"225\" srcset=\"https:\/\/agora.xtec.cat\/escoladebosc\/wp-content\/uploads\/usu454\/2015\/10\/assemblea-009-300x225.jpg 300w, https:\/\/agora.xtec.cat\/escoladebosc\/wp-content\/uploads\/usu454\/2015\/10\/assemblea-009-1024x768.jpg 1024w, https:\/\/agora.xtec.cat\/escoladebosc\/wp-content\/uploads\/usu454\/2015\/10\/assemblea-009-200x150.jpg 200w, https:\/\/agora.xtec.cat\/escoladebosc\/wp-content\/uploads\/usu454\/2015\/10\/assemblea-009.jpg 1600w\" sizes=\"auto, (max-width: 300px) 100vw, 300px\" \/><\/a><\/td>\n<td><a href=\"http:\/\/agora.xtec.cat\/escoladebosc\/wp-content\/uploads\/usu454\/2015\/10\/assemblea-016.jpg\"><img loading=\"lazy\" decoding=\"async\" class=\"aligncenter size-medium wp-image-1087\" src=\"http:\/\/agora.xtec.cat\/escoladebosc\/wp-content\/uploads\/usu454\/2015\/10\/assemblea-016-300x225.jpg\" alt=\"assemblea 016\" width=\"300\" height=\"225\" srcset=\"https:\/\/agora.xtec.cat\/escoladebosc\/wp-content\/uploads\/usu454\/2015\/10\/assemblea-016-300x225.jpg 300w, https:\/\/agora.xtec.cat\/escoladebosc\/wp-content\/uploads\/usu454\/2015\/10\/assemblea-016-1024x768.jpg 1024w, https:\/\/agora.xtec.cat\/escoladebosc\/wp-content\/uploads\/usu454\/2015\/10\/assemblea-016-200x150.jpg 200w, https:\/\/agora.xtec.cat\/escoladebosc\/wp-content\/uploads\/usu454\/2015\/10\/assemblea-016.jpg 1600w\" sizes=\"auto, (max-width: 300px) 100vw, 300px\" \/><\/a><\/td>\n<\/tr>\n<tr>\n<td><a href=\"http:\/\/agora.xtec.cat\/escoladebosc\/wp-content\/uploads\/usu454\/2015\/10\/assemblea-005.jpg\"><img loading=\"lazy\" decoding=\"async\" class=\"aligncenter size-medium wp-image-1084\" src=\"http:\/\/agora.xtec.cat\/escoladebosc\/wp-content\/uploads\/usu454\/2015\/10\/assemblea-005-300x225.jpg\" alt=\"assemblea 005\" width=\"300\" height=\"225\" srcset=\"https:\/\/agora.xtec.cat\/escoladebosc\/wp-content\/uploads\/usu454\/2015\/10\/assemblea-005-300x225.jpg 300w, https:\/\/agora.xtec.cat\/escoladebosc\/wp-content\/uploads\/usu454\/2015\/10\/assemblea-005-1024x768.jpg 1024w, https:\/\/agora.xtec.cat\/escoladebosc\/wp-content\/uploads\/usu454\/2015\/10\/assemblea-005-200x150.jpg 200w, https:\/\/agora.xtec.cat\/escoladebosc\/wp-content\/uploads\/usu454\/2015\/10\/assemblea-005.jpg 1600w\" sizes=\"auto, (max-width: 300px) 100vw, 300px\" \/><\/a><\/td>\n<td><a href=\"http:\/\/agora.xtec.cat\/escoladebosc\/wp-content\/uploads\/usu454\/2015\/10\/assemblea-018.jpg\"><img loading=\"lazy\" decoding=\"async\" class=\"aligncenter size-medium wp-image-1088\" src=\"http:\/\/agora.xtec.cat\/escoladebosc\/wp-content\/uploads\/usu454\/2015\/10\/assemblea-018-300x225.jpg\" alt=\"assemblea 018\" width=\"300\" height=\"225\" srcset=\"https:\/\/agora.xtec.cat\/escoladebosc\/wp-content\/uploads\/usu454\/2015\/10\/assemblea-018-300x225.jpg 300w, https:\/\/agora.xtec.cat\/escoladebosc\/wp-content\/uploads\/usu454\/2015\/10\/assemblea-018-1024x768.jpg 1024w, https:\/\/agora.xtec.cat\/escoladebosc\/wp-content\/uploads\/usu454\/2015\/10\/assemblea-018-200x150.jpg 200w, https:\/\/agora.xtec.cat\/escoladebosc\/wp-content\/uploads\/usu454\/2015\/10\/assemblea-018.jpg 1600w\" sizes=\"auto, (max-width: 300px) 100vw, 300px\" \/><\/a><\/td>\n<\/tr>\n<tr>\n<td><a href=\"http:\/\/agora.xtec.cat\/escoladebosc\/wp-content\/uploads\/usu454\/2015\/10\/assemblea-001.jpg\"><img loading=\"lazy\" decoding=\"async\" class=\"aligncenter size-medium wp-image-1083\" src=\"http:\/\/agora.xtec.cat\/escoladebosc\/wp-content\/uploads\/usu454\/2015\/10\/assemblea-001-300x225.jpg\" alt=\"assemblea 001\" width=\"300\" height=\"225\" srcset=\"https:\/\/agora.xtec.cat\/escoladebosc\/wp-content\/uploads\/usu454\/2015\/10\/assemblea-001-300x225.jpg 300w, https:\/\/agora.xtec.cat\/escoladebosc\/wp-content\/uploads\/usu454\/2015\/10\/assemblea-001-1024x768.jpg 1024w, https:\/\/agora.xtec.cat\/escoladebosc\/wp-content\/uploads\/usu454\/2015\/10\/assemblea-001-200x150.jpg 200w, https:\/\/agora.xtec.cat\/escoladebosc\/wp-content\/uploads\/usu454\/2015\/10\/assemblea-001.jpg 1600w\" sizes=\"auto, (max-width: 300px) 100vw, 300px\" \/><\/a><\/td>\n<td><a href=\"http:\/\/agora.xtec.cat\/escoladebosc\/wp-content\/uploads\/usu454\/2015\/10\/assemblea-015.jpg\"><img loading=\"lazy\" decoding=\"async\" class=\"aligncenter size-medium wp-image-1086\" src=\"http:\/\/agora.xtec.cat\/escoladebosc\/wp-content\/uploads\/usu454\/2015\/10\/assemblea-015-300x225.jpg\" alt=\"assemblea 015\" width=\"300\" height=\"225\" srcset=\"https:\/\/agora.xtec.cat\/escoladebosc\/wp-content\/uploads\/usu454\/2015\/10\/assemblea-015-300x225.jpg 300w, https:\/\/agora.xtec.cat\/escoladebosc\/wp-content\/uploads\/usu454\/2015\/10\/assemblea-015-1024x768.jpg 1024w, https:\/\/agora.xtec.cat\/escoladebosc\/wp-content\/uploads\/usu454\/2015\/10\/assemblea-015-200x150.jpg 200w, https:\/\/agora.xtec.cat\/escoladebosc\/wp-content\/uploads\/usu454\/2015\/10\/assemblea-015.jpg 1600w\" sizes=\"auto, (max-width: 300px) 100vw, 300px\" \/><\/a><\/td>\n<\/tr>\n<\/tbody>\n<\/table>\n","protected":false},"excerpt":{"rendered":"<p>La comunicaci\u00f3 i el di\u00e0leg transformen situacions de conflicte i organitzaci\u00f3 en un f\u00f2rum de discussi\u00f3 i debat que porta als nostres alumnes al coneixement compartit, eixamplament de perspectives referencials, acceptaci\u00f3 de difer\u00e8ncies, desenvolupament de l\u2019autonomia i capacitat de cooperaci\u00f3.<br \/>\nDes de ben petits, primer de&hellip;  <a href=\"https:\/\/agora.xtec.cat\/escoladebosc\/projecte-educatiu\/assemblea-descola\/\" title=\"Read Assemblea d&#8217;escola\">Llegeix m\u00e9s\u00bb<\/a><\/p>\n","protected":false},"author":1,"featured_media":0,"parent":64,"menu_order":20,"comment_status":"closed","ping_status":"closed","template":"page-templates\/side-menu.php","meta":{"_bbp_topic_count":0,"_bbp_reply_count":0,"_bbp_total_topic_count":0,"_bbp_total_reply_count":0,"_bbp_voice_count":0,"_bbp_anonymous_reply_count":0,"_bbp_topic_count_hidden":0,"_bbp_reply_count_hidden":0,"_bbp_forum_subforum_count":0,"footnotes":""},"class_list":["post-271","page","type-page","status-publish","hentry"],"post_mailing_queue_ids":[],"_links":{"self":[{"href":"https:\/\/agora.xtec.cat\/escoladebosc\/wp-json\/wp\/v2\/pages\/271","targetHints":{"allow":["GET"]}}],"collection":[{"href":"https:\/\/agora.xtec.cat\/escoladebosc\/wp-json\/wp\/v2\/pages"}],"about":[{"href":"https:\/\/agora.xtec.cat\/escoladebosc\/wp-json\/wp\/v2\/types\/page"}],"author":[{"embeddable":true,"href":"https:\/\/agora.xtec.cat\/escoladebosc\/wp-json\/wp\/v2\/users\/1"}],"replies":[{"embeddable":true,"href":"https:\/\/agora.xtec.cat\/escoladebosc\/wp-json\/wp\/v2\/comments?post=271"}],"version-history":[{"count":3,"href":"https:\/\/agora.xtec.cat\/escoladebosc\/wp-json\/wp\/v2\/pages\/271\/revisions"}],"predecessor-version":[{"id":1091,"href":"https:\/\/agora.xtec.cat\/escoladebosc\/wp-json\/wp\/v2\/pages\/271\/revisions\/1091"}],"up":[{"embeddable":true,"href":"https:\/\/agora.xtec.cat\/escoladebosc\/wp-json\/wp\/v2\/pages\/64"}],"wp:attachment":[{"href":"https:\/\/agora.xtec.cat\/escoladebosc\/wp-json\/wp\/v2\/media?parent=271"}],"curies":[{"name":"wp","href":"https:\/\/api.w.org\/{rel}","templated":true}]}}