{"id":26,"date":"2014-09-18T12:24:32","date_gmt":"2014-09-18T11:24:32","guid":{"rendered":"http:\/\/agora.xtec.cat\/escoladebosc\/?page_id=26"},"modified":"2015-09-17T11:02:40","modified_gmt":"2015-09-17T10:02:40","slug":"historia","status":"publish","type":"page","link":"https:\/\/agora.xtec.cat\/escoladebosc\/lescola\/historia\/","title":{"rendered":"Hist\u00f2ria"},"content":{"rendered":"<p style=\"text-align: justify;\">A comen\u00e7aments del segle XX, l\u2019Ajuntament de Barcelona, conscient de la import\u00e0ncia cabdal de l\u2019educaci\u00f3 dels infants, va endegar tota una s\u00e8rie de projectes que van donar lloc a les escoles a l\u2019aire lliure, ja que la llei solament permetia als Ajuntaments la creaci\u00f3 d\u2019escoles de caracter\u00edstiques especials.<\/p>\n<p style=\"text-align: justify;\">La primera va ser L\u2019ESCOLA DE BOSC, que va n\u00e9ixer amb la intenci\u00f3 d\u2019oferir als nens i nens de Barcelona amb problemes respiratoris, una escola on poguessin gaudir d\u2019un entorn m\u00e9s saludable, sense la contaminaci\u00f3 de la ciutat.<\/p>\n<p style=\"text-align: justify;\">\u00c9s aix\u00ed com a la primavera de l\u2019any 1914, el dia 8 d maig, l\u2019Escola va obrir les seves portes per primera vegada.<\/p>\n<p style=\"text-align: justify;\">Es va situar a la muntanya de Montju\u00efc, en uns edificis, que mitjan\u00e7ant unes obres d\u2019adaptaci\u00f3, van donar un tipus de construcci\u00f3 escolar molt apropiada per l\u2019escola que es volia fer. El nom d\u2019Escola de Bosc, es va inspirar en l\u2019alemanya de \u201cWalsdschule de Charlotemburg\u201d que era una escola a l\u2019aire lliure dedicada a la inf\u00e0ncia desvalguda.<\/p>\n<p style=\"box-sizing: border-box; direction: ltr; font-family: inherit; font-weight: normal; font-size: 1em; line-height: 1.6; text-rendering: optimizelegibility; text-align: justify; padding: 0px; margin: 0px 0px 1.25em 0px;\">L\u2019Escola de Bosc, per\u00f2, sense deixar de ser fidel a aquest caire social pel qual s\u2019havia fundat, va elevar aquest primer objectiu al d\u2019aconseguir una educaci\u00f3 integral.<\/p>\n<p style=\"text-align: justify;\">La primera directora de la secci\u00f3 de nenes va ser la Sra. Rosa Sensat i Vil\u00e0.<\/p>\n<p style=\"text-align: justify;\">De la secci\u00f3 de nens, el Sr. Antol\u00ed Monroy i Paz, excel\u00b7lent mestre i home lliurat a la seva professi\u00f3 que hi deix\u00e0 un molt bon record.<\/p>\n<p style=\"text-align: justify;\">El treball de Rosa Sensat, mestra d\u2019una gran personalitat humana i intel\u00b7lectual, hi deix\u00e0 una empremta molt forta, ja que va poder posar en pr\u00e0ctica els principis de les escoles noves d\u2019Europa, tot adaptant-los a les caracter\u00edstiques de l\u2019alumnat de l\u2019Escola fins a la seva marxa, l\u2019any 1930, per fer-se c\u00e0rrec de la direcci\u00f3 del grup escolar Mil\u00e0 i Fontanals.<\/p>\n<p style=\"text-align: justify;\">Malgrat que Rosa Sensat va deixar l\u2019Escola, hi va quedar el seu esperit i la seva empremta, els mestres i les mestres que conformaven l\u2019equip pedag\u00f2gic varen continuar portant a terme l\u2019ideari fundacional.<\/p>\n<p style=\"text-align: justify;\">A partir de l\u2019any 1939, tota una s\u00e8rie d\u2019esdeveniments hist\u00f2rics, pol\u00edtics i socials ocorreguts al nostre pa\u00eds, van transformar totalment les escoles municipals. Les finalitats i els objectius varen ser uns altres que poca cosa tenien a veure amb els que l\u2019havien posat en funcionament.<\/p>\n<p style=\"text-align: justify;\">Ben cert \u00e9s per\u00f2, que a l\u2019Escola hi varen restar durant molts anys un bon grup de mestres, homes i dones, a qui els va tocar viure moments dif\u00edcils. Mestres dels inicis de l\u2019Escola i un grup de nou vinguts que hi van posar il\u00b7lusi\u00f3 i dedicaci\u00f3 en fer b\u00e9 la seva feina i que va fer possible que no tot el que s\u2019havia fet, qued\u00e9s en l\u2019oblit.<\/p>\n<p style=\"text-align: justify;\">A partir dels anys 70, es produeix un corrent pedag\u00f2gic de recuperaci\u00f3 dels principis originaris d\u2019aquesta instituci\u00f3, que queda reflectit en el primer P.E.C. redactat a partir del curs 87-88.<\/p>\n<p style=\"text-align: justify;\">El Parvularii Forestier queda incorporat a l\u2019Escola de Bosc el curs 81-82, i passa a anomenar-se ESCOLA DE BOSC-FORESTIER perqu\u00e8 ocupaven edificis separats.<\/p>\n<p style=\"text-align: justify;\">El curs 90-91 el Parvulari\u00a0es trasllada definitivament a l\u2019edifici de l\u2019Escola de Bosc, i es recupera d\u2019aquesta manera el nom originari.<\/p>\n<p style=\"text-align: justify;\">En aquest per\u00edode i a partir de la implantaci\u00f3 de la llei d\u2019Ensenyament General B\u00e0sic, l\u2019Escola passa a tenir doble l\u00ednia. El curs 91-92, l\u2019Administraci\u00f3 proposa la reducci\u00f3 d\u2019una l\u00ednia per tal de fer espai per la implantaci\u00f3 de la Secund\u00e0ria Obligat\u00f2ria en el centre, seguint les directrius de la nova llei d\u2019Educaci\u00f3 (L.O.G.S.E.).<\/p>\n<p style=\"text-align: justify;\">Malgrat tots els canvis, les mestres de l\u2019Escola de Bosc tenim present\u00a0l&#8217;origen\u00a0\u00a0d\u2019aquesta instituci\u00f3, i tot i ser conscients que la realitat \u00e9s una altra, que les condicions s\u00f3n diferents i que psicologia i la pedagogia han evolucionat, pensem que els nens s\u00f3n com en aquell temps: PERSONES QUE TENEN PER DAVANT UNA VIDA PLENA DE POSSIBILITATS I QUE TENEN DRET A QUE ELS AJUDEM A VIURE-LA.<\/p>\n<p style=\"text-align: justify;\">\r\n\t<div class=\"slideshow_container slideshow_container_style-light\" style=\" \" data-slideshow-id=\"685\" data-style-name=\"style-light\" data-style-version=\"2.3.1\" >\r\n\r\n\t\t\t\t\t<div class=\"slideshow_loading_icon\"><\/div>\r\n\t\t\r\n\t\t<div class=\"slideshow_content\" style=\"display: none;\">\r\n\r\n\t\t\t<div class=\"slideshow_view\">\r\n\t\t\t\t<div class=\"slideshow_slide slideshow_slide_image\">\r\n\t\t\t\t\t<a href=\"http:\/\/agora.xtec.cat\/escoladebosc\/wp-content\/uploads\/usu454\/2014\/09\/004.jpg\" target=\"_blank\" >\t\t\t\t\t\t<img src=\"https:\/\/agora.xtec.cat\/escoladebosc\/wp-content\/uploads\/usu454\/2014\/09\/004.jpg\" alt=\"estatua historia\" width=\"4958\" height=\"3251\" \/>\r\n\t\t\t\t\t<\/a>\t\t\t\t\t<div class=\"slideshow_description_box slideshow_transparent\">\r\n\t\t\t\t\t\t<div class=\"slideshow_title\"><a href=\"http:\/\/agora.xtec.cat\/escoladebosc\/wp-content\/uploads\/usu454\/2014\/09\/004.jpg\" target=\"_blank\" >estatua historia<\/a><\/div>\t\t\t\t\t\t\t\t\t\t\t<\/div>\r\n\t\t\t\t<\/div>\r\n\r\n\t\t\t\t\t\t\r\n\t\t\t\t<div class=\"slideshow_slide slideshow_slide_image\">\r\n\t\t\t\t\t<a href=\"http:\/\/agora.xtec.cat\/escoladebosc\/wp-content\/uploads\/usu454\/2014\/09\/010.jpg\" target=\"_blank\" >\t\t\t\t\t\t<img src=\"https:\/\/agora.xtec.cat\/escoladebosc\/wp-content\/uploads\/usu454\/2014\/09\/010.jpg\" alt=\"historia escola de bosc\" width=\"4765\" height=\"3541\" \/>\r\n\t\t\t\t\t<\/a>\t\t\t\t\t<div class=\"slideshow_description_box slideshow_transparent\">\r\n\t\t\t\t\t\t<div class=\"slideshow_title\"><a href=\"http:\/\/agora.xtec.cat\/escoladebosc\/wp-content\/uploads\/usu454\/2014\/09\/010.jpg\" target=\"_blank\" >historia escola de bosc<\/a><\/div>\t\t\t\t\t\t\t\t\t\t\t<\/div>\r\n\t\t\t\t<\/div>\r\n\r\n\t\t\t\t\t\t<div style=\"clear: both;\"><\/div><\/div><div class=\"slideshow_view\">\r\n\t\t\t\t<div class=\"slideshow_slide slideshow_slide_image\">\r\n\t\t\t\t\t<a href=\"http:\/\/agora.xtec.cat\/escoladebosc\/wp-content\/uploads\/usu454\/2014\/09\/008.jpg\" target=\"_blank\" >\t\t\t\t\t\t<img src=\"https:\/\/agora.xtec.cat\/escoladebosc\/wp-content\/uploads\/usu454\/2014\/09\/008.jpg\" alt=\"educacio integral\" width=\"4957\" height=\"3173\" \/>\r\n\t\t\t\t\t<\/a>\t\t\t\t\t<div class=\"slideshow_description_box slideshow_transparent\">\r\n\t\t\t\t\t\t<div class=\"slideshow_title\"><a href=\"http:\/\/agora.xtec.cat\/escoladebosc\/wp-content\/uploads\/usu454\/2014\/09\/008.jpg\" target=\"_blank\" >educacio integral<\/a><\/div>\t\t\t\t\t\t\t\t\t\t\t<\/div>\r\n\t\t\t\t<\/div>\r\n\r\n\t\t\t\t\t\t\r\n\t\t\t\t<div class=\"slideshow_slide slideshow_slide_image\">\r\n\t\t\t\t\t<a href=\"http:\/\/agora.xtec.cat\/escoladebosc\/wp-content\/uploads\/usu454\/2014\/09\/003.jpg\" target=\"_blank\" >\t\t\t\t\t\t<img src=\"https:\/\/agora.xtec.cat\/escoladebosc\/wp-content\/uploads\/usu454\/2014\/09\/003.jpg\" alt=\"Escola 1914\" width=\"4992\" height=\"3543\" \/>\r\n\t\t\t\t\t<\/a>\t\t\t\t\t<div class=\"slideshow_description_box slideshow_transparent\">\r\n\t\t\t\t\t\t<div class=\"slideshow_title\"><a href=\"http:\/\/agora.xtec.cat\/escoladebosc\/wp-content\/uploads\/usu454\/2014\/09\/003.jpg\" target=\"_blank\" >Escola 1914<\/a><\/div>\t\t\t\t\t\t\t\t\t\t\t<\/div>\r\n\t\t\t\t<\/div>\r\n\r\n\t\t\t\t\t\t<div style=\"clear: both;\"><\/div><\/div><div class=\"slideshow_view\">\r\n\t<div class=\"slideshow_slide slideshow_slide_text\" style=\"background-color: #1e73be;\">\r\n\t\t\t\t<div class=\"slideshow_title\" style=\"color: #ffffff;\">\r\n\t\t\t\t\t\t\tEscola de Bosc\t\t\t\t\t<\/div>\r\n\t\t\r\n\t\t\t\t<div class=\"slideshow_description\" style=\"color: #ffffff;\">\r\n\t\t\t\t\t\t\tUna Escola petita, d\u2019una l\u00ednia, acollidora i familiar.\t\t\t\t\t<\/div>\r\n\t\t\r\n\t\t<a  class=\"slideshow_background_anchor\"><\/a>\r\n\t<\/div>\r\n<div style=\"clear: both;\"><\/div><\/div>\r\n\t\t<\/div>\r\n\r\n\t\t<div class=\"slideshow_controlPanel slideshow_transparent\" style=\"display: none;\"><ul><li class=\"slideshow_togglePlay\" data-play-text=\"Visualitza\" data-pause-text=\"Pausa\"><\/li><\/ul><\/div>\r\n\r\n\t\t<div class=\"slideshow_button slideshow_previous slideshow_transparent\" role=\"button\" data-previous-text=\"Anterior\" style=\"display: none;\"><\/div>\r\n\t\t<div class=\"slideshow_button slideshow_next slideshow_transparent\" role=\"button\" data-next-text=\"Seg\u00fcent\" style=\"display: none;\"><\/div>\r\n\r\n\t\t<div class=\"slideshow_pagination\" style=\"display: none;\" data-go-to-text=\"V\u00e9s a la diapositiva\"><div class=\"slideshow_pagination_center\"><\/div><\/div>\r\n\r\n\t\t<!-- WordPress Slideshow Version 2.3.1 -->\r\n\r\n\t\t\t<\/div>\r\n\r\n<\/p>\n","protected":false},"excerpt":{"rendered":"<p>A comen\u00e7aments del segle XX, l\u2019Ajuntament de Barcelona, conscient de la import\u00e0ncia cabdal de l\u2019educaci\u00f3 dels infants, va endegar tota una s\u00e8rie de projectes que van donar lloc a les escoles a l\u2019aire lliure, ja que la llei solament permetia als Ajuntaments la creaci\u00f3 d\u2019escoles&hellip;  <a href=\"https:\/\/agora.xtec.cat\/escoladebosc\/lescola\/historia\/\" title=\"Read Hist\u00f2ria\">Llegeix m\u00e9s\u00bb<\/a><\/p>\n","protected":false},"author":2,"featured_media":0,"parent":22,"menu_order":5,"comment_status":"closed","ping_status":"closed","template":"page-templates\/side-menu.php","meta":{"_bbp_topic_count":0,"_bbp_reply_count":0,"_bbp_total_topic_count":0,"_bbp_total_reply_count":0,"_bbp_voice_count":0,"_bbp_anonymous_reply_count":0,"_bbp_topic_count_hidden":0,"_bbp_reply_count_hidden":0,"_bbp_forum_subforum_count":0,"footnotes":""},"class_list":["post-26","page","type-page","status-publish","hentry"],"post_mailing_queue_ids":[],"_links":{"self":[{"href":"https:\/\/agora.xtec.cat\/escoladebosc\/wp-json\/wp\/v2\/pages\/26","targetHints":{"allow":["GET"]}}],"collection":[{"href":"https:\/\/agora.xtec.cat\/escoladebosc\/wp-json\/wp\/v2\/pages"}],"about":[{"href":"https:\/\/agora.xtec.cat\/escoladebosc\/wp-json\/wp\/v2\/types\/page"}],"author":[{"embeddable":true,"href":"https:\/\/agora.xtec.cat\/escoladebosc\/wp-json\/wp\/v2\/users\/2"}],"replies":[{"embeddable":true,"href":"https:\/\/agora.xtec.cat\/escoladebosc\/wp-json\/wp\/v2\/comments?post=26"}],"version-history":[{"count":3,"href":"https:\/\/agora.xtec.cat\/escoladebosc\/wp-json\/wp\/v2\/pages\/26\/revisions"}],"predecessor-version":[{"id":691,"href":"https:\/\/agora.xtec.cat\/escoladebosc\/wp-json\/wp\/v2\/pages\/26\/revisions\/691"}],"up":[{"embeddable":true,"href":"https:\/\/agora.xtec.cat\/escoladebosc\/wp-json\/wp\/v2\/pages\/22"}],"wp:attachment":[{"href":"https:\/\/agora.xtec.cat\/escoladebosc\/wp-json\/wp\/v2\/media?parent=26"}],"curies":[{"name":"wp","href":"https:\/\/api.w.org\/{rel}","templated":true}]}}