{"id":238,"date":"2015-07-16T15:04:53","date_gmt":"2015-07-16T13:04:53","guid":{"rendered":"http:\/\/agora.xtec.cat\/escoladebosc\/?page_id=238"},"modified":"2021-09-09T09:52:38","modified_gmt":"2021-09-09T07:52:38","slug":"sortides-i-colonies","status":"publish","type":"page","link":"https:\/\/agora.xtec.cat\/escoladebosc\/curs\/sortides-i-colonies\/","title":{"rendered":"Sortides i col\u00f2nies"},"content":{"rendered":"<p style=\"text-align: justify;\">Com Escola considerem que \u00e9s important la realitzaci\u00f3 de <strong>sortides<\/strong> relacionades amb all\u00f2 que els nens i nenes estan treballant a l\u2019aula per complementar i acostar a la realitat coneixements que d\u2019altra forma poder resultarien m\u00e9s abstractes.<\/p>\n<p style=\"text-align: justify;\">Per aix\u00f2, creiem que tots n\u2019han de participar.<\/p>\n<p style=\"text-align: justify;\">\r\n\t<div class=\"slideshow_container slideshow_container_style-light\" style=\" \" data-slideshow-id=\"696\" data-style-name=\"style-light\" data-style-version=\"2.3.1\" >\r\n\r\n\t\t\t\t\t<div class=\"slideshow_loading_icon\"><\/div>\r\n\t\t\r\n\t\t<div class=\"slideshow_content\" style=\"display: none;\">\r\n\r\n\t\t\t<div class=\"slideshow_view\">\r\n\t\t\t\t<div class=\"slideshow_slide slideshow_slide_image\">\r\n\t\t\t\t\t<a href=\"http:\/\/agora.xtec.cat\/escoladebosc\/wp-content\/uploads\/usu454\/2015\/08\/contes-018.jpg\" target=\"_blank\" >\t\t\t\t\t\t<img src=\"https:\/\/agora.xtec.cat\/escoladebosc\/wp-content\/uploads\/usu454\/2015\/08\/contes-018.jpg\" alt=\"colonies\" width=\"2600\" height=\"1950\" \/>\r\n\t\t\t\t\t<\/a>\t\t\t\t\t<div class=\"slideshow_description_box slideshow_transparent\">\r\n\t\t\t\t\t\t<div class=\"slideshow_title\"><a href=\"http:\/\/agora.xtec.cat\/escoladebosc\/wp-content\/uploads\/usu454\/2015\/08\/contes-018.jpg\" target=\"_blank\" >colonies<\/a><\/div>\t\t\t\t\t\t\t\t\t\t\t<\/div>\r\n\t\t\t\t<\/div>\r\n\r\n\t\t\t\t\t\t\r\n\t\t\t\t<div class=\"slideshow_slide slideshow_slide_image\">\r\n\t\t\t\t\t<a href=\"http:\/\/agora.xtec.cat\/escoladebosc\/wp-content\/uploads\/usu454\/2015\/08\/col\u00f2nies-2n-060.jpg\" target=\"_blank\" >\t\t\t\t\t\t<img src=\"https:\/\/agora.xtec.cat\/escoladebosc\/wp-content\/uploads\/usu454\/2015\/08\/col\u00f2nies-2n-060.jpg\" alt=\"col\u00f2nies\" width=\"4000\" height=\"3000\" \/>\r\n\t\t\t\t\t<\/a>\t\t\t\t\t<div class=\"slideshow_description_box slideshow_transparent\">\r\n\t\t\t\t\t\t<div class=\"slideshow_title\"><a href=\"http:\/\/agora.xtec.cat\/escoladebosc\/wp-content\/uploads\/usu454\/2015\/08\/col\u00f2nies-2n-060.jpg\" target=\"_blank\" >col\u00f2nies<\/a><\/div>\t\t\t\t\t\t\t\t\t\t\t<\/div>\r\n\t\t\t\t<\/div>\r\n\r\n\t\t\t\t\t\t<div style=\"clear: both;\"><\/div><\/div><div class=\"slideshow_view\">\r\n\t\t\t\t<div class=\"slideshow_slide slideshow_slide_image\">\r\n\t\t\t\t\t<a href=\"http:\/\/agora.xtec.cat\/escoladebosc\/wp-content\/uploads\/usu454\/2015\/08\/sortides.jpg\" target=\"_blank\" >\t\t\t\t\t\t<img src=\"https:\/\/agora.xtec.cat\/escoladebosc\/wp-content\/uploads\/usu454\/2015\/08\/sortides.jpg\" alt=\"sortides joan miro\" width=\"640\" height=\"480\" \/>\r\n\t\t\t\t\t<\/a>\t\t\t\t\t<div class=\"slideshow_description_box slideshow_transparent\">\r\n\t\t\t\t\t\t<div class=\"slideshow_title\"><a href=\"http:\/\/agora.xtec.cat\/escoladebosc\/wp-content\/uploads\/usu454\/2015\/08\/sortides.jpg\" target=\"_blank\" >sortides joan miro<\/a><\/div>\t\t\t\t\t\t\t\t\t\t\t<\/div>\r\n\t\t\t\t<\/div>\r\n\r\n\t\t\t\t\t\t\r\n\t<div class=\"slideshow_slide slideshow_slide_text\" style=\"background-color: #1e73be;\">\r\n\t\t\t\t<div class=\"slideshow_title\" style=\"color: #ffffff;\">\r\n\t\t\t\t\t\t\tEscola de Bosc\t\t\t\t\t<\/div>\r\n\t\t\r\n\t\t\t\t<div class=\"slideshow_description\" style=\"color: #ffffff;\">\r\n\t\t\t\t\t\t\tUna Escola petita, d\u2019una l\u00ednia, acollidora i familiar.\t\t\t\t\t<\/div>\r\n\t\t\r\n\t\t<a  class=\"slideshow_background_anchor\"><\/a>\r\n\t<\/div>\r\n<div style=\"clear: both;\"><\/div><\/div>\r\n\t\t<\/div>\r\n\r\n\t\t<div class=\"slideshow_controlPanel slideshow_transparent\" style=\"display: none;\"><ul><li class=\"slideshow_togglePlay\" data-play-text=\"Visualitza\" data-pause-text=\"Pausa\"><\/li><\/ul><\/div>\r\n\r\n\t\t<div class=\"slideshow_button slideshow_previous slideshow_transparent\" role=\"button\" data-previous-text=\"Anterior\" style=\"display: none;\"><\/div>\r\n\t\t<div class=\"slideshow_button slideshow_next slideshow_transparent\" role=\"button\" data-next-text=\"Seg\u00fcent\" style=\"display: none;\"><\/div>\r\n\r\n\t\t<div class=\"slideshow_pagination\" style=\"display: none;\" data-go-to-text=\"V\u00e9s a la diapositiva\"><div class=\"slideshow_pagination_center\"><\/div><\/div>\r\n\r\n\t\t<!-- WordPress Slideshow Version 2.3.1 -->\r\n\r\n\t\t\t<\/div>\r\n\r\n<\/p>\n<p style=\"text-align: justify;\">A P5, 2n, 4t i 6\u00e8 fem <strong>col\u00f2nies. <\/strong>Els de P5, 2n i 4t hi van tots junts a l\u2019octubre. Serveixen per consolidar el grup i tenir l\u2019oportunitat de fer amb els companys i companyes activitats que no s\u00f3n possibles en l\u2019\u00e0mbit del centre escolar.<\/p>\n<p style=\"text-align: justify;\">Els de 6\u00e8 les fan al juny com a cloenda i comiat de l\u2019escola.<\/p>\n<p><a style=\"font-family: inherit; font-size: 1em; text-align: justify;\" href=\"http:\/\/agora.xtec.cat\/escoladebosc\/wp-content\/uploads\/usu454\/2015\/08\/contes-018.jpg\"><br \/>\n<\/a><\/p>\n<hr \/>\n<p style=\"text-align: justify;\">Trobareu m\u00e9s informaci\u00f3 a:<\/p>\n<p style=\"text-align: justify;\"><a href=\"http:\/\/agora.xtec.cat\/escoladebosc\/tag\/colonies\/\">Articles &#8220;Sortides i colonies&#8221; al Web<\/a><\/p>\n<p>&nbsp;<\/p>\n","protected":false},"excerpt":{"rendered":"<p>Com Escola considerem que \u00e9s important la realitzaci\u00f3 de sortides relacionades amb all\u00f2 que els nens i nenes estan treballant a l\u2019aula per complementar i acostar a la realitat coneixements que d\u2019altra forma poder resultarien m\u00e9s abstractes.<br \/>\nPer aix\u00f2, creiem que tots n\u2019han de participar.<\/p>\n<p>\t\t\t\t\t<a href=\"http:\/\/agora.xtec.cat\/escoladebosc\/wp-content\/uploads\/usu454\/2015\/08\/contes-018.jpg\"&hellip;  <a href=\"https:\/\/agora.xtec.cat\/escoladebosc\/curs\/sortides-i-colonies\/\" title=\"Read Sortides i col\u00f2nies\">Llegeix m\u00e9s\u00bb<\/a><\/p>\n","protected":false},"author":1,"featured_media":0,"parent":234,"menu_order":30,"comment_status":"closed","ping_status":"closed","template":"page-templates\/side-menu.php","meta":{"_bbp_topic_count":0,"_bbp_reply_count":0,"_bbp_total_topic_count":0,"_bbp_total_reply_count":0,"_bbp_voice_count":0,"_bbp_anonymous_reply_count":0,"_bbp_topic_count_hidden":0,"_bbp_reply_count_hidden":0,"_bbp_forum_subforum_count":0,"footnotes":""},"class_list":["post-238","page","type-page","status-publish","hentry"],"post_mailing_queue_ids":[],"_links":{"self":[{"href":"https:\/\/agora.xtec.cat\/escoladebosc\/wp-json\/wp\/v2\/pages\/238","targetHints":{"allow":["GET"]}}],"collection":[{"href":"https:\/\/agora.xtec.cat\/escoladebosc\/wp-json\/wp\/v2\/pages"}],"about":[{"href":"https:\/\/agora.xtec.cat\/escoladebosc\/wp-json\/wp\/v2\/types\/page"}],"author":[{"embeddable":true,"href":"https:\/\/agora.xtec.cat\/escoladebosc\/wp-json\/wp\/v2\/users\/1"}],"replies":[{"embeddable":true,"href":"https:\/\/agora.xtec.cat\/escoladebosc\/wp-json\/wp\/v2\/comments?post=238"}],"version-history":[{"count":4,"href":"https:\/\/agora.xtec.cat\/escoladebosc\/wp-json\/wp\/v2\/pages\/238\/revisions"}],"predecessor-version":[{"id":14753,"href":"https:\/\/agora.xtec.cat\/escoladebosc\/wp-json\/wp\/v2\/pages\/238\/revisions\/14753"}],"up":[{"embeddable":true,"href":"https:\/\/agora.xtec.cat\/escoladebosc\/wp-json\/wp\/v2\/pages\/234"}],"wp:attachment":[{"href":"https:\/\/agora.xtec.cat\/escoladebosc\/wp-json\/wp\/v2\/media?parent=238"}],"curies":[{"name":"wp","href":"https:\/\/api.w.org\/{rel}","templated":true}]}}