{"id":234,"date":"2015-07-16T15:01:39","date_gmt":"2015-07-16T13:01:39","guid":{"rendered":"http:\/\/agora.xtec.cat\/escoladebosc\/?page_id=234"},"modified":"2016-12-20T11:51:59","modified_gmt":"2016-12-20T10:51:59","slug":"curs","status":"publish","type":"page","link":"https:\/\/agora.xtec.cat\/escoladebosc\/curs\/","title":{"rendered":"Curs"},"content":{"rendered":"<p><img loading=\"lazy\" decoding=\"async\" class=\"  aligncenter wp-image-112\" src=\"http:\/\/agora.xtec.cat\/escoladebosc\/wp-content\/uploads\/usu454\/2014\/09\/Photo-by-Nick-Amoscato-300x101.jpg\" alt=\"Photo by Nick Amoscato\" width=\"724\" height=\"244\" srcset=\"https:\/\/agora.xtec.cat\/escoladebosc\/wp-content\/uploads\/usu454\/2014\/09\/Photo-by-Nick-Amoscato-300x101.jpg 300w, https:\/\/agora.xtec.cat\/escoladebosc\/wp-content\/uploads\/usu454\/2014\/09\/Photo-by-Nick-Amoscato.jpg 638w\" sizes=\"auto, (max-width: 724px) 100vw, 724px\" \/><\/p>\n<p>Aqu\u00ed hi trobareu els aspectes m\u00e9s concrets i pr\u00e0ctics del dia a dia.<\/p>\n","protected":false},"excerpt":{"rendered":"<p>Aqu\u00ed hi trobareu els aspectes m\u00e9s concrets i pr\u00e0ctics del dia a dia.<\/p>\n","protected":false},"author":1,"featured_media":0,"parent":0,"menu_order":5,"comment_status":"closed","ping_status":"closed","template":"page-templates\/side-menu.php","meta":{"_bbp_topic_count":0,"_bbp_reply_count":0,"_bbp_total_topic_count":0,"_bbp_total_reply_count":0,"_bbp_voice_count":0,"_bbp_anonymous_reply_count":0,"_bbp_topic_count_hidden":0,"_bbp_reply_count_hidden":0,"_bbp_forum_subforum_count":0,"footnotes":""},"class_list":["post-234","page","type-page","status-publish","hentry"],"post_mailing_queue_ids":[],"_links":{"self":[{"href":"https:\/\/agora.xtec.cat\/escoladebosc\/wp-json\/wp\/v2\/pages\/234","targetHints":{"allow":["GET"]}}],"collection":[{"href":"https:\/\/agora.xtec.cat\/escoladebosc\/wp-json\/wp\/v2\/pages"}],"about":[{"href":"https:\/\/agora.xtec.cat\/escoladebosc\/wp-json\/wp\/v2\/types\/page"}],"author":[{"embeddable":true,"href":"https:\/\/agora.xtec.cat\/escoladebosc\/wp-json\/wp\/v2\/users\/1"}],"replies":[{"embeddable":true,"href":"https:\/\/agora.xtec.cat\/escoladebosc\/wp-json\/wp\/v2\/comments?post=234"}],"version-history":[{"count":3,"href":"https:\/\/agora.xtec.cat\/escoladebosc\/wp-json\/wp\/v2\/pages\/234\/revisions"}],"predecessor-version":[{"id":791,"href":"https:\/\/agora.xtec.cat\/escoladebosc\/wp-json\/wp\/v2\/pages\/234\/revisions\/791"}],"wp:attachment":[{"href":"https:\/\/agora.xtec.cat\/escoladebosc\/wp-json\/wp\/v2\/media?parent=234"}],"curies":[{"name":"wp","href":"https:\/\/api.w.org\/{rel}","templated":true}]}}