{"id":22,"date":"2014-09-18T12:19:57","date_gmt":"2014-09-18T12:19:57","guid":{"rendered":"http:\/\/agora.xtec.cat\/escoladebosc\/?page_id=22"},"modified":"2015-09-21T21:36:56","modified_gmt":"2015-09-21T20:36:56","slug":"lescola","status":"publish","type":"page","link":"https:\/\/agora.xtec.cat\/escoladebosc\/lescola\/","title":{"rendered":"L&#8217;escola"},"content":{"rendered":"<h5>L\u2019Escola de Bosc de Montju\u00efc est\u00e0 situada a l\u2019Avda. Miramar 7-11 de Barcelona, al costat de la Fundaci\u00f3 Mir\u00f3.<\/h5>\n<p>\u00c9s una escola petita, acollidora i familiar situada en un lloc privilegiat. Tenim una l\u00ednia d\u2019Educaci\u00f3 Infantil i d\u2019Educaci\u00f3 Prim\u00e0ria<\/p>\n<p>L\u2019Escola de Bosc de Montju\u00efc \u00e9s una escola p\u00fablica de titularitat municipal, integrada en el Consorci d\u2019Educaci\u00f3 de Barcelona, que imparteix ensenyaments de Segon Cicle d\u2019Educaci\u00f3 Infantil i Educaci\u00f3 Prim\u00e0ria.<\/p>\n\r\n\t<div class=\"slideshow_container slideshow_container_style-light\" style=\" \" data-slideshow-id=\"678\" data-style-name=\"style-light\" data-style-version=\"2.3.1\" >\r\n\r\n\t\t\t\t\t<div class=\"slideshow_loading_icon\"><\/div>\r\n\t\t\r\n\t\t<div class=\"slideshow_content\" style=\"display: none;\">\r\n\r\n\t\t\t<div class=\"slideshow_view\">\r\n\t\t\t\t<div class=\"slideshow_slide slideshow_slide_image\">\r\n\t\t\t\t\t<a href=\"http:\/\/agora.xtec.cat\/escoladebosc\/wp-content\/uploads\/usu454\/2015\/08\/pati.jpg\" target=\"_blank\" >\t\t\t\t\t\t<img src=\"https:\/\/agora.xtec.cat\/escoladebosc\/wp-content\/uploads\/usu454\/2015\/08\/pati.jpg\" alt=\"el pati\" width=\"2048\" height=\"1536\" \/>\r\n\t\t\t\t\t<\/a>\t\t\t\t\t<div class=\"slideshow_description_box slideshow_transparent\">\r\n\t\t\t\t\t\t<div class=\"slideshow_title\"><a href=\"http:\/\/agora.xtec.cat\/escoladebosc\/wp-content\/uploads\/usu454\/2015\/08\/pati.jpg\" target=\"_blank\" >el pati<\/a><\/div>\t\t\t\t\t\t\t\t\t\t\t<\/div>\r\n\t\t\t\t<\/div>\r\n\r\n\t\t\t\t\t\t\r\n\t\t\t\t<div class=\"slideshow_slide slideshow_slide_image\">\r\n\t\t\t\t\t<a href=\"ttp:\/\/agora.xtec.cat\/escoladebosc\/wp-content\/uploads\/usu454\/2015\/07\/centenari-007.jpg\" target=\"_blank\" >\t\t\t\t\t\t<img src=\"https:\/\/agora.xtec.cat\/escoladebosc\/wp-content\/uploads\/usu454\/2015\/07\/centenari-007.jpg\" alt=\"dibuixant estatua\" width=\"1600\" height=\"1200\" \/>\r\n\t\t\t\t\t<\/a>\t\t\t\t\t<div class=\"slideshow_description_box slideshow_transparent\">\r\n\t\t\t\t\t\t<div class=\"slideshow_title\"><a href=\"ttp:\/\/agora.xtec.cat\/escoladebosc\/wp-content\/uploads\/usu454\/2015\/07\/centenari-007.jpg\" target=\"_blank\" >dibuixant estatua<\/a><\/div>\t\t\t\t\t\t\t\t\t\t\t<\/div>\r\n\t\t\t\t<\/div>\r\n\r\n\t\t\t\t\t\t<div style=\"clear: both;\"><\/div><\/div><div class=\"slideshow_view\">\r\n\t\t\t\t<div class=\"slideshow_slide slideshow_slide_image\">\r\n\t\t\t\t\t<a href=\"http:\/\/agora.xtec.cat\/escoladebosc\/wp-content\/uploads\/usu454\/2015\/07\/IMG_5119.jpg\" target=\"_blank\" >\t\t\t\t\t\t<img src=\"https:\/\/agora.xtec.cat\/escoladebosc\/wp-content\/uploads\/usu454\/2015\/07\/IMG_5119.jpg\" alt=\"els gegants\" width=\"1600\" height=\"1200\" \/>\r\n\t\t\t\t\t<\/a>\t\t\t\t\t<div class=\"slideshow_description_box slideshow_transparent\">\r\n\t\t\t\t\t\t<div class=\"slideshow_title\"><a href=\"http:\/\/agora.xtec.cat\/escoladebosc\/wp-content\/uploads\/usu454\/2015\/07\/IMG_5119.jpg\" target=\"_blank\" >els gegants<\/a><\/div>\t\t\t\t\t\t\t\t\t\t\t<\/div>\r\n\t\t\t\t<\/div>\r\n\r\n\t\t\t\t\t\t\r\n\t\t\t\t<div class=\"slideshow_slide slideshow_slide_image\">\r\n\t\t\t\t\t<a href=\"http:\/\/agora.xtec.cat\/escoladebosc\/wp-content\/uploads\/usu454\/2015\/07\/IMG_5100.jpg\" target=\"_self\" >\t\t\t\t\t\t<img src=\"https:\/\/agora.xtec.cat\/escoladebosc\/wp-content\/uploads\/usu454\/2015\/07\/IMG_5100.jpg\" alt=\"escacs\" width=\"1600\" height=\"1200\" \/>\r\n\t\t\t\t\t<\/a>\t\t\t\t\t<div class=\"slideshow_description_box slideshow_transparent\">\r\n\t\t\t\t\t\t<div class=\"slideshow_title\"><a href=\"http:\/\/agora.xtec.cat\/escoladebosc\/wp-content\/uploads\/usu454\/2015\/07\/IMG_5100.jpg\" target=\"_self\" >escacs<\/a><\/div>\t\t\t\t\t\t\t\t\t\t\t<\/div>\r\n\t\t\t\t<\/div>\r\n\r\n\t\t\t\t\t\t<div style=\"clear: both;\"><\/div><\/div><div class=\"slideshow_view\">\r\n\t<div class=\"slideshow_slide slideshow_slide_text\" style=\"background-color: #1e73be;\">\r\n\t\t\t\t<div class=\"slideshow_title\" style=\"color: #ffffff;\">\r\n\t\t\t\t\t\t\tEscola de Bosc\t\t\t\t\t<\/div>\r\n\t\t\r\n\t\t\t\t<div class=\"slideshow_description\" style=\"color: #ffffff;\">\r\n\t\t\t\t\t\t\tUna Escola petita, d\u2019una l\u00ednia, acollidora i familiar.\t\t\t\t\t<\/div>\r\n\t\t\r\n\t\t<a  class=\"slideshow_background_anchor\"><\/a>\r\n\t<\/div>\r\n<div style=\"clear: both;\"><\/div><\/div>\r\n\t\t<\/div>\r\n\r\n\t\t<div class=\"slideshow_controlPanel slideshow_transparent\" style=\"display: none;\"><ul><li class=\"slideshow_togglePlay\" data-play-text=\"Visualitza\" data-pause-text=\"Pausa\"><\/li><\/ul><\/div>\r\n\r\n\t\t<div class=\"slideshow_button slideshow_previous slideshow_transparent\" role=\"button\" data-previous-text=\"Anterior\" style=\"display: none;\"><\/div>\r\n\t\t<div class=\"slideshow_button slideshow_next slideshow_transparent\" role=\"button\" data-next-text=\"Seg\u00fcent\" style=\"display: none;\"><\/div>\r\n\r\n\t\t<div class=\"slideshow_pagination\" style=\"display: none;\" data-go-to-text=\"V\u00e9s a la diapositiva\"><div class=\"slideshow_pagination_center\"><\/div><\/div>\r\n\r\n\t\t<!-- WordPress Slideshow Version 2.3.1 -->\r\n\r\n\t\t\t<\/div>\r\n\r\n\n<p>La nostra ubicaci\u00f3 ens permet mantenir un contacte directe amb la natura, que treballem des de diferents \u00e0mbits. El nostre Projecte Educatiu t\u00e9 com a finalitat la formaci\u00f3 integral dels nens i de les nenes, de 3 a 12 anys, en el seu creixement global, tant intel\u00b7lectual com personal. <\/p>\n<p>Treballem per a que , quan acabin l&#8217;etapa de Prim\u00e0ria a l&#8217;Escola, hagin assolit l\u2019autonomia pr\u00f2pia de la seva edat, disposin de recursos per aprendre, i tinguin un comportament d\u2019acord amb valors \u00e8tics i socials.<\/p>\n<p>Els objectius que ens proposem tenen la finalitat de:<\/p>\n<ul>\n<li>Aprendre a ser<\/li>\n<li>Aprendre a fer<\/li>\n<li>Aprendre a con\u00e8ixer<\/li>\n<li>Aprendre a conviure<\/li>\n<\/ul>\n<p>Creiem que tot l\u2019alumnat ha de tenir dret a rebre un ensenyament de qualitat, que garanteixi el ple desenvolupament de les seves habilitats i capacitats a partir del seu esfor\u00e7 i treball, en un proc\u00e9s d\u2019aprenentatge dirigit pel personal docent. Acompanyant als drets hi ha el deure de respectar i col\u2022laborar amb tots els altres membres de la comunitat educativa, independentment del seu origen, creences, ritmes de desenvolupament, habilitats i capacitats.<\/p>\n","protected":false},"excerpt":{"rendered":"<p>L\u2019Escola de Bosc de Montju\u00efc est\u00e0 situada a l\u2019Avda. Miramar 7-11 de Barcelona, al costat de la Fundaci\u00f3 Mir\u00f3.<br \/>\n\u00c9s una escola petita, acollidora i familiar situada en un lloc privilegiat. Tenim una l\u00ednia d\u2019Educaci\u00f3 Infantil i d\u2019Educaci\u00f3 Prim\u00e0ria<br \/>\nL\u2019Escola de Bosc de Montju\u00efc \u00e9s una escola&hellip;  <a href=\"https:\/\/agora.xtec.cat\/escoladebosc\/lescola\/\" title=\"Read L&#8217;escola\">Llegeix m\u00e9s\u00bb<\/a><\/p>\n","protected":false},"author":2,"featured_media":0,"parent":0,"menu_order":0,"comment_status":"closed","ping_status":"closed","template":"page-templates\/side-menu.php","meta":{"_bbp_topic_count":0,"_bbp_reply_count":0,"_bbp_total_topic_count":0,"_bbp_total_reply_count":0,"_bbp_voice_count":0,"_bbp_anonymous_reply_count":0,"_bbp_topic_count_hidden":0,"_bbp_reply_count_hidden":0,"_bbp_forum_subforum_count":0,"footnotes":""},"class_list":["post-22","page","type-page","status-publish","hentry"],"post_mailing_queue_ids":[],"_links":{"self":[{"href":"https:\/\/agora.xtec.cat\/escoladebosc\/wp-json\/wp\/v2\/pages\/22","targetHints":{"allow":["GET"]}}],"collection":[{"href":"https:\/\/agora.xtec.cat\/escoladebosc\/wp-json\/wp\/v2\/pages"}],"about":[{"href":"https:\/\/agora.xtec.cat\/escoladebosc\/wp-json\/wp\/v2\/types\/page"}],"author":[{"embeddable":true,"href":"https:\/\/agora.xtec.cat\/escoladebosc\/wp-json\/wp\/v2\/users\/2"}],"replies":[{"embeddable":true,"href":"https:\/\/agora.xtec.cat\/escoladebosc\/wp-json\/wp\/v2\/comments?post=22"}],"version-history":[{"count":4,"href":"https:\/\/agora.xtec.cat\/escoladebosc\/wp-json\/wp\/v2\/pages\/22\/revisions"}],"predecessor-version":[{"id":782,"href":"https:\/\/agora.xtec.cat\/escoladebosc\/wp-json\/wp\/v2\/pages\/22\/revisions\/782"}],"wp:attachment":[{"href":"https:\/\/agora.xtec.cat\/escoladebosc\/wp-json\/wp\/v2\/media?parent=22"}],"curies":[{"name":"wp","href":"https:\/\/api.w.org\/{rel}","templated":true}]}}