{"id":16322,"date":"2022-04-21T12:35:24","date_gmt":"2022-04-21T10:35:24","guid":{"rendered":"https:\/\/agora.xtec.cat\/escoladebosc\/?page_id=16322"},"modified":"2025-02-03T14:54:55","modified_gmt":"2025-02-03T13:54:55","slug":"gestio-economica","status":"publish","type":"page","link":"https:\/\/agora.xtec.cat\/escoladebosc\/curs\/gestio-economica\/","title":{"rendered":"Gesti\u00f3 Econ\u00f2mica"},"content":{"rendered":"<p>En sessi\u00f3 de Consell Escolar es van aprovar els seg\u00fcents documents que detallen la gesti\u00f3 econ\u00f2mica del centre:<\/p>\n<p><a href=\"https:\/\/agora.xtec.cat\/escoladebosc\/wp-content\/uploads\/usu454\/2025\/02\/Liquidacio-del-pressupost-2024.pdf\" target=\"_blank\" rel=\"noopener\">Liquidaci\u00f3 del pressupost de l&#8217;any 2024.<\/a><\/p>\n<p><a href=\"https:\/\/agora.xtec.cat\/escoladebosc\/wp-content\/uploads\/usu454\/2025\/02\/Dades-del-pressupost-2025.pdf\" target=\"_blank\" rel=\"noopener\">Dades del pressupost de l&#8217;any 2025.<\/a><\/p>\n","protected":false},"excerpt":{"rendered":"<p>En sessi\u00f3 de Consell Escolar es van aprovar els seg\u00fcents documents que detallen la gesti\u00f3 econ\u00f2mica del centre:<br \/>\n<a href=\"https:\/\/agora.xtec.cat\/escoladebosc\/wp-content\/uploads\/usu454\/2025\/02\/Liquidacio-del-pressupost-2024.pdf\" target=\"_blank\" rel=\"noopener\">Liquidaci\u00f3 del pressupost de l&#8217;any 2024.<\/a><br \/>\n<a href=\"https:\/\/agora.xtec.cat\/escoladebosc\/wp-content\/uploads\/usu454\/2025\/02\/Dades-del-pressupost-2025.pdf\" target=\"_blank\" rel=\"noopener\">Dades del pressupost de l&#8217;any 2025.<\/a><\/p>\n","protected":false},"author":1,"featured_media":0,"parent":234,"menu_order":9,"comment_status":"closed","ping_status":"closed","template":"page-templates\/side-menu.php","meta":{"_bbp_topic_count":0,"_bbp_reply_count":0,"_bbp_total_topic_count":0,"_bbp_total_reply_count":0,"_bbp_voice_count":0,"_bbp_anonymous_reply_count":0,"_bbp_topic_count_hidden":0,"_bbp_reply_count_hidden":0,"_bbp_forum_subforum_count":0,"footnotes":""},"class_list":["post-16322","page","type-page","status-publish","hentry"],"post_mailing_queue_ids":[],"_links":{"self":[{"href":"https:\/\/agora.xtec.cat\/escoladebosc\/wp-json\/wp\/v2\/pages\/16322","targetHints":{"allow":["GET"]}}],"collection":[{"href":"https:\/\/agora.xtec.cat\/escoladebosc\/wp-json\/wp\/v2\/pages"}],"about":[{"href":"https:\/\/agora.xtec.cat\/escoladebosc\/wp-json\/wp\/v2\/types\/page"}],"author":[{"embeddable":true,"href":"https:\/\/agora.xtec.cat\/escoladebosc\/wp-json\/wp\/v2\/users\/1"}],"replies":[{"embeddable":true,"href":"https:\/\/agora.xtec.cat\/escoladebosc\/wp-json\/wp\/v2\/comments?post=16322"}],"version-history":[{"count":6,"href":"https:\/\/agora.xtec.cat\/escoladebosc\/wp-json\/wp\/v2\/pages\/16322\/revisions"}],"predecessor-version":[{"id":21116,"href":"https:\/\/agora.xtec.cat\/escoladebosc\/wp-json\/wp\/v2\/pages\/16322\/revisions\/21116"}],"up":[{"embeddable":true,"href":"https:\/\/agora.xtec.cat\/escoladebosc\/wp-json\/wp\/v2\/pages\/234"}],"wp:attachment":[{"href":"https:\/\/agora.xtec.cat\/escoladebosc\/wp-json\/wp\/v2\/media?parent=16322"}],"curies":[{"name":"wp","href":"https:\/\/api.w.org\/{rel}","templated":true}]}}