{"id":64,"date":"2014-09-18T12:39:08","date_gmt":"2014-09-18T11:39:08","guid":{"rendered":"http:\/\/agora.xtec.cat\/escolacreudelbatlle\/?page_id=64"},"modified":"2026-01-21T15:19:59","modified_gmt":"2026-01-21T14:19:59","slug":"projecte-educatiu","status":"publish","type":"page","link":"https:\/\/agora.xtec.cat\/escolacreudelbatlle\/lescola\/projecte-educatiu\/","title":{"rendered":"Documents marc ZER"},"content":{"rendered":"<p>Carta de Comprom\u00eds Educatiu<\/p>\n<p>NOF<\/p>\n<p>Pla d\u2019Acci\u00f3 Tutorial<\/p>\n<p>Pla d\u2019Acollida<\/p>\n<p><a href=\"https:\/\/agora.xtec.cat\/zer-horta-lleida\/docs\/pla-dacollida\/\">Pla d\u2019Atenci\u00f3 a la Diversitat<\/a><\/p>\n<p>Pla d\u2019Avaluaci\u00f3<\/p>\n<p>Pla de Conviv\u00e8ncia<\/p>\n<p>Pla de Treball Pr\u00e0ctiques<\/p>\n<p>Pla Lector<\/p>\n<p>PEC<\/p>\n<p><a href=\"https:\/\/agora.xtec.cat\/zer-horta-lleida\/zer\/documents\/projecte-linguistic\/\">Projecte Ling\u00fc\u00edstic<\/a><\/p>\n<p>Trobareu la documentaci\u00f3 dels diferents projectes de la ZER al seg\u00fcent enlla\u00e7<a href=\"https:\/\/agora.xtec.cat\/zer-horta-lleida\/docs\/\"><span style=\"font-family: inherit; font-size: 1em;\">\u00a0\u00a0<\/span>ZER HORTA DE LLEIDA<\/a><span style=\"font-family: inherit; font-size: 1em;\">\u00a0.<\/span><\/p>\n<p>&nbsp;<\/p>\n","protected":false},"excerpt":{"rendered":"<p>Carta de Comprom\u00eds Educatiu NOF Pla d\u2019Acci\u00f3 Tutorial Pla d\u2019Acollida Pla d\u2019Atenci\u00f3 a la Diversitat Pla d\u2019Avaluaci\u00f3 Pla de Conviv\u00e8ncia Pla de Treball Pr\u00e0ctiques Pla Lector PEC Projecte Ling\u00fc\u00edstic Trobareu la documentaci\u00f3 dels diferents projectes de la ZER al seg\u00fcent enlla\u00e7\u00a0\u00a0ZER HORTA DE LLEIDA\u00a0. &nbsp;<\/p>\n","protected":false},"author":1,"featured_media":0,"parent":22,"menu_order":17,"comment_status":"closed","ping_status":"closed","template":"","meta":{"_bbp_topic_count":0,"_bbp_reply_count":0,"_bbp_total_topic_count":0,"_bbp_total_reply_count":0,"_bbp_voice_count":0,"_bbp_anonymous_reply_count":0,"_bbp_topic_count_hidden":0,"_bbp_reply_count_hidden":0,"_bbp_forum_subforum_count":0,"site-sidebar-layout":"left-sidebar","site-content-layout":"","ast-site-content-layout":"normal-width-container","site-content-style":"boxed","site-sidebar-style":"boxed","ast-global-header-display":"","ast-banner-title-visibility":"","ast-main-header-display":"","ast-hfb-above-header-display":"","ast-hfb-below-header-display":"","ast-hfb-mobile-header-display":"","site-post-title":"","ast-breadcrumbs-content":"","ast-featured-img":"","footer-sml-layout":"","theme-transparent-header-meta":"default","adv-header-id-meta":"","stick-header-meta":"","header-above-stick-meta":"","header-main-stick-meta":"","header-below-stick-meta":"","astra-migrate-meta-layouts":"set","ast-page-background-enabled":"default","ast-page-background-meta":{"desktop":{"background-color":"var(--ast-global-color-4)","background-image":"","background-repeat":"repeat","background-position":"center center","background-size":"auto","background-attachment":"scroll","background-type":"","background-media":"","overlay-type":"","overlay-color":"","overlay-opacity":"","overlay-gradient":""},"tablet":{"background-color":"","background-image":"","background-repeat":"repeat","background-position":"center center","background-size":"auto","background-attachment":"scroll","background-type":"","background-media":"","overlay-type":"","overlay-color":"","overlay-opacity":"","overlay-gradient":""},"mobile":{"background-color":"","background-image":"","background-repeat":"repeat","background-position":"center center","background-size":"auto","background-attachment":"scroll","background-type":"","background-media":"","overlay-type":"","overlay-color":"","overlay-opacity":"","overlay-gradient":""}},"ast-content-background-meta":{"desktop":{"background-color":"var(--ast-global-color-5)","background-image":"","background-repeat":"repeat","background-position":"center center","background-size":"auto","background-attachment":"scroll","background-type":"","background-media":"","overlay-type":"","overlay-color":"","overlay-opacity":"","overlay-gradient":""},"tablet":{"background-color":"var(--ast-global-color-5)","background-image":"","background-repeat":"repeat","background-position":"center center","background-size":"auto","background-attachment":"scroll","background-type":"","background-media":"","overlay-type":"","overlay-color":"","overlay-opacity":"","overlay-gradient":""},"mobile":{"background-color":"var(--ast-global-color-5)","background-image":"","background-repeat":"repeat","background-position":"center center","background-size":"auto","background-attachment":"scroll","background-type":"","background-media":"","overlay-type":"","overlay-color":"","overlay-opacity":"","overlay-gradient":""}},"footnotes":""},"class_list":["post-64","page","type-page","status-publish","hentry"],"post_mailing_queue_ids":[],"_links":{"self":[{"href":"https:\/\/agora.xtec.cat\/escolacreudelbatlle\/wp-json\/wp\/v2\/pages\/64","targetHints":{"allow":["GET"]}}],"collection":[{"href":"https:\/\/agora.xtec.cat\/escolacreudelbatlle\/wp-json\/wp\/v2\/pages"}],"about":[{"href":"https:\/\/agora.xtec.cat\/escolacreudelbatlle\/wp-json\/wp\/v2\/types\/page"}],"author":[{"embeddable":true,"href":"https:\/\/agora.xtec.cat\/escolacreudelbatlle\/wp-json\/wp\/v2\/users\/1"}],"replies":[{"embeddable":true,"href":"https:\/\/agora.xtec.cat\/escolacreudelbatlle\/wp-json\/wp\/v2\/comments?post=64"}],"version-history":[{"count":5,"href":"https:\/\/agora.xtec.cat\/escolacreudelbatlle\/wp-json\/wp\/v2\/pages\/64\/revisions"}],"predecessor-version":[{"id":3287,"href":"https:\/\/agora.xtec.cat\/escolacreudelbatlle\/wp-json\/wp\/v2\/pages\/64\/revisions\/3287"}],"up":[{"embeddable":true,"href":"https:\/\/agora.xtec.cat\/escolacreudelbatlle\/wp-json\/wp\/v2\/pages\/22"}],"wp:attachment":[{"href":"https:\/\/agora.xtec.cat\/escolacreudelbatlle\/wp-json\/wp\/v2\/media?parent=64"}],"curies":[{"name":"wp","href":"https:\/\/api.w.org\/{rel}","templated":true}]}}