{"id":3106,"date":"2025-11-07T10:39:53","date_gmt":"2025-11-07T09:39:53","guid":{"rendered":"https:\/\/agora.xtec.cat\/escolacreudelbatlle\/?page_id=3106"},"modified":"2026-03-16T12:45:10","modified_gmt":"2026-03-16T11:45:10","slug":"robots-en-accio","status":"publish","type":"page","link":"https:\/\/agora.xtec.cat\/escolacreudelbatlle\/robots-en-accio\/","title":{"rendered":"ROBOTS EN ACCI\u00d3!"},"content":{"rendered":"<p><em><a href=\"https:\/\/projectes.xtec.cat\/pensament-computacional\/proposta-pagina-inici-pc-curs-25-26\/pagina-principal-robotica-25-26\/rea-curs-25-26\/robots-en-accio\/\" data-type=\"link\" data-id=\"https:\/\/projectes.xtec.cat\/pensament-computacional\/proposta-pagina-inici-pc-curs-25-26\/pagina-principal-robotica-25-26\/rea-curs-25-26\/robots-en-accio\/\">Robots en acci\u00f3!<\/a><\/em> \u00e9s un projecte impulsat per l\u2019\u00c0rea de Cultura Digital que t\u00e9 com a finalitat afavorir el desenvolupament de la compet\u00e8ncia digital de l\u2019alumnat, amb especial atenci\u00f3 al pensament computacional, tot promovent l\u2019\u00fas dels equipaments de rob\u00f2tica disponibles als centres educatius.<\/p>\r\n<p>L\u2019aventura t\u00e9 lloc al planeta Xeldon, situat a la llunyana gal\u00e0xia X-32, l\u2019any 2030. La cient\u00edfica Gina Snipett, despr\u00e9s d\u2019haver fet un descobriment revolucionari, ha estat segrestada pels xeldonians, que volen aprofitar els seus extraordinaris coneixements per dominar la gal\u00e0xia. Per arribar fins al lloc on retenen la Dra. Snipett i poder alliberar-la, caldr\u00e0 superar diversos reptes amb l\u2019ajuda del vostre robot.<\/p>\r\n\r\n<p>Els\/les nostres alumnes d&#8217;educaci\u00f3 infantil i cicle inicial, hauran de superar sis reptes:<\/p>\r\n\r\n\r\n\r\n<p><a href=\"https:\/\/agora.xtec.cat\/escolacreudelbatlle\/?p=3112&amp;preview=true\"><strong>Missi\u00f3 1: Portar el robot fins a la nau<\/strong><\/a> (A partir del 16\/10\/2025)<\/p>\r\n\r\n\r\n\r\n<p><a href=\"https:\/\/agora.xtec.cat\/escolacreudelbatlle\/general\/robots-en-accio-repte-2\/\"><strong>Missi\u00f3 2:<\/strong>\u00a0\u00a0<strong>Arribada al planeta Xeldon<\/strong><\/a> (A partir del 27\/11\/2025)<\/p>\r\n\r\n\r\n\r\n<p><a href=\"https:\/\/agora.xtec.cat\/escolacreudelbatlle\/general\/robots-en-accio-repte-3\/?preview_id=3378&amp;preview_nonce=d86c52b01e&amp;_thumbnail_id=3381&amp;preview=true\"><strong>Missi\u00f3 3: El laberint<\/strong><\/a> ( A partir del 22\/01\/2026)<\/p>\r\n\r\n\r\n\r\n<p><strong>Missi\u00f3 4:\u00a0El projecte de la Dra. Gina Snippet<\/strong> (A partir del 26\/02\/2026)<\/p>\r\n\r\n\r\n\r\n<p><strong>Missi\u00f3 5: La festa\u00a0de Xeldon<\/strong> ( A partir del 9\/04\/2026)<\/p>\r\n\r\n\r\n\r\n<p><strong>Missi\u00f3 6: El missatge intergal\u00e0ctic<\/strong> (A partir del 14\/05\/2026) Ho aconseguiran?<\/p>\r\n","protected":false},"excerpt":{"rendered":"<p>Robots en acci\u00f3! \u00e9s un projecte impulsat per l\u2019\u00c0rea de Cultura Digital que t\u00e9 com a finalitat afavorir el desenvolupament de la compet\u00e8ncia digital de l\u2019alumnat, amb especial atenci\u00f3 al pensament computacional, tot promovent l\u2019\u00fas dels equipaments de rob\u00f2tica disponibles als centres educatius. L\u2019aventura t\u00e9 lloc al planeta Xeldon, situat a la llunyana gal\u00e0xia X-32, [&hellip;]<\/p>\n","protected":false},"author":1,"featured_media":0,"parent":0,"menu_order":0,"comment_status":"closed","ping_status":"closed","template":"","meta":{"_bbp_topic_count":0,"_bbp_reply_count":0,"_bbp_total_topic_count":0,"_bbp_total_reply_count":0,"_bbp_voice_count":0,"_bbp_anonymous_reply_count":0,"_bbp_topic_count_hidden":0,"_bbp_reply_count_hidden":0,"_bbp_forum_subforum_count":0,"site-sidebar-layout":"left-sidebar","site-content-layout":"","ast-site-content-layout":"normal-width-container","site-content-style":"boxed","site-sidebar-style":"boxed","ast-global-header-display":"","ast-banner-title-visibility":"","ast-main-header-display":"","ast-hfb-above-header-display":"","ast-hfb-below-header-display":"","ast-hfb-mobile-header-display":"","site-post-title":"","ast-breadcrumbs-content":"","ast-featured-img":"","footer-sml-layout":"","theme-transparent-header-meta":"default","adv-header-id-meta":"","stick-header-meta":"","header-above-stick-meta":"","header-main-stick-meta":"","header-below-stick-meta":"","astra-migrate-meta-layouts":"set","ast-page-background-enabled":"default","ast-page-background-meta":{"desktop":{"background-color":"var(--ast-global-color-4)","background-image":"","background-repeat":"repeat","background-position":"center center","background-size":"auto","background-attachment":"scroll","background-type":"","background-media":"","overlay-type":"","overlay-color":"","overlay-opacity":"","overlay-gradient":""},"tablet":{"background-color":"","background-image":"","background-repeat":"repeat","background-position":"center center","background-size":"auto","background-attachment":"scroll","background-type":"","background-media":"","overlay-type":"","overlay-color":"","overlay-opacity":"","overlay-gradient":""},"mobile":{"background-color":"","background-image":"","background-repeat":"repeat","background-position":"center center","background-size":"auto","background-attachment":"scroll","background-type":"","background-media":"","overlay-type":"","overlay-color":"","overlay-opacity":"","overlay-gradient":""}},"ast-content-background-meta":{"desktop":{"background-color":"var(--ast-global-color-5)","background-image":"","background-repeat":"repeat","background-position":"center center","background-size":"auto","background-attachment":"scroll","background-type":"","background-media":"","overlay-type":"","overlay-color":"","overlay-opacity":"","overlay-gradient":""},"tablet":{"background-color":"var(--ast-global-color-5)","background-image":"","background-repeat":"repeat","background-position":"center center","background-size":"auto","background-attachment":"scroll","background-type":"","background-media":"","overlay-type":"","overlay-color":"","overlay-opacity":"","overlay-gradient":""},"mobile":{"background-color":"var(--ast-global-color-5)","background-image":"","background-repeat":"repeat","background-position":"center center","background-size":"auto","background-attachment":"scroll","background-type":"","background-media":"","overlay-type":"","overlay-color":"","overlay-opacity":"","overlay-gradient":""}},"footnotes":""},"class_list":["post-3106","page","type-page","status-publish","hentry"],"post_mailing_queue_ids":[],"_links":{"self":[{"href":"https:\/\/agora.xtec.cat\/escolacreudelbatlle\/wp-json\/wp\/v2\/pages\/3106","targetHints":{"allow":["GET"]}}],"collection":[{"href":"https:\/\/agora.xtec.cat\/escolacreudelbatlle\/wp-json\/wp\/v2\/pages"}],"about":[{"href":"https:\/\/agora.xtec.cat\/escolacreudelbatlle\/wp-json\/wp\/v2\/types\/page"}],"author":[{"embeddable":true,"href":"https:\/\/agora.xtec.cat\/escolacreudelbatlle\/wp-json\/wp\/v2\/users\/1"}],"replies":[{"embeddable":true,"href":"https:\/\/agora.xtec.cat\/escolacreudelbatlle\/wp-json\/wp\/v2\/comments?post=3106"}],"version-history":[{"count":6,"href":"https:\/\/agora.xtec.cat\/escolacreudelbatlle\/wp-json\/wp\/v2\/pages\/3106\/revisions"}],"predecessor-version":[{"id":3384,"href":"https:\/\/agora.xtec.cat\/escolacreudelbatlle\/wp-json\/wp\/v2\/pages\/3106\/revisions\/3384"}],"wp:attachment":[{"href":"https:\/\/agora.xtec.cat\/escolacreudelbatlle\/wp-json\/wp\/v2\/media?parent=3106"}],"curies":[{"name":"wp","href":"https:\/\/api.w.org\/{rel}","templated":true}]}}