{"id":84,"date":"2014-09-18T14:11:31","date_gmt":"2014-09-18T13:11:31","guid":{"rendered":"http:\/\/agora.xtec.cat\/ceipconcordia\/?page_id=84"},"modified":"2021-01-07T13:38:08","modified_gmt":"2021-01-07T12:38:08","slug":"activitats-extraescolars","status":"publish","type":"page","link":"https:\/\/agora.xtec.cat\/escolaconcordia\/serveis\/activitats-extraescolars\/","title":{"rendered":"Activitats extraescolars"},"content":{"rendered":"<p>L&#8217;AMPA ofereix activitats extraescolars per als nens i nenes de l&#8217;escola i per a les fam\u00edlies.<\/p>\n<p>La informaci\u00f3 m\u00e9s detallada, la podeu trobar al web de l&#8217;AMPA que trobareu a continuaci\u00f3 clicant a sobre de la imatge.<\/p>\n<p>&nbsp;<\/p>\n<p><a href=\"http:\/\/www.ampaconcordia.org\/web\/index.php\"><img loading=\"lazy\" decoding=\"async\" class=\"wp-image-935 aligncenter\" src=\"https:\/\/agora.xtec.cat\/escolaconcordia\/wp-content\/uploads\/usu2135\/2020\/11\/logo_ampaconcordia.jpg\" sizes=\"auto, (max-width: 499px) 100vw, 499px\" srcset=\"https:\/\/agora.xtec.cat\/escolaconcordia\/wp-content\/uploads\/usu2135\/2020\/11\/logo_ampaconcordia.jpg 499w, https:\/\/agora.xtec.cat\/escolaconcordia\/wp-content\/uploads\/usu2135\/2020\/11\/logo_ampaconcordia-300x135.jpg 300w\" alt=\"\" width=\"252\" height=\"113\" \/><\/a><\/p>\n<p style=\"text-align: justify;\">A banda, us adjuntem la normativa referent a les activitats extraescolars i casals. L&#8217;aplicaci\u00f3 d&#8217;aquesta normativa afecta a tots els alumnes, monitors i pares d&#8217;alumnes que participin en les anomenades activitats.<\/p>\n<p style=\"text-align: justify;\">S\u2019haur\u00e0 de vigilar i avaluar les normes inherents al present document, sempre amb un esperit de comprensi\u00f3 i de recerca de solucions. El seu \u00e0mbit d&#8217;aplicaci\u00f3 ser\u00e0 en hores d&#8217;activitats extraescolars realitzades dins o fora del recinte escolar i els dies de casal, aix\u00ed com les activitats extraescolars excepcionals que es portin a terme a llarg del curs.<\/p>\n<p style=\"text-align: justify;\">Cal entendre aquesta normativa com una eina que ha de servir per regular tots els \u00e0mbits de les activitats extraescolars i casals, aix\u00ed com garantir el bon funcionament i la\u00a0conviv\u00e8ncia entre alumnes, monitors, pares, mares, AMPA i empreses organitzadores de les activitats.<\/p>\n<p>&nbsp;<\/p>\n<p><a href=\"https:\/\/agora.xtec.cat\/ceipconcordia\/wp-content\/uploads\/usu2135\/2020\/05\/NORMATIVA-ACTIVITATS-EXTRAESCOLARS-2015-16.pdf\">DESCARREGAR NORMATIVA<\/a><\/p>\n<p>&nbsp;<\/p>\n<p>&nbsp;<\/p>\n<p>&nbsp;<\/p>\n","protected":false},"excerpt":{"rendered":"<p>L&#8217;AMPA ofereix activitats extraescolars per als nens i nenes de l&#8217;escola i per a les fam\u00edlies.<br \/>\nLa informaci\u00f3 m\u00e9s detallada, la podeu trobar al web de l&#8217;AMPA que trobareu a continuaci\u00f3 clicant a sobre de la imatge.<br \/>\n&nbsp;<br \/>\n<a href=\"http:\/\/www.ampaconcordia.org\/web\/index.php\"><\/a><br \/>\nA banda, us adjuntem la normativa referent a les&hellip;  <a href=\"https:\/\/agora.xtec.cat\/escolaconcordia\/serveis\/activitats-extraescolars\/\" title=\"Read Activitats extraescolars\">Llegeix m\u00e9s\u00bb<\/a><\/p>\n","protected":false},"author":1,"featured_media":0,"parent":66,"menu_order":10,"comment_status":"closed","ping_status":"closed","template":"page-templates\/side-menu.php","meta":{"_bbp_topic_count":0,"_bbp_reply_count":0,"_bbp_total_topic_count":0,"_bbp_total_reply_count":0,"_bbp_voice_count":0,"_bbp_anonymous_reply_count":0,"_bbp_topic_count_hidden":0,"_bbp_reply_count_hidden":0,"_bbp_forum_subforum_count":0,"footnotes":""},"class_list":["post-84","page","type-page","status-publish","hentry"],"post_mailing_queue_ids":[],"_links":{"self":[{"href":"https:\/\/agora.xtec.cat\/escolaconcordia\/wp-json\/wp\/v2\/pages\/84","targetHints":{"allow":["GET"]}}],"collection":[{"href":"https:\/\/agora.xtec.cat\/escolaconcordia\/wp-json\/wp\/v2\/pages"}],"about":[{"href":"https:\/\/agora.xtec.cat\/escolaconcordia\/wp-json\/wp\/v2\/types\/page"}],"author":[{"embeddable":true,"href":"https:\/\/agora.xtec.cat\/escolaconcordia\/wp-json\/wp\/v2\/users\/1"}],"replies":[{"embeddable":true,"href":"https:\/\/agora.xtec.cat\/escolaconcordia\/wp-json\/wp\/v2\/comments?post=84"}],"version-history":[{"count":4,"href":"https:\/\/agora.xtec.cat\/escolaconcordia\/wp-json\/wp\/v2\/pages\/84\/revisions"}],"predecessor-version":[{"id":1291,"href":"https:\/\/agora.xtec.cat\/escolaconcordia\/wp-json\/wp\/v2\/pages\/84\/revisions\/1291"}],"up":[{"embeddable":true,"href":"https:\/\/agora.xtec.cat\/escolaconcordia\/wp-json\/wp\/v2\/pages\/66"}],"wp:attachment":[{"href":"https:\/\/agora.xtec.cat\/escolaconcordia\/wp-json\/wp\/v2\/media?parent=84"}],"curies":[{"name":"wp","href":"https:\/\/api.w.org\/{rel}","templated":true}]}}