{"id":747,"date":"2020-04-17T19:45:40","date_gmt":"2020-04-17T17:45:40","guid":{"rendered":"https:\/\/agora.xtec.cat\/ceipconcordia\/?page_id=747"},"modified":"2021-06-15T23:05:41","modified_gmt":"2021-06-15T21:05:41","slug":"6e","status":"publish","type":"page","link":"https:\/\/agora.xtec.cat\/escolaconcordia\/cursos\/6e\/","title":{"rendered":"6\u00e8A"},"content":{"rendered":"<h2><span style=\"color: #99cc00;\"><strong>FEM D&#8217;ARTISTES<\/strong><\/span><\/h2>\n<p>A la nostra escola cada curs\u00a0 &#8220;fem d&#8217;artistes&#8221;.\u00a0 Voleu entrar i veure el Museu Conc\u00f2rdia? Podeu clicar a sobre de la imatge i gaudir de la visita.<\/p>\n<p><a href=\"https:\/\/drive.google.com\/file\/d\/1yaaR357Itej2vt-TFVuqYJ2uvLWaL6Br\/view?usp=sharing\" target=\"_blank\" rel=\"noopener noreferrer\"><img loading=\"lazy\" decoding=\"async\" class=\"aligncenter size-large wp-image-2474\" src=\"https:\/\/agora.xtec.cat\/escolaconcordia\/wp-content\/uploads\/usu2135\/2021\/06\/6AB-1024x614.jpg\" alt=\"\" width=\"1024\" height=\"614\" srcset=\"https:\/\/agora.xtec.cat\/escolaconcordia\/wp-content\/uploads\/usu2135\/2021\/06\/6AB.jpg 1024w, https:\/\/agora.xtec.cat\/escolaconcordia\/wp-content\/uploads\/usu2135\/2021\/06\/6AB-300x180.jpg 300w, https:\/\/agora.xtec.cat\/escolaconcordia\/wp-content\/uploads\/usu2135\/2021\/06\/6AB-768x461.jpg 768w\" sizes=\"auto, (max-width: 1024px) 100vw, 1024px\" \/><\/a><\/p>\n<h2><span style=\"color: #99cc00;\"><strong>DIA INTERNACIONAL DE LES DONES<\/strong><\/span><\/h2>\n<p>El\u00a08 de mar\u00e7\u00a0\u00e9s el\u00a0Dia Internacional de les Dones\u00a0o el Dia de la Dona Treballadora.<\/p>\n<p>\u00c9s un dia en volem sensibilitzar sobre les desigualtats de g\u00e8nere a la nostra societat i les actituds masclistes. Des de l\u2019escola volem d\u2019educar els infants en la coeducaci\u00f3 i la igualtat d\u2019oportunitats entre dones i homes, i durant tot l\u2019any, enfoquem les nostres activitats educatives amb aquesta perspectiva.<\/p>\n<p>Treballem per\u00a0no perpetuar els estereotips i els costums sexistes de la nostra societat, de manera que les nenes i els nens se sentin respectats i en igualtat d\u2019oportunitats.<\/p>\n<p>Des de l\u2019aula de 6\u00e8 hem fet uns petits v\u00eddeos per conscienciar sobre la igualtat de g\u00e8neres a partir del moviment #NoMoreMatildas amb el que es pret\u00e9n conscienciar sobre la falta de referents femenins a la ci\u00e8ncia.<\/p>\n<p><a href=\"https:\/\/photos.app.goo.gl\/pjntAyCpr6PREqwp6\" target=\"_blank\" rel=\"noopener noreferrer\">Esperem que us agradin!!<\/a><\/p>\n<h2><span style=\"color: #99cc00;\">CARNESTOLTES<\/span><\/h2>\n<p>A l\u2019escola hem celebrat el dia de Carnestoltes, aquest curs ha estat molt diferent d\u2019altres cursos, per\u00f2 se\u2019ns dubte ha estat genial.\u00a0 Ens ho hem passat d\u2019all\u00f2 m\u00e9s b\u00e9 i hem apr\u00e8s que per passar-ho b\u00e9 nom\u00e9s cal voler passar-ho b\u00e9 !!<\/p>\n<p><a href=\"https:\/\/photos.app.goo.gl\/Yh6FP3RHVLJcftJx8\" target=\"_blank\" rel=\"noopener noreferrer\"><img loading=\"lazy\" decoding=\"async\" class=\"aligncenter size-large wp-image-1840\" src=\"https:\/\/agora.xtec.cat\/escolaconcordia\/wp-content\/uploads\/usu2135\/2021\/02\/IMG_20210212_103947-1024x768.jpg\" alt=\"\" width=\"1024\" height=\"768\" srcset=\"https:\/\/agora.xtec.cat\/escolaconcordia\/wp-content\/uploads\/usu2135\/2021\/02\/IMG_20210212_103947-1024x768.jpg 1024w, https:\/\/agora.xtec.cat\/escolaconcordia\/wp-content\/uploads\/usu2135\/2021\/02\/IMG_20210212_103947-300x225.jpg 300w, https:\/\/agora.xtec.cat\/escolaconcordia\/wp-content\/uploads\/usu2135\/2021\/02\/IMG_20210212_103947-768x576.jpg 768w, https:\/\/agora.xtec.cat\/escolaconcordia\/wp-content\/uploads\/usu2135\/2021\/02\/IMG_20210212_103947-200x150.jpg 200w\" sizes=\"auto, (max-width: 1024px) 100vw, 1024px\" \/><\/a><\/p>\n<h2><span style=\"color: #99cc00;\">PREPAREM L&#8217;ARRIBADA DEL REI CARNESTOLTES<\/span><\/h2>\n<p>Aquests dies a l\u2019escola estem preparant l\u2019arribada del rei Carnestoltes.\u00a0 Pels nens i nenes de 6\u00e8 \u00e9s un moment molt especial ja que som els encarregats de donar-li la benvinguda, preparar el preg\u00f3, les m\u00e0scares&#8230; Estem molt emocionats perqu\u00e8 aquest curs estrenem rei Carnestoltes!!<\/p>\n<p><a href=\"https:\/\/photos.app.goo.gl\/1uGbP8fENU9ywN5PA\" target=\"_blank\" rel=\"noopener noreferrer\"><img loading=\"lazy\" decoding=\"async\" class=\"aligncenter size-large wp-image-1841\" src=\"https:\/\/agora.xtec.cat\/escolaconcordia\/wp-content\/uploads\/usu2135\/2021\/02\/IMG_20210211_121852-1024x768.jpg\" alt=\"\" width=\"1024\" height=\"768\" srcset=\"https:\/\/agora.xtec.cat\/escolaconcordia\/wp-content\/uploads\/usu2135\/2021\/02\/IMG_20210211_121852-1024x768.jpg 1024w, https:\/\/agora.xtec.cat\/escolaconcordia\/wp-content\/uploads\/usu2135\/2021\/02\/IMG_20210211_121852-300x225.jpg 300w, https:\/\/agora.xtec.cat\/escolaconcordia\/wp-content\/uploads\/usu2135\/2021\/02\/IMG_20210211_121852-768x576.jpg 768w, https:\/\/agora.xtec.cat\/escolaconcordia\/wp-content\/uploads\/usu2135\/2021\/02\/IMG_20210211_121852-200x150.jpg 200w\" sizes=\"auto, (max-width: 1024px) 100vw, 1024px\" \/><\/a><\/p>\n<h2><span style=\"color: #99cc00;\">XERRADA 100T\u00cdFIQUES<\/span><\/h2>\n<p>Avui se celebra el dia de les dones i de les nenes en la ci\u00e8ncia.\u00a0 A l\u2019escola hem fet una xerrada amb la Margarita Fern\u00e1ndez, una cient\u00edfica que treballa a IRTA.\u00a0 Ha estat molt interessant ja que hem preparat preguntes i despr\u00e9s de parlar amb ella molts de nosaltres hem canviat la nostra mirada sobre la ci\u00e8ncia.\u00a0 Moltes gr\u00e0cies Margarita!!<\/p>\n<p><a href=\"https:\/\/photos.app.goo.gl\/xmvMxJ2RLyjwRt7w5\" target=\"_blank\" rel=\"noopener noreferrer\"><img loading=\"lazy\" decoding=\"async\" class=\"aligncenter size-large wp-image-1842\" src=\"https:\/\/agora.xtec.cat\/escolaconcordia\/wp-content\/uploads\/usu2135\/2021\/02\/IMG_20210211_112326-1024x768.jpg\" alt=\"\" width=\"1024\" height=\"768\" srcset=\"https:\/\/agora.xtec.cat\/escolaconcordia\/wp-content\/uploads\/usu2135\/2021\/02\/IMG_20210211_112326-1024x768.jpg 1024w, https:\/\/agora.xtec.cat\/escolaconcordia\/wp-content\/uploads\/usu2135\/2021\/02\/IMG_20210211_112326-300x225.jpg 300w, https:\/\/agora.xtec.cat\/escolaconcordia\/wp-content\/uploads\/usu2135\/2021\/02\/IMG_20210211_112326-768x576.jpg 768w, https:\/\/agora.xtec.cat\/escolaconcordia\/wp-content\/uploads\/usu2135\/2021\/02\/IMG_20210211_112326-200x150.jpg 200w\" sizes=\"auto, (max-width: 1024px) 100vw, 1024px\" \/><\/a><\/p>\n<h2><span style=\"color: #99cc00;\">DISC DE NEWTON<\/span><\/h2>\n<p>A la classe de medi estem treballant la composici\u00f3 de la llum.\u00a0 Per ajudar-nos a entendre-la vam crear els nostres discs de Newton.\u00a0 No va ser f\u00e0cil i no va sortir a la primera, per\u00f2 som molt conscienciosos i no ens rendim.\u00a0 Al final el resultat va ser molt gratificant perqu\u00e8 tots els nostres discs van funcionar.<\/p>\n<p><a href=\"https:\/\/photos.app.goo.gl\/5adDQqx5VZbwMHDa8\" target=\"_blank\" rel=\"noopener noreferrer\"><img loading=\"lazy\" decoding=\"async\" class=\"aligncenter size-large wp-image-1843\" src=\"https:\/\/agora.xtec.cat\/escolaconcordia\/wp-content\/uploads\/usu2135\/2021\/02\/IMG_20210208_122145-1024x768.jpg\" alt=\"\" width=\"1024\" height=\"768\" srcset=\"https:\/\/agora.xtec.cat\/escolaconcordia\/wp-content\/uploads\/usu2135\/2021\/02\/IMG_20210208_122145-1024x768.jpg 1024w, https:\/\/agora.xtec.cat\/escolaconcordia\/wp-content\/uploads\/usu2135\/2021\/02\/IMG_20210208_122145-300x225.jpg 300w, https:\/\/agora.xtec.cat\/escolaconcordia\/wp-content\/uploads\/usu2135\/2021\/02\/IMG_20210208_122145-768x576.jpg 768w, https:\/\/agora.xtec.cat\/escolaconcordia\/wp-content\/uploads\/usu2135\/2021\/02\/IMG_20210208_122145-200x150.jpg 200w\" sizes=\"auto, (max-width: 1024px) 100vw, 1024px\" \/><\/a><\/p>\n<h2><span style=\"color: #99cc00;\"><strong>UNA MICA M\u00c9S DE MI<\/strong><\/span><\/h2>\n<p>A tutoria\u00a0 hem treballat un petita din\u00e0mica de grup per coneixe\u2019ns una miqueta millor.<\/p>\n<p>El resultat com sempre magn\u00edfic&#8230;<\/p>\n<p>&nbsp;<\/p>\n<p><a href=\"https:\/\/photos.app.goo.gl\/6D34Vc8VHcnMZAQUA\"><img loading=\"lazy\" decoding=\"async\" class=\"aligncenter size-large wp-image-1584\" src=\"https:\/\/agora.xtec.cat\/escolaconcordia\/wp-content\/uploads\/usu2135\/2021\/02\/IMG_20201021_153222-1024x768.jpg\" alt=\"\" width=\"1024\" height=\"768\" srcset=\"https:\/\/agora.xtec.cat\/escolaconcordia\/wp-content\/uploads\/usu2135\/2021\/02\/IMG_20201021_153222-1024x768.jpg 1024w, https:\/\/agora.xtec.cat\/escolaconcordia\/wp-content\/uploads\/usu2135\/2021\/02\/IMG_20201021_153222-300x225.jpg 300w, https:\/\/agora.xtec.cat\/escolaconcordia\/wp-content\/uploads\/usu2135\/2021\/02\/IMG_20201021_153222-768x576.jpg 768w, https:\/\/agora.xtec.cat\/escolaconcordia\/wp-content\/uploads\/usu2135\/2021\/02\/IMG_20201021_153222-200x150.jpg 200w\" sizes=\"auto, (max-width: 1024px) 100vw, 1024px\" \/><\/a><\/p>\n<h2><strong><span style=\"color: #99cc00;\">TREBALLEM EL VOLUM<\/span><\/strong><\/h2>\n<p>Saps que \u00e9s un m3?<\/p>\n<p>A matem\u00e0tiques estem treballant les pot\u00e8ncies.\u00a0 Ens han sorgit molts dubtes i preguntes que mica en mica anem resolent a l\u2019aula.\u00a0 Avui hem dut a terme una pr\u00e0ctica en la que per tenir una idea exacta de quin volum \u00e9s 1 cm3, 1 dm3 i 1 m3, hem constru\u00eft cubs que tenien aquest volum d\u2019aquesta manera els hem pogut observar de prop i tamb\u00e9 comparar-los.\u00a0 Continuem treballant!!<\/p>\n<p>&nbsp;<\/p>\n<p><a href=\"https:\/\/photos.app.goo.gl\/odRSdvD664L7SQ6v7\"><img loading=\"lazy\" decoding=\"async\" class=\"aligncenter size-large wp-image-1586\" src=\"https:\/\/agora.xtec.cat\/escolaconcordia\/wp-content\/uploads\/usu2135\/2021\/02\/IMG_20210201_120513-1024x768.jpg\" alt=\"\" width=\"1024\" height=\"768\" srcset=\"https:\/\/agora.xtec.cat\/escolaconcordia\/wp-content\/uploads\/usu2135\/2021\/02\/IMG_20210201_120513-1024x768.jpg 1024w, https:\/\/agora.xtec.cat\/escolaconcordia\/wp-content\/uploads\/usu2135\/2021\/02\/IMG_20210201_120513-300x225.jpg 300w, https:\/\/agora.xtec.cat\/escolaconcordia\/wp-content\/uploads\/usu2135\/2021\/02\/IMG_20210201_120513-768x576.jpg 768w, https:\/\/agora.xtec.cat\/escolaconcordia\/wp-content\/uploads\/usu2135\/2021\/02\/IMG_20210201_120513-200x150.jpg 200w\" sizes=\"auto, (max-width: 1024px) 100vw, 1024px\" \/><\/a><\/p>\n<h2><span style=\"color: #99cc00;\"><strong>TOTS FORMEM PART<\/strong><\/span><\/h2>\n<p>A tutoria ens agrada fer din\u00e0miques de grup que ens uneixen com a grup i ens fan cr\u00e9ixer com a individus.\u00a0 Aquesta vegada hem fet un puzle en el que ens hem adonat que cada un de nosaltres \u00e9s una pe\u00e7a indispensable del nostre grup.<\/p>\n<p>Ha estat una activitat molt divertida i gratificant en la que ens hem adonat que tots formem una part molt important dins la nostra aula.<\/p>\n<p>&nbsp;<\/p>\n<h2><a href=\"https:\/\/photos.app.goo.gl\/j3UXdCiPbZsc15vU6\"><img loading=\"lazy\" decoding=\"async\" class=\"aligncenter size-large wp-image-1588\" src=\"https:\/\/agora.xtec.cat\/escolaconcordia\/wp-content\/uploads\/usu2135\/2021\/02\/IMG_20210113_153914-1024x768.jpg\" alt=\"\" width=\"1024\" height=\"768\" srcset=\"https:\/\/agora.xtec.cat\/escolaconcordia\/wp-content\/uploads\/usu2135\/2021\/02\/IMG_20210113_153914-1024x768.jpg 1024w, https:\/\/agora.xtec.cat\/escolaconcordia\/wp-content\/uploads\/usu2135\/2021\/02\/IMG_20210113_153914-300x225.jpg 300w, https:\/\/agora.xtec.cat\/escolaconcordia\/wp-content\/uploads\/usu2135\/2021\/02\/IMG_20210113_153914-768x576.jpg 768w, https:\/\/agora.xtec.cat\/escolaconcordia\/wp-content\/uploads\/usu2135\/2021\/02\/IMG_20210113_153914-200x150.jpg 200w\" sizes=\"auto, (max-width: 1024px) 100vw, 1024px\" \/><\/a><\/h2>\n<h2><span style=\"color: #99cc00;\"><strong>CONSTRU\u00cfM UN ELECTROIMANT<\/strong><\/span><\/h2>\n<p>A medi hem estudiat l\u2019electricitat i el magnetisme.\u00a0 Hem dut a terme una pr\u00e0ctica d\u2019all\u00f2 m\u00e9s divertida i sorprenent: hem constru\u00eft un electroimant!!<\/p>\n<p>Abans de comen\u00e7ar hem fet diferents hip\u00f2tesis i despr\u00e9s ens hem posat mans a l\u2019obra, i sabeu qu\u00e8&#8230; Ha funcionat!!\u00a0 Fer descobertes per nosaltres mateixos \u00e9s molt motivador i ens engresca a continuar aprenent.<\/p>\n<p>&nbsp;<\/p>\n<p><a href=\"https:\/\/photos.app.goo.gl\/oXDkwfcV34Le5R8h7\"><img loading=\"lazy\" decoding=\"async\" class=\"aligncenter size-large wp-image-1590\" src=\"https:\/\/agora.xtec.cat\/escolaconcordia\/wp-content\/uploads\/usu2135\/2021\/02\/IMG_20210112_155853-1024x768.jpg\" alt=\"\" width=\"1024\" height=\"768\" srcset=\"https:\/\/agora.xtec.cat\/escolaconcordia\/wp-content\/uploads\/usu2135\/2021\/02\/IMG_20210112_155853-1024x768.jpg 1024w, https:\/\/agora.xtec.cat\/escolaconcordia\/wp-content\/uploads\/usu2135\/2021\/02\/IMG_20210112_155853-300x225.jpg 300w, https:\/\/agora.xtec.cat\/escolaconcordia\/wp-content\/uploads\/usu2135\/2021\/02\/IMG_20210112_155853-768x576.jpg 768w, https:\/\/agora.xtec.cat\/escolaconcordia\/wp-content\/uploads\/usu2135\/2021\/02\/IMG_20210112_155853-200x150.jpg 200w\" sizes=\"auto, (max-width: 1024px) 100vw, 1024px\" \/><\/a><\/p>\n<h2><span style=\"color: #99cc00;\"><strong>POLSERES TUTORIA<\/strong><\/span><\/h2>\n<p><span style=\"font-weight: 400;\">Sabeu que \u00e9s un ancoratge emocional?\u00a0 A la 6\u00e8\u00a0 continuem treballant a la tutoria.\u00a0 Aquesta vegada hem creat les nostres polseres que ens serviran com a ancoratge per aconseguir la concentraci\u00f3, la for\u00e7a, l\u2019energia i l\u2019autoestima per aconseguir un objectiu.<\/span><\/p>\n<p><span style=\"font-weight: 400;\">Ha estat un treball fant\u00e0stic en el que la implicaci\u00f3 de tots els que formem el grup ha resultat l\u2019\u00e8xit de l\u2019activitat.<\/span><\/p>\n<p><span style=\"font-weight: 400;\">Ara ja sabem que amb const\u00e0ncia i treball podem aconseguir tot all\u00f2 que ens proposem!! S\u00ed Puc!!<\/span><\/p>\n<p>&nbsp;<\/p>\n<p><a href=\"https:\/\/photos.app.goo.gl\/JzkLmitvY3tZ6gC28\"><img loading=\"lazy\" decoding=\"async\" class=\"aligncenter size-large wp-image-1595\" src=\"https:\/\/agora.xtec.cat\/escolaconcordia\/wp-content\/uploads\/usu2135\/2021\/02\/IMG_20201118_154857-1-1024x768.jpg\" alt=\"\" width=\"1024\" height=\"768\" srcset=\"https:\/\/agora.xtec.cat\/escolaconcordia\/wp-content\/uploads\/usu2135\/2021\/02\/IMG_20201118_154857-1.jpg 1024w, https:\/\/agora.xtec.cat\/escolaconcordia\/wp-content\/uploads\/usu2135\/2021\/02\/IMG_20201118_154857-1-300x225.jpg 300w, https:\/\/agora.xtec.cat\/escolaconcordia\/wp-content\/uploads\/usu2135\/2021\/02\/IMG_20201118_154857-1-768x576.jpg 768w, https:\/\/agora.xtec.cat\/escolaconcordia\/wp-content\/uploads\/usu2135\/2021\/02\/IMG_20201118_154857-1-200x150.jpg 200w\" sizes=\"auto, (max-width: 1024px) 100vw, 1024px\" \/><\/a><\/p>\n<h2><span style=\"color: #99cc00;\"><strong>DISSECCI\u00d3 D&#8217;UNA FLOR<\/strong><\/span><\/h2>\n<p>A medi hem estudiat les parts d\u2019una flor, i quina \u00e9s la millor manera de fer-ho?\u00a0 Doncs s\u00ed, fent una dissecci\u00f3 en la que de forma manipulativa hem pogut observar, tocar i ubicar cada una de les parts d\u2019una flor.<\/p>\n<p>Ha estat molt divertit i profit\u00f3s i hem descobert un munt de coses que no imagin\u00e0vem.<\/p>\n<p>&nbsp;<\/p>\n<p><a href=\"https:\/\/photos.app.goo.gl\/F6RetjTUn2WzbQmB9\"><img loading=\"lazy\" decoding=\"async\" class=\"aligncenter size-large wp-image-1598\" src=\"https:\/\/agora.xtec.cat\/escolaconcordia\/wp-content\/uploads\/usu2135\/2021\/02\/IMG_20201020_155455-1024x768.jpg\" alt=\"\" width=\"1024\" height=\"768\" srcset=\"https:\/\/agora.xtec.cat\/escolaconcordia\/wp-content\/uploads\/usu2135\/2021\/02\/IMG_20201020_155455-1024x768.jpg 1024w, https:\/\/agora.xtec.cat\/escolaconcordia\/wp-content\/uploads\/usu2135\/2021\/02\/IMG_20201020_155455-300x225.jpg 300w, https:\/\/agora.xtec.cat\/escolaconcordia\/wp-content\/uploads\/usu2135\/2021\/02\/IMG_20201020_155455-768x576.jpg 768w, https:\/\/agora.xtec.cat\/escolaconcordia\/wp-content\/uploads\/usu2135\/2021\/02\/IMG_20201020_155455-200x150.jpg 200w\" sizes=\"auto, (max-width: 1024px) 100vw, 1024px\" \/><\/a><\/p>\n<h2><span style=\"color: #99cc00;\"><strong>ASSOCIACI\u00d3 ANDI<\/strong><\/span><\/h2>\n<p>Avui ens han visitat els voluntaris d\u2019Andi Down Sabadell a la nostra aula. Hem dut a terme uns tallers de sensibilitzaci\u00f3 sobre la tem\u00e0tica de la discapacitat intel\u00b7lectual, centrat en la S\u00edndrome de Down.<\/p>\n<p>Gr\u00e0cies a aquest taller hem pogut con\u00e8ixer la discapacitat intel\u00b7lectual, concretament la S\u00edndrome de Down, i trencar amb alguns dels estereotips preconcebuts vers aquest col\u00b7lectiu.<\/p>\n<p>&nbsp;<\/p>\n<p><a href=\"https:\/\/photos.app.goo.gl\/6phCMcFzCZKgHi22A\"><img loading=\"lazy\" decoding=\"async\" class=\"aligncenter size-large wp-image-1600\" src=\"https:\/\/agora.xtec.cat\/escolaconcordia\/wp-content\/uploads\/usu2135\/2021\/02\/IMG_20201215_092845-1024x768.jpg\" alt=\"\" width=\"1024\" height=\"768\" srcset=\"https:\/\/agora.xtec.cat\/escolaconcordia\/wp-content\/uploads\/usu2135\/2021\/02\/IMG_20201215_092845-1024x768.jpg 1024w, https:\/\/agora.xtec.cat\/escolaconcordia\/wp-content\/uploads\/usu2135\/2021\/02\/IMG_20201215_092845-300x225.jpg 300w, https:\/\/agora.xtec.cat\/escolaconcordia\/wp-content\/uploads\/usu2135\/2021\/02\/IMG_20201215_092845-768x576.jpg 768w, https:\/\/agora.xtec.cat\/escolaconcordia\/wp-content\/uploads\/usu2135\/2021\/02\/IMG_20201215_092845-200x150.jpg 200w\" sizes=\"auto, (max-width: 1024px) 100vw, 1024px\" \/><\/a><\/p>\n<h2><strong><span style=\"color: #99cc00;\">ELS COLORS DE LA LLUM<\/span><\/strong><\/h2>\n<p>Avui hem fet Lightpainting a l\u2019escola!!\u00a0 Aprofitant que estem estudiant les propietats de la llum hem fet un taller per descobrir les seves caracter\u00edstiques a partir de petites activitats i experiments.\u00a0 Hem participat al temps que hem jugat amb la llum i els miralls per arribar a descobrir com funciona la reflexi\u00f3 de la llum.\u00a0 Tamb\u00e9 hem descobert quins colors formen la llum i quin efecte tenen sobre els primes.<\/p>\n<p>Per acabar hem fet Lightpainting.\u00a0 No us podeu perdre les nostres creacions&#8230;<\/p>\n<p>&nbsp;<\/p>\n<p><a href=\"https:\/\/photos.app.goo.gl\/C8kmkUAvjP3qYhq58\"><img loading=\"lazy\" decoding=\"async\" class=\"aligncenter size-large wp-image-1602\" src=\"https:\/\/agora.xtec.cat\/escolaconcordia\/wp-content\/uploads\/usu2135\/2021\/02\/IMG_20201125_093805-1024x768.jpg\" alt=\"\" width=\"1024\" height=\"768\" srcset=\"https:\/\/agora.xtec.cat\/escolaconcordia\/wp-content\/uploads\/usu2135\/2021\/02\/IMG_20201125_093805-1024x768.jpg 1024w, https:\/\/agora.xtec.cat\/escolaconcordia\/wp-content\/uploads\/usu2135\/2021\/02\/IMG_20201125_093805-300x225.jpg 300w, https:\/\/agora.xtec.cat\/escolaconcordia\/wp-content\/uploads\/usu2135\/2021\/02\/IMG_20201125_093805-768x576.jpg 768w, https:\/\/agora.xtec.cat\/escolaconcordia\/wp-content\/uploads\/usu2135\/2021\/02\/IMG_20201125_093805-200x150.jpg 200w\" sizes=\"auto, (max-width: 1024px) 100vw, 1024px\" \/><\/a><\/p>\n<h2><strong><span style=\"color: #99cc00;\">HA ARRIBAT LA TARDOR<\/span><\/strong><\/h2>\n<p>Ha arribat la tardor a l\u2019escola i els nens i nenes de sis\u00e8 hem decorat l\u2019aula i els passadissos de l\u2019escola.\u00a0 A m\u00e9s a m\u00e9s hem fet uns fanalets ben bonics.<\/p>\n<p>Aprofitant la riquesa de provinen\u00e7a dels membres del grup hem volgut donar la benvinguda a l\u2019estaci\u00f3 en diferents idiomes&#8230;\u00a0 Sentim l\u2019orgull en cada elaboraci\u00f3 i la pertinen\u00e7a de cada un de nosaltres.<\/p>\n<p><a href=\"https:\/\/photos.app.goo.gl\/M47NdtzLdYZPoQEJ6\"><img loading=\"lazy\" decoding=\"async\" class=\"aligncenter size-large wp-image-1604\" src=\"https:\/\/agora.xtec.cat\/escolaconcordia\/wp-content\/uploads\/usu2135\/2021\/02\/IMG_20201030_093516-1024x768.jpg\" alt=\"\" width=\"1024\" height=\"768\" srcset=\"https:\/\/agora.xtec.cat\/escolaconcordia\/wp-content\/uploads\/usu2135\/2021\/02\/IMG_20201030_093516-1024x768.jpg 1024w, https:\/\/agora.xtec.cat\/escolaconcordia\/wp-content\/uploads\/usu2135\/2021\/02\/IMG_20201030_093516-300x225.jpg 300w, https:\/\/agora.xtec.cat\/escolaconcordia\/wp-content\/uploads\/usu2135\/2021\/02\/IMG_20201030_093516-768x576.jpg 768w, https:\/\/agora.xtec.cat\/escolaconcordia\/wp-content\/uploads\/usu2135\/2021\/02\/IMG_20201030_093516-200x150.jpg 200w\" sizes=\"auto, (max-width: 1024px) 100vw, 1024px\" \/><\/a><\/p>\n","protected":false},"excerpt":{"rendered":"<p>FEM D&#8217;ARTISTES<br \/>\nA la nostra escola cada curs\u00a0 &#8220;fem d&#8217;artistes&#8221;.\u00a0 Voleu entrar i veure el Museu Conc\u00f2rdia? Podeu clicar a sobre de la imatge i gaudir de la visita.<br \/>\n<a href=\"https:\/\/drive.google.com\/file\/d\/1yaaR357Itej2vt-TFVuqYJ2uvLWaL6Br\/view?usp=sharing\" target=\"_blank\" rel=\"noopener noreferrer\"><\/a><br \/>\nDIA INTERNACIONAL DE LES DONES<br \/>\nEl\u00a08 de mar\u00e7\u00a0\u00e9s el\u00a0Dia Internacional de les Dones\u00a0o el Dia&hellip;  <a href=\"https:\/\/agora.xtec.cat\/escolaconcordia\/cursos\/6e\/\" title=\"Read 6\u00e8A\">Llegeix m\u00e9s\u00bb<\/a><\/p>\n","protected":false},"author":1,"featured_media":0,"parent":728,"menu_order":210,"comment_status":"closed","ping_status":"closed","template":"page-templates\/side-menu.php","meta":{"_bbp_topic_count":0,"_bbp_reply_count":0,"_bbp_total_topic_count":0,"_bbp_total_reply_count":0,"_bbp_voice_count":0,"_bbp_anonymous_reply_count":0,"_bbp_topic_count_hidden":0,"_bbp_reply_count_hidden":0,"_bbp_forum_subforum_count":0,"footnotes":""},"class_list":["post-747","page","type-page","status-publish","hentry"],"post_mailing_queue_ids":[],"_links":{"self":[{"href":"https:\/\/agora.xtec.cat\/escolaconcordia\/wp-json\/wp\/v2\/pages\/747","targetHints":{"allow":["GET"]}}],"collection":[{"href":"https:\/\/agora.xtec.cat\/escolaconcordia\/wp-json\/wp\/v2\/pages"}],"about":[{"href":"https:\/\/agora.xtec.cat\/escolaconcordia\/wp-json\/wp\/v2\/types\/page"}],"author":[{"embeddable":true,"href":"https:\/\/agora.xtec.cat\/escolaconcordia\/wp-json\/wp\/v2\/users\/1"}],"replies":[{"embeddable":true,"href":"https:\/\/agora.xtec.cat\/escolaconcordia\/wp-json\/wp\/v2\/comments?post=747"}],"version-history":[{"count":4,"href":"https:\/\/agora.xtec.cat\/escolaconcordia\/wp-json\/wp\/v2\/pages\/747\/revisions"}],"predecessor-version":[{"id":2496,"href":"https:\/\/agora.xtec.cat\/escolaconcordia\/wp-json\/wp\/v2\/pages\/747\/revisions\/2496"}],"up":[{"embeddable":true,"href":"https:\/\/agora.xtec.cat\/escolaconcordia\/wp-json\/wp\/v2\/pages\/728"}],"wp:attachment":[{"href":"https:\/\/agora.xtec.cat\/escolaconcordia\/wp-json\/wp\/v2\/media?parent=747"}],"curies":[{"name":"wp","href":"https:\/\/api.w.org\/{rel}","templated":true}]}}