{"id":741,"date":"2020-04-17T19:44:11","date_gmt":"2020-04-17T17:44:11","guid":{"rendered":"https:\/\/agora.xtec.cat\/ceipconcordia\/?page_id=741"},"modified":"2021-06-16T21:00:37","modified_gmt":"2021-06-16T19:00:37","slug":"3r","status":"publish","type":"page","link":"https:\/\/agora.xtec.cat\/escolaconcordia\/cursos\/3r\/","title":{"rendered":"3rA"},"content":{"rendered":"<h2><span style=\"color: #99cc00;\"><strong>FEM D&#8217;ARTISTES<\/strong><\/span><\/h2>\n<p>A la nostra escola cada curs\u00a0 &#8220;fem d&#8217;artistes&#8221;.\u00a0 Voleu entrar i veure el Museu Conc\u00f2rdia? Podeu clicar a sobre de la imatge i gaudir de la visita.<\/p>\n<p><a href=\"https:\/\/drive.google.com\/file\/d\/1Xu3aRpXWFyB-HhduPoUkKh64gdu98EVN\/view?usp=sharing\" target=\"_blank\" rel=\"noopener noreferrer\"><img loading=\"lazy\" decoding=\"async\" class=\"aligncenter size-large wp-image-2504\" src=\"https:\/\/agora.xtec.cat\/escolaconcordia\/wp-content\/uploads\/usu2135\/2021\/06\/3A-1024x576.jpg\" alt=\"\" width=\"1024\" height=\"576\" srcset=\"https:\/\/agora.xtec.cat\/escolaconcordia\/wp-content\/uploads\/usu2135\/2021\/06\/3A.jpg 1024w, https:\/\/agora.xtec.cat\/escolaconcordia\/wp-content\/uploads\/usu2135\/2021\/06\/3A-300x169.jpg 300w, https:\/\/agora.xtec.cat\/escolaconcordia\/wp-content\/uploads\/usu2135\/2021\/06\/3A-768x432.jpg 768w\" sizes=\"auto, (max-width: 1024px) 100vw, 1024px\" \/><\/a><\/p>\n<h2><span style=\"color: #99cc00;\"><strong>ASSAIG \u00a0DE LA CLIKA<\/strong><\/span><\/h2>\n<div>\n<p>Hola a tothom! Com ja sabeu, aquesta setmana arriba el gran dia que tots els nens i nenes est\u00e0vem esperant: La cantata de LA CLIKA! Aqu\u00ed us deixem una <strong><a href=\"https:\/\/photos.app.goo.gl\/dgP9wqieEbuvCKq59\" target=\"_blank\" rel=\"noopener noreferrer\">mostra dels nostres \u00faltims assajos<\/a><\/strong> amb les can\u00e7ons de &#8220;Somni&#8221; i &#8220;Colors&#8221;. Hem preparat aquest esdeveniment durant el segon i el tercer trimestre amb moltes ganes. Podreu seguir la cantata en directe el proper divendres dia 11 a les 11h del mat\u00ed des del canal de Youtube de La Clika o clicant directament <strong><a href=\"https:\/\/www.youtube.com\/watch?v=FINLXDPcjmk&amp;list=PLHD7uylFZ7w_IQErLTxecM9tEsC_muMnB&amp;index=7\" target=\"_blank\" rel=\"noopener noreferrer\">AQU\u00cd<\/a>\u00a0.<\/strong><\/p>\n<p>Recordeu que des d&#8217;all\u00e0 nom\u00e9s hi veureu la banda, nosaltres estarem cantant des de l&#8217;escola, per\u00f2 amb molta il\u00b7lusi\u00f3 us ensenyarem com ens ha anat!<\/p>\n<p>Visca La Clika!<\/p>\n<h2><span style=\"color: #99cc00;\">PARC DE CAN GAMB\u00daS<\/span><\/h2>\n<p>La Setmana Cultural va tenir moltes sortides per la nostra ciutat, una de les nostres preferides va ser la del parc de Can Gamb\u00fas. Aqu\u00ed us deixem un recull d&#8217;imatges del que passa quan tota la classe de 3rA passa un dia sencer a un parc tant fant\u00e0stic. Ens ho vam passar genial!<\/p>\n<div><a href=\"https:\/\/photos.app.goo.gl\/bgv2DS3sbDvfXk617\" target=\"_blank\" rel=\"noopener noreferrer\"><img loading=\"lazy\" decoding=\"async\" class=\"aligncenter size-large wp-image-2560\" src=\"https:\/\/agora.xtec.cat\/escolaconcordia\/wp-content\/uploads\/usu2135\/2021\/06\/1622720256956-1024x461.jpg\" alt=\"\" width=\"1024\" height=\"461\" srcset=\"https:\/\/agora.xtec.cat\/escolaconcordia\/wp-content\/uploads\/usu2135\/2021\/06\/1622720256956.jpg 1024w, https:\/\/agora.xtec.cat\/escolaconcordia\/wp-content\/uploads\/usu2135\/2021\/06\/1622720256956-300x135.jpg 300w, https:\/\/agora.xtec.cat\/escolaconcordia\/wp-content\/uploads\/usu2135\/2021\/06\/1622720256956-768x346.jpg 768w\" sizes=\"auto, (max-width: 1024px) 100vw, 1024px\" \/><\/a><\/div>\n<h2><span style=\"color: #99cc00;\"><strong>L&#8217;AJUNTAMENT I EL CAMPANAR<\/strong><\/span><\/h2>\n<p>Aquest trimestre hem estat aprenent el funcionament de l&#8217;ajuntament i durant la Setmana Cultural vam anar-lo a visitar i vam poder aprendre com funciona la sala de plens. Despr\u00e9s vam aprofitar per pujar al campanar de Sant F\u00e8lix. Mireu quines vistes de la nostra ciutat! Espectaculars!<\/p>\n<p><a href=\"https:\/\/photos.app.goo.gl\/2kZS1xnCDBFQ434v6\" target=\"_blank\" rel=\"noopener noreferrer\"><img loading=\"lazy\" decoding=\"async\" class=\"aligncenter size-large wp-image-2561\" src=\"https:\/\/agora.xtec.cat\/escolaconcordia\/wp-content\/uploads\/usu2135\/2021\/06\/1622721214783-1024x461.jpg\" alt=\"\" width=\"1024\" height=\"461\" srcset=\"https:\/\/agora.xtec.cat\/escolaconcordia\/wp-content\/uploads\/usu2135\/2021\/06\/1622721214783.jpg 1024w, https:\/\/agora.xtec.cat\/escolaconcordia\/wp-content\/uploads\/usu2135\/2021\/06\/1622721214783-300x135.jpg 300w, https:\/\/agora.xtec.cat\/escolaconcordia\/wp-content\/uploads\/usu2135\/2021\/06\/1622721214783-768x346.jpg 768w\" sizes=\"auto, (max-width: 1024px) 100vw, 1024px\" \/><\/a><\/p>\n<h2><span style=\"color: #99cc00;\">LA TORRE DE L&#8217;AIGUA<\/span><\/h2>\n<p>Un dels s\u00edmbols que identifiquen la nostra ciutat \u00e9s la Torre de l&#8217;Aigua. Aquesta setmana cultural hem aprofitat per visitar-la. Hi heu pujat mai? Mireu quines vistes m\u00e9s incre\u00efbles. Els nens i les nenes de 3r A ens hem endut una gran experi\u00e8ncia!<\/p>\n<p><a href=\"https:\/\/photos.app.goo.gl\/fAXuFPcyEgZ8hF2R6\" target=\"_blank\" rel=\"noopener noreferrer\"><img loading=\"lazy\" decoding=\"async\" class=\"aligncenter size-large wp-image-2562\" src=\"https:\/\/agora.xtec.cat\/escolaconcordia\/wp-content\/uploads\/usu2135\/2021\/06\/1622719246363-1024x461.jpg\" alt=\"\" width=\"1024\" height=\"461\" srcset=\"https:\/\/agora.xtec.cat\/escolaconcordia\/wp-content\/uploads\/usu2135\/2021\/06\/1622719246363.jpg 1024w, https:\/\/agora.xtec.cat\/escolaconcordia\/wp-content\/uploads\/usu2135\/2021\/06\/1622719246363-300x135.jpg 300w, https:\/\/agora.xtec.cat\/escolaconcordia\/wp-content\/uploads\/usu2135\/2021\/06\/1622719246363-768x346.jpg 768w\" sizes=\"auto, (max-width: 1024px) 100vw, 1024px\" \/><\/a><\/p>\n<div><\/div>\n<h2><span style=\"color: #99cc00;\">TALLER DE GEOROBOTS\u00a0<\/span><\/h2>\n<p>Aquest 3r trimestre hem treballat la geometria d&#8217;una manera molt creativa, hem aplicat els nostres coneixements en figures geom\u00e8triques i volum per a construir un robot personalitzat! Tot gr\u00e0cies a les fam\u00edlies, que des de casa ens heu ajudat a recaptar tot tipus de material per a reciclar i poder-lo utilitzar a l&#8217;escola. Doneu un cop d&#8217;ull als nostres projectes! Hem apr\u00e8s i gaudit molt!<\/p>\n<p><a href=\"https:\/\/photos.app.goo.gl\/y2gwBcUEMQek6Aui9\" target=\"_blank\" rel=\"noopener noreferrer\"><img loading=\"lazy\" decoding=\"async\" class=\"aligncenter size-large wp-image-2563\" src=\"https:\/\/agora.xtec.cat\/escolaconcordia\/wp-content\/uploads\/usu2135\/2021\/06\/1623410551233-1024x461.jpg\" alt=\"\" width=\"1024\" height=\"461\" srcset=\"https:\/\/agora.xtec.cat\/escolaconcordia\/wp-content\/uploads\/usu2135\/2021\/06\/1623410551233.jpg 1024w, https:\/\/agora.xtec.cat\/escolaconcordia\/wp-content\/uploads\/usu2135\/2021\/06\/1623410551233-300x135.jpg 300w, https:\/\/agora.xtec.cat\/escolaconcordia\/wp-content\/uploads\/usu2135\/2021\/06\/1623410551233-768x346.jpg 768w\" sizes=\"auto, (max-width: 1024px) 100vw, 1024px\" \/><\/a><\/p>\n<h2><span style=\"color: #99cc00;\"><strong>MAS BANYERES\u00a0<\/strong><\/span><\/h2>\n<p>El 25 de maig els nens i nenes de 3r vam fer la sortida general de curs a la Mas\u00a0 Banyeres\u00a0 una casa de col\u00f2nies prop de Centelles (Osona). Vam fer moltes activitats: tirolines, roc\u00f2drom, equilibristes i trepadores. Ens ho vam passar d&#8217;all\u00f2 m\u00e9s b\u00e9!!!<\/p>\n<div><a href=\"https:\/\/photos.app.goo.gl\/gVeZTuL1ww589V7d9\" target=\"_blank\" rel=\"noopener noreferrer\"><img loading=\"lazy\" decoding=\"async\" class=\"aligncenter size-large wp-image-2391\" src=\"https:\/\/agora.xtec.cat\/escolaconcordia\/wp-content\/uploads\/usu2135\/2021\/06\/1622546925577-1024x461.jpg\" alt=\"\" width=\"1024\" height=\"461\" srcset=\"https:\/\/agora.xtec.cat\/escolaconcordia\/wp-content\/uploads\/usu2135\/2021\/06\/1622546925577.jpg 1024w, https:\/\/agora.xtec.cat\/escolaconcordia\/wp-content\/uploads\/usu2135\/2021\/06\/1622546925577-300x135.jpg 300w, https:\/\/agora.xtec.cat\/escolaconcordia\/wp-content\/uploads\/usu2135\/2021\/06\/1622546925577-768x346.jpg 768w\" sizes=\"auto, (max-width: 1024px) 100vw, 1024px\" \/><\/a><\/div>\n<\/div>\n<div><\/div>\n<div>\n<h2><span style=\"color: #99cc00;\"><strong>VISITA MUSEU PICASSO<\/strong><\/span><\/h2>\n<p>El divendres 21 de maig les nenes i els nens de 3r van fer una sortida al Parc de la Ciutadella i al Museu Picasso de Barcelona. Com b\u00e9 sabeu, Picasso \u00e9s el pintor que hem treballat aquest curs, pel que tenien moltes ganes de con\u00e8ixer les seves obres m\u00e9s de prop.<\/p>\n<p>Vam tenir temps de jugar i gaudir d&#8217;aquest incre\u00efble parc, aix\u00ed com de fer una visitada guiada al Museu Picasso per a con\u00e8ixer les obres m\u00e9s representatives d\u2019aquest gran artista i sorprendre el guia amb tot el que sabem. Si fins i tot ens hem apr\u00e8s el seu nom complet, us ho podeu creure?<\/p>\n<p>Per\u00f2 el m\u00e9s important de tot \u00e9s que ens ho vam passar s\u00faper b\u00e9!!!<\/p>\n<\/div>\n<div><a href=\"https:\/\/photos.app.goo.gl\/CCXt57rXkmnk18ei7\" target=\"_blank\" rel=\"noopener noreferrer\"><img loading=\"lazy\" decoding=\"async\" class=\"aligncenter size-large wp-image-2392\" src=\"https:\/\/agora.xtec.cat\/escolaconcordia\/wp-content\/uploads\/usu2135\/2021\/06\/1622546085267-1024x461.jpg\" alt=\"\" width=\"1024\" height=\"461\" srcset=\"https:\/\/agora.xtec.cat\/escolaconcordia\/wp-content\/uploads\/usu2135\/2021\/06\/1622546085267.jpg 1024w, https:\/\/agora.xtec.cat\/escolaconcordia\/wp-content\/uploads\/usu2135\/2021\/06\/1622546085267-300x135.jpg 300w, https:\/\/agora.xtec.cat\/escolaconcordia\/wp-content\/uploads\/usu2135\/2021\/06\/1622546085267-768x346.jpg 768w\" sizes=\"auto, (max-width: 1024px) 100vw, 1024px\" \/><\/a><\/div>\n<div>\n<h2><span style=\"color: #99cc00;\"><strong>CA L&#8217;ESTRUCH\u00a0<\/strong><\/span><\/h2>\n<p>El 19 de maig, avan\u00e7ant-nos una mica a la setmana cultural per\u00f2 comen\u00e7ant a con\u00e8ixer entitats i espais de la nostra ciutat\u00a0 vam anar a\u00a0 Ca l&#8217;Estruc\u00a0on est\u00e0 instal\u00b7lada\u00a0 la carpa del circ de Sabadell que es diu &#8220;La vela&#8221;. Vam veure un espectacle de circ molt bonic on ens feien un petit tastet de les diferents disciplines del circ: pallassos, trapezi, malabarismes, &#8230;. Vam quedar amb ganes de m\u00e9s!<\/p>\n<p><a href=\"https:\/\/photos.app.goo.gl\/2EhGBSjTc4ECatV4A\" target=\"_blank\" rel=\"noopener noreferrer\"><img loading=\"lazy\" decoding=\"async\" class=\"aligncenter size-large wp-image-2393\" src=\"https:\/\/agora.xtec.cat\/escolaconcordia\/wp-content\/uploads\/usu2135\/2021\/06\/1622545827091-1-1024x461.jpg\" alt=\"\" width=\"1024\" height=\"461\" srcset=\"https:\/\/agora.xtec.cat\/escolaconcordia\/wp-content\/uploads\/usu2135\/2021\/06\/1622545827091-1.jpg 1024w, https:\/\/agora.xtec.cat\/escolaconcordia\/wp-content\/uploads\/usu2135\/2021\/06\/1622545827091-1-300x135.jpg 300w, https:\/\/agora.xtec.cat\/escolaconcordia\/wp-content\/uploads\/usu2135\/2021\/06\/1622545827091-1-768x346.jpg 768w\" sizes=\"auto, (max-width: 1024px) 100vw, 1024px\" \/><\/a><\/p>\n<\/div>\n<h2><span style=\"color: #99cc00;\"><strong>ELS CINC GRUPS D&#8217;ANIMALS VERTEBRATS<\/strong><\/span><\/h2>\n<p>Com podeu veure als alumnes de 3r els encanten els animals i s&#8217;han esfor\u00e7at molt\u00edssim fent els p\u00f2sters dels 5 grups d&#8217;animals vertebrats: els peixos, els amfibis, els r\u00e8ptils, els ocells i els mam\u00edfers.<\/p>\n<p>Hem fet una recerca d&#8217;informaci\u00f3 a trav\u00e9s de les tauletes i el llibre de text, per tal de seleccionar i resumir la informaci\u00f3 m\u00e9s rellevant, que hem recollit en aquests fant\u00e0stics p\u00f2sters.<\/p>\n<p>Hem apr\u00e8s molt\u00edssimes coses dels 5 grups d&#8217;animals vertebrats i el m\u00e9s important, ho hem passat genial!<\/p>\n<p><a href=\"https:\/\/photos.app.goo.gl\/Yiv4P6y1SqprYutx5\" target=\"_blank\" rel=\"noopener noreferrer\"><img loading=\"lazy\" decoding=\"async\" class=\"aligncenter size-large wp-image-2170\" src=\"https:\/\/agora.xtec.cat\/escolaconcordia\/wp-content\/uploads\/usu2135\/2021\/05\/1620914297644-1024x461.jpg\" alt=\"\" width=\"1024\" height=\"461\" srcset=\"https:\/\/agora.xtec.cat\/escolaconcordia\/wp-content\/uploads\/usu2135\/2021\/05\/1620914297644.jpg 1024w, https:\/\/agora.xtec.cat\/escolaconcordia\/wp-content\/uploads\/usu2135\/2021\/05\/1620914297644-300x135.jpg 300w, https:\/\/agora.xtec.cat\/escolaconcordia\/wp-content\/uploads\/usu2135\/2021\/05\/1620914297644-768x346.jpg 768w\" sizes=\"auto, (max-width: 1024px) 100vw, 1024px\" \/><\/a><\/p>\n<h2 class=\"gmail_default\"><span style=\"color: #99cc00;\"><strong>APRENEM A MULTIPLICAR<\/strong><\/span><\/h2>\n<p>Un dels continguts de l&#8217;\u00e0rea de matem\u00e0tiques a 3r \u00e9s la multiplicaci\u00f3. Voleu veure com ho treballem nosaltres? Creiem que aprendre a multiplicar va m\u00e9s enll\u00e0 de la memoritzaci\u00f3 de les taules, aix\u00ed que portem la multiplicaci\u00f3 en situacions reals de la vida. A m\u00e9s a m\u00e9s, ens envoltem d&#8217;aquest aprenentatge de la manera m\u00e9s atractiva possible!<\/p>\n<div class=\"gmail_default\"><a href=\"https:\/\/photos.app.goo.gl\/9XeJHthoaN38tZGk8\" target=\"_blank\" rel=\"noopener noreferrer\"><img loading=\"lazy\" decoding=\"async\" class=\"aligncenter size-large wp-image-1966\" src=\"https:\/\/agora.xtec.cat\/escolaconcordia\/wp-content\/uploads\/usu2135\/2021\/04\/IMG_20210112_095820-1024x768.jpg\" alt=\"\" width=\"1024\" height=\"768\" srcset=\"https:\/\/agora.xtec.cat\/escolaconcordia\/wp-content\/uploads\/usu2135\/2021\/04\/IMG_20210112_095820.jpg 1024w, https:\/\/agora.xtec.cat\/escolaconcordia\/wp-content\/uploads\/usu2135\/2021\/04\/IMG_20210112_095820-300x225.jpg 300w, https:\/\/agora.xtec.cat\/escolaconcordia\/wp-content\/uploads\/usu2135\/2021\/04\/IMG_20210112_095820-768x576.jpg 768w, https:\/\/agora.xtec.cat\/escolaconcordia\/wp-content\/uploads\/usu2135\/2021\/04\/IMG_20210112_095820-200x150.jpg 200w\" sizes=\"auto, (max-width: 1024px) 100vw, 1024px\" \/><\/a><\/div>\n<h2 class=\"gmail_default\" style=\"text-align: left;\"><span style=\"color: #99cc00;\"><strong>VOTEM EL TEMA DE LA SETMANA CULTURAL<\/strong><\/span><\/h2>\n<p>Durant el segon trimestre vam votar el tema de la setmana cultural d&#8217;aquest any. Primer ho vam fer per grups classe i despr\u00e9s ho vam fer a nivell d&#8217;escola. Aqu\u00ed us ensenyem l&#8217;escrutini que vam dur a terme a la nostra classe, com podeu veure, va guanyar la tem\u00e0tica de &#8220;Descobrim Sabadell, la nostra ciutat&#8221; amb 11 vots, majoria absoluta. En l&#8217;escrutini de les votacions de la resta de classes, finalment tamb\u00e9 va guanyar el mateix tema. Qu\u00e8 us pens\u00e0veu? Els nens i nenes de 3r tamb\u00e9 aprenem a participar dels processos democr\u00e0tics que ens afecten.<\/p>\n<div class=\"gmail_default\"><\/div>\n<h2><a href=\"https:\/\/agora.xtec.cat\/escolaconcordia\/wp-content\/uploads\/usu2135\/2021\/04\/1f25959f-19f4-4deb-8303-db31fc2b2e50.jpg\"><img loading=\"lazy\" decoding=\"async\" class=\"aligncenter size-large wp-image-1968\" src=\"https:\/\/agora.xtec.cat\/escolaconcordia\/wp-content\/uploads\/usu2135\/2021\/04\/1f25959f-19f4-4deb-8303-db31fc2b2e50-1024x768.jpg\" alt=\"\" width=\"1024\" height=\"768\" srcset=\"https:\/\/agora.xtec.cat\/escolaconcordia\/wp-content\/uploads\/usu2135\/2021\/04\/1f25959f-19f4-4deb-8303-db31fc2b2e50-1024x768.jpg 1024w, https:\/\/agora.xtec.cat\/escolaconcordia\/wp-content\/uploads\/usu2135\/2021\/04\/1f25959f-19f4-4deb-8303-db31fc2b2e50-300x225.jpg 300w, https:\/\/agora.xtec.cat\/escolaconcordia\/wp-content\/uploads\/usu2135\/2021\/04\/1f25959f-19f4-4deb-8303-db31fc2b2e50-768x576.jpg 768w, https:\/\/agora.xtec.cat\/escolaconcordia\/wp-content\/uploads\/usu2135\/2021\/04\/1f25959f-19f4-4deb-8303-db31fc2b2e50-200x150.jpg 200w, https:\/\/agora.xtec.cat\/escolaconcordia\/wp-content\/uploads\/usu2135\/2021\/04\/1f25959f-19f4-4deb-8303-db31fc2b2e50.jpg 1599w\" sizes=\"auto, (max-width: 1024px) 100vw, 1024px\" \/><\/a><\/h2>\n<h2 class=\"gmail_default\"><strong><span style=\"color: #99cc00;\">VISITEM LA MASIA DE CAN DEU<\/span><\/strong><\/h2>\n<p>El passat 24 de mar\u00e7, els nens i nenes de 3r vam poder gaudir de la primera sortida d&#8217;aquest curs. Vam triar aquesta data per poder gaudir de l&#8217;inici de la primavera i del bon temps. Vam anar a visitar la masia de Can D\u00e9u i ens van ensenyar a fer pa i com \u00e9s tot el proc\u00e9s des de que es cultiva el blat fins a que arriba un bon tros de pa a les nostres mans. Tamb\u00e9 vam aprofitar per visitar els animals de la granja, i jugar molt a l&#8217;aire lliure. En ten\u00edem moltes ganes i ens ho vam passar genial! Esperem poder fer m\u00e9s sortides aquest tercer trimestre!<\/p>\n<div><a href=\"https:\/\/photos.app.goo.gl\/YnWyGj4dFY4NwxgQ6\" target=\"_blank\" rel=\"noopener noreferrer\"><img loading=\"lazy\" decoding=\"async\" class=\"aligncenter size-large wp-image-1969\" src=\"https:\/\/agora.xtec.cat\/escolaconcordia\/wp-content\/uploads\/usu2135\/2021\/04\/IMG_20210324_113220-1024x768.jpg\" alt=\"\" width=\"1024\" height=\"768\" srcset=\"https:\/\/agora.xtec.cat\/escolaconcordia\/wp-content\/uploads\/usu2135\/2021\/04\/IMG_20210324_113220-1024x768.jpg 1024w, https:\/\/agora.xtec.cat\/escolaconcordia\/wp-content\/uploads\/usu2135\/2021\/04\/IMG_20210324_113220-300x225.jpg 300w, https:\/\/agora.xtec.cat\/escolaconcordia\/wp-content\/uploads\/usu2135\/2021\/04\/IMG_20210324_113220-768x576.jpg 768w, https:\/\/agora.xtec.cat\/escolaconcordia\/wp-content\/uploads\/usu2135\/2021\/04\/IMG_20210324_113220-200x150.jpg 200w\" sizes=\"auto, (max-width: 1024px) 100vw, 1024px\" \/><\/a><\/div>\n<div><\/div>\n<h2 class=\"gmail_default\"><span style=\"color: #99cc00;\"><strong>TALLER MESUMAT: EL NOSTRE SISTEMA MONETARI<\/strong><\/span><\/h2>\n<p class=\"gmail_default\">A 3r hem dedicat l&#8217;\u00faltim taller a descobrir i treballar el nostre sistema monetari. Ens agraden molt els reptes a trav\u00e9s de jocs d&#8217;intercanvi de monedes. Hem apr\u00e8s a fer equival\u00e8ncies i a distingir les monedes i els bitllets que ens envolten simulant la nostra pr\u00f2pia compra. Gr\u00e0cies a aquest taller posem a la pr\u00e0ctica molts aprenentatges de l&#8217;\u00e0rea de matem\u00e0tiques de manera vivencial.<\/p>\n<h2><a href=\"https:\/\/photos.app.goo.gl\/7c15w8Q9WjeUwzfB8\" target=\"_blank\" rel=\"noopener noreferrer\"><img loading=\"lazy\" decoding=\"async\" class=\"aligncenter size-large wp-image-1970\" src=\"https:\/\/agora.xtec.cat\/escolaconcordia\/wp-content\/uploads\/usu2135\/2021\/04\/a8ca1a53-eaea-4f2e-8e1b-ad6f7b619a3d-1024x768.jpg\" alt=\"\" width=\"1024\" height=\"768\" srcset=\"https:\/\/agora.xtec.cat\/escolaconcordia\/wp-content\/uploads\/usu2135\/2021\/04\/a8ca1a53-eaea-4f2e-8e1b-ad6f7b619a3d-1024x768.jpg 1024w, https:\/\/agora.xtec.cat\/escolaconcordia\/wp-content\/uploads\/usu2135\/2021\/04\/a8ca1a53-eaea-4f2e-8e1b-ad6f7b619a3d-300x225.jpg 300w, https:\/\/agora.xtec.cat\/escolaconcordia\/wp-content\/uploads\/usu2135\/2021\/04\/a8ca1a53-eaea-4f2e-8e1b-ad6f7b619a3d-768x576.jpg 768w, https:\/\/agora.xtec.cat\/escolaconcordia\/wp-content\/uploads\/usu2135\/2021\/04\/a8ca1a53-eaea-4f2e-8e1b-ad6f7b619a3d-200x150.jpg 200w, https:\/\/agora.xtec.cat\/escolaconcordia\/wp-content\/uploads\/usu2135\/2021\/04\/a8ca1a53-eaea-4f2e-8e1b-ad6f7b619a3d.jpg 2048w\" sizes=\"auto, (max-width: 1024px) 100vw, 1024px\" \/><\/a><\/h2>\n<h2><strong><span style=\"color: #99cc00;\">DESCOBRIM L&#8217;APARELL LOCOMOTOR<\/span><\/strong><\/h2>\n<p>Els nens i nenes de 3r A estem aprofitant per fer molta ci\u00e8ncia a l&#8217;aula. El segon trimestre vam estar descobrint el nostre aparell locomotor. Ens agrada molt aprendre amb grups cooperatius. Us deixem una mostra dels nostres \u00faltims treballs.<\/p>\n<h2><a href=\"https:\/\/photos.app.goo.gl\/qEVQiQGRiHcbqZry5\" target=\"_blank\" rel=\"noopener noreferrer\"><img loading=\"lazy\" decoding=\"async\" class=\"aligncenter size-large wp-image-1971\" src=\"https:\/\/agora.xtec.cat\/escolaconcordia\/wp-content\/uploads\/usu2135\/2021\/04\/IMG_20210120_154702-1024x768.jpg\" alt=\"\" width=\"1024\" height=\"768\" srcset=\"https:\/\/agora.xtec.cat\/escolaconcordia\/wp-content\/uploads\/usu2135\/2021\/04\/IMG_20210120_154702.jpg 1024w, https:\/\/agora.xtec.cat\/escolaconcordia\/wp-content\/uploads\/usu2135\/2021\/04\/IMG_20210120_154702-300x225.jpg 300w, https:\/\/agora.xtec.cat\/escolaconcordia\/wp-content\/uploads\/usu2135\/2021\/04\/IMG_20210120_154702-768x576.jpg 768w, https:\/\/agora.xtec.cat\/escolaconcordia\/wp-content\/uploads\/usu2135\/2021\/04\/IMG_20210120_154702-200x150.jpg 200w\" sizes=\"auto, (max-width: 1024px) 100vw, 1024px\" \/><\/a><\/h2>\n<h2><span style=\"color: #99cc00;\"><strong>CELEBREM EL CARNAVAL<\/strong><\/span><\/h2>\n<p>El segon trimestre ens ho vam passar genial celebrant el Carnaval! Ho volem recordar compartint amb vosaltres un recull de fotos de moments inoblidables.<\/p>\n<p><a href=\"https:\/\/photos.app.goo.gl\/ykLCPvGGbGweBZKi6\" target=\"_blank\" rel=\"noopener noreferrer\"><img loading=\"lazy\" decoding=\"async\" class=\"aligncenter size-large wp-image-1972\" src=\"https:\/\/agora.xtec.cat\/escolaconcordia\/wp-content\/uploads\/usu2135\/2021\/04\/IMG_20210129_152109-1024x768.jpg\" alt=\"\" width=\"1024\" height=\"768\" srcset=\"https:\/\/agora.xtec.cat\/escolaconcordia\/wp-content\/uploads\/usu2135\/2021\/04\/IMG_20210129_152109.jpg 1024w, https:\/\/agora.xtec.cat\/escolaconcordia\/wp-content\/uploads\/usu2135\/2021\/04\/IMG_20210129_152109-300x225.jpg 300w, https:\/\/agora.xtec.cat\/escolaconcordia\/wp-content\/uploads\/usu2135\/2021\/04\/IMG_20210129_152109-768x576.jpg 768w, https:\/\/agora.xtec.cat\/escolaconcordia\/wp-content\/uploads\/usu2135\/2021\/04\/IMG_20210129_152109-200x150.jpg 200w\" sizes=\"auto, (max-width: 1024px) 100vw, 1024px\" \/><\/a><\/p>\n<h2><span style=\"color: #99cc00;\"><strong>FLIPBOOK: ALL ABOUT ME<\/strong><\/span><\/h2>\n<p>Els nens i les nenes de tercer de prim\u00e0ria han gaudit molt\u00edssim fent els flipbooks de &#8220;All about me&#8221;. Gr\u00e0cies als quals hem treballat oralment el vocabulari en angl\u00e8s i ens hem conegut una mica m\u00e9s els uns als altres.<\/p>\n<p>Per\u00f2 que b\u00e9 que s&#8217;expressen en angl\u00e8s!<br \/>\nI que bonics han quedat, si \u00e9s que s\u00f3n uns artistes!!!.<\/p>\n<h2><a href=\"https:\/\/photos.app.goo.gl\/6qcsBEpkgUVkB7U2A\" target=\"_blank\" rel=\"noopener noreferrer\"><img loading=\"lazy\" decoding=\"async\" class=\"aligncenter size-large wp-image-1953\" src=\"https:\/\/agora.xtec.cat\/escolaconcordia\/wp-content\/uploads\/usu2135\/2021\/03\/tempImageWzPiqA-768x1024.jpg\" alt=\"\" width=\"768\" height=\"1024\" srcset=\"https:\/\/agora.xtec.cat\/escolaconcordia\/wp-content\/uploads\/usu2135\/2021\/03\/tempImageWzPiqA.jpg 768w, https:\/\/agora.xtec.cat\/escolaconcordia\/wp-content\/uploads\/usu2135\/2021\/03\/tempImageWzPiqA-225x300.jpg 225w\" sizes=\"auto, (max-width: 768px) 100vw, 768px\" \/><\/a><\/h2>\n<h2><strong><span style=\"color: #99cc00;\">AIXEQUEM LES MANS PER LA PAU<\/span><\/strong><\/h2>\n<p>A 3r no vam deixar passar el dia de la PAU a l&#8217;aula. Vam conversar, compartir, treballar en equip i crear el nostre esl\u00f2gan.\u00a0 Volem reivindicar que la PAU l&#8217;haur\u00edem de celebrar cada dia. Per aix\u00f2 tenim un missatge molt clar: <a href=\"https:\/\/photos.app.goo.gl\/Zz3kS7dgikFSAYfA9\">&#8220;<\/a>Aixequem les mans per la PAU!&#8221;<\/p>\n<p><iframe loading=\"lazy\" src=\"https:\/\/drive.google.com\/file\/d\/1GTn1pm-Q0QGDb9D60uSphCLGXyXZwPae\/preview\" width=\"640\" height=\"480\"><\/iframe><\/p>\n<h2><strong><span style=\"color: #99cc00;\">TALLER XERRAMECA: ANEM AL RESTAURANT<\/span><\/strong><\/h2>\n<p>Durant el primer trimestre els nens i nenes de 3r hem participat i gaudit del Taller Xerrameca &#8220;Anem al restaurant!&#8221;<\/p>\n<p>Ho hem fet simulant una escena molt divertida en un restaurant treballant el di\u00e0leg entre cambrers\/es i clients\/es.<\/p>\n<p>Voleu veure la nostra posada en escena?<\/p>\n<p><a href=\"https:\/\/photos.app.goo.gl\/9sMD1cKARuBJcMrV8\" target=\"_blank\" rel=\"noopener noreferrer\">Aqu\u00ed us ensenyem les nostres actuacions.<\/a><\/p>\n","protected":false},"excerpt":{"rendered":"<p>FEM D&#8217;ARTISTES<br \/>\nA la nostra escola cada curs\u00a0 &#8220;fem d&#8217;artistes&#8221;.\u00a0 Voleu entrar i veure el Museu Conc\u00f2rdia? Podeu clicar a sobre de la imatge i gaudir de la visita.<br \/>\n<a href=\"https:\/\/drive.google.com\/file\/d\/1Xu3aRpXWFyB-HhduPoUkKh64gdu98EVN\/view?usp=sharing\" target=\"_blank\" rel=\"noopener noreferrer\"><\/a><br \/>\nASSAIG \u00a0DE LA CLIKA<\/p>\n<p>Hola a tothom! Com ja sabeu, aquesta setmana arriba el gran&hellip;  <a href=\"https:\/\/agora.xtec.cat\/escolaconcordia\/cursos\/3r\/\" title=\"Read 3rA\">Llegeix m\u00e9s\u00bb<\/a><\/p>\n","protected":false},"author":1,"featured_media":0,"parent":728,"menu_order":130,"comment_status":"closed","ping_status":"closed","template":"page-templates\/side-menu.php","meta":{"_bbp_topic_count":0,"_bbp_reply_count":0,"_bbp_total_topic_count":0,"_bbp_total_reply_count":0,"_bbp_voice_count":0,"_bbp_anonymous_reply_count":0,"_bbp_topic_count_hidden":0,"_bbp_reply_count_hidden":0,"_bbp_forum_subforum_count":0,"footnotes":""},"class_list":["post-741","page","type-page","status-publish","hentry"],"post_mailing_queue_ids":[],"_links":{"self":[{"href":"https:\/\/agora.xtec.cat\/escolaconcordia\/wp-json\/wp\/v2\/pages\/741","targetHints":{"allow":["GET"]}}],"collection":[{"href":"https:\/\/agora.xtec.cat\/escolaconcordia\/wp-json\/wp\/v2\/pages"}],"about":[{"href":"https:\/\/agora.xtec.cat\/escolaconcordia\/wp-json\/wp\/v2\/types\/page"}],"author":[{"embeddable":true,"href":"https:\/\/agora.xtec.cat\/escolaconcordia\/wp-json\/wp\/v2\/users\/1"}],"replies":[{"embeddable":true,"href":"https:\/\/agora.xtec.cat\/escolaconcordia\/wp-json\/wp\/v2\/comments?post=741"}],"version-history":[{"count":3,"href":"https:\/\/agora.xtec.cat\/escolaconcordia\/wp-json\/wp\/v2\/pages\/741\/revisions"}],"predecessor-version":[{"id":2564,"href":"https:\/\/agora.xtec.cat\/escolaconcordia\/wp-json\/wp\/v2\/pages\/741\/revisions\/2564"}],"up":[{"embeddable":true,"href":"https:\/\/agora.xtec.cat\/escolaconcordia\/wp-json\/wp\/v2\/pages\/728"}],"wp:attachment":[{"href":"https:\/\/agora.xtec.cat\/escolaconcordia\/wp-json\/wp\/v2\/media?parent=741"}],"curies":[{"name":"wp","href":"https:\/\/api.w.org\/{rel}","templated":true}]}}