{"id":733,"date":"2020-04-17T19:42:18","date_gmt":"2020-04-17T17:42:18","guid":{"rendered":"https:\/\/agora.xtec.cat\/ceipconcordia\/?page_id=733"},"modified":"2021-06-15T17:12:39","modified_gmt":"2021-06-15T15:12:39","slug":"p4","status":"publish","type":"page","link":"https:\/\/agora.xtec.cat\/escolaconcordia\/cursos\/p4\/","title":{"rendered":"P4A"},"content":{"rendered":"<h2><span style=\"color: #99cc00;\"><strong>FEM D&#8217;ARTISTES<\/strong><\/span><\/h2>\n<p>A LA NOSTRA ESCOLA CADA CURS &#8220;FEM D&#8217;ARTISTES&#8221;.<\/p>\n<p>VOLEU ENTRAR I VEURE EL MUSEU CONC\u00d2RDIA?<\/p>\n<p>CLIQUEU A SOBRE DE LA IMATGE I GAUDIU DE LA VISITA.<\/p>\n<p><a href=\"https:\/\/drive.google.com\/file\/d\/1acew5T3YkLefHuaaeur13zMc66gl5zUa\/view?usp=sharing\" target=\"_blank\" rel=\"noopener noreferrer\"><img loading=\"lazy\" decoding=\"async\" class=\"aligncenter size-large wp-image-2428\" src=\"https:\/\/agora.xtec.cat\/escolaconcordia\/wp-content\/uploads\/usu2135\/2021\/06\/IMG-20210612-WA0000-1024x768.jpg\" alt=\"\" width=\"1024\" height=\"768\" srcset=\"https:\/\/agora.xtec.cat\/escolaconcordia\/wp-content\/uploads\/usu2135\/2021\/06\/IMG-20210612-WA0000.jpg 1024w, https:\/\/agora.xtec.cat\/escolaconcordia\/wp-content\/uploads\/usu2135\/2021\/06\/IMG-20210612-WA0000-300x225.jpg 300w, https:\/\/agora.xtec.cat\/escolaconcordia\/wp-content\/uploads\/usu2135\/2021\/06\/IMG-20210612-WA0000-768x576.jpg 768w, https:\/\/agora.xtec.cat\/escolaconcordia\/wp-content\/uploads\/usu2135\/2021\/06\/IMG-20210612-WA0000-200x150.jpg 200w\" sizes=\"auto, (max-width: 1024px) 100vw, 1024px\" \/><\/a><\/p>\n<h2><span style=\"color: #99cc00;\"><strong>ANEM A VISITAR EL CRAM<\/strong><\/span><\/h2>\n<p>ELS NENS I NENES DE P4 NO PAREM!!!\u00a0 ARA HEM ANAT A LA FUNDACI\u00d3 PER A LA CONSERVACI\u00d3 I RECUPERACI\u00d3 D\u2019ANIMALS MARINS, EL CRAM.<\/p>\n<p>PRIMER HEM ANAT A ESMORZAR A LA PLATJA I HEM TINGUT UNA ESTONA PER JUGAR AMB LA SORRA!!! HA ESTAT MOLT DIVERTIT!!!<\/p>\n<p>ABANS D\u2019ENTRAR AL CRAM ENS HEM HAGUT DE TREURE LA SORRA DE LES SABATES!!!<\/p>\n<p>LA VISITA A LA FUNDACI\u00d3 HA ESTAT MOLT INTERESSANT ENS HAN EXPLICAT COM TENEN CURA DE LES TORTUGUES QUE TENEN ALL\u00c0 I LES HEM POGUT VEURE.<\/p>\n<p>TAMB\u00c9 HEM FET UN TALLER MOLT XULO: \u00a0QU\u00c8 HAUR\u00cdEM DE FER SI ENS TROBEM UN ANIMAL A LA PLATJA?<\/p>\n<p>EN AQUESTA ACTIVITAT ENTRE TOTS HEM FET TOT EL QUE FAN EN EL CRAM\u00a0 PER A RECUPERAR UN ANIMAL MAR\u00cd QUE QUEDA ENCALLAT A LA COSTA. ENS HA AGRADAT MOLT!!!<\/p>\n<p>PER ACABAR HEM ANAT A UN PARC A DINAR.<\/p>\n<p>UN DIA MOLT COMPLERT!!!!!\u00a0 PER REPETIR!!!<\/p>\n<p><a href=\"https:\/\/photos.app.goo.gl\/mGHX6sGpFitjhquv5\" target=\"_blank\" rel=\"noopener noreferrer\"><img loading=\"lazy\" decoding=\"async\" class=\"aligncenter size-large wp-image-2191\" src=\"https:\/\/agora.xtec.cat\/escolaconcordia\/wp-content\/uploads\/usu2135\/2021\/05\/IMG_20210506_133704-768x1024.jpg\" alt=\"\" width=\"768\" height=\"1024\" srcset=\"https:\/\/agora.xtec.cat\/escolaconcordia\/wp-content\/uploads\/usu2135\/2021\/05\/IMG_20210506_133704.jpg 768w, https:\/\/agora.xtec.cat\/escolaconcordia\/wp-content\/uploads\/usu2135\/2021\/05\/IMG_20210506_133704-225x300.jpg 225w\" sizes=\"auto, (max-width: 768px) 100vw, 768px\" \/><\/a><\/p>\n<h2><span style=\"color: #99cc00;\"><strong>SORTIDA A EL XARAGALL DE P4 I P5<\/strong><\/span><\/h2>\n<p>El passat dimarts dia 13 d\u2019abril vam fer la sortida de tot el dia que fem cada any els nens i nenes de P4 amb els de P5.<\/p>\n<p>Vam anar a El Xaragall a Llinars del Vall\u00e8s.<\/p>\n<p>La sortida va \u00e9sser una jornada l\u00fadica i educativa que ens va apropar a l\u2019entorn natural del bosc i la granja.<\/p>\n<p>Ho vam passar molt b\u00e9, vam entrar en un tipi d\u2019indis, vam tocar els seus instruments, vam fer una excursi\u00f3 pel bosc i vam trobar cabanes fetes amb troncs, nosaltres tamb\u00e9 en vam fer!!!<\/p>\n<p>Ens va agradar molt dinar tots junts, despr\u00e9s vam poder jugar i visitar els animals de la granja.<\/p>\n<p>Ho podeu veure en les fotografies!!! Moltes coses i molt divertit!!!<\/p>\n<p><a href=\"https:\/\/photos.app.goo.gl\/VHZJsQMkwfHWVGUW6\" target=\"_blank\" rel=\"noopener noreferrer\"><img loading=\"lazy\" decoding=\"async\" class=\"aligncenter size-large wp-image-2110\" src=\"https:\/\/agora.xtec.cat\/escolaconcordia\/wp-content\/uploads\/usu2135\/2021\/05\/23-IMG_20210413_113731-768x1024.jpg\" alt=\"\" width=\"768\" height=\"1024\" srcset=\"https:\/\/agora.xtec.cat\/escolaconcordia\/wp-content\/uploads\/usu2135\/2021\/05\/23-IMG_20210413_113731.jpg 768w, https:\/\/agora.xtec.cat\/escolaconcordia\/wp-content\/uploads\/usu2135\/2021\/05\/23-IMG_20210413_113731-225x300.jpg 225w\" sizes=\"auto, (max-width: 768px) 100vw, 768px\" \/><\/a><\/p>\n<h2><span style=\"color: #99cc00;\"><strong>ESPAIS<\/strong><\/span><\/h2>\n<p>Durant aquest curs tant excepcional no hem volgut deixar passar l&#8217;oportunitat de poder aprendre i gaudir a partir dels diferents espais que tenim a l&#8217;escola a trav\u00e9s del joc, la manipulaci\u00f3, l\u2019experimentaci\u00f3 i la relaci\u00f3 amb els altres, aprenent amb i dels nostres companys i companyes. Amb els espais pretenem que siguin els propis infants els que construeixin el seu propi coneixement interactuant amb els seus iguals i amb els diferents materials que els hi proporcionem, fomentant aix\u00ed tamb\u00e9 la seva autonomia i ajudant-los a pensar per ells mateixos.<\/p>\n<p>Els espais que duem a terme s\u00f3n: A la fresca, Experimenta, Constru\u00efm, Minimons i Sensaci\u00f3 de viure.<\/p>\n<h2><a href=\"https:\/\/photos.app.goo.gl\/sZa5eXByeph1rZZC9\"><img loading=\"lazy\" decoding=\"async\" class=\"aligncenter size-large wp-image-1628\" src=\"https:\/\/agora.xtec.cat\/escolaconcordia\/wp-content\/uploads\/usu2135\/2021\/02\/ESPAIS-1024x768.jpg\" alt=\"\" width=\"1024\" height=\"768\" srcset=\"https:\/\/agora.xtec.cat\/escolaconcordia\/wp-content\/uploads\/usu2135\/2021\/02\/ESPAIS-1024x768.jpg 1024w, https:\/\/agora.xtec.cat\/escolaconcordia\/wp-content\/uploads\/usu2135\/2021\/02\/ESPAIS-300x225.jpg 300w, https:\/\/agora.xtec.cat\/escolaconcordia\/wp-content\/uploads\/usu2135\/2021\/02\/ESPAIS-768x576.jpg 768w, https:\/\/agora.xtec.cat\/escolaconcordia\/wp-content\/uploads\/usu2135\/2021\/02\/ESPAIS-200x150.jpg 200w\" sizes=\"auto, (max-width: 1024px) 100vw, 1024px\" \/><\/a><\/h2>\n<h2><span style=\"color: #99cc00;\"><strong>PSICOMOTRICITAT<\/strong><\/span><\/h2>\n<p>A psicomotricitat anem avan\u00e7ant en la descoberta del nostre cos fent exercicis molt divertits!!!!! Fem activitats que ens permeten explorar les nostres possibilitats motrius: fer equilibris, c\u00f3rrer, enfilar-nos, saltar, arrossegar-nos,&#8230;<\/p>\n<figure class=\"figure wp-caption alignnone\"><a href=\"https:\/\/photos.app.goo.gl\/rw2uESBvUjkJmASZ8\"><img loading=\"lazy\" decoding=\"async\" class=\"size-large wp-image-1538\" src=\"https:\/\/agora.xtec.cat\/escolaconcordia\/wp-content\/uploads\/usu2135\/2021\/02\/PSICO-1024x768.jpg\" alt=\"\" width=\"1024\" height=\"768\" srcset=\"https:\/\/agora.xtec.cat\/escolaconcordia\/wp-content\/uploads\/usu2135\/2021\/02\/PSICO.jpg 1024w, https:\/\/agora.xtec.cat\/escolaconcordia\/wp-content\/uploads\/usu2135\/2021\/02\/PSICO-300x225.jpg 300w, https:\/\/agora.xtec.cat\/escolaconcordia\/wp-content\/uploads\/usu2135\/2021\/02\/PSICO-768x576.jpg 768w, https:\/\/agora.xtec.cat\/escolaconcordia\/wp-content\/uploads\/usu2135\/2021\/02\/PSICO-200x150.jpg 200w\" sizes=\"auto, (max-width: 1024px) 100vw, 1024px\" \/><\/a><figcaption class=\"wp-caption-text\">dav<\/figcaption><\/figure>\n<h2><strong><span style=\"color: #99cc00;\">L&#8217;HORA DE CONTE<\/span><\/strong><\/h2>\n<p>Quan a la tarda entrem a l&#8217;escola, durant 15 minuts fem una estona de lectura compartida o individual. Treballem el plaer de la lectura mirant contes o escoltant les hist\u00f2ries que ens expliquen.<\/p>\n<p><a href=\"https:\/\/photos.app.goo.gl\/SAspytQTNkU3ZQQg9\"><img loading=\"lazy\" decoding=\"async\" class=\"alignnone size-large wp-image-1537\" src=\"https:\/\/agora.xtec.cat\/escolaconcordia\/wp-content\/uploads\/usu2135\/2021\/02\/CONTE-1024x768.jpg\" alt=\"\" width=\"1024\" height=\"768\" srcset=\"https:\/\/agora.xtec.cat\/escolaconcordia\/wp-content\/uploads\/usu2135\/2021\/02\/CONTE.jpg 1024w, https:\/\/agora.xtec.cat\/escolaconcordia\/wp-content\/uploads\/usu2135\/2021\/02\/CONTE-300x225.jpg 300w, https:\/\/agora.xtec.cat\/escolaconcordia\/wp-content\/uploads\/usu2135\/2021\/02\/CONTE-768x576.jpg 768w, https:\/\/agora.xtec.cat\/escolaconcordia\/wp-content\/uploads\/usu2135\/2021\/02\/CONTE-200x150.jpg 200w\" sizes=\"auto, (max-width: 1024px) 100vw, 1024px\" \/><\/a><\/p>\n<h2><span style=\"color: #99cc00;\"><strong>JUGUEM AMB LES MATEM\u00c0TIQUES<\/strong><\/span><\/h2>\n<p>Fem matem\u00e0tiques jugant amb materials diferents a classificar, ordenar, comparar,&#8230;..i aix\u00ed aprenem molt!!!!!!<\/p>\n<p><a href=\"https:\/\/photos.app.goo.gl\/rM7mgt8pKPkQrS4G7\"><img loading=\"lazy\" decoding=\"async\" class=\"alignnone size-large wp-image-1535\" src=\"https:\/\/agora.xtec.cat\/escolaconcordia\/wp-content\/uploads\/usu2135\/2021\/02\/Manipulatives-768x1024.jpg\" alt=\"\" width=\"768\" height=\"1024\" srcset=\"https:\/\/agora.xtec.cat\/escolaconcordia\/wp-content\/uploads\/usu2135\/2021\/02\/Manipulatives.jpg 768w, https:\/\/agora.xtec.cat\/escolaconcordia\/wp-content\/uploads\/usu2135\/2021\/02\/Manipulatives-225x300.jpg 225w\" sizes=\"auto, (max-width: 768px) 100vw, 768px\" \/><\/a><\/p>\n<h2><strong><span style=\"color: #99cc00;\">EL TI\u00d3<\/span><\/strong><\/h2>\n<p>Els nens i nenes de P4 hem anat a buscar el ti\u00f3 per l&#8217;escola, \u00e9s molt entremaliat i s&#8217;ha amagat al pati de les moreres. Al final l&#8217;hem trobat!!!!!<\/p>\n<p>Despr\u00e9s d&#8217;alimentar-lo molt b\u00e9 l&#8217;hem fet cagar!!!!!! Cliqueu a sobre les imatges&#8230;<\/p>\n<p><a href=\"https:\/\/photos.app.goo.gl\/FuWM131RAeHP1h156\"><img loading=\"lazy\" decoding=\"async\" class=\"alignnone size-large wp-image-1215\" src=\"https:\/\/agora.xtec.cat\/escolaconcordia\/wp-content\/uploads\/usu2135\/2021\/01\/Tio-P4A-1024x768.jpg\" alt=\"\" width=\"1024\" height=\"768\" srcset=\"https:\/\/agora.xtec.cat\/escolaconcordia\/wp-content\/uploads\/usu2135\/2021\/01\/Tio-P4A.jpg 1024w, https:\/\/agora.xtec.cat\/escolaconcordia\/wp-content\/uploads\/usu2135\/2021\/01\/Tio-P4A-300x225.jpg 300w, https:\/\/agora.xtec.cat\/escolaconcordia\/wp-content\/uploads\/usu2135\/2021\/01\/Tio-P4A-768x576.jpg 768w, https:\/\/agora.xtec.cat\/escolaconcordia\/wp-content\/uploads\/usu2135\/2021\/01\/Tio-P4A-200x150.jpg 200w\" sizes=\"auto, (max-width: 1024px) 100vw, 1024px\" \/><\/a><\/p>\n<p><a href=\"https:\/\/photos.app.goo.gl\/8zw8GFVEAH5ZDCT47\"><img loading=\"lazy\" decoding=\"async\" class=\"alignnone size-large wp-image-1217\" src=\"https:\/\/agora.xtec.cat\/escolaconcordia\/wp-content\/uploads\/usu2135\/2021\/01\/Caga-P4A-1024x768.jpg\" alt=\"\" width=\"1024\" height=\"768\" srcset=\"https:\/\/agora.xtec.cat\/escolaconcordia\/wp-content\/uploads\/usu2135\/2021\/01\/Caga-P4A.jpg 1024w, https:\/\/agora.xtec.cat\/escolaconcordia\/wp-content\/uploads\/usu2135\/2021\/01\/Caga-P4A-300x225.jpg 300w, https:\/\/agora.xtec.cat\/escolaconcordia\/wp-content\/uploads\/usu2135\/2021\/01\/Caga-P4A-768x576.jpg 768w, https:\/\/agora.xtec.cat\/escolaconcordia\/wp-content\/uploads\/usu2135\/2021\/01\/Caga-P4A-200x150.jpg 200w\" sizes=\"auto, (max-width: 1024px) 100vw, 1024px\" \/><\/a><\/p>\n","protected":false},"excerpt":{"rendered":"<p>FEM D&#8217;ARTISTES<br \/>\nA LA NOSTRA ESCOLA CADA CURS &#8220;FEM D&#8217;ARTISTES&#8221;.<br \/>\nVOLEU ENTRAR I VEURE EL MUSEU CONC\u00d2RDIA?<br \/>\nCLIQUEU A SOBRE DE LA IMATGE I GAUDIU DE LA VISITA.<br \/>\n<a href=\"https:\/\/drive.google.com\/file\/d\/1acew5T3YkLefHuaaeur13zMc66gl5zUa\/view?usp=sharing\" target=\"_blank\" rel=\"noopener noreferrer\"><\/a><br \/>\nANEM A VISITAR EL CRAM<br \/>\nELS NENS I NENES DE P4 NO PAREM!!!\u00a0 ARA HEM ANAT A LA&hellip;  <a href=\"https:\/\/agora.xtec.cat\/escolaconcordia\/cursos\/p4\/\" title=\"Read P4A\">Llegeix m\u00e9s\u00bb<\/a><\/p>\n","protected":false},"author":1,"featured_media":0,"parent":728,"menu_order":20,"comment_status":"closed","ping_status":"closed","template":"page-templates\/side-menu.php","meta":{"_bbp_topic_count":0,"_bbp_reply_count":0,"_bbp_total_topic_count":0,"_bbp_total_reply_count":0,"_bbp_voice_count":0,"_bbp_anonymous_reply_count":0,"_bbp_topic_count_hidden":0,"_bbp_reply_count_hidden":0,"_bbp_forum_subforum_count":0,"footnotes":""},"class_list":["post-733","page","type-page","status-publish","hentry"],"post_mailing_queue_ids":[],"_links":{"self":[{"href":"https:\/\/agora.xtec.cat\/escolaconcordia\/wp-json\/wp\/v2\/pages\/733","targetHints":{"allow":["GET"]}}],"collection":[{"href":"https:\/\/agora.xtec.cat\/escolaconcordia\/wp-json\/wp\/v2\/pages"}],"about":[{"href":"https:\/\/agora.xtec.cat\/escolaconcordia\/wp-json\/wp\/v2\/types\/page"}],"author":[{"embeddable":true,"href":"https:\/\/agora.xtec.cat\/escolaconcordia\/wp-json\/wp\/v2\/users\/1"}],"replies":[{"embeddable":true,"href":"https:\/\/agora.xtec.cat\/escolaconcordia\/wp-json\/wp\/v2\/comments?post=733"}],"version-history":[{"count":4,"href":"https:\/\/agora.xtec.cat\/escolaconcordia\/wp-json\/wp\/v2\/pages\/733\/revisions"}],"predecessor-version":[{"id":2447,"href":"https:\/\/agora.xtec.cat\/escolaconcordia\/wp-json\/wp\/v2\/pages\/733\/revisions\/2447"}],"up":[{"embeddable":true,"href":"https:\/\/agora.xtec.cat\/escolaconcordia\/wp-json\/wp\/v2\/pages\/728"}],"wp:attachment":[{"href":"https:\/\/agora.xtec.cat\/escolaconcordia\/wp-json\/wp\/v2\/media?parent=733"}],"curies":[{"name":"wp","href":"https:\/\/api.w.org\/{rel}","templated":true}]}}