{"id":731,"date":"2020-04-17T19:41:55","date_gmt":"2020-04-17T17:41:55","guid":{"rendered":"https:\/\/agora.xtec.cat\/ceipconcordia\/?page_id=731"},"modified":"2021-06-22T20:39:41","modified_gmt":"2021-06-22T18:39:41","slug":"p3","status":"publish","type":"page","link":"https:\/\/agora.xtec.cat\/escolaconcordia\/cursos\/p3\/","title":{"rendered":"P3A"},"content":{"rendered":"<h2><span style=\"color: #99cc00;\"><strong>MOLT BON ESTIU!<\/strong><\/span><\/h2>\n<p>AVUI HA SIGUT L&#8217;\u00daLTIM DIA D&#8217;ESCOLA AIX\u00cd QUE HEM FET MOLTS JOCS, HEM JUGAT AMB AIGUA,<\/p>\n<p>HEM FET BOMBOLLES, HEM BALLAT, SALTAT I JUGAT MOLT.<\/p>\n<p>HEM GAUDIT I HO HEM PASSAT D&#8217;ALL\u00d2 M\u00c9S B\u00c9.<\/p>\n<p>FINS L&#8217;ANY QUE VE.<\/p>\n<p>MOLT BON ESTIU!<\/p>\n<p><a href=\"https:\/\/photos.app.goo.gl\/eKsCmm3wNZWDR8j6A\" target=\"_blank\" rel=\"noopener noreferrer\"><img loading=\"lazy\" decoding=\"async\" class=\"aligncenter size-large wp-image-2586\" src=\"https:\/\/agora.xtec.cat\/escolaconcordia\/wp-content\/uploads\/usu2135\/2021\/06\/PHOTO-2021-06-22-13-54-43-7-769x1024.jpg\" alt=\"\" width=\"769\" height=\"1024\" srcset=\"https:\/\/agora.xtec.cat\/escolaconcordia\/wp-content\/uploads\/usu2135\/2021\/06\/PHOTO-2021-06-22-13-54-43-7.jpg 769w, https:\/\/agora.xtec.cat\/escolaconcordia\/wp-content\/uploads\/usu2135\/2021\/06\/PHOTO-2021-06-22-13-54-43-7-225x300.jpg 225w, https:\/\/agora.xtec.cat\/escolaconcordia\/wp-content\/uploads\/usu2135\/2021\/06\/PHOTO-2021-06-22-13-54-43-7-768x1023.jpg 768w\" sizes=\"auto, (max-width: 769px) 100vw, 769px\" \/><\/a><\/p>\n<h2><span style=\"color: #99cc00;\"><strong>SAFAREIG DE LA FONT NOVA<\/strong><\/span><\/h2>\n<p><span style=\"color: #000000;\"><span style=\"caret-color: #000000;\">EL\u00a0<\/span><\/span>DIVENDRES VAM ANAR D&#8217;EXCURSI\u00d3 I VAM FER UNA ACTIVITAT QUE ES DEIA XIP-XAP.<\/p>\n<p>VAM JUGAR AMB AIGUA I VAM PESCAR PEIXETS.<\/p>\n<p>HO VAM PASSAR D&#8217;ALL\u00d2 M\u00c9S B\u00c9.<\/p>\n<p><a href=\"https:\/\/photos.app.goo.gl\/rqjBtLjJTg8rwdiq6\" target=\"_blank\" rel=\"noopener noreferrer\"><img loading=\"lazy\" decoding=\"async\" class=\"aligncenter size-large wp-image-2588\" src=\"https:\/\/agora.xtec.cat\/escolaconcordia\/wp-content\/uploads\/usu2135\/2021\/06\/tempImage5Le5Z9-1024x768.jpg\" alt=\"\" width=\"1024\" height=\"768\" srcset=\"https:\/\/agora.xtec.cat\/escolaconcordia\/wp-content\/uploads\/usu2135\/2021\/06\/tempImage5Le5Z9.jpg 1024w, https:\/\/agora.xtec.cat\/escolaconcordia\/wp-content\/uploads\/usu2135\/2021\/06\/tempImage5Le5Z9-300x225.jpg 300w, https:\/\/agora.xtec.cat\/escolaconcordia\/wp-content\/uploads\/usu2135\/2021\/06\/tempImage5Le5Z9-768x576.jpg 768w, https:\/\/agora.xtec.cat\/escolaconcordia\/wp-content\/uploads\/usu2135\/2021\/06\/tempImage5Le5Z9-200x150.jpg 200w\" sizes=\"auto, (max-width: 1024px) 100vw, 1024px\" \/><\/a><\/p>\n<h2><span style=\"color: #99cc00;\"><strong>ENS MENGEM LES MADUIXES DEL NOSTRE HORT<\/strong><\/span><\/h2>\n<p>A PRINCIPI DE CURS VAM PLANTAR AL NOSTRE HORT DIFERENTS ALIMENTS. AIX\u00cd QUE HEM APROFITAT<\/p>\n<p>I HEM COLLIT LES MADUIXES QUE JA ESTAVEN BONES.<\/p>\n<div>LES HEM REPARTIT A TOTS ELS NENS I NENES I ENS LES HEM MENJAT.<\/div>\n<div><\/div>\n<div><\/div>\n<div>MMM ESTAVEN BON\u00cdSSIMES!<\/div>\n<div><\/div>\n<div><\/div>\n<div><a href=\"https:\/\/photos.app.goo.gl\/zCEeWaFV9CHPiLb28\" target=\"_blank\" rel=\"noopener noreferrer\"><img loading=\"lazy\" decoding=\"async\" class=\"aligncenter size-large wp-image-2589\" src=\"https:\/\/agora.xtec.cat\/escolaconcordia\/wp-content\/uploads\/usu2135\/2021\/06\/tempImageeOqFLw-1024x768.jpg\" alt=\"\" width=\"1024\" height=\"768\" srcset=\"https:\/\/agora.xtec.cat\/escolaconcordia\/wp-content\/uploads\/usu2135\/2021\/06\/tempImageeOqFLw.jpg 1024w, https:\/\/agora.xtec.cat\/escolaconcordia\/wp-content\/uploads\/usu2135\/2021\/06\/tempImageeOqFLw-300x225.jpg 300w, https:\/\/agora.xtec.cat\/escolaconcordia\/wp-content\/uploads\/usu2135\/2021\/06\/tempImageeOqFLw-768x576.jpg 768w, https:\/\/agora.xtec.cat\/escolaconcordia\/wp-content\/uploads\/usu2135\/2021\/06\/tempImageeOqFLw-200x150.jpg 200w\" sizes=\"auto, (max-width: 1024px) 100vw, 1024px\" \/><\/a><\/div>\n<div><\/div>\n<h2><span style=\"color: #99cc00;\"><strong>FEM D&#8217;ARTISTES<\/strong><\/span><\/h2>\n<p>A LA NOSTRA ESCOLA CADA CURS &#8220;FEM D&#8217;ARTISTES&#8221;.<\/p>\n<p>VOLEU ENTRAR I VEURE EL MUSEU CONC\u00d2RDIA?<\/p>\n<p>CLIQUEU A SOBRE DE LA IMATGE I GAUDIU DE LA VISITA.<\/p>\n<p><a href=\"https:\/\/drive.google.com\/file\/d\/1OMTbRef3p3pBe-tCtLTap_uz1DkDMr0v\/view?usp=sharing\" target=\"_blank\" rel=\"noopener noreferrer\"><img loading=\"lazy\" decoding=\"async\" class=\"aligncenter size-large wp-image-2434\" src=\"https:\/\/agora.xtec.cat\/escolaconcordia\/wp-content\/uploads\/usu2135\/2021\/06\/FOTO-P3-MIR\u00d3-PORTADA-1-1024x714.jpg\" alt=\"\" width=\"1024\" height=\"714\" srcset=\"https:\/\/agora.xtec.cat\/escolaconcordia\/wp-content\/uploads\/usu2135\/2021\/06\/FOTO-P3-MIR\u00d3-PORTADA-1.jpg 1024w, https:\/\/agora.xtec.cat\/escolaconcordia\/wp-content\/uploads\/usu2135\/2021\/06\/FOTO-P3-MIR\u00d3-PORTADA-1-300x209.jpg 300w, https:\/\/agora.xtec.cat\/escolaconcordia\/wp-content\/uploads\/usu2135\/2021\/06\/FOTO-P3-MIR\u00d3-PORTADA-1-768x536.jpg 768w\" sizes=\"auto, (max-width: 1024px) 100vw, 1024px\" \/><\/a><\/p>\n<h2><span style=\"color: #99cc00;\"><strong>SABADELL, LA NOSTRA CIUTAT<\/strong><\/span><\/h2>\n<p>LA SETMANA PASSADA VAM CELEBRAR A L&#8217;ESCOLA LA SETMANA CULTURAL.<\/p>\n<p>HEM TREBALLAT SABADELL I AQU\u00cd US DEIXEM UN RECULL DE LES ACTIVITATS QUE HEM REALITZAT.<\/p>\n<p>HEM APR\u00c8S MOLT.<\/p>\n<p><a href=\"https:\/\/photos.app.goo.gl\/LecJGj6o9LZ1yJhK7\" target=\"_blank\" rel=\"noopener noreferrer\"><img loading=\"lazy\" decoding=\"async\" class=\"aligncenter size-large wp-image-2403\" src=\"https:\/\/agora.xtec.cat\/escolaconcordia\/wp-content\/uploads\/usu2135\/2021\/06\/tempImager0qVr7-1024x768.jpg\" alt=\"\" width=\"1024\" height=\"768\" srcset=\"https:\/\/agora.xtec.cat\/escolaconcordia\/wp-content\/uploads\/usu2135\/2021\/06\/tempImager0qVr7.jpg 1024w, https:\/\/agora.xtec.cat\/escolaconcordia\/wp-content\/uploads\/usu2135\/2021\/06\/tempImager0qVr7-300x225.jpg 300w, https:\/\/agora.xtec.cat\/escolaconcordia\/wp-content\/uploads\/usu2135\/2021\/06\/tempImager0qVr7-768x576.jpg 768w, https:\/\/agora.xtec.cat\/escolaconcordia\/wp-content\/uploads\/usu2135\/2021\/06\/tempImager0qVr7-200x150.jpg 200w\" sizes=\"auto, (max-width: 1024px) 100vw, 1024px\" \/><\/a><\/p>\n<h2><span style=\"color: #99cc00;\"><strong>VISITA A LA GRANJA DE CAN DEU<\/strong><\/span><\/h2>\n<p>HEM ANAT A LA GRANJA DE CAN DEU I HO HEM PASSAT MOLT B\u00c9.<\/p>\n<p>HEM VIST ANIMALS I ELS HEM DONAT DE MENJAR, TAMB\u00c9 HEM PLANTAT EN L&#8217;HORT.<\/p>\n<p>HEM GAUDIT MOLT D&#8217;AQUESTA EXPERI\u00c8NCIA.<\/p>\n<p><a href=\"https:\/\/photos.app.goo.gl\/iprywkt2b8FALtzk7\" target=\"_blank\" rel=\"noopener noreferrer\"><img loading=\"lazy\" decoding=\"async\" class=\"aligncenter size-large wp-image-2378\" src=\"https:\/\/agora.xtec.cat\/escolaconcordia\/wp-content\/uploads\/usu2135\/2021\/06\/tempImageaRtzYj-768x1024.jpg\" alt=\"\" width=\"768\" height=\"1024\" srcset=\"https:\/\/agora.xtec.cat\/escolaconcordia\/wp-content\/uploads\/usu2135\/2021\/06\/tempImageaRtzYj.jpg 768w, https:\/\/agora.xtec.cat\/escolaconcordia\/wp-content\/uploads\/usu2135\/2021\/06\/tempImageaRtzYj-225x300.jpg 225w\" sizes=\"auto, (max-width: 768px) 100vw, 768px\" \/><\/a><\/p>\n<h2><span style=\"color: #99cc00;\"><strong>ANEM AL TEATRE<\/strong><\/span><\/h2>\n<p>HEM ANAT A L&#8217;ESTRUCH A VEURE L&#8217;AVENTURA D&#8217;AVORRIR-SE.<\/p>\n<p>ENS HO HEM PASSAT MOLT B\u00c9 AMB LA RITA!<\/p>\n<p>LI PASSAVEN MOLTES AVENTURES!!!<\/p>\n<div>QU\u00c8 DIVERTIT!<\/div>\n<div><\/div>\n<div><a href=\"https:\/\/photos.app.goo.gl\/y1YvWuHdPG9PraSj7\" target=\"_blank\" rel=\"noopener noreferrer\"><img loading=\"lazy\" decoding=\"async\" class=\"aligncenter size-large wp-image-2182\" src=\"https:\/\/agora.xtec.cat\/escolaconcordia\/wp-content\/uploads\/usu2135\/2021\/05\/tempImageqRNXHv-1024x768.jpg\" alt=\"\" width=\"1024\" height=\"768\" srcset=\"https:\/\/agora.xtec.cat\/escolaconcordia\/wp-content\/uploads\/usu2135\/2021\/05\/tempImageqRNXHv.jpg 1024w, https:\/\/agora.xtec.cat\/escolaconcordia\/wp-content\/uploads\/usu2135\/2021\/05\/tempImageqRNXHv-300x225.jpg 300w, https:\/\/agora.xtec.cat\/escolaconcordia\/wp-content\/uploads\/usu2135\/2021\/05\/tempImageqRNXHv-768x576.jpg 768w, https:\/\/agora.xtec.cat\/escolaconcordia\/wp-content\/uploads\/usu2135\/2021\/05\/tempImageqRNXHv-200x150.jpg 200w\" sizes=\"auto, (max-width: 1024px) 100vw, 1024px\" \/><\/a><\/div>\n<div><\/div>\n<div><\/div>\n<h2><span style=\"color: #99cc00;\"><strong>PER SANT JORDI &#8230;<\/strong><\/span><\/h2>\n<p>PER SANTJORDI HEM FET MOLTES ACTIVITATS:<\/p>\n<p>LA LLEGENDA\u00a0 DE SANT JORDI. QUINA EMOCI\u00d3 !!!<\/p>\n<p>UNA ROSA DE PLASTILINA. ERA UNA SORPRESA !!!<\/p>\n<p>UN DIBUIX DELS TRES PORQUETS PELS JOCS FLORALS. QUINA FEINADA !!!<\/p>\n<p>UNA CARTA D&#8217;AGRA\u00cfMENT PEL DRAC. ENS VA PORTAR TRES CONTES PER LA CLASSE !!!<\/p>\n<p>LA ROSA FIT\u00c9 VA VENIR A L&#8217;ESCOLA PER EXPLICAR-NOS CONTES I POEMES. QU\u00c8 DIVERTIT !!!<\/p>\n<p><a href=\"https:\/\/photos.app.goo.gl\/fWkrx9S4eY9xYjDJA\" target=\"_blank\" rel=\"noopener noreferrer\"><img loading=\"lazy\" decoding=\"async\" class=\"aligncenter size-large wp-image-2094\" src=\"https:\/\/agora.xtec.cat\/escolaconcordia\/wp-content\/uploads\/usu2135\/2021\/05\/20210421_084520-728x1024.jpg\" alt=\"\" width=\"728\" height=\"1024\" srcset=\"https:\/\/agora.xtec.cat\/escolaconcordia\/wp-content\/uploads\/usu2135\/2021\/05\/20210421_084520.jpg 728w, https:\/\/agora.xtec.cat\/escolaconcordia\/wp-content\/uploads\/usu2135\/2021\/05\/20210421_084520-213x300.jpg 213w\" sizes=\"auto, (max-width: 728px) 100vw, 728px\" \/><\/a><\/p>\n<h2><span style=\"color: #99cc00;\"><strong>ENS VISITA LA ROSA FIT\u00c9<\/strong><\/span><\/h2>\n<p>LA SETMANA DE SANT JORDI LA ROSA FIT\u00c9 VA VENIR A EXPLICAR-NOS CONTES.<\/p>\n<p>ENS HO VAM PASSAR MOLT B\u00c9 !<\/p>\n<p><a href=\"https:\/\/photos.app.goo.gl\/DWUyRfnztd87KrGr8\" target=\"_blank\" rel=\"noopener noreferrer\"><img loading=\"lazy\" decoding=\"async\" class=\"aligncenter size-large wp-image-2095\" src=\"https:\/\/agora.xtec.cat\/escolaconcordia\/wp-content\/uploads\/usu2135\/2021\/05\/20210420_155412-1024x768.jpg\" alt=\"\" width=\"1024\" height=\"768\" srcset=\"https:\/\/agora.xtec.cat\/escolaconcordia\/wp-content\/uploads\/usu2135\/2021\/05\/20210420_155412-1024x768.jpg 1024w, https:\/\/agora.xtec.cat\/escolaconcordia\/wp-content\/uploads\/usu2135\/2021\/05\/20210420_155412-300x225.jpg 300w, https:\/\/agora.xtec.cat\/escolaconcordia\/wp-content\/uploads\/usu2135\/2021\/05\/20210420_155412-768x576.jpg 768w, https:\/\/agora.xtec.cat\/escolaconcordia\/wp-content\/uploads\/usu2135\/2021\/05\/20210420_155412-200x150.jpg 200w\" sizes=\"auto, (max-width: 1024px) 100vw, 1024px\" \/><\/a><\/p>\n<h2><span style=\"color: #99cc00;\"><strong>JUGUEM, EXPERIMENTEM I ENS DIVERTIM ALS ESPAIS<\/strong><\/span><\/h2>\n<p>AQUEST CURS TAN SINGULAR\u00a0 ELS ESPAIS QUE HEM OBERT S\u00d3N: SENSACI\u00d3 DE VIURE, MINIMONS, EXPERIMENTACI\u00d3, CONSTRU\u00cfM I A LA FRESCA.<\/p>\n<p><a href=\"https:\/\/photos.app.goo.gl\/VkFuQy5TriWiHrSU8\" target=\"_blank\" rel=\"noopener noreferrer\"><img loading=\"lazy\" decoding=\"async\" class=\"aligncenter size-large wp-image-2055\" src=\"https:\/\/agora.xtec.cat\/escolaconcordia\/wp-content\/uploads\/usu2135\/2021\/04\/tempImagelEzCOu-1024x768.jpg\" alt=\"\" width=\"1024\" height=\"768\" srcset=\"https:\/\/agora.xtec.cat\/escolaconcordia\/wp-content\/uploads\/usu2135\/2021\/04\/tempImagelEzCOu.jpg 1024w, https:\/\/agora.xtec.cat\/escolaconcordia\/wp-content\/uploads\/usu2135\/2021\/04\/tempImagelEzCOu-300x225.jpg 300w, https:\/\/agora.xtec.cat\/escolaconcordia\/wp-content\/uploads\/usu2135\/2021\/04\/tempImagelEzCOu-768x576.jpg 768w, https:\/\/agora.xtec.cat\/escolaconcordia\/wp-content\/uploads\/usu2135\/2021\/04\/tempImagelEzCOu-200x150.jpg 200w\" sizes=\"auto, (max-width: 1024px) 100vw, 1024px\" \/><\/a><\/p>\n<h2><span style=\"color: #99cc00;\"><strong>ANEM A REGAR<\/strong><\/span><\/h2>\n<p>HEM ANAT A REGAR L&#8217;HORT, ENS AGRADA MOLT VEURE COM CREIXEN LES PLANTES.<\/p>\n<p>A VEURE SI TENIM UNA BONA COLLITA.<\/p>\n<p><a href=\"https:\/\/photos.app.goo.gl\/p2UKzYcp4mpsoC6d8\" target=\"_blank\" rel=\"noopener noreferrer\"><img loading=\"lazy\" decoding=\"async\" class=\"aligncenter wp-image-1964 size-large\" src=\"https:\/\/agora.xtec.cat\/escolaconcordia\/wp-content\/uploads\/usu2135\/2021\/04\/20210406_111725-1024x768.jpg\" alt=\"\" width=\"1024\" height=\"768\" srcset=\"https:\/\/agora.xtec.cat\/escolaconcordia\/wp-content\/uploads\/usu2135\/2021\/04\/20210406_111725.jpg 1024w, https:\/\/agora.xtec.cat\/escolaconcordia\/wp-content\/uploads\/usu2135\/2021\/04\/20210406_111725-300x225.jpg 300w, https:\/\/agora.xtec.cat\/escolaconcordia\/wp-content\/uploads\/usu2135\/2021\/04\/20210406_111725-768x576.jpg 768w, https:\/\/agora.xtec.cat\/escolaconcordia\/wp-content\/uploads\/usu2135\/2021\/04\/20210406_111725-200x150.jpg 200w\" sizes=\"auto, (max-width: 1024px) 100vw, 1024px\" \/><\/a><\/p>\n<h2><span style=\"color: #99cc00;\"><strong>PINTEM COM JOAN MIR\u00d3<\/strong><\/span><\/h2>\n<p>HEM TREBALLAT DE VALENT PINTANT A LA MANERA DE JOAN MIR\u00d3!!!<\/p>\n<p>ENS HO HEM PASSAT D&#8217;ALL\u00d2 M\u00c9S B\u00c9!<\/p>\n<p>ESPEREM QUE US AGRADI!<\/p>\n<p><a href=\"https:\/\/photos.app.goo.gl\/PBP48X4v5frwvbaQ7\" target=\"_blank\" rel=\"noopener noreferrer\"><img loading=\"lazy\" decoding=\"async\" class=\"aligncenter size-large wp-image-1957\" src=\"https:\/\/agora.xtec.cat\/escolaconcordia\/wp-content\/uploads\/usu2135\/2021\/04\/20210309_155235-1024x768.jpg\" alt=\"\" width=\"1024\" height=\"768\" srcset=\"https:\/\/agora.xtec.cat\/escolaconcordia\/wp-content\/uploads\/usu2135\/2021\/04\/20210309_155235.jpg 1024w, https:\/\/agora.xtec.cat\/escolaconcordia\/wp-content\/uploads\/usu2135\/2021\/04\/20210309_155235-300x225.jpg 300w, https:\/\/agora.xtec.cat\/escolaconcordia\/wp-content\/uploads\/usu2135\/2021\/04\/20210309_155235-768x576.jpg 768w, https:\/\/agora.xtec.cat\/escolaconcordia\/wp-content\/uploads\/usu2135\/2021\/04\/20210309_155235-200x150.jpg 200w\" sizes=\"auto, (max-width: 1024px) 100vw, 1024px\" \/><\/a><\/p>\n<h2><span style=\"color: #99cc00;\"><strong>PLANTEM A L&#8217;HORT<\/strong><\/span><\/h2>\n<p>HEM COMEN\u00c7AT L&#8217;HORT !!!<\/p>\n<div>HEM PLANTAT CEBES, ENCIAMS I MADUIXES !!<\/div>\n<div><\/div>\n<div><\/div>\n<div>QU\u00c8 DIVERTIT !!!<\/div>\n<p>&nbsp;<\/p>\n<p><a href=\"https:\/\/photos.app.goo.gl\/xLHXGL8HX8ToTnaw8\" target=\"_blank\" rel=\"noopener noreferrer\"><img loading=\"lazy\" decoding=\"async\" class=\"aligncenter size-large wp-image-1924\" src=\"https:\/\/agora.xtec.cat\/escolaconcordia\/wp-content\/uploads\/usu2135\/2021\/03\/20210305_153207-1024x768.jpg\" alt=\"\" width=\"1024\" height=\"768\" srcset=\"https:\/\/agora.xtec.cat\/escolaconcordia\/wp-content\/uploads\/usu2135\/2021\/03\/20210305_153207.jpg 1024w, https:\/\/agora.xtec.cat\/escolaconcordia\/wp-content\/uploads\/usu2135\/2021\/03\/20210305_153207-300x225.jpg 300w, https:\/\/agora.xtec.cat\/escolaconcordia\/wp-content\/uploads\/usu2135\/2021\/03\/20210305_153207-768x576.jpg 768w, https:\/\/agora.xtec.cat\/escolaconcordia\/wp-content\/uploads\/usu2135\/2021\/03\/20210305_153207-200x150.jpg 200w\" sizes=\"auto, (max-width: 1024px) 100vw, 1024px\" \/><\/a><\/p>\n<h2><span style=\"color: #99cc00;\">PER CARNAVAL TOT S&#8217;HI VAL<\/span><\/h2>\n<p>FEM L&#8217;ASSAIG DEL BUGUI-BUGUI.<\/p>\n<p>ENS PREPAREM UNA CORONA PER REBRE AL CARNESTOLTES (AQUEST ANY REBUDA VIRTUAL).<\/p>\n<p>I ENS DISFRESSEM &#8230;<\/p>\n<p>APA, A BALLAR &#8230;<\/p>\n<h2><a href=\"https:\/\/photos.app.goo.gl\/HrEEVWZXeyPDiK8L6\" target=\"_blank\" rel=\"noopener noreferrer\"><img loading=\"lazy\" decoding=\"async\" class=\"aligncenter size-large wp-image-1820\" src=\"https:\/\/agora.xtec.cat\/escolaconcordia\/wp-content\/uploads\/usu2135\/2021\/02\/20210212_091408-1024x768.jpg\" alt=\"\" width=\"1024\" height=\"768\" srcset=\"https:\/\/agora.xtec.cat\/escolaconcordia\/wp-content\/uploads\/usu2135\/2021\/02\/20210212_091408.jpg 1024w, https:\/\/agora.xtec.cat\/escolaconcordia\/wp-content\/uploads\/usu2135\/2021\/02\/20210212_091408-300x225.jpg 300w, https:\/\/agora.xtec.cat\/escolaconcordia\/wp-content\/uploads\/usu2135\/2021\/02\/20210212_091408-768x576.jpg 768w, https:\/\/agora.xtec.cat\/escolaconcordia\/wp-content\/uploads\/usu2135\/2021\/02\/20210212_091408-200x150.jpg 200w\" sizes=\"auto, (max-width: 1024px) 100vw, 1024px\" \/><\/a><\/h2>\n<h2><span style=\"color: #99cc00;\">CELEBREM NADAL<\/span><\/h2>\n<p>PER NADAL CANTEM LA NADALA I RECITEM EL POEMA. REBEM L&#8217;AMBAIXADOR. FEM CAGAR AL TI\u00d3 I AL GENER VAN ARRIBAR ELS REIS.<\/p>\n<p>CLICA A SOBRE DE LA IMATGE PER VEURE LES FOTOGRAFIES.<\/p>\n<p><a href=\"https:\/\/photos.app.goo.gl\/3Xqo7vtCPwVpALuk9\"><img loading=\"lazy\" decoding=\"async\" class=\"aligncenter size-large wp-image-1728\" src=\"https:\/\/agora.xtec.cat\/escolaconcordia\/wp-content\/uploads\/usu2135\/2021\/02\/20210111_091020-1024x768.jpg\" alt=\"\" width=\"1024\" height=\"768\" srcset=\"https:\/\/agora.xtec.cat\/escolaconcordia\/wp-content\/uploads\/usu2135\/2021\/02\/20210111_091020.jpg 1024w, https:\/\/agora.xtec.cat\/escolaconcordia\/wp-content\/uploads\/usu2135\/2021\/02\/20210111_091020-300x225.jpg 300w, https:\/\/agora.xtec.cat\/escolaconcordia\/wp-content\/uploads\/usu2135\/2021\/02\/20210111_091020-768x576.jpg 768w, https:\/\/agora.xtec.cat\/escolaconcordia\/wp-content\/uploads\/usu2135\/2021\/02\/20210111_091020-200x150.jpg 200w\" sizes=\"auto, (max-width: 1024px) 100vw, 1024px\" \/><\/a><\/p>\n<h2><strong><span style=\"color: #99cc00;\">DIBUIXO EL MEU COS<\/span><\/strong><\/h2>\n<h3><iframe loading=\"lazy\" src=\"https:\/\/drive.google.com\/file\/d\/1axkwWgMyN-Vpp6-U_jn1KpaZpSaH29po\/preview\" width=\"640\" height=\"480\"><\/iframe><\/h3>\n<h2><strong><span style=\"color: #99cc00;\">APRENEM JUGANT<\/span><\/strong><\/h2>\n<h3><iframe loading=\"lazy\" src=\"https:\/\/drive.google.com\/file\/d\/1hWvTMwMmRbUpwU68-k_35yX5KLwLX3Nk\/preview\" width=\"640\" height=\"480\"><\/iframe><\/h3>\n<h2><strong><span style=\"color: #99cc00;\">COLORS FREDS<\/span><\/strong><\/h2>\n<p>A P3 ENTRE TOTS HEM FET UN QUADRE AMB ELS COLORS FREDS DE L&#8217;HIVERN<\/p>\n<p><a href=\"https:\/\/photos.app.goo.gl\/x7NZtq6edZMTKuTu6\"><img loading=\"lazy\" decoding=\"async\" class=\"alignnone size-large wp-image-1419\" src=\"https:\/\/agora.xtec.cat\/escolaconcordia\/wp-content\/uploads\/usu2135\/2021\/01\/Freds-A-768x1024.jpg\" alt=\"\" width=\"768\" height=\"1024\" srcset=\"https:\/\/agora.xtec.cat\/escolaconcordia\/wp-content\/uploads\/usu2135\/2021\/01\/Freds-A.jpg 768w, https:\/\/agora.xtec.cat\/escolaconcordia\/wp-content\/uploads\/usu2135\/2021\/01\/Freds-A-225x300.jpg 225w\" sizes=\"auto, (max-width: 768px) 100vw, 768px\" \/><\/a><\/p>\n<h2><span style=\"color: #99cc00;\"><strong>EL TEATRE VE A L&#8217;ESCOLA<\/strong><\/span><\/h2>\n<p>ELS NENS I NENES DE P3A VAM PARTICIPAR A L&#8217;OBRA INSPIRART.<\/p>\n<p>ENS HO VAM PASSAR MOLT B\u00c9!<\/p>\n<p>CLICA A SOBRE DE LA IMATGE PER VEURE LES FOTOGRAFIES.<\/p>\n<p><a href=\"https:\/\/photos.app.goo.gl\/yAdHWfbRrJKXZfXP7\"><img loading=\"lazy\" decoding=\"async\" class=\"alignnone size-large wp-image-1049\" src=\"https:\/\/agora.xtec.cat\/escolaconcordia\/wp-content\/uploads\/usu2135\/2020\/12\/Teatre-P3-1024x404.png\" alt=\"\" width=\"1024\" height=\"404\" srcset=\"https:\/\/agora.xtec.cat\/escolaconcordia\/wp-content\/uploads\/usu2135\/2020\/12\/Teatre-P3-1024x404.png 1024w, https:\/\/agora.xtec.cat\/escolaconcordia\/wp-content\/uploads\/usu2135\/2020\/12\/Teatre-P3-300x118.png 300w, https:\/\/agora.xtec.cat\/escolaconcordia\/wp-content\/uploads\/usu2135\/2020\/12\/Teatre-P3-768x303.png 768w, https:\/\/agora.xtec.cat\/escolaconcordia\/wp-content\/uploads\/usu2135\/2020\/12\/Teatre-P3.png 1140w\" sizes=\"auto, (max-width: 1024px) 100vw, 1024px\" \/><\/a><\/p>\n<h2><span style=\"color: #99cc00;\">PRIMERS DIES D&#8217;ESCOLA<\/span><\/h2>\n<p>ELS PRIMERS DIES D&#8217;ESCOLA ENS DIVERTIM JUGANT A LA CLASSE I AL PATI.<\/p>\n<p><a href=\"https:\/\/photos.app.goo.gl\/oQSKzLbqocYc5Rs67\"><img loading=\"lazy\" decoding=\"async\" class=\"aligncenter size-large wp-image-1727\" src=\"https:\/\/agora.xtec.cat\/escolaconcordia\/wp-content\/uploads\/usu2135\/2021\/02\/20200918_092014-1024x768.jpg\" alt=\"\" width=\"1024\" height=\"768\" srcset=\"https:\/\/agora.xtec.cat\/escolaconcordia\/wp-content\/uploads\/usu2135\/2021\/02\/20200918_092014.jpg 1024w, https:\/\/agora.xtec.cat\/escolaconcordia\/wp-content\/uploads\/usu2135\/2021\/02\/20200918_092014-300x225.jpg 300w, https:\/\/agora.xtec.cat\/escolaconcordia\/wp-content\/uploads\/usu2135\/2021\/02\/20200918_092014-768x576.jpg 768w, https:\/\/agora.xtec.cat\/escolaconcordia\/wp-content\/uploads\/usu2135\/2021\/02\/20200918_092014-200x150.jpg 200w\" sizes=\"auto, (max-width: 1024px) 100vw, 1024px\" \/><\/a><\/p>\n","protected":false},"excerpt":{"rendered":"<p>MOLT BON ESTIU!<br \/>\nAVUI HA SIGUT L&#8217;\u00daLTIM DIA D&#8217;ESCOLA AIX\u00cd QUE HEM FET MOLTS JOCS, HEM JUGAT AMB AIGUA,<br \/>\nHEM FET BOMBOLLES, HEM BALLAT, SALTAT I JUGAT MOLT.<br \/>\nHEM GAUDIT I HO HEM PASSAT D&#8217;ALL\u00d2 M\u00c9S B\u00c9.<br \/>\nFINS L&#8217;ANY QUE VE.<br \/>\nMOLT BON ESTIU!<br \/>\n<a href=\"https:\/\/photos.app.goo.gl\/eKsCmm3wNZWDR8j6A\" target=\"_blank\" rel=\"noopener noreferrer\"><\/a><br \/>\nSAFAREIG DE LA&hellip;  <a href=\"https:\/\/agora.xtec.cat\/escolaconcordia\/cursos\/p3\/\" title=\"Read P3A\">Llegeix m\u00e9s\u00bb<\/a><\/p>\n","protected":false},"author":1,"featured_media":0,"parent":728,"menu_order":10,"comment_status":"closed","ping_status":"closed","template":"page-templates\/side-menu.php","meta":{"_bbp_topic_count":0,"_bbp_reply_count":0,"_bbp_total_topic_count":0,"_bbp_total_reply_count":0,"_bbp_voice_count":0,"_bbp_anonymous_reply_count":0,"_bbp_topic_count_hidden":0,"_bbp_reply_count_hidden":0,"_bbp_forum_subforum_count":0,"footnotes":""},"class_list":["post-731","page","type-page","status-publish","hentry"],"post_mailing_queue_ids":[],"_links":{"self":[{"href":"https:\/\/agora.xtec.cat\/escolaconcordia\/wp-json\/wp\/v2\/pages\/731","targetHints":{"allow":["GET"]}}],"collection":[{"href":"https:\/\/agora.xtec.cat\/escolaconcordia\/wp-json\/wp\/v2\/pages"}],"about":[{"href":"https:\/\/agora.xtec.cat\/escolaconcordia\/wp-json\/wp\/v2\/types\/page"}],"author":[{"embeddable":true,"href":"https:\/\/agora.xtec.cat\/escolaconcordia\/wp-json\/wp\/v2\/users\/1"}],"replies":[{"embeddable":true,"href":"https:\/\/agora.xtec.cat\/escolaconcordia\/wp-json\/wp\/v2\/comments?post=731"}],"version-history":[{"count":3,"href":"https:\/\/agora.xtec.cat\/escolaconcordia\/wp-json\/wp\/v2\/pages\/731\/revisions"}],"predecessor-version":[{"id":2590,"href":"https:\/\/agora.xtec.cat\/escolaconcordia\/wp-json\/wp\/v2\/pages\/731\/revisions\/2590"}],"up":[{"embeddable":true,"href":"https:\/\/agora.xtec.cat\/escolaconcordia\/wp-json\/wp\/v2\/pages\/728"}],"wp:attachment":[{"href":"https:\/\/agora.xtec.cat\/escolaconcordia\/wp-json\/wp\/v2\/media?parent=731"}],"curies":[{"name":"wp","href":"https:\/\/api.w.org\/{rel}","templated":true}]}}