{"id":73,"date":"2014-09-18T14:01:51","date_gmt":"2014-09-18T13:01:51","guid":{"rendered":"http:\/\/agora.xtec.cat\/ceipconcordia\/?page_id=73"},"modified":"2021-01-07T14:04:11","modified_gmt":"2021-01-07T13:04:11","slug":"menjador-escolar","status":"publish","type":"page","link":"https:\/\/agora.xtec.cat\/escolaconcordia\/serveis\/menjador-escolar\/","title":{"rendered":"Menjador escolar"},"content":{"rendered":"<p>Segons acord de Consell Escolar, l&#8217;escola ofereix per als infants del centre el servei de menjador a trav\u00e9s de l&#8217;empresa GUMEN c\u00e0tering contractada per l&#8217;AMPA de l&#8217;escola.<\/p>\n<p>El servei de menjador funciona des del primer dia de classe.<\/p>\n<p>La coordinaci\u00f3 del funcionament del menjador es porta conjuntament entre l\u2019AMPA i la comissi\u00f3 del menjador del Consell Escolar.<\/p>\n<p>Pot gaudir d\u2019aquest servei tot l\u2019alumnat matriculat en aquest centre i tota persona que treballi o hi col\u00b7labori.<\/p>\n<div>\n<p>Cap persona aliena al menjador escolar podr\u00e0 entrar a les instal\u00b7lacions del centre durant l\u2019estona de menjador.<\/p>\n<p>No s\u2019admeten visites durant l\u2019hora de menjador.<\/p>\n<\/div>\n<div>Nom\u00e9s podran venir a buscar als nens al menjador escolar les persones que estiguin autoritzades en el full que es lliura al centre.<\/div>\n<p>&nbsp;<\/p>\n<p><span style=\"color: #99cc00;\"><strong><u>EM VULL QUEDAR A DINAR, QU\u00c8 HE DE FER?<\/u><\/strong><\/span><\/p>\n<p>El preu del men\u00fa \u00e9s de 6,25\u20ac.<\/p>\n<p>El servei de menjador es pot pagar domiciliant el rebut o b\u00e9, comprant tiquets online.<\/p>\n<ul>\n<li><strong>Vull domiciliar el pagament:<\/strong><\/li>\n<\/ul>\n<ol>\n<li>Si ja \u00e9reu usuaris del menjador el curs passat i ten\u00edeu domiciliat el pagament, aquest curs funcionarem de la mateixa manera a no ser que comuniqueu el contrari a aquesta adre\u00e7a de correu electr\u00f2nic: <a href=\"mailto:info@gumen-catering.com\">info<span class=\"\">@gumen-catering.co<\/span><\/a>m<\/li>\n<li>Si no \u00e9reu usuaris del menjador el curs passat o \u00e9reu usuaris per\u00f2 compr\u00e0veu tiquets i ara voleu domiciliar els pagaments, heu d\u2019enviar el full de domiciliaci\u00f3 que us adjuntem degudament complimentat a la mateixa adre\u00e7a de correu que us hem indicat anteriorment.<\/li>\n<\/ol>\n<p>&nbsp;<\/p>\n<p>Tingueu en compte que per poder gaudir de la domiciliaci\u00f3 banc\u00e0ria els infants hauran de fer servir el servei de menjador com a m\u00ednim 3 dies fixes a la setmana.<\/p>\n<p>El cobrament del servei de menjador dels nens\/es fixos es far\u00e0 per part de l\u2019empresa, mitjan\u00e7ant domiciliaci\u00f3 banc\u00e0ria del dia 1 al 5 del mes en curs, <strong><u>a excepci\u00f3 del mes de setembre que es cobrar\u00e0 conjuntament amb el mes d\u2019octubre i el mes de juny que es cobrar\u00e0 al final d\u2019aquest mes.<\/u><\/strong><\/p>\n<p>El no pagament de la quota mensual d\u00f3na lloc a la suspensi\u00f3 temporal del servei de menjador (tampoc amb tiquet), i no podr\u00e0 tornar a fer \u00fas del menjador fins que no hagi saldat el deute. La devoluci\u00f3 del rebut per primera vegada comportar\u00e0 la p\u00e8rdua de la domiciliaci\u00f3 per tot el curs i el nen\/a nom\u00e9s podr\u00e0 quedar-se amb tiquets.<\/p>\n<p>S\u2019avisar\u00e0 a la fam\u00edlia mitjan\u00e7ant una carta corresponent on s\u2019indicar\u00e0 l\u2019import a pagar (incloses les despeses per devoluci\u00f3 que determinar\u00e0 l\u2019entitat), i el n\u00ba de compte corrent i entitat on s\u2019ha de fer l\u2019ingr\u00e9s.<\/p>\n<ul>\n<li><strong>No vull domiciliar el pagament:<\/strong><\/li>\n<\/ul>\n<p>Per comprar els tiquets de menjador individuals, haureu de fer-ho a trav\u00e9s de la p\u00e0gina web de GUMEN: <a href=\"https:\/\/gumencatering.com\/ca\/inici\/\">https:\/\/gumencatering.com\/ca\/inici\/<\/a><\/p>\n<p>No cal imprimir cap paper, nom\u00e9s fent la compra, GUMEN ja rep el vostre tiquet.<\/p>\n<p><span style=\"color: #99cc00;\"><strong><u>ASPECTES A TENIR EN COMPTE<\/u><\/strong><strong>:<\/strong><\/span><\/p>\n<p>La compra de tiquets s\u2019ha de realitzar abans de les 9:00h del dia que es vulgui fer \u00fas del servei de menjador.<\/p>\n<p>Si teniu dos fills heu d\u2019afegir els dos infants al vostre perfil a la p\u00e0gina web i fer la comprar per a cadascun d\u2019ells.<\/p>\n<p>En cas de que un nen tingui algun tipus d\u2019intoler\u00e0ncia o al\u00b7l\u00e8rgia alimentaria s\u2019haur\u00e0 d\u2019especificar en la compra del tiquet.<\/p>\n<p><span style=\"color: #99cc00;\"><strong><u>COMUNICACI\u00d3 AMB LES FAM\u00cdLIES<\/u><\/strong><\/span><\/p>\n<p>Per facilitar-vos el contacte amb el servei de menjador, posem a la vostra disposici\u00f3 un servei d\u2019atenci\u00f3 telef\u00f2nica<\/p>\n<p>Tel\u00e8fon de contacte: 689855020<\/p>\n<p>Horari de contacte: 8:30-11:30<\/p>\n<p>No envieu missatges, s\u2019ha de fer trucada si voleu comunicar qualsevol incid\u00e8ncia o situaci\u00f3 concreta.<\/p>\n<p>Us farem arribar tamb\u00e9:<\/p>\n<p><u>Informes trimestrals:<\/u> que us informaran sobre el comportament del nen\/a, adquisici\u00f3 d\u2019h\u00e0bits, relaci\u00f3 amb els companys, monitors&#8230;La primera setmana als alumnes de P3 se\u2019ls enviar\u00e0 un informe diari.<\/p>\n<p><u>Full d\u2019incid\u00e8ncia:<\/u> en cas d\u2019algun incident fora dels habituals (v\u00f2mits, malestar, comportament inadequat&#8230;)<\/p>\n<p><span style=\"color: #99cc00;\"><strong><u>QU\u00c8 CAL PORTAR<\/u><\/strong><\/span><\/p>\n<p>Els nens de P3 faran la migdiada al gimn\u00e0s. Cal que portin:<\/p>\n<ul>\n<li>Una manteta prima ficada en una bossa de roba marcat tot amb el nom i el curs.<\/li>\n<\/ul>\n<p>Una muda de recanvi adequada al temps en una altra bossa marcada tamb\u00e9 amb el<\/p>\n<p><span style=\"color: #99cc00;\"><strong><u>OBJECTIUS EDUCATIUS:<\/u><\/strong><\/span><\/p>\n<p>Aquest curs els haurem d\u2019adaptar a la situaci\u00f3 actual.<\/p>\n<p>A nivell general els nostres objectius educatius s\u00f3n:<\/p>\n<ul>\n<li>Cobrir les necessitats nutricionals dels nens\/es.<\/li>\n<li>Transmetre h\u00e0bits higi\u00e8nics i alimentaris.<\/li>\n<li>Introduir a la dieta tots els aliments necessaris per a la correcta alimentaci\u00f3.<\/li>\n<li>Afavorir l\u2019aprenentatge de bons h\u00e0bits a la taula.<\/li>\n<li>Promoure l\u2019adquisici\u00f3 d\u2019h\u00e0bits, tant socials que faciliten la conviv\u00e8ncia, com de les actituds que afavoreixen l\u2019autonomia del nen\/a.<\/li>\n<li>Promocionar un paper actiu, de di\u00e0leg i comunicaci\u00f3 per part dels alumnes en el proc\u00e9s educatiu i en el quotidi\u00e0 del migdia.<\/li>\n<li>Respectar aspectes b\u00e0sics d\u2019ordre i conviv\u00e8ncia.<\/li>\n<li>Utilitzar el joc i les activitats l\u00fadiques com a eina socialitzadora.<\/li>\n<li>Promoure el joc tradicional per transmetre trets de cultura popular.<\/li>\n<li>Conscienciar als nens de la import\u00e0ncia del reciclatge.<\/li>\n<\/ul>\n<p><span style=\"color: #99cc00;\"><strong><u>MEN\u00daS<\/u><\/strong><\/span><\/p>\n<ul>\n<li>La confecci\u00f3 i control dels men\u00fas els realitzar\u00e0 l\u2019empresa concession\u00e0ria d\u2019acord amb els criteris nutricionals del Departament d\u2019Ensenyament de la Generalitat, les recomanacions dels organismes oficials de Salut P\u00fablica Municipal i el vist i plau de la Comissi\u00f3 de Menjador de l\u2019Escola.<\/li>\n<li>Els men\u00fas constaran d\u2019un primer plat, segon plat, postre i pa.<\/li>\n<li>Els men\u00fas estaran exposats a la cartellera del centre i als alumnes fixes i espor\u00e0dics se\u2019ls facilitar\u00e0 un full amb el men\u00fa mensual. Tamb\u00e9 els podreu consultar per Internet a la web de Gumen.<\/li>\n<\/ul>\n<p><span style=\"color: #99cc00;\"><strong><u>DIETES<\/u><\/strong><\/span><\/p>\n<p>Hi ha la possibilitat de demanar una dieta alternativa per aquells nens\/es que tinguin una indisposici\u00f3 puntual. Cal donar l\u2019av\u00eds a la cuina abans de les 10 del mat\u00ed al telf: 937178335.<\/p>\n<p>Tamb\u00e9 n\u2019hi ha men\u00fas adaptats a l\u2019abast de les fam\u00edlies que per motius d\u2019al\u00b7l\u00e8rgies o intoler\u00e0ncies a determinats aliments ho necessitin. Per aquests casos CAL PORTAR AL MENJADOR UN CERTIFICAT DEL METGE QUE AIX\u00cd HO ACREDITI.<\/p>\n<p><span style=\"color: #99cc00;\"><strong><u>MEDICAMENTS<\/u><\/strong><\/span><\/p>\n<p>Els monitors de menjador no poden subministrar cap tipus de medicaments als nens\/es.<\/p>\n<p>En cas de necessitar una medicaci\u00f3; cal portar una autoritzaci\u00f3 dels pares (segons la normativa del centre) mitjan\u00e7ant un document que us donaran a secretaria i que cal omplir-lo; i la recepta del metge que indiqui clarament la dosi i la manera de subministrar-la.<\/p>\n<p><span style=\"color: #99cc00;\"><strong><u>ACTIVITATS<\/u><\/strong><\/span><\/p>\n<p>A les hores de lleure els monitors\/es porten a terme un programa de dinamitzaci\u00f3 i activitats de pati. La participaci\u00f3 es volunt\u00e0ria tot i que es motiva als nens i nenes a seguir el programa d\u2019activitats l\u00fadiques. Es potencia el joc tradicional i els diferents jocs de pati per treballar la socialitzaci\u00f3 i el companyerisme entre els alumnes. Conjuntament amb l\u2019escola es celebren les festes i les tradicions catalanes. Aquest curs escolar, per\u00f2, haurem d\u2019adaptar aquestes activitats a les mesures de protecci\u00f3 anteriorment esmentades.<\/p>\n<p><span style=\"color: #99cc00;\"><strong><u>ABS\u00c8NCIES<\/u><\/strong><\/span><\/p>\n<p>Per indisposicions espor\u00e0diques caldr\u00e0 notificar-ho al tel\u00e8fon 689855020 abans de les 10:00h.<\/p>\n<p>Si cal venir a recollir a un infant de P3, P4 o P5 cal portar el carnet del nen\/a.<\/p>\n<p><span style=\"color: #99cc00;\"><strong><u>PROTOCOL D\u2019ACCIDENTS O INCIDENTS<\/u><\/strong><\/span><\/p>\n<p>En cas de petits accidents el monitoratge resoldr\u00e0 la situaci\u00f3 utilitzant els protocols acordats per l\u2019escola.<\/p>\n<p>Si es produeix un accidents m\u00e9s greus es donar\u00e0 av\u00eds a la fam\u00edlia i es prendr\u00e0 la decisi\u00f3 conjunta.<\/p>\n<p>En cas de no localitzar a la fam\u00edlia, el protocol a seguir \u00e9s avisar una ambul\u00e0ncia i si el facultatiu ho considera oport\u00fa, s\u2019acompanyar\u00e0 a l\u2019alumne\/a al centre m\u00e8dic m\u00e9s adient.<\/p>\n<p>En tot moment es mantindr\u00e0 informada a l\u2019escola.<\/p>\n<p>Els incidents, v\u00f2mits, manca de gana, faltes de comportament es comunicaran a les fam\u00edlies mitjan\u00e7ant el full de comunicaci\u00f3 d\u2019incidents.<\/p>\n<p><a href=\"https:\/\/gumencatering.com\/ca\/inici\/\"><img loading=\"lazy\" decoding=\"async\" class=\"aligncenter\" src=\"http:\/\/escolaxaloc.cat\/wp-content\/uploads\/2017\/02\/gumen.png\" alt=\"Gumen catering\" width=\"362\" height=\"133\" \/><\/a><\/p>\n<p>&nbsp;<\/p>\n<div><\/div>\n<div>\n<div><\/div>\n<\/div>\n","protected":false},"excerpt":{"rendered":"<p>Segons acord de Consell Escolar, l&#8217;escola ofereix per als infants del centre el servei de menjador a trav\u00e9s de l&#8217;empresa GUMEN c\u00e0tering contractada per l&#8217;AMPA de l&#8217;escola.<br \/>\nEl servei de menjador funciona des del primer dia de classe.<br \/>\nLa coordinaci\u00f3 del funcionament del menjador es porta conjuntament&hellip;  <a href=\"https:\/\/agora.xtec.cat\/escolaconcordia\/serveis\/menjador-escolar\/\" title=\"Read Menjador escolar\">Llegeix m\u00e9s\u00bb<\/a><\/p>\n","protected":false},"author":1,"featured_media":0,"parent":66,"menu_order":30,"comment_status":"closed","ping_status":"closed","template":"page-templates\/side-menu.php","meta":{"_bbp_topic_count":0,"_bbp_reply_count":0,"_bbp_total_topic_count":0,"_bbp_total_reply_count":0,"_bbp_voice_count":0,"_bbp_anonymous_reply_count":0,"_bbp_topic_count_hidden":0,"_bbp_reply_count_hidden":0,"_bbp_forum_subforum_count":0,"footnotes":""},"class_list":["post-73","page","type-page","status-publish","hentry"],"post_mailing_queue_ids":[],"_links":{"self":[{"href":"https:\/\/agora.xtec.cat\/escolaconcordia\/wp-json\/wp\/v2\/pages\/73","targetHints":{"allow":["GET"]}}],"collection":[{"href":"https:\/\/agora.xtec.cat\/escolaconcordia\/wp-json\/wp\/v2\/pages"}],"about":[{"href":"https:\/\/agora.xtec.cat\/escolaconcordia\/wp-json\/wp\/v2\/types\/page"}],"author":[{"embeddable":true,"href":"https:\/\/agora.xtec.cat\/escolaconcordia\/wp-json\/wp\/v2\/users\/1"}],"replies":[{"embeddable":true,"href":"https:\/\/agora.xtec.cat\/escolaconcordia\/wp-json\/wp\/v2\/comments?post=73"}],"version-history":[{"count":4,"href":"https:\/\/agora.xtec.cat\/escolaconcordia\/wp-json\/wp\/v2\/pages\/73\/revisions"}],"predecessor-version":[{"id":1296,"href":"https:\/\/agora.xtec.cat\/escolaconcordia\/wp-json\/wp\/v2\/pages\/73\/revisions\/1296"}],"up":[{"embeddable":true,"href":"https:\/\/agora.xtec.cat\/escolaconcordia\/wp-json\/wp\/v2\/pages\/66"}],"wp:attachment":[{"href":"https:\/\/agora.xtec.cat\/escolaconcordia\/wp-json\/wp\/v2\/media?parent=73"}],"curies":[{"name":"wp","href":"https:\/\/api.w.org\/{rel}","templated":true}]}}