{"id":617,"date":"2020-04-17T12:31:49","date_gmt":"2020-04-17T10:31:49","guid":{"rendered":"https:\/\/agora.xtec.cat\/ceipconcordia\/?page_id=617"},"modified":"2023-07-16T10:24:26","modified_gmt":"2023-07-16T08:24:26","slug":"competencia-digital","status":"publish","type":"page","link":"https:\/\/agora.xtec.cat\/escolaconcordia\/lescola\/projecte-educatiu\/competencia-digital\/","title":{"rendered":"Compet\u00e8ncia digital"},"content":{"rendered":"<p>A l&#8217;escola treballem la compet\u00e8ncia digital des de l&#8217;educaci\u00f3 infantil fent un \u00fas educatiu de les noves tecnologies.<\/p>\n<p>En el seu treball ens centrem en l&#8217;alfabetitzaci\u00f3 tecnol\u00f2gica, en l&#8217;\u00fas de les noves tecnologies com a instruments per a la cerca d&#8217;informaci\u00f3 i l&#8217;elaboraci\u00f3 de treballs, com a eina de comunicaci\u00f3 i aprenentatge a partir d&#8217;una programaci\u00f3 de continguts graduats i adaptats a les necessitats i caracter\u00edstiques dels infants.<\/p>\n<p><a href=\"https:\/\/agora.xtec.cat\/escolaconcordia\/wp-content\/uploads\/usu2135\/2021\/01\/Beeboots-COLLAGE-1.jpg\"><img loading=\"lazy\" decoding=\"async\" class=\"alignnone size-full wp-image-1516\" src=\"https:\/\/agora.xtec.cat\/escolaconcordia\/wp-content\/uploads\/usu2135\/2021\/01\/Beeboots-COLLAGE-1.jpg\" alt=\"\" width=\"768\" height=\"768\" srcset=\"https:\/\/agora.xtec.cat\/escolaconcordia\/wp-content\/uploads\/usu2135\/2021\/01\/Beeboots-COLLAGE-1.jpg 768w, https:\/\/agora.xtec.cat\/escolaconcordia\/wp-content\/uploads\/usu2135\/2021\/01\/Beeboots-COLLAGE-1-150x150.jpg 150w, https:\/\/agora.xtec.cat\/escolaconcordia\/wp-content\/uploads\/usu2135\/2021\/01\/Beeboots-COLLAGE-1-300x300.jpg 300w\" sizes=\"auto, (max-width: 768px) 100vw, 768px\" \/><\/a><\/p>\n<p>&nbsp;<\/p>\n","protected":false},"excerpt":{"rendered":"<p>A l&#8217;escola treballem la compet\u00e8ncia digital des de l&#8217;educaci\u00f3 infantil fent un \u00fas educatiu de les noves tecnologies.<br \/>\nEn el seu treball ens centrem en l&#8217;alfabetitzaci\u00f3 tecnol\u00f2gica, en l&#8217;\u00fas de les noves tecnologies com a instruments per a la cerca d&#8217;informaci\u00f3 i l&#8217;elaboraci\u00f3 de treballs, com&hellip;  <a href=\"https:\/\/agora.xtec.cat\/escolaconcordia\/lescola\/projecte-educatiu\/competencia-digital\/\" title=\"Read Compet\u00e8ncia digital\">Llegeix m\u00e9s\u00bb<\/a><\/p>\n","protected":false},"author":1,"featured_media":0,"parent":505,"menu_order":40,"comment_status":"closed","ping_status":"closed","template":"page-templates\/side-menu.php","meta":{"_bbp_topic_count":0,"_bbp_reply_count":0,"_bbp_total_topic_count":0,"_bbp_total_reply_count":0,"_bbp_voice_count":0,"_bbp_anonymous_reply_count":0,"_bbp_topic_count_hidden":0,"_bbp_reply_count_hidden":0,"_bbp_forum_subforum_count":0,"footnotes":""},"class_list":["post-617","page","type-page","status-publish","hentry"],"post_mailing_queue_ids":[],"_links":{"self":[{"href":"https:\/\/agora.xtec.cat\/escolaconcordia\/wp-json\/wp\/v2\/pages\/617","targetHints":{"allow":["GET"]}}],"collection":[{"href":"https:\/\/agora.xtec.cat\/escolaconcordia\/wp-json\/wp\/v2\/pages"}],"about":[{"href":"https:\/\/agora.xtec.cat\/escolaconcordia\/wp-json\/wp\/v2\/types\/page"}],"author":[{"embeddable":true,"href":"https:\/\/agora.xtec.cat\/escolaconcordia\/wp-json\/wp\/v2\/users\/1"}],"replies":[{"embeddable":true,"href":"https:\/\/agora.xtec.cat\/escolaconcordia\/wp-json\/wp\/v2\/comments?post=617"}],"version-history":[{"count":3,"href":"https:\/\/agora.xtec.cat\/escolaconcordia\/wp-json\/wp\/v2\/pages\/617\/revisions"}],"predecessor-version":[{"id":1518,"href":"https:\/\/agora.xtec.cat\/escolaconcordia\/wp-json\/wp\/v2\/pages\/617\/revisions\/1518"}],"up":[{"embeddable":true,"href":"https:\/\/agora.xtec.cat\/escolaconcordia\/wp-json\/wp\/v2\/pages\/505"}],"wp:attachment":[{"href":"https:\/\/agora.xtec.cat\/escolaconcordia\/wp-json\/wp\/v2\/media?parent=617"}],"curies":[{"name":"wp","href":"https:\/\/api.w.org\/{rel}","templated":true}]}}