{"id":615,"date":"2020-04-17T12:31:16","date_gmt":"2020-04-17T10:31:16","guid":{"rendered":"https:\/\/agora.xtec.cat\/ceipconcordia\/?page_id=615"},"modified":"2021-01-06T15:35:27","modified_gmt":"2021-01-06T14:35:27","slug":"tallers-competencials-a-primaria","status":"publish","type":"page","link":"https:\/\/agora.xtec.cat\/escolaconcordia\/lescola\/projecte-educatiu\/tallers-competencials-a-primaria\/","title":{"rendered":"Tallers competencials a Prim\u00e0ria"},"content":{"rendered":"<p style=\"text-align: justify;\"><span style=\"font-size: medium;\">Una tarda a la setmana cada cicle de prim\u00e0ria treballa les\u00a0<\/span><b>matem\u00e0tiques\u00a0<\/b><span style=\"color: #000000; font-size: medium;\">i la<\/span><b>\u00a0llengua<\/b><span style=\"font-size: medium;\">\u00a0oral d&#8217;una manera ben diferent.\u00a0<\/span>Els alumnes de tot el cicle es barregen entre ells aconseguint grups heterogenis que afavoreixen l&#8217;aprenentatge entre iguals.<\/p>\n<p style=\"text-align: justify;\"><span style=\"color: #000000;\">Cada grup participa en un taller:<span style=\"color: #339966;\">\u00a0<\/span><\/span><strong><span style=\"font-size: x-large; color: #008000;\">MESUMAT<\/span><\/strong><span style=\"color: #000000; font-size: medium;\"><strong><span style=\"color: #00ff00;\">,<\/span><\/strong> on es treballen les matem\u00e0tiques<\/span><span style=\"color: #000000;\">\u00a0i\u00a0<\/span><span style=\"color: #008000; font-size: x-large;\"><b>XERRAMECA<\/b><\/span><span style=\"color: #000000;\">, on es treballa la llengua catalana oral.\u00a0<\/span><\/p>\n<p style=\"text-align: justify;\">Les activitats que es desenvolupen en aquests tallers permeten el treball en equip\/cooperatiu, s\u00f3n competencials i potencien el treball aut\u00f2nom dels alumnes. Al final de cada taller, els nens s&#8217;avaluen ells mateixos i avaluen els companys, sent aix\u00ed, conscients del seu propi proc\u00e9s d&#8217;aprenentatge.<\/p>\n<p>Aqu\u00ed teniu una mostra de cadascun dels tallers.<\/p>\n<p>&nbsp;<\/p>\n<p><a href=\"https:\/\/drive.google.com\/file\/d\/1k38y5ZI5EiSU_CLrqMRJFBOH4ddhWdG7\/view?usp=sharing\">XERRAMECA CICLE SUPERIOR<\/a><\/p>\n<p>MESUMAT CICLE INICIAL<\/p>\n<figure class=\"figure wp-caption alignnone\"><a href=\"https:\/\/drive.google.com\/drive\/folders\/1ra1RBXLKtK-PbScs5OdGrEsaFhmID6UE?usp=sharing\"><img loading=\"lazy\" decoding=\"async\" class=\"size-large wp-image-1241\" src=\"https:\/\/agora.xtec.cat\/escolaconcordia\/wp-content\/uploads\/usu2135\/2021\/01\/MESUMAT-CM-768x1024.jpg\" alt=\"\" width=\"768\" height=\"1024\" srcset=\"https:\/\/agora.xtec.cat\/escolaconcordia\/wp-content\/uploads\/usu2135\/2021\/01\/MESUMAT-CM.jpg 768w, https:\/\/agora.xtec.cat\/escolaconcordia\/wp-content\/uploads\/usu2135\/2021\/01\/MESUMAT-CM-225x300.jpg 225w\" sizes=\"auto, (max-width: 768px) 100vw, 768px\" \/><\/a><figcaption class=\"wp-caption-text\">dav<\/figcaption><\/figure>\n<p>&nbsp;<\/p>\n<p>&nbsp;<\/p>\n","protected":false},"excerpt":{"rendered":"<p>Una tarda a la setmana cada cicle de prim\u00e0ria treballa les\u00a0matem\u00e0tiques\u00a0i la\u00a0llengua\u00a0oral d&#8217;una manera ben diferent.\u00a0Els alumnes de tot el cicle es barregen entre ells aconseguint grups heterogenis que afavoreixen l&#8217;aprenentatge entre iguals.<br \/>\nCada grup participa en un taller:\u00a0MESUMAT, on es treballen les matem\u00e0tiques\u00a0i\u00a0XERRAMECA, on es&hellip;  <a href=\"https:\/\/agora.xtec.cat\/escolaconcordia\/lescola\/projecte-educatiu\/tallers-competencials-a-primaria\/\" title=\"Read Tallers competencials a Prim\u00e0ria\">Llegeix m\u00e9s\u00bb<\/a><\/p>\n","protected":false},"author":1,"featured_media":0,"parent":505,"menu_order":20,"comment_status":"closed","ping_status":"closed","template":"page-templates\/side-menu.php","meta":{"_bbp_topic_count":0,"_bbp_reply_count":0,"_bbp_total_topic_count":0,"_bbp_total_reply_count":0,"_bbp_voice_count":0,"_bbp_anonymous_reply_count":0,"_bbp_topic_count_hidden":0,"_bbp_reply_count_hidden":0,"_bbp_forum_subforum_count":0,"footnotes":""},"class_list":["post-615","page","type-page","status-publish","hentry"],"post_mailing_queue_ids":[],"_links":{"self":[{"href":"https:\/\/agora.xtec.cat\/escolaconcordia\/wp-json\/wp\/v2\/pages\/615","targetHints":{"allow":["GET"]}}],"collection":[{"href":"https:\/\/agora.xtec.cat\/escolaconcordia\/wp-json\/wp\/v2\/pages"}],"about":[{"href":"https:\/\/agora.xtec.cat\/escolaconcordia\/wp-json\/wp\/v2\/types\/page"}],"author":[{"embeddable":true,"href":"https:\/\/agora.xtec.cat\/escolaconcordia\/wp-json\/wp\/v2\/users\/1"}],"replies":[{"embeddable":true,"href":"https:\/\/agora.xtec.cat\/escolaconcordia\/wp-json\/wp\/v2\/comments?post=615"}],"version-history":[{"count":3,"href":"https:\/\/agora.xtec.cat\/escolaconcordia\/wp-json\/wp\/v2\/pages\/615\/revisions"}],"predecessor-version":[{"id":1243,"href":"https:\/\/agora.xtec.cat\/escolaconcordia\/wp-json\/wp\/v2\/pages\/615\/revisions\/1243"}],"up":[{"embeddable":true,"href":"https:\/\/agora.xtec.cat\/escolaconcordia\/wp-json\/wp\/v2\/pages\/505"}],"wp:attachment":[{"href":"https:\/\/agora.xtec.cat\/escolaconcordia\/wp-json\/wp\/v2\/media?parent=615"}],"curies":[{"name":"wp","href":"https:\/\/api.w.org\/{rel}","templated":true}]}}