{"id":613,"date":"2020-04-17T12:30:27","date_gmt":"2020-04-17T10:30:27","guid":{"rendered":"https:\/\/agora.xtec.cat\/ceipconcordia\/?page_id=613"},"modified":"2020-05-07T11:39:18","modified_gmt":"2020-05-07T09:39:18","slug":"llengua-estrangera-angles","status":"publish","type":"page","link":"https:\/\/agora.xtec.cat\/escolaconcordia\/lescola\/projecte-educatiu\/llengua-estrangera-angles\/","title":{"rendered":"Llengua estrangera: angl\u00e8s"},"content":{"rendered":"<p style=\"text-align: justify;\"><span style=\"font-family: arial, sans-serif; font-size: medium;\">Atesa la import\u00e0ncia que t\u00e9 la llengua anglesa avui dia en la nostra societat, sensibilitzar els alumnes de forma progressiva envers la llengua i la cultura anglosaxones t\u00e9 sentit, i per tant, cal promoure que des de ben petits l\u2019alumnat sigui iniciat en l\u2019ensenyament de l\u2019angl\u00e8s. La bona qualitat del primer contacte amb la llengua garantitzar\u00e0 en els alumnes un apropament progressiu que repercutir\u00e0 de forma positiva en els seus aprenentatges futurs.<\/span><\/p>\n<p style=\"text-align: justify;\"><span style=\"font-family: arial, sans-serif; font-size: medium;\">\u00c9s per aquest motiu que a l&#8217;escola iniciem la pr\u00e0ctica de l&#8217;angl\u00e8s a P4 i amb mig grup per garantir una millor atenci\u00f3. Des de ben petits, els infants tenen un primer contacte auditiu i es familiaritzen amb aquesta llengua; a la vegada que aprenen i adquireixen vocabulari b\u00e0sic en angl\u00e8s a trav\u00e9s de jocs de moviment, llenguatge verbal i musical. Els infants s\u2019inicien en l\u2019aprenentatge de l\u2019angl\u00e8s i es van familiaritzant amb aquesta llengua a trav\u00e9s dels sons i les expressions que escolten cada setmana acompanyat de nombrosos gestos per potenciar la seva comprensi\u00f3. A trav\u00e9s del llenguatge, la repetici\u00f3, jocs de moviment, danses i can\u00e7ons, l\u2019infant incorpora noves expressions al seu vocabulari i comen\u00e7a a relacionar sons i paraules amb els conceptes ja coneguts.<\/span><\/p>\n<p style=\"text-align: justify;\">A prim\u00e0ria, l&#8217;angl\u00e8s continua sent molt present en l&#8217;horari escolar, mantenint sempre una sessi\u00f3 amb mig grup. A m\u00e9s a m\u00e9s, a partir de 4t de prim\u00e0ria, l&#8217;\u00e0rea d&#8217;educaci\u00f3 art\u00edstica, Pl\u00e0stica, es realitza tamb\u00e9 en angl\u00e8s, de manera que l&#8217;exposici\u00f3 de l&#8217;alumnat a la llengua estrangera augmenta de forma substancial facilitant aix\u00ed la seva adquisici\u00f3. A m\u00e9s a m\u00e9s, els alumnes de cicle superior fan una unitat did\u00e0ctica de medi al trimestre en angl\u00e8s (Science).<\/p>\n<div>\n<div style=\"text-align: justify;\"><\/div>\n<div style=\"text-align: justify;\"><\/div>\n<\/div>\n","protected":false},"excerpt":{"rendered":"<p>Atesa la import\u00e0ncia que t\u00e9 la llengua anglesa avui dia en la nostra societat, sensibilitzar els alumnes de forma progressiva envers la llengua i la cultura anglosaxones t\u00e9 sentit, i per tant, cal promoure que des de ben petits l\u2019alumnat sigui iniciat en l\u2019ensenyament de&hellip;  <a href=\"https:\/\/agora.xtec.cat\/escolaconcordia\/lescola\/projecte-educatiu\/llengua-estrangera-angles\/\" title=\"Read Llengua estrangera: angl\u00e8s\">Llegeix m\u00e9s\u00bb<\/a><\/p>\n","protected":false},"author":1,"featured_media":0,"parent":505,"menu_order":30,"comment_status":"closed","ping_status":"closed","template":"page-templates\/side-menu.php","meta":{"_bbp_topic_count":0,"_bbp_reply_count":0,"_bbp_total_topic_count":0,"_bbp_total_reply_count":0,"_bbp_voice_count":0,"_bbp_anonymous_reply_count":0,"_bbp_topic_count_hidden":0,"_bbp_reply_count_hidden":0,"_bbp_forum_subforum_count":0,"footnotes":""},"class_list":["post-613","page","type-page","status-publish","hentry"],"post_mailing_queue_ids":[],"_links":{"self":[{"href":"https:\/\/agora.xtec.cat\/escolaconcordia\/wp-json\/wp\/v2\/pages\/613","targetHints":{"allow":["GET"]}}],"collection":[{"href":"https:\/\/agora.xtec.cat\/escolaconcordia\/wp-json\/wp\/v2\/pages"}],"about":[{"href":"https:\/\/agora.xtec.cat\/escolaconcordia\/wp-json\/wp\/v2\/types\/page"}],"author":[{"embeddable":true,"href":"https:\/\/agora.xtec.cat\/escolaconcordia\/wp-json\/wp\/v2\/users\/1"}],"replies":[{"embeddable":true,"href":"https:\/\/agora.xtec.cat\/escolaconcordia\/wp-json\/wp\/v2\/comments?post=613"}],"version-history":[{"count":4,"href":"https:\/\/agora.xtec.cat\/escolaconcordia\/wp-json\/wp\/v2\/pages\/613\/revisions"}],"predecessor-version":[{"id":913,"href":"https:\/\/agora.xtec.cat\/escolaconcordia\/wp-json\/wp\/v2\/pages\/613\/revisions\/913"}],"up":[{"embeddable":true,"href":"https:\/\/agora.xtec.cat\/escolaconcordia\/wp-json\/wp\/v2\/pages\/505"}],"wp:attachment":[{"href":"https:\/\/agora.xtec.cat\/escolaconcordia\/wp-json\/wp\/v2\/media?parent=613"}],"curies":[{"name":"wp","href":"https:\/\/api.w.org\/{rel}","templated":true}]}}