{"id":589,"date":"2020-03-27T00:47:19","date_gmt":"2020-03-26T23:47:19","guid":{"rendered":"https:\/\/agora.xtec.cat\/ceipconcordia\/?page_id=589"},"modified":"2020-04-19T12:29:05","modified_gmt":"2020-04-19T10:29:05","slug":"grups-classe","status":"publish","type":"page","link":"https:\/\/agora.xtec.cat\/escolaconcordia\/lescola\/comunitat-educativa\/grups-classe\/","title":{"rendered":"Oferta Formativa"},"content":{"rendered":"<p>Som un centre de dues l\u00ednies que ofereix Educaci\u00f3 Infantil i Educaci\u00f3 Prim\u00e0ria<\/p>\n","protected":false},"excerpt":{"rendered":"<p>Som un centre de dues l\u00ednies que ofereix Educaci\u00f3 Infantil i Educaci\u00f3 Prim\u00e0ria<\/p>\n","protected":false},"author":1,"featured_media":0,"parent":489,"menu_order":10,"comment_status":"closed","ping_status":"closed","template":"page-templates\/side-menu.php","meta":{"_bbp_topic_count":0,"_bbp_reply_count":0,"_bbp_total_topic_count":0,"_bbp_total_reply_count":0,"_bbp_voice_count":0,"_bbp_anonymous_reply_count":0,"_bbp_topic_count_hidden":0,"_bbp_reply_count_hidden":0,"_bbp_forum_subforum_count":0,"footnotes":""},"class_list":["post-589","page","type-page","status-publish","hentry"],"post_mailing_queue_ids":[],"_links":{"self":[{"href":"https:\/\/agora.xtec.cat\/escolaconcordia\/wp-json\/wp\/v2\/pages\/589","targetHints":{"allow":["GET"]}}],"collection":[{"href":"https:\/\/agora.xtec.cat\/escolaconcordia\/wp-json\/wp\/v2\/pages"}],"about":[{"href":"https:\/\/agora.xtec.cat\/escolaconcordia\/wp-json\/wp\/v2\/types\/page"}],"author":[{"embeddable":true,"href":"https:\/\/agora.xtec.cat\/escolaconcordia\/wp-json\/wp\/v2\/users\/1"}],"replies":[{"embeddable":true,"href":"https:\/\/agora.xtec.cat\/escolaconcordia\/wp-json\/wp\/v2\/comments?post=589"}],"version-history":[{"count":3,"href":"https:\/\/agora.xtec.cat\/escolaconcordia\/wp-json\/wp\/v2\/pages\/589\/revisions"}],"predecessor-version":[{"id":727,"href":"https:\/\/agora.xtec.cat\/escolaconcordia\/wp-json\/wp\/v2\/pages\/589\/revisions\/727"}],"up":[{"embeddable":true,"href":"https:\/\/agora.xtec.cat\/escolaconcordia\/wp-json\/wp\/v2\/pages\/489"}],"wp:attachment":[{"href":"https:\/\/agora.xtec.cat\/escolaconcordia\/wp-json\/wp\/v2\/media?parent=589"}],"curies":[{"name":"wp","href":"https:\/\/api.w.org\/{rel}","templated":true}]}}