{"id":571,"date":"2020-03-27T00:29:09","date_gmt":"2020-03-26T23:29:09","guid":{"rendered":"https:\/\/agora.xtec.cat\/ceipconcordia\/?page_id=571"},"modified":"2025-09-04T11:15:27","modified_gmt":"2025-09-04T09:15:27","slug":"normes-dorganitzacio-i-funcionament-de-centre","status":"publish","type":"page","link":"https:\/\/agora.xtec.cat\/escolaconcordia\/documents-de-centre\/normes-dorganitzacio-i-funcionament-de-centre\/","title":{"rendered":"Normes d&#8217;organitzaci\u00f3 i funcionament de centre"},"content":{"rendered":"<p>Aqu\u00ed teniu el butllet\u00ed d&#8217;inici de curs:<\/p>\n<div style=\"margin: 8px 0px 4px;\"><\/div>\n<div style=\"text-align: center;\">\n<div style=\"margin: 8px 0px 4px;\"><\/div>\n<p>&nbsp;<\/p>\n<div style=\"margin: 4px 0px 8px;\"><\/div>\n<\/div>\n<div style=\"text-align:center;\">\n<div style=\"margin:8px 0px 4px;\"><a href=Butllet\u00ed Inici De Curs 25 26 (2)<\/a><\/div>\n<p><iframe loading=\"lazy\" src=\"\/\/v.calameo.com\/?bkcode=000852099f5ec325f9ff5&#038;mode=mini\" width=\"480\" height=\"300\" frameborder=\"0\" scrolling=\"no\" allowtransparency allowfullscreen style=\"margin:0 auto;\"><\/iframe><\/p>\n<div style=\"margin:4px 0px 8px;\"><a href=\"http:\/\/www.calameo.com\/\" target=\"_blank\"><\/p>\n","protected":false},"excerpt":{"rendered":"<p>Aqu\u00ed teniu el butllet\u00ed d&#8217;inici de curs:<\/p>\n<p>&nbsp;<\/p>\n","protected":false},"author":1,"featured_media":0,"parent":620,"menu_order":10,"comment_status":"closed","ping_status":"closed","template":"page-templates\/side-menu.php","meta":{"_bbp_topic_count":0,"_bbp_reply_count":0,"_bbp_total_topic_count":0,"_bbp_total_reply_count":0,"_bbp_voice_count":0,"_bbp_anonymous_reply_count":0,"_bbp_topic_count_hidden":0,"_bbp_reply_count_hidden":0,"_bbp_forum_subforum_count":0,"footnotes":""},"class_list":["post-571","page","type-page","status-publish","hentry"],"post_mailing_queue_ids":[],"_links":{"self":[{"href":"https:\/\/agora.xtec.cat\/escolaconcordia\/wp-json\/wp\/v2\/pages\/571","targetHints":{"allow":["GET"]}}],"collection":[{"href":"https:\/\/agora.xtec.cat\/escolaconcordia\/wp-json\/wp\/v2\/pages"}],"about":[{"href":"https:\/\/agora.xtec.cat\/escolaconcordia\/wp-json\/wp\/v2\/types\/page"}],"author":[{"embeddable":true,"href":"https:\/\/agora.xtec.cat\/escolaconcordia\/wp-json\/wp\/v2\/users\/1"}],"replies":[{"embeddable":true,"href":"https:\/\/agora.xtec.cat\/escolaconcordia\/wp-json\/wp\/v2\/comments?post=571"}],"version-history":[{"count":7,"href":"https:\/\/agora.xtec.cat\/escolaconcordia\/wp-json\/wp\/v2\/pages\/571\/revisions"}],"predecessor-version":[{"id":6365,"href":"https:\/\/agora.xtec.cat\/escolaconcordia\/wp-json\/wp\/v2\/pages\/571\/revisions\/6365"}],"up":[{"embeddable":true,"href":"https:\/\/agora.xtec.cat\/escolaconcordia\/wp-json\/wp\/v2\/pages\/620"}],"wp:attachment":[{"href":"https:\/\/agora.xtec.cat\/escolaconcordia\/wp-json\/wp\/v2\/media?parent=571"}],"curies":[{"name":"wp","href":"https:\/\/api.w.org\/{rel}","templated":true}]}}