{"id":568,"date":"2020-03-27T00:27:42","date_gmt":"2020-03-26T23:27:42","guid":{"rendered":"https:\/\/agora.xtec.cat\/ceipconcordia\/?page_id=568"},"modified":"2023-07-16T10:17:12","modified_gmt":"2023-07-16T08:17:12","slug":"sant-jordi","status":"publish","type":"page","link":"https:\/\/agora.xtec.cat\/escolaconcordia\/festes\/sant-jordi\/","title":{"rendered":"Sant Jordi"},"content":{"rendered":"<p><img decoding=\"async\" class=\"aligncenter\" src=\"https:\/\/sites.google.com\/a\/xtec.cat\/escola-concordia\/_\/rsrc\/1525454545611\/escola-concordia\/barra-lateral\/festes\/sant-jordi\/sant-jordi-salt-girona.gif?height=282&amp;width=400\" \/><\/p>\n<h2><span style=\"color: #99cc00;\">DIADA DE SANT JORDI 2023<\/span><\/h2>\n<p>Aquest anys la Diada de Sant Jordi a l&#8217;escola ha estat novedosa. El nostre Drac ens ha visitat de nou, la paradeta de llibres que ha muntat l&#8217;AMPA ha estat tot un \u00e8xit demostrant que a l&#8217;escola tenim molts bons lectors i lectores que els encanta endinsar-se en el m\u00f3n d&#8217;aventures, imaginaci\u00f3 i sorpreses que els llibres ofereixen i els espais de l&#8217;escola han estat plens d&#8217;hist\u00f2ries de la m\u00e0 de les nostres conta contes. A m\u00e9s a m\u00e9s, els infants han pogut visitar i escoltar dels seus companys i companyes l&#8217;exposici\u00f3 de treballs literaris, ha estat una activitat d&#8217;all\u00f2 m\u00e9s interessant i divertida que ha servit tamb\u00e9 per trobar-nos.<\/p>\n<p>Aqu\u00ed teniu unes imatges representatives de la diada tot i que podeu veure els detalls en cadascun de les p\u00e0gines dels diferents cursos.<\/p>\n<p><a href=\"https:\/\/photos.app.goo.gl\/6e5GseWKHht5dSTs7\"><img loading=\"lazy\" decoding=\"async\" class=\"aligncenter size-large wp-image-4542\" src=\"https:\/\/agora.xtec.cat\/escolaconcordia\/wp-content\/uploads\/usu2135\/2023\/07\/Portada-Sant-Jordi-1024x683.jpg\" alt=\"\" width=\"1024\" height=\"683\" srcset=\"https:\/\/agora.xtec.cat\/escolaconcordia\/wp-content\/uploads\/usu2135\/2023\/07\/Portada-Sant-Jordi-1024x683.jpg 1024w, https:\/\/agora.xtec.cat\/escolaconcordia\/wp-content\/uploads\/usu2135\/2023\/07\/Portada-Sant-Jordi-300x200.jpg 300w, https:\/\/agora.xtec.cat\/escolaconcordia\/wp-content\/uploads\/usu2135\/2023\/07\/Portada-Sant-Jordi-768x512.jpg 768w, https:\/\/agora.xtec.cat\/escolaconcordia\/wp-content\/uploads\/usu2135\/2023\/07\/Portada-Sant-Jordi-1536x1024.jpg 1536w, https:\/\/agora.xtec.cat\/escolaconcordia\/wp-content\/uploads\/usu2135\/2023\/07\/Portada-Sant-Jordi-2048x1366.jpg 2048w\" sizes=\"auto, (max-width: 1024px) 100vw, 1024px\" \/><\/a><\/p>\n<p>&nbsp;<\/p>\n<p>&nbsp;<\/p>\n<p>&nbsp;<\/p>\n<h2><span style=\"color: #99cc00;\">DIADA DE SANT JORDI 2022<\/span><\/h2>\n<p>El drac de Sant Jordi de l&#8217;Escola Conc\u00f2rdia no es va oblidar de nosaltres i ens va acompanyar aquest dia tan especial. Va estar amb nosaltres visitant la paradeta de llibres, escoltant les hist\u00f2ries de la Rosa Fit\u00e9 i el Cesc Serrat, mentre repart\u00edem els premis dels Jocs Florals, tot entre roses i llibres que va fer que la diada fos espectacular.<\/p>\n<p>Aqu\u00ed us deixem les fotos, els dibuixos i els textos finalistes i guanyadors dels Jocs Florals.<\/p>\n<p><a href=\"https:\/\/photos.app.goo.gl\/NhiwQMbU14yYrMBd7\"><img loading=\"lazy\" decoding=\"async\" class=\"aligncenter size-large wp-image-3151\" src=\"https:\/\/agora.xtec.cat\/escolaconcordia\/wp-content\/uploads\/usu2135\/2022\/04\/Jocs-Florals-1024x768.jpg\" alt=\"\" width=\"1024\" height=\"768\" srcset=\"https:\/\/agora.xtec.cat\/escolaconcordia\/wp-content\/uploads\/usu2135\/2022\/04\/Jocs-Florals-1024x768.jpg 1024w, https:\/\/agora.xtec.cat\/escolaconcordia\/wp-content\/uploads\/usu2135\/2022\/04\/Jocs-Florals-300x225.jpg 300w, https:\/\/agora.xtec.cat\/escolaconcordia\/wp-content\/uploads\/usu2135\/2022\/04\/Jocs-Florals-768x576.jpg 768w, https:\/\/agora.xtec.cat\/escolaconcordia\/wp-content\/uploads\/usu2135\/2022\/04\/Jocs-Florals-200x150.jpg 200w, https:\/\/agora.xtec.cat\/escolaconcordia\/wp-content\/uploads\/usu2135\/2022\/04\/Jocs-Florals.jpg 1248w\" sizes=\"auto, (max-width: 1024px) 100vw, 1024px\" \/><\/a><\/p>\n<div style=\"text-align: center;\">\n<div style=\"margin: 8px 0px 4px;\"><\/div>\n<p><iframe loading=\"lazy\" style=\"margin: 0 auto;\" src=\"\/\/v.calameo.com\/?bkcode=000852099f060133cd5d6&amp;mode=mini\" width=\"480\" height=\"300\" frameborder=\"0\" scrolling=\"no\" allowfullscreen=\"allowfullscreen\"><\/iframe><\/p>\n<div style=\"margin: 4px 0px 8px;\"><\/div>\n<\/div>\n<p>&nbsp;<\/p>\n<div style=\"text-align: center;\">\n<div style=\"margin: 8px 0px 4px;\"><\/div>\n<p><iframe loading=\"lazy\" style=\"margin: 0 auto;\" src=\"\/\/v.calameo.com\/?bkcode=000852099d9d8f306d7e2&amp;mode=mini\" width=\"480\" height=\"300\" frameborder=\"0\" scrolling=\"no\" allowfullscreen=\"allowfullscreen\"><\/iframe><\/p>\n<div style=\"margin: 4px 0px 8px;\"><\/div>\n<\/div>\n<p>&nbsp;<\/p>\n<p>&nbsp;<\/p>\n<h2><span style=\"color: #339966;\"><strong>DIADA DE SANT JORDI 2021<\/strong><\/span><\/h2>\n<p>Una de les activitats a l&#8217;escola durant la diada de Sant Jordi \u00e9s la celebraci\u00f3 dels Jocs Florals. Aqu\u00ed teniu els dibuixos i textos finalistes i guanyadors tot i que el jurat ho ha tingut molt dif\u00edcil perqu\u00e8 hi havia molt nivell!!!! Al Conc\u00f2rdia els infants s\u00f3n uns artistes!<\/p>\n<div style=\"text-align: center;\">\n<div style=\"margin: 8px 0px 4px;\"><\/div>\n<div style=\"text-align: center;\">\n<div style=\"margin: 8px 0px 4px;\"><\/div>\n<p><iframe loading=\"lazy\" src=\"\/\/v.calameo.com\/?bkcode=00085209910f8389392b5&amp;mode=mini\" width=\"480\" height=\"300\" frameborder=\"0\"><\/iframe><\/p>\n<\/div>\n<div style=\"text-align: center;\">\n<div style=\"margin: 8px 0px 4px;\"><\/div>\n<p><iframe loading=\"lazy\" src=\"\/\/v.calameo.com\/?bkcode=00085209966eb98f43c90&amp;mode=mini\" width=\"480\" height=\"300\" frameborder=\"0\"><\/iframe><\/p>\n<div style=\"margin: 4px 0px 8px;\"><\/div>\n<\/div>\n<p style=\"text-align: left;\">Cliqueu sobre de la imatge per veure l&#8217;entrega dels Jocs Florals i els contacontes, la Rosa Fit\u00e9 i el Cesc Serrat, que van omplir els espais de l&#8217;escola d&#8217;hist\u00f2ries fant\u00e0stiques!<\/p>\n<div style=\"margin: 4px 0px 8px;\"><a href=\"https:\/\/photos.app.goo.gl\/G7h3r6yRX7p1enKc6\"><img loading=\"lazy\" decoding=\"async\" class=\"aligncenter size-large wp-image-2319\" src=\"https:\/\/agora.xtec.cat\/escolaconcordia\/wp-content\/uploads\/usu2135\/2021\/06\/Sant-Jordi-2021-1024x472.jpg\" alt=\"\" width=\"1024\" height=\"472\" srcset=\"https:\/\/agora.xtec.cat\/escolaconcordia\/wp-content\/uploads\/usu2135\/2021\/06\/Sant-Jordi-2021.jpg 1024w, https:\/\/agora.xtec.cat\/escolaconcordia\/wp-content\/uploads\/usu2135\/2021\/06\/Sant-Jordi-2021-300x138.jpg 300w, https:\/\/agora.xtec.cat\/escolaconcordia\/wp-content\/uploads\/usu2135\/2021\/06\/Sant-Jordi-2021-768x354.jpg 768w\" sizes=\"auto, (max-width: 1024px) 100vw, 1024px\" \/><\/a><\/div>\n<\/div>\n<div style=\"text-align: center;\">\n<div style=\"margin: 8px 0px 4px;\"><\/div>\n<\/div>\n<p>&nbsp;<\/p>\n<p><span style=\"color: #99cc00;\"><b><span style=\"font-size: xx-large;\">DIADA DE SANT JORDI ABRIL 2020<\/span><\/b><\/span><\/p>\n<p>El nostre particular Drac visita els nens i nenes que es troben a casa.<\/p>\n<p>Aquest Drac ens visita durant els Jocs Florals de l&#8217;escola que celebrem per diada de Sant Jordi.<\/p>\n<p>Aquest any li hem hagut de dir que no podia anar-hi i\u00a0ens ha demanat poder arribar d&#8217;una manera o altra als nens i nenes com cada curs, aix\u00ed que&#8230;. l&#8217;hem deixat&#8230;<\/p>\n<p>&nbsp;<\/p>\n<p>&nbsp;<\/p>\n<hr \/>\n<p>Entre d&#8217;altres activitats, per la diada de<span style=\"color: #99cc00; font-size: xx-large;\"> Sant Jordi<\/span>, hem repartit els premis dels\u00a0<span style=\"color: #339966;\"><span style=\"font-size: xx-large; color: #99cc00;\">Jocs Florals 18-19<\/span>.<\/span><\/p>\n<div>\n<div>\n<div>Us deixem els llibrets on podreu veure els dibuixos i llegir els textos finalistes i\u00a0 guanyadors de cada curs.<\/div>\n<\/div>\n<div><\/div>\n<\/div>\n<div>\n<div>\n<div>\n<div>\n<div><\/div>\n<h3><strong><span style=\"color: #99cc00;\">EDUCACI\u00d3 INFANTIL<\/span><\/strong><\/h3>\n<p>&nbsp;<\/p>\n<div><\/div>\n<div>\n<div class=\"sites-embed-align-center-wrapping-off\">\n<div class=\"sites-embed-border-off sites-embed\">\n<div class=\"sites-embed-content sites-embed-type-ggs-gadget\" style=\"text-align: center;\"><iframe loading=\"lazy\" src=\"https:\/\/mj89sp3sau2k7lj1eg3k40hkeppguj6j-a-sites-opensocial.googleusercontent.com\/gadgets\/ifr?url=http:\/\/www.gstatic.com\/sites-gadgets\/iframe\/iframe.xml&amp;container=enterprise&amp;view=default&amp;lang=ca&amp;country=ALL&amp;sanitize=0&amp;v=aad4af0b9f814408&amp;libs=core&amp;parent=https:\/\/sites.google.com\/a\/xtec.cat\/escola-concordia\/escola-concordia\/barra-lateral\/festes\/sant-jordi#up_scroll=no&amp;up_iframeURL=\/\/v.calameo.com\/?bkcode%3D000852099397a5f594bf4%26mode%3Dmini&amp;st=e%3DAIHE3cByYyG10cb6zdPDHTYEcE2IwhLJm0wryYDMXSgrxZhMCaCPhWu7fvVwqtr4qI7K3Upcy8Xh7r5TtGnnEZ4lfkD4jjWYVcHIiCVV0D1tBBdqlEsfKna%252BnTnDGK9PzQODjHiDNR3%252B%26c%3Denterprise&amp;rpctoken=5110283094269963350\" name=\"786789997\" width=\"480\" height=\"300\" frameborder=\"0\" data-mce-fragment=\"1\"><\/iframe><\/div>\n<\/div>\n<\/div>\n<div><span style=\"font-size: x-large;\">\u00a0<\/span><\/div>\n<div><span style=\"font-size: x-large;\">\u00a0<\/span><\/div>\n<h3><strong><span style=\"font-size: x-large; color: #99cc00;\">EDUCACI\u00d3 PRIM\u00c0RIA<\/span><\/strong><\/h3>\n<div><\/div>\n<div>\n<div><\/div>\n<div>\n<div class=\"sites-embed-align-center-wrapping-off\">\n<div class=\"sites-embed-border-off sites-embed\">\n<div class=\"sites-embed-content sites-embed-type-ggs-gadget\" style=\"text-align: center;\"><iframe loading=\"lazy\" src=\"https:\/\/mj89sp3sau2k7lj1eg3k40hkeppguj6j-a-sites-opensocial.googleusercontent.com\/gadgets\/ifr?url=http:\/\/www.gstatic.com\/sites-gadgets\/iframe\/iframe.xml&amp;container=enterprise&amp;view=default&amp;lang=ca&amp;country=ALL&amp;sanitize=0&amp;v=aad4af0b9f814408&amp;libs=core&amp;parent=https:\/\/sites.google.com\/a\/xtec.cat\/escola-concordia\/escola-concordia\/barra-lateral\/festes\/sant-jordi#up_scroll=no&amp;up_iframeURL=\/\/v.calameo.com\/?bkcode%3D0008520990994ec06c1cf%26mode%3Dmini&amp;st=e%3DAIHE3cBxi75VzZf2FmKsjCzLaIEk%252FpEn0xHVuOFdX41fL8qZGLK5AWZizvwjWa6dE7MxdsEChE6iCgbDw46GLvZJaGh6%252BoJQqzTPD5Usdu%252Bi4cDgjnmgx9diFMnIgPMe%252FZMrsp0Sj3Fb%26c%3Denterprise&amp;rpctoken=5110283094269963350\" name=\"1995506797\" width=\"480\" height=\"300\" frameborder=\"0\" data-mce-fragment=\"1\"><\/iframe><\/div>\n<\/div>\n<\/div>\n<\/div>\n<\/div>\n<\/div>\n<\/div>\n<div><\/div>\n<\/div>\n<\/div>\n<\/div>\n<div><\/div>\n<p><span style=\"color: #444444; font-family: arial, sans-serif;\">Aix\u00f2 nom\u00e9s va ser el comen\u00e7ament. \u00a0Tamb\u00e9 vam fer<\/span> activitats intercicles, manualitats, visita a les paradetes de llibres, activitats amb pares, lectura de llibres, decoraci\u00f3 de l&#8217;escola, activitats padrins i fillols, &#8230;<\/p>\n<p>Durant tot el dia, petits i grans, no vam parar de\u00a0<span style=\"color: #99cc00; font-size: xx-large;\"><b>GAUDIR<\/b><\/span>!!<\/p>\n<p>Aqu\u00ed us deixem algunes imatges&#8230;<\/p>\n<div><\/div>\n<div><\/div>\n<h3><span style=\"color: #99cc00; font-size: x-large;\"><b>SANT JORDI EI\u00a0<\/b><\/span><\/h3>\n<div><\/div>\n<div>\u00a0<img loading=\"lazy\" decoding=\"async\" class=\"aligncenter\" src=\"http:\/\/escolanova.cat\/wp-content\/uploads\/2017\/04\/Sant-Jordi-i-la-princesa-1-1030x608.jpg\" alt=\"Resultat d'imatges de sant jordi per nens turu\" width=\"320\" height=\"188\" \/><\/div>\n<div><\/div>\n<div><\/div>\n<h4 style=\"text-align: center;\"><span style=\"color: #000000;\"><strong><a style=\"color: #000000;\" href=\"https:\/\/photos.app.goo.gl\/1WKeHhXYfPvG9k58A\" target=\"_blank\" rel=\"noopener noreferrer\"><span style=\"font-size: medium;\">ROSA FIT\u00c9 P4<\/span><\/a><\/strong><\/span><\/h4>\n<h4 style=\"text-align: center;\"><span style=\"color: #000000;\"><strong><span style=\"font-size: large;\"><a style=\"color: #000000;\" href=\"https:\/\/photos.app.goo.gl\/dbQrK79PAcNBsNn56\" target=\"_blank\" rel=\"noopener noreferrer\">INTERCICLES P5-3rB<\/a><\/span><\/strong><\/span><\/h4>\n<h4 style=\"text-align: center;\"><span style=\"color: #000000;\"><strong><span style=\"font-size: large;\"><a style=\"color: #000000;\" href=\"https:\/\/photos.app.goo.gl\/4rrEJmGp3AiiGFyY9\" target=\"_blank\" rel=\"noopener noreferrer\">PADRINS I FILLOLS P5-6\u00e8<\/a><\/span><\/strong><\/span><\/h4>\n<h4 style=\"text-align: center;\"><span style=\"color: #000000;\"><strong><span style=\"font-size: large;\"><a style=\"color: #000000;\" href=\"https:\/\/photos.app.goo.gl\/BiXzoB5scQT86YX78\" target=\"_blank\" rel=\"noopener noreferrer\">ROSA FIT\u00c9 P5<\/a><\/span><\/strong><\/span><\/h4>\n<h4 style=\"text-align: center;\"><span style=\"font-size: large;\"><span style=\"color: #000000;\"><strong><a style=\"color: #000000;\" href=\"https:\/\/photos.app.goo.gl\/pqFUUsgERzFEFQiP6\" target=\"_blank\" rel=\"noopener noreferrer\">INTERCICLES P4A-3rA<\/a><\/strong><\/span><\/span><\/h4>\n<h4 style=\"text-align: center;\"><\/h4>\n<h3><span style=\"color: #99cc00;\"><b>SANT JORDI CI\u00a0<\/b><\/span><\/h3>\n<div><\/div>\n<div><\/div>\n<div><img loading=\"lazy\" decoding=\"async\" src=\"https:\/\/sites.google.com\/a\/xtec.cat\/escola-concordia\/_\/rsrc\/1556812034894\/escola-concordia\/barra-lateral\/festes\/sant-jordi\/2019-04-23%2012.30.33.jpg?height=240&amp;width=320\" width=\"320\" height=\"240\" border=\"0\" \/><\/div>\n<div><\/div>\n<p>&nbsp;<\/p>\n<h4 style=\"text-align: center;\"><span style=\"color: #000000;\"><span style=\"font-size: large;\"><a style=\"color: #000000;\" href=\"https:\/\/photos.app.goo.gl\/3rmgW4eWAZuipuVe8\" target=\"_blank\" rel=\"noopener noreferrer\">ROSA FIT\u00c9 1rA<\/a><\/span><span style=\"font-size: large;\">\u00a0\u00a0<\/span><\/span><\/h4>\n<h4 style=\"text-align: center;\"><span style=\"font-size: large; color: #000000;\"><a style=\"color: #000000;\" href=\"https:\/\/photos.app.goo.gl\/7cvCHTVwcmbCuVtF8\" target=\"_blank\" rel=\"noopener noreferrer\">SANT JORDI 1rB<\/a>\u00a0<\/span><\/h4>\n<h4 style=\"text-align: center;\"><span style=\"font-size: large; color: #000000;\"><a style=\"color: #000000;\" href=\"https:\/\/photos.app.goo.gl\/K1PycMbdvJbtmdyZ6\" target=\"_blank\" rel=\"noopener noreferrer\">SANT JORDI 2n<\/a><\/span><\/h4>\n<div><\/div>\n<h3><strong><span style=\"color: #99cc00;\"><a style=\"color: #99cc00;\" href=\"https:\/\/photos.app.goo.gl\/wk9QFaULyHjL7HuC9\" target=\"_blank\" rel=\"noopener noreferrer\">SANT JORDI CM<\/a><\/span><\/strong><\/h3>\n<div><\/div>\n<div><img loading=\"lazy\" decoding=\"async\" src=\"https:\/\/sites.google.com\/a\/xtec.cat\/escola-concordia\/_\/rsrc\/1558520473172\/escola-concordia\/barra-lateral\/festes\/sant-jordi\/Espectacle%20Bufan%C3%BAvols.jpg?height=240&amp;width=320\" width=\"320\" height=\"240\" border=\"0\" \/><\/div>\n<div><\/div>\n<div><\/div>\n<h3><\/h3>\n<h3><span style=\"color: #99cc00;\"><b>SANT JORDI CS<\/b><\/span><\/h3>\n<p>&nbsp;<\/p>\n<div>\n<div><\/div>\n<\/div>\n<div>\n<div><img loading=\"lazy\" decoding=\"async\" src=\"https:\/\/sites.google.com\/a\/xtec.cat\/escola-concordia\/_\/rsrc\/1556788462716\/escola-concordia\/barra-lateral\/festes\/sant-jordi\/IMG_20190423_100501.jpg?height=240&amp;width=320\" width=\"320\" height=\"240\" border=\"0\" \/><\/div>\n<div><\/div>\n<\/div>\n<div>\n<h4 style=\"text-align: center;\"><strong><span style=\"color: #000000;\"><a style=\"color: #000000;\" href=\"https:\/\/photos.app.goo.gl\/QTGMgoj1914iUQAC8\" target=\"_blank\" rel=\"noopener noreferrer\">SANT JORDI 5\u00e8<\/a><span style=\"font-size: large;\">\u00a0 \u00a0<\/span><\/span><\/strong><\/h4>\n<h4 style=\"text-align: center;\"><span style=\"color: #000000;\"><a style=\"color: #000000;\" href=\"https:\/\/photos.app.goo.gl\/buX7uSCMAnsj4tAm6\" target=\"_blank\" rel=\"noopener noreferrer\">SANT JORDI 6\u00e8<\/a><\/span><\/h4>\n<h4 style=\"text-align: center;\"><\/h4>\n<\/div>\n<p>&nbsp;<\/p>\n<p>&nbsp;<\/p>\n<p>&nbsp;<\/p>\n","protected":false},"excerpt":{"rendered":"<p>DIADA DE SANT JORDI 2023<br \/>\nAquest anys la Diada de Sant Jordi a l&#8217;escola ha estat novedosa. El nostre Drac ens ha visitat de nou, la paradeta de llibres que ha muntat l&#8217;AMPA ha estat tot un \u00e8xit demostrant que a l&#8217;escola tenim molts bons lectors&hellip;  <a href=\"https:\/\/agora.xtec.cat\/escolaconcordia\/festes\/sant-jordi\/\" title=\"Read Sant Jordi\">Llegeix m\u00e9s\u00bb<\/a><\/p>\n","protected":false},"author":1,"featured_media":0,"parent":1018,"menu_order":50,"comment_status":"closed","ping_status":"closed","template":"page-templates\/side-menu.php","meta":{"_bbp_topic_count":0,"_bbp_reply_count":0,"_bbp_total_topic_count":0,"_bbp_total_reply_count":0,"_bbp_voice_count":0,"_bbp_anonymous_reply_count":0,"_bbp_topic_count_hidden":0,"_bbp_reply_count_hidden":0,"_bbp_forum_subforum_count":0,"footnotes":""},"class_list":["post-568","page","type-page","status-publish","hentry"],"post_mailing_queue_ids":[],"_links":{"self":[{"href":"https:\/\/agora.xtec.cat\/escolaconcordia\/wp-json\/wp\/v2\/pages\/568","targetHints":{"allow":["GET"]}}],"collection":[{"href":"https:\/\/agora.xtec.cat\/escolaconcordia\/wp-json\/wp\/v2\/pages"}],"about":[{"href":"https:\/\/agora.xtec.cat\/escolaconcordia\/wp-json\/wp\/v2\/types\/page"}],"author":[{"embeddable":true,"href":"https:\/\/agora.xtec.cat\/escolaconcordia\/wp-json\/wp\/v2\/users\/1"}],"replies":[{"embeddable":true,"href":"https:\/\/agora.xtec.cat\/escolaconcordia\/wp-json\/wp\/v2\/comments?post=568"}],"version-history":[{"count":3,"href":"https:\/\/agora.xtec.cat\/escolaconcordia\/wp-json\/wp\/v2\/pages\/568\/revisions"}],"predecessor-version":[{"id":4543,"href":"https:\/\/agora.xtec.cat\/escolaconcordia\/wp-json\/wp\/v2\/pages\/568\/revisions\/4543"}],"up":[{"embeddable":true,"href":"https:\/\/agora.xtec.cat\/escolaconcordia\/wp-json\/wp\/v2\/pages\/1018"}],"wp:attachment":[{"href":"https:\/\/agora.xtec.cat\/escolaconcordia\/wp-json\/wp\/v2\/media?parent=568"}],"curies":[{"name":"wp","href":"https:\/\/api.w.org\/{rel}","templated":true}]}}