{"id":566,"date":"2020-03-27T00:27:17","date_gmt":"2020-03-26T23:27:17","guid":{"rendered":"https:\/\/agora.xtec.cat\/ceipconcordia\/?page_id=566"},"modified":"2024-02-28T15:36:25","modified_gmt":"2024-02-28T14:36:25","slug":"festa-de-la-tardor-2","status":"publish","type":"page","link":"https:\/\/agora.xtec.cat\/escolaconcordia\/festes\/festa-de-la-tardor-2\/","title":{"rendered":"Festa de la tardor"},"content":{"rendered":"<p>Per la Tardor l&#8217;escola es vesteix dels colors del bosc i els infants preparen danses tradicionals que compartim amb les fam\u00edlies.<\/p>\n<p>Aquest curs ha sigut un dia fant\u00e0stic.<\/p>\n<p>Si no us ho voleu perdre, nom\u00e9s cal que cliqueu a sobre de les imatges.<\/p>\n<p>I3B<\/p>\n<p><img loading=\"lazy\" decoding=\"async\" class=\"aligncenter size-large wp-image-4889\" src=\"https:\/\/agora.xtec.cat\/escolaconcordia\/wp-content\/uploads\/usu2135\/2023\/12\/Foto-grupal-I3B-1024x768.jpeg\" alt=\"\" width=\"1024\" height=\"768\" srcset=\"https:\/\/agora.xtec.cat\/escolaconcordia\/wp-content\/uploads\/usu2135\/2023\/12\/Foto-grupal-I3B-1024x768.jpeg 1024w, https:\/\/agora.xtec.cat\/escolaconcordia\/wp-content\/uploads\/usu2135\/2023\/12\/Foto-grupal-I3B-300x225.jpeg 300w, https:\/\/agora.xtec.cat\/escolaconcordia\/wp-content\/uploads\/usu2135\/2023\/12\/Foto-grupal-I3B-768x576.jpeg 768w, https:\/\/agora.xtec.cat\/escolaconcordia\/wp-content\/uploads\/usu2135\/2023\/12\/Foto-grupal-I3B-1536x1152.jpeg 1536w, https:\/\/agora.xtec.cat\/escolaconcordia\/wp-content\/uploads\/usu2135\/2023\/12\/Foto-grupal-I3B-200x150.jpeg 200w, https:\/\/agora.xtec.cat\/escolaconcordia\/wp-content\/uploads\/usu2135\/2023\/12\/Foto-grupal-I3B.jpeg 2048w\" sizes=\"auto, (max-width: 1024px) 100vw, 1024px\" \/><\/p>\n<p>I4A<\/p>\n<p><a href=\"https:\/\/photos.app.goo.gl\/akmuVfnNq2Vmhp6u8\"><img loading=\"lazy\" decoding=\"async\" class=\"aligncenter size-large wp-image-4890\" src=\"https:\/\/agora.xtec.cat\/escolaconcordia\/wp-content\/uploads\/usu2135\/2023\/12\/Foto-grupal-I4A-1024x768.jpg\" alt=\"\" width=\"1024\" height=\"768\" srcset=\"https:\/\/agora.xtec.cat\/escolaconcordia\/wp-content\/uploads\/usu2135\/2023\/12\/Foto-grupal-I4A-1024x768.jpg 1024w, https:\/\/agora.xtec.cat\/escolaconcordia\/wp-content\/uploads\/usu2135\/2023\/12\/Foto-grupal-I4A-300x225.jpg 300w, https:\/\/agora.xtec.cat\/escolaconcordia\/wp-content\/uploads\/usu2135\/2023\/12\/Foto-grupal-I4A-768x576.jpg 768w, https:\/\/agora.xtec.cat\/escolaconcordia\/wp-content\/uploads\/usu2135\/2023\/12\/Foto-grupal-I4A-1536x1152.jpg 1536w, https:\/\/agora.xtec.cat\/escolaconcordia\/wp-content\/uploads\/usu2135\/2023\/12\/Foto-grupal-I4A-200x150.jpg 200w, https:\/\/agora.xtec.cat\/escolaconcordia\/wp-content\/uploads\/usu2135\/2023\/12\/Foto-grupal-I4A.jpg 2000w\" sizes=\"auto, (max-width: 1024px) 100vw, 1024px\" \/><\/a><\/p>\n<p>I4B<\/p>\n<p><a href=\"https:\/\/photos.app.goo.gl\/kxFqMRtuvuwwjcrY7\"><img loading=\"lazy\" decoding=\"async\" class=\"aligncenter size-large wp-image-4891\" src=\"https:\/\/agora.xtec.cat\/escolaconcordia\/wp-content\/uploads\/usu2135\/2023\/12\/foto-Grupal-I4B-1024x769.jpeg\" alt=\"\" width=\"1024\" height=\"769\" srcset=\"https:\/\/agora.xtec.cat\/escolaconcordia\/wp-content\/uploads\/usu2135\/2023\/12\/foto-Grupal-I4B-1024x769.jpeg 1024w, https:\/\/agora.xtec.cat\/escolaconcordia\/wp-content\/uploads\/usu2135\/2023\/12\/foto-Grupal-I4B-300x225.jpeg 300w, https:\/\/agora.xtec.cat\/escolaconcordia\/wp-content\/uploads\/usu2135\/2023\/12\/foto-Grupal-I4B-768x576.jpeg 768w, https:\/\/agora.xtec.cat\/escolaconcordia\/wp-content\/uploads\/usu2135\/2023\/12\/foto-Grupal-I4B-1536x1153.jpeg 1536w, https:\/\/agora.xtec.cat\/escolaconcordia\/wp-content\/uploads\/usu2135\/2023\/12\/foto-Grupal-I4B-200x150.jpeg 200w, https:\/\/agora.xtec.cat\/escolaconcordia\/wp-content\/uploads\/usu2135\/2023\/12\/foto-Grupal-I4B.jpeg 1600w\" sizes=\"auto, (max-width: 1024px) 100vw, 1024px\" \/><\/a><\/p>\n<p>I5A<\/p>\n<p><a href=\"https:\/\/photos.app.goo.gl\/7KYK5zaU2GTkAKSq8\"><img loading=\"lazy\" decoding=\"async\" class=\"aligncenter size-large wp-image-4892\" src=\"https:\/\/agora.xtec.cat\/escolaconcordia\/wp-content\/uploads\/usu2135\/2023\/12\/Foto-Grupal-I5A-1024x768.jpg\" alt=\"\" width=\"1024\" height=\"768\" srcset=\"https:\/\/agora.xtec.cat\/escolaconcordia\/wp-content\/uploads\/usu2135\/2023\/12\/Foto-Grupal-I5A-1024x768.jpg 1024w, https:\/\/agora.xtec.cat\/escolaconcordia\/wp-content\/uploads\/usu2135\/2023\/12\/Foto-Grupal-I5A-300x225.jpg 300w, https:\/\/agora.xtec.cat\/escolaconcordia\/wp-content\/uploads\/usu2135\/2023\/12\/Foto-Grupal-I5A-768x576.jpg 768w, https:\/\/agora.xtec.cat\/escolaconcordia\/wp-content\/uploads\/usu2135\/2023\/12\/Foto-Grupal-I5A-1536x1152.jpg 1536w, https:\/\/agora.xtec.cat\/escolaconcordia\/wp-content\/uploads\/usu2135\/2023\/12\/Foto-Grupal-I5A-200x150.jpg 200w, https:\/\/agora.xtec.cat\/escolaconcordia\/wp-content\/uploads\/usu2135\/2023\/12\/Foto-Grupal-I5A.jpg 2048w\" sizes=\"auto, (max-width: 1024px) 100vw, 1024px\" \/><\/a><\/p>\n<p>I5B<\/p>\n<p><a href=\"https:\/\/photos.app.goo.gl\/EymVjeqRAaPYjYJY9\"><img loading=\"lazy\" decoding=\"async\" class=\"aligncenter size-large wp-image-4893\" src=\"https:\/\/agora.xtec.cat\/escolaconcordia\/wp-content\/uploads\/usu2135\/2023\/12\/Foto-Grupal-I5B1-1024x766.jpeg\" alt=\"\" width=\"1024\" height=\"766\" srcset=\"https:\/\/agora.xtec.cat\/escolaconcordia\/wp-content\/uploads\/usu2135\/2023\/12\/Foto-Grupal-I5B1-1024x766.jpeg 1024w, https:\/\/agora.xtec.cat\/escolaconcordia\/wp-content\/uploads\/usu2135\/2023\/12\/Foto-Grupal-I5B1-300x224.jpeg 300w, https:\/\/agora.xtec.cat\/escolaconcordia\/wp-content\/uploads\/usu2135\/2023\/12\/Foto-Grupal-I5B1-768x575.jpeg 768w, https:\/\/agora.xtec.cat\/escolaconcordia\/wp-content\/uploads\/usu2135\/2023\/12\/Foto-Grupal-I5B1-1536x1149.jpeg 1536w, https:\/\/agora.xtec.cat\/escolaconcordia\/wp-content\/uploads\/usu2135\/2023\/12\/Foto-Grupal-I5B1-200x150.jpeg 200w, https:\/\/agora.xtec.cat\/escolaconcordia\/wp-content\/uploads\/usu2135\/2023\/12\/Foto-Grupal-I5B1.jpeg 2048w\" sizes=\"auto, (max-width: 1024px) 100vw, 1024px\" \/><\/a><\/p>\n<p>1rA i B<\/p>\n<p><a href=\"https:\/\/photos.app.goo.gl\/Z5eayGxzcCaP356o8\"><img loading=\"lazy\" decoding=\"async\" class=\"aligncenter size-large wp-image-4894\" src=\"https:\/\/agora.xtec.cat\/escolaconcordia\/wp-content\/uploads\/usu2135\/2023\/12\/Foto-Grupal-1A-1024x768.jpg\" alt=\"\" width=\"1024\" height=\"768\" srcset=\"https:\/\/agora.xtec.cat\/escolaconcordia\/wp-content\/uploads\/usu2135\/2023\/12\/Foto-Grupal-1A-1024x768.jpg 1024w, https:\/\/agora.xtec.cat\/escolaconcordia\/wp-content\/uploads\/usu2135\/2023\/12\/Foto-Grupal-1A-300x225.jpg 300w, https:\/\/agora.xtec.cat\/escolaconcordia\/wp-content\/uploads\/usu2135\/2023\/12\/Foto-Grupal-1A-768x576.jpg 768w, https:\/\/agora.xtec.cat\/escolaconcordia\/wp-content\/uploads\/usu2135\/2023\/12\/Foto-Grupal-1A-1536x1152.jpg 1536w, https:\/\/agora.xtec.cat\/escolaconcordia\/wp-content\/uploads\/usu2135\/2023\/12\/Foto-Grupal-1A-200x150.jpg 200w, https:\/\/agora.xtec.cat\/escolaconcordia\/wp-content\/uploads\/usu2135\/2023\/12\/Foto-Grupal-1A.jpg 2048w\" sizes=\"auto, (max-width: 1024px) 100vw, 1024px\" \/><\/a><\/p>\n<p>2nA<\/p>\n<p><a href=\"https:\/\/photos.app.goo.gl\/ywSozFpicZjvyqv78\"><img loading=\"lazy\" decoding=\"async\" class=\"aligncenter size-large wp-image-4895\" src=\"https:\/\/agora.xtec.cat\/escolaconcordia\/wp-content\/uploads\/usu2135\/2023\/12\/Foto-Grupsl-2A-1024x768.jpg\" alt=\"\" width=\"1024\" height=\"768\" srcset=\"https:\/\/agora.xtec.cat\/escolaconcordia\/wp-content\/uploads\/usu2135\/2023\/12\/Foto-Grupsl-2A-1024x768.jpg 1024w, https:\/\/agora.xtec.cat\/escolaconcordia\/wp-content\/uploads\/usu2135\/2023\/12\/Foto-Grupsl-2A-300x225.jpg 300w, https:\/\/agora.xtec.cat\/escolaconcordia\/wp-content\/uploads\/usu2135\/2023\/12\/Foto-Grupsl-2A-768x576.jpg 768w, https:\/\/agora.xtec.cat\/escolaconcordia\/wp-content\/uploads\/usu2135\/2023\/12\/Foto-Grupsl-2A-1536x1152.jpg 1536w, https:\/\/agora.xtec.cat\/escolaconcordia\/wp-content\/uploads\/usu2135\/2023\/12\/Foto-Grupsl-2A-200x150.jpg 200w, https:\/\/agora.xtec.cat\/escolaconcordia\/wp-content\/uploads\/usu2135\/2023\/12\/Foto-Grupsl-2A.jpg 1600w\" sizes=\"auto, (max-width: 1024px) 100vw, 1024px\" \/><\/a><\/p>\n<p>&nbsp;<\/p>\n<p>2nB<\/p>\n<p><a href=\"https:\/\/photos.app.goo.gl\/QfcZ3C34XM8JEdcG9\"><img loading=\"lazy\" decoding=\"async\" class=\"aligncenter size-large wp-image-4896\" src=\"https:\/\/agora.xtec.cat\/escolaconcordia\/wp-content\/uploads\/usu2135\/2023\/12\/Grupal-2B-1024x768.jpg\" alt=\"\" width=\"1024\" height=\"768\" srcset=\"https:\/\/agora.xtec.cat\/escolaconcordia\/wp-content\/uploads\/usu2135\/2023\/12\/Grupal-2B-1024x768.jpg 1024w, https:\/\/agora.xtec.cat\/escolaconcordia\/wp-content\/uploads\/usu2135\/2023\/12\/Grupal-2B-300x225.jpg 300w, https:\/\/agora.xtec.cat\/escolaconcordia\/wp-content\/uploads\/usu2135\/2023\/12\/Grupal-2B-768x576.jpg 768w, https:\/\/agora.xtec.cat\/escolaconcordia\/wp-content\/uploads\/usu2135\/2023\/12\/Grupal-2B-1536x1152.jpg 1536w, https:\/\/agora.xtec.cat\/escolaconcordia\/wp-content\/uploads\/usu2135\/2023\/12\/Grupal-2B-200x150.jpg 200w, https:\/\/agora.xtec.cat\/escolaconcordia\/wp-content\/uploads\/usu2135\/2023\/12\/Grupal-2B.jpg 1600w\" sizes=\"auto, (max-width: 1024px) 100vw, 1024px\" \/><\/a><\/p>\n<p>3r i 4t<a href=\"https:\/\/photos.app.goo.gl\/HoZrJVRMbTc7i1bb9\"><br \/>\n<img loading=\"lazy\" decoding=\"async\" class=\"aligncenter size-large wp-image-4885\" src=\"https:\/\/agora.xtec.cat\/escolaconcordia\/wp-content\/uploads\/usu2135\/2023\/12\/IMG_8540-COLLAGE-1-1024x1024.jpg\" alt=\"\" width=\"1024\" height=\"1024\" srcset=\"https:\/\/agora.xtec.cat\/escolaconcordia\/wp-content\/uploads\/usu2135\/2023\/12\/IMG_8540-COLLAGE-1-1024x1024.jpg 1024w, https:\/\/agora.xtec.cat\/escolaconcordia\/wp-content\/uploads\/usu2135\/2023\/12\/IMG_8540-COLLAGE-1-300x300.jpg 300w, https:\/\/agora.xtec.cat\/escolaconcordia\/wp-content\/uploads\/usu2135\/2023\/12\/IMG_8540-COLLAGE-1-150x150.jpg 150w, https:\/\/agora.xtec.cat\/escolaconcordia\/wp-content\/uploads\/usu2135\/2023\/12\/IMG_8540-COLLAGE-1-768x768.jpg 768w, https:\/\/agora.xtec.cat\/escolaconcordia\/wp-content\/uploads\/usu2135\/2023\/12\/IMG_8540-COLLAGE-1-1536x1536.jpg 1536w, https:\/\/agora.xtec.cat\/escolaconcordia\/wp-content\/uploads\/usu2135\/2023\/12\/IMG_8540-COLLAGE-1.jpg 2046w\" sizes=\"auto, (max-width: 1024px) 100vw, 1024px\" \/><\/a>5\u00e8 i 6\u00e8<\/p>\n<p><a href=\"https:\/\/photos.app.goo.gl\/WR5YuLsH29WZvxU1A\"><img loading=\"lazy\" decoding=\"async\" class=\"aligncenter size-large wp-image-4886\" src=\"https:\/\/agora.xtec.cat\/escolaconcordia\/wp-content\/uploads\/usu2135\/2023\/12\/IMG_8562-COLLAGE-1024x1024.jpg\" alt=\"\" width=\"1024\" height=\"1024\" srcset=\"https:\/\/agora.xtec.cat\/escolaconcordia\/wp-content\/uploads\/usu2135\/2023\/12\/IMG_8562-COLLAGE-1024x1024.jpg 1024w, https:\/\/agora.xtec.cat\/escolaconcordia\/wp-content\/uploads\/usu2135\/2023\/12\/IMG_8562-COLLAGE-300x300.jpg 300w, https:\/\/agora.xtec.cat\/escolaconcordia\/wp-content\/uploads\/usu2135\/2023\/12\/IMG_8562-COLLAGE-150x150.jpg 150w, https:\/\/agora.xtec.cat\/escolaconcordia\/wp-content\/uploads\/usu2135\/2023\/12\/IMG_8562-COLLAGE-768x768.jpg 768w, https:\/\/agora.xtec.cat\/escolaconcordia\/wp-content\/uploads\/usu2135\/2023\/12\/IMG_8562-COLLAGE-1536x1536.jpg 1536w, https:\/\/agora.xtec.cat\/escolaconcordia\/wp-content\/uploads\/usu2135\/2023\/12\/IMG_8562-COLLAGE.jpg 2047w\" sizes=\"auto, (max-width: 1024px) 100vw, 1024px\" \/><\/a><\/p>\n<p><strong>CURS 22-23<\/strong><\/p>\n<p>Aquest curs la festa de la tardor a l&#8217;escola ha tornat a ser el que era i hem pogut gaudir de can\u00e7ons, danses, castanyes, amb un p\u00fablic molt especial&#8230; les fam\u00edlies i les castanyeres!\u00a0 Cliqueu a sobre de les imatges si voleu veure-ho!<\/p>\n<p><strong>LA FESTA DE LA TARDOR A EDUCACI\u00d3 INFANTIL<\/strong><\/p>\n<p><a href=\"https:\/\/photos.app.goo.gl\/tWwEEgkuV3sWaUWz5\"><img loading=\"lazy\" decoding=\"async\" class=\"aligncenter size-large wp-image-3862\" src=\"https:\/\/agora.xtec.cat\/escolaconcordia\/wp-content\/uploads\/usu2135\/2022\/11\/GrupoP3A-COLLAGE-1024x1024.jpg\" alt=\"\" width=\"1024\" height=\"1024\" srcset=\"https:\/\/agora.xtec.cat\/escolaconcordia\/wp-content\/uploads\/usu2135\/2022\/11\/GrupoP3A-COLLAGE-1024x1024.jpg 1024w, https:\/\/agora.xtec.cat\/escolaconcordia\/wp-content\/uploads\/usu2135\/2022\/11\/GrupoP3A-COLLAGE-300x300.jpg 300w, https:\/\/agora.xtec.cat\/escolaconcordia\/wp-content\/uploads\/usu2135\/2022\/11\/GrupoP3A-COLLAGE-150x150.jpg 150w, https:\/\/agora.xtec.cat\/escolaconcordia\/wp-content\/uploads\/usu2135\/2022\/11\/GrupoP3A-COLLAGE-768x768.jpg 768w, https:\/\/agora.xtec.cat\/escolaconcordia\/wp-content\/uploads\/usu2135\/2022\/11\/GrupoP3A-COLLAGE-1536x1536.jpg 1536w, https:\/\/agora.xtec.cat\/escolaconcordia\/wp-content\/uploads\/usu2135\/2022\/11\/GrupoP3A-COLLAGE.jpg 2046w\" sizes=\"auto, (max-width: 1024px) 100vw, 1024px\" \/><\/a><\/p>\n<p><strong>LA FESTA DE LA TARDOR A PRIM\u00c0RIA<\/strong><\/p>\n<p><a href=\"https:\/\/photos.app.goo.gl\/FpdCWJuS9TkJyoNq6\"><img loading=\"lazy\" decoding=\"async\" class=\"aligncenter size-large wp-image-3863\" src=\"https:\/\/agora.xtec.cat\/escolaconcordia\/wp-content\/uploads\/usu2135\/2022\/11\/Grupo1er-COLLAGE-1024x1024.jpg\" alt=\"\" width=\"1024\" height=\"1024\" srcset=\"https:\/\/agora.xtec.cat\/escolaconcordia\/wp-content\/uploads\/usu2135\/2022\/11\/Grupo1er-COLLAGE-1024x1024.jpg 1024w, https:\/\/agora.xtec.cat\/escolaconcordia\/wp-content\/uploads\/usu2135\/2022\/11\/Grupo1er-COLLAGE-300x300.jpg 300w, https:\/\/agora.xtec.cat\/escolaconcordia\/wp-content\/uploads\/usu2135\/2022\/11\/Grupo1er-COLLAGE-150x150.jpg 150w, https:\/\/agora.xtec.cat\/escolaconcordia\/wp-content\/uploads\/usu2135\/2022\/11\/Grupo1er-COLLAGE-768x768.jpg 768w, https:\/\/agora.xtec.cat\/escolaconcordia\/wp-content\/uploads\/usu2135\/2022\/11\/Grupo1er-COLLAGE-1536x1536.jpg 1536w, https:\/\/agora.xtec.cat\/escolaconcordia\/wp-content\/uploads\/usu2135\/2022\/11\/Grupo1er-COLLAGE.jpg 2047w\" sizes=\"auto, (max-width: 1024px) 100vw, 1024px\" \/><\/a><\/p>\n","protected":false},"excerpt":{"rendered":"<p>Per la Tardor l&#8217;escola es vesteix dels colors del bosc i els infants preparen danses tradicionals que compartim amb les fam\u00edlies.<br \/>\nAquest curs ha sigut un dia fant\u00e0stic.<br \/>\nSi no us ho voleu perdre, nom\u00e9s cal que cliqueu a sobre de les imatges.<br \/>\nI3B<\/p>\n<p>I4A<br \/>\n<a href=\"https:\/\/photos.app.goo.gl\/akmuVfnNq2Vmhp6u8\"><\/a><br \/>\nI4B<br \/>\n<a href=\"https:\/\/photos.app.goo.gl\/kxFqMRtuvuwwjcrY7\"><\/a><br \/>\nI5A<br \/>\n<a href=\"https:\/\/photos.app.goo.gl\/7KYK5zaU2GTkAKSq8\"><\/a><br \/>\nI5B<br \/>\n<a href=\"https:\/\/photos.app.goo.gl\/EymVjeqRAaPYjYJY9\"><\/a><br \/>\n1rA&hellip;  <a href=\"https:\/\/agora.xtec.cat\/escolaconcordia\/festes\/festa-de-la-tardor-2\/\" title=\"Read Festa de la tardor\">Llegeix m\u00e9s\u00bb<\/a><\/p>\n","protected":false},"author":1,"featured_media":0,"parent":1018,"menu_order":20,"comment_status":"closed","ping_status":"closed","template":"page-templates\/side-menu.php","meta":{"_bbp_topic_count":0,"_bbp_reply_count":0,"_bbp_total_topic_count":0,"_bbp_total_reply_count":0,"_bbp_voice_count":0,"_bbp_anonymous_reply_count":0,"_bbp_topic_count_hidden":0,"_bbp_reply_count_hidden":0,"_bbp_forum_subforum_count":0,"footnotes":""},"class_list":["post-566","page","type-page","status-publish","hentry"],"post_mailing_queue_ids":[],"_links":{"self":[{"href":"https:\/\/agora.xtec.cat\/escolaconcordia\/wp-json\/wp\/v2\/pages\/566","targetHints":{"allow":["GET"]}}],"collection":[{"href":"https:\/\/agora.xtec.cat\/escolaconcordia\/wp-json\/wp\/v2\/pages"}],"about":[{"href":"https:\/\/agora.xtec.cat\/escolaconcordia\/wp-json\/wp\/v2\/types\/page"}],"author":[{"embeddable":true,"href":"https:\/\/agora.xtec.cat\/escolaconcordia\/wp-json\/wp\/v2\/users\/1"}],"replies":[{"embeddable":true,"href":"https:\/\/agora.xtec.cat\/escolaconcordia\/wp-json\/wp\/v2\/comments?post=566"}],"version-history":[{"count":5,"href":"https:\/\/agora.xtec.cat\/escolaconcordia\/wp-json\/wp\/v2\/pages\/566\/revisions"}],"predecessor-version":[{"id":5166,"href":"https:\/\/agora.xtec.cat\/escolaconcordia\/wp-json\/wp\/v2\/pages\/566\/revisions\/5166"}],"up":[{"embeddable":true,"href":"https:\/\/agora.xtec.cat\/escolaconcordia\/wp-json\/wp\/v2\/pages\/1018"}],"wp:attachment":[{"href":"https:\/\/agora.xtec.cat\/escolaconcordia\/wp-json\/wp\/v2\/media?parent=566"}],"curies":[{"name":"wp","href":"https:\/\/api.w.org\/{rel}","templated":true}]}}