{"id":564,"date":"2020-03-27T00:26:42","date_gmt":"2020-03-26T23:26:42","guid":{"rendered":"https:\/\/agora.xtec.cat\/ceipconcordia\/?page_id=564"},"modified":"2024-02-27T22:50:30","modified_gmt":"2024-02-27T21:50:30","slug":"carnaval","status":"publish","type":"page","link":"https:\/\/agora.xtec.cat\/escolaconcordia\/festes\/carnaval\/","title":{"rendered":"Carnaval"},"content":{"rendered":"<h2><span style=\"color: #99cc00;\">FESTA DE CARNAVAL<\/span><\/h2>\n<p>Aquest curs el temps va fer perillar la festa per\u00f2 al final&#8230; vam poder gaudir d&#8217;un pati ple a vessar de fam\u00edlies, una pista plena disfresses, m\u00fasica, balls i alegria. Penseu que exagerem? Doncs cliqueu a sobre de les imatges i ja veureu com no&#8230;! A disfrutar!<\/p>\n<p><img loading=\"lazy\" decoding=\"async\" class=\"aligncenter size-large wp-image-5137\" src=\"https:\/\/agora.xtec.cat\/escolaconcordia\/wp-content\/uploads\/usu2135\/2024\/02\/I3-B-1024x586.jpg\" alt=\"\" width=\"1024\" height=\"586\" srcset=\"https:\/\/agora.xtec.cat\/escolaconcordia\/wp-content\/uploads\/usu2135\/2024\/02\/I3-B-1024x586.jpg 1024w, https:\/\/agora.xtec.cat\/escolaconcordia\/wp-content\/uploads\/usu2135\/2024\/02\/I3-B-300x172.jpg 300w, https:\/\/agora.xtec.cat\/escolaconcordia\/wp-content\/uploads\/usu2135\/2024\/02\/I3-B-768x440.jpg 768w, https:\/\/agora.xtec.cat\/escolaconcordia\/wp-content\/uploads\/usu2135\/2024\/02\/I3-B-1536x879.jpg 1536w, https:\/\/agora.xtec.cat\/escolaconcordia\/wp-content\/uploads\/usu2135\/2024\/02\/I3-B-2048x1172.jpg 2048w\" sizes=\"auto, (max-width: 1024px) 100vw, 1024px\" \/><\/p>\n<p>&nbsp;<\/p>\n<p>&nbsp;<\/p>\n<p><a href=\"https:\/\/photos.app.goo.gl\/sqnT7vw8NVgNSrMf8\"><img loading=\"lazy\" decoding=\"async\" class=\"aligncenter size-large wp-image-5138\" src=\"https:\/\/agora.xtec.cat\/escolaconcordia\/wp-content\/uploads\/usu2135\/2024\/02\/I4A-1-1024x590.jpg\" alt=\"\" width=\"1024\" height=\"590\" srcset=\"https:\/\/agora.xtec.cat\/escolaconcordia\/wp-content\/uploads\/usu2135\/2024\/02\/I4A-1-1024x590.jpg 1024w, https:\/\/agora.xtec.cat\/escolaconcordia\/wp-content\/uploads\/usu2135\/2024\/02\/I4A-1-300x173.jpg 300w, https:\/\/agora.xtec.cat\/escolaconcordia\/wp-content\/uploads\/usu2135\/2024\/02\/I4A-1-768x443.jpg 768w, https:\/\/agora.xtec.cat\/escolaconcordia\/wp-content\/uploads\/usu2135\/2024\/02\/I4A-1-1536x885.jpg 1536w, https:\/\/agora.xtec.cat\/escolaconcordia\/wp-content\/uploads\/usu2135\/2024\/02\/I4A-1-2048x1180.jpg 2048w\" sizes=\"auto, (max-width: 1024px) 100vw, 1024px\" \/><\/a><\/p>\n<p>&nbsp;<\/p>\n<p><a href=\"https:\/\/photos.app.goo.gl\/sqnT7vw8NVgNSrMf8\"><img loading=\"lazy\" decoding=\"async\" class=\"aligncenter size-large wp-image-5139\" src=\"https:\/\/agora.xtec.cat\/escolaconcordia\/wp-content\/uploads\/usu2135\/2024\/02\/I4-B-carnaval-classe-1024x434.jpg\" alt=\"\" width=\"1024\" height=\"434\" srcset=\"https:\/\/agora.xtec.cat\/escolaconcordia\/wp-content\/uploads\/usu2135\/2024\/02\/I4-B-carnaval-classe-1024x434.jpg 1024w, https:\/\/agora.xtec.cat\/escolaconcordia\/wp-content\/uploads\/usu2135\/2024\/02\/I4-B-carnaval-classe-300x127.jpg 300w, https:\/\/agora.xtec.cat\/escolaconcordia\/wp-content\/uploads\/usu2135\/2024\/02\/I4-B-carnaval-classe-768x325.jpg 768w, https:\/\/agora.xtec.cat\/escolaconcordia\/wp-content\/uploads\/usu2135\/2024\/02\/I4-B-carnaval-classe-1536x651.jpg 1536w, https:\/\/agora.xtec.cat\/escolaconcordia\/wp-content\/uploads\/usu2135\/2024\/02\/I4-B-carnaval-classe-2048x868.jpg 2048w\" sizes=\"auto, (max-width: 1024px) 100vw, 1024px\" \/><\/a><\/p>\n<p><a href=\"https:\/\/photos.app.goo.gl\/aPrbLR7VJdNWTEEK6\"><img loading=\"lazy\" decoding=\"async\" class=\"aligncenter size-large wp-image-5140\" src=\"https:\/\/agora.xtec.cat\/escolaconcordia\/wp-content\/uploads\/usu2135\/2024\/02\/Carnaval-I5A-1024x768.jpg\" alt=\"\" width=\"1024\" height=\"768\" srcset=\"https:\/\/agora.xtec.cat\/escolaconcordia\/wp-content\/uploads\/usu2135\/2024\/02\/Carnaval-I5A-1024x768.jpg 1024w, https:\/\/agora.xtec.cat\/escolaconcordia\/wp-content\/uploads\/usu2135\/2024\/02\/Carnaval-I5A-300x225.jpg 300w, https:\/\/agora.xtec.cat\/escolaconcordia\/wp-content\/uploads\/usu2135\/2024\/02\/Carnaval-I5A-768x576.jpg 768w, https:\/\/agora.xtec.cat\/escolaconcordia\/wp-content\/uploads\/usu2135\/2024\/02\/Carnaval-I5A-1536x1152.jpg 1536w, https:\/\/agora.xtec.cat\/escolaconcordia\/wp-content\/uploads\/usu2135\/2024\/02\/Carnaval-I5A-200x150.jpg 200w, https:\/\/agora.xtec.cat\/escolaconcordia\/wp-content\/uploads\/usu2135\/2024\/02\/Carnaval-I5A.jpg 1600w\" sizes=\"auto, (max-width: 1024px) 100vw, 1024px\" \/><\/a><a href=\"https:\/\/photos.app.goo.gl\/aPrbLR7VJdNWTEEK6\"><img loading=\"lazy\" decoding=\"async\" class=\"aligncenter size-large wp-image-5141\" src=\"https:\/\/agora.xtec.cat\/escolaconcordia\/wp-content\/uploads\/usu2135\/2024\/02\/I5B-1024x545.jpg\" alt=\"\" width=\"1024\" height=\"545\" srcset=\"https:\/\/agora.xtec.cat\/escolaconcordia\/wp-content\/uploads\/usu2135\/2024\/02\/I5B-1024x545.jpg 1024w, https:\/\/agora.xtec.cat\/escolaconcordia\/wp-content\/uploads\/usu2135\/2024\/02\/I5B-300x160.jpg 300w, https:\/\/agora.xtec.cat\/escolaconcordia\/wp-content\/uploads\/usu2135\/2024\/02\/I5B-768x408.jpg 768w, https:\/\/agora.xtec.cat\/escolaconcordia\/wp-content\/uploads\/usu2135\/2024\/02\/I5B-1536x817.jpg 1536w, https:\/\/agora.xtec.cat\/escolaconcordia\/wp-content\/uploads\/usu2135\/2024\/02\/I5B-2048x1089.jpg 2048w\" sizes=\"auto, (max-width: 1024px) 100vw, 1024px\" \/><\/a><\/p>\n<p><a href=\"https:\/\/agora.xtec.cat\/escolaconcordia\/wp-content\/uploads\/usu2135\/2024\/02\/1rA.heic\"><img decoding=\"async\" class=\"aligncenter size-full wp-image-5142\" src=\"https:\/\/agora.xtec.cat\/escolaconcordia\/wp-content\/uploads\/usu2135\/2024\/02\/1rA.heic\" alt=\"\" \/><\/a><\/p>\n<h2><a href=\"https:\/\/photos.app.goo.gl\/h7T4eLaHAoyoZurv9\"><img loading=\"lazy\" decoding=\"async\" class=\"aligncenter size-full wp-image-5160\" src=\"https:\/\/agora.xtec.cat\/escolaconcordia\/wp-content\/uploads\/usu2135\/2024\/02\/1rA-1-1-1.jpg\" alt=\"\" width=\"1003\" height=\"752\" srcset=\"https:\/\/agora.xtec.cat\/escolaconcordia\/wp-content\/uploads\/usu2135\/2024\/02\/1rA-1-1-1.jpg 1003w, https:\/\/agora.xtec.cat\/escolaconcordia\/wp-content\/uploads\/usu2135\/2024\/02\/1rA-1-1-1-300x225.jpg 300w, https:\/\/agora.xtec.cat\/escolaconcordia\/wp-content\/uploads\/usu2135\/2024\/02\/1rA-1-1-1-768x576.jpg 768w, https:\/\/agora.xtec.cat\/escolaconcordia\/wp-content\/uploads\/usu2135\/2024\/02\/1rA-1-1-1-200x150.jpg 200w\" sizes=\"auto, (max-width: 1003px) 100vw, 1003px\" \/><\/a><\/h2>\n<h2><\/h2>\n<h2><a href=\"https:\/\/photos.app.goo.gl\/h7T4eLaHAoyoZurv9\"><img loading=\"lazy\" decoding=\"async\" class=\"aligncenter size-large wp-image-5155\" src=\"https:\/\/agora.xtec.cat\/escolaconcordia\/wp-content\/uploads\/usu2135\/2024\/02\/20240209_150820-1024x461.jpg\" alt=\"\" width=\"1024\" height=\"461\" srcset=\"https:\/\/agora.xtec.cat\/escolaconcordia\/wp-content\/uploads\/usu2135\/2024\/02\/20240209_150820-1024x461.jpg 1024w, https:\/\/agora.xtec.cat\/escolaconcordia\/wp-content\/uploads\/usu2135\/2024\/02\/20240209_150820-300x135.jpg 300w, https:\/\/agora.xtec.cat\/escolaconcordia\/wp-content\/uploads\/usu2135\/2024\/02\/20240209_150820-768x346.jpg 768w, https:\/\/agora.xtec.cat\/escolaconcordia\/wp-content\/uploads\/usu2135\/2024\/02\/20240209_150820-1536x692.jpg 1536w, https:\/\/agora.xtec.cat\/escolaconcordia\/wp-content\/uploads\/usu2135\/2024\/02\/20240209_150820-2048x922.jpg 2048w\" sizes=\"auto, (max-width: 1024px) 100vw, 1024px\" \/><\/a><\/h2>\n<p><a href=\"https:\/\/photos.app.goo.gl\/5CBQU7YXRBL41fjL8\"><img loading=\"lazy\" decoding=\"async\" class=\"aligncenter size-large wp-image-5162\" src=\"https:\/\/agora.xtec.cat\/escolaconcordia\/wp-content\/uploads\/usu2135\/2024\/02\/2nA-1-1024x616.jpg\" alt=\"\" width=\"1024\" height=\"616\" srcset=\"https:\/\/agora.xtec.cat\/escolaconcordia\/wp-content\/uploads\/usu2135\/2024\/02\/2nA-1-1024x616.jpg 1024w, https:\/\/agora.xtec.cat\/escolaconcordia\/wp-content\/uploads\/usu2135\/2024\/02\/2nA-1-300x181.jpg 300w, https:\/\/agora.xtec.cat\/escolaconcordia\/wp-content\/uploads\/usu2135\/2024\/02\/2nA-1-768x462.jpg 768w, https:\/\/agora.xtec.cat\/escolaconcordia\/wp-content\/uploads\/usu2135\/2024\/02\/2nA-1-1536x925.jpg 1536w, https:\/\/agora.xtec.cat\/escolaconcordia\/wp-content\/uploads\/usu2135\/2024\/02\/2nA-1-2048x1233.jpg 2048w\" sizes=\"auto, (max-width: 1024px) 100vw, 1024px\" \/><\/a><\/p>\n<h2><a href=\"https:\/\/photos.app.goo.gl\/5CBQU7YXRBL41fjL8\"><img loading=\"lazy\" decoding=\"async\" class=\"aligncenter size-large wp-image-5161\" src=\"https:\/\/agora.xtec.cat\/escolaconcordia\/wp-content\/uploads\/usu2135\/2024\/02\/IMG_8568.jpg\" alt=\"\" width=\"1018\" height=\"763\" srcset=\"https:\/\/agora.xtec.cat\/escolaconcordia\/wp-content\/uploads\/usu2135\/2024\/02\/IMG_8568.jpg 1018w, https:\/\/agora.xtec.cat\/escolaconcordia\/wp-content\/uploads\/usu2135\/2024\/02\/IMG_8568-300x225.jpg 300w, https:\/\/agora.xtec.cat\/escolaconcordia\/wp-content\/uploads\/usu2135\/2024\/02\/IMG_8568-768x576.jpg 768w, https:\/\/agora.xtec.cat\/escolaconcordia\/wp-content\/uploads\/usu2135\/2024\/02\/IMG_8568-200x150.jpg 200w\" sizes=\"auto, (max-width: 1018px) 100vw, 1018px\" \/><\/a><\/h2>\n<h2><a href=\"https:\/\/photos.app.goo.gl\/Wbs11h7ExAJCR9Mt9\"><img loading=\"lazy\" decoding=\"async\" class=\"aligncenter size-large wp-image-5149\" src=\"https:\/\/agora.xtec.cat\/escolaconcordia\/wp-content\/uploads\/usu2135\/2024\/02\/foto-grup-3r-A-carnestoltes-1-1024x768.jpeg\" alt=\"\" width=\"1024\" height=\"768\" srcset=\"https:\/\/agora.xtec.cat\/escolaconcordia\/wp-content\/uploads\/usu2135\/2024\/02\/foto-grup-3r-A-carnestoltes-1-1024x768.jpeg 1024w, https:\/\/agora.xtec.cat\/escolaconcordia\/wp-content\/uploads\/usu2135\/2024\/02\/foto-grup-3r-A-carnestoltes-1-300x225.jpeg 300w, https:\/\/agora.xtec.cat\/escolaconcordia\/wp-content\/uploads\/usu2135\/2024\/02\/foto-grup-3r-A-carnestoltes-1-768x576.jpeg 768w, https:\/\/agora.xtec.cat\/escolaconcordia\/wp-content\/uploads\/usu2135\/2024\/02\/foto-grup-3r-A-carnestoltes-1-1536x1152.jpeg 1536w, https:\/\/agora.xtec.cat\/escolaconcordia\/wp-content\/uploads\/usu2135\/2024\/02\/foto-grup-3r-A-carnestoltes-1-200x150.jpeg 200w, https:\/\/agora.xtec.cat\/escolaconcordia\/wp-content\/uploads\/usu2135\/2024\/02\/foto-grup-3r-A-carnestoltes-1.jpeg 1600w\" sizes=\"auto, (max-width: 1024px) 100vw, 1024px\" \/><\/a><\/h2>\n<h2><a href=\"https:\/\/photos.app.goo.gl\/Wbs11h7ExAJCR9Mt9\"><img loading=\"lazy\" decoding=\"async\" class=\"aligncenter size-large wp-image-5150\" src=\"https:\/\/agora.xtec.cat\/escolaconcordia\/wp-content\/uploads\/usu2135\/2024\/02\/3r-B-CORRECTE-1024x768.jpeg\" alt=\"\" width=\"1024\" height=\"768\" srcset=\"https:\/\/agora.xtec.cat\/escolaconcordia\/wp-content\/uploads\/usu2135\/2024\/02\/3r-B-CORRECTE-1024x768.jpeg 1024w, https:\/\/agora.xtec.cat\/escolaconcordia\/wp-content\/uploads\/usu2135\/2024\/02\/3r-B-CORRECTE-300x225.jpeg 300w, https:\/\/agora.xtec.cat\/escolaconcordia\/wp-content\/uploads\/usu2135\/2024\/02\/3r-B-CORRECTE-768x576.jpeg 768w, https:\/\/agora.xtec.cat\/escolaconcordia\/wp-content\/uploads\/usu2135\/2024\/02\/3r-B-CORRECTE-1536x1152.jpeg 1536w, https:\/\/agora.xtec.cat\/escolaconcordia\/wp-content\/uploads\/usu2135\/2024\/02\/3r-B-CORRECTE-2048x1536.jpeg 2048w, https:\/\/agora.xtec.cat\/escolaconcordia\/wp-content\/uploads\/usu2135\/2024\/02\/3r-B-CORRECTE-200x150.jpeg 200w\" sizes=\"auto, (max-width: 1024px) 100vw, 1024px\" \/><\/a><\/h2>\n<h2><a href=\"https:\/\/photos.app.goo.gl\/G1Z7DZRxLrZUsEGs9\"><img loading=\"lazy\" decoding=\"async\" class=\"aligncenter size-large wp-image-5143\" src=\"https:\/\/agora.xtec.cat\/escolaconcordia\/wp-content\/uploads\/usu2135\/2024\/02\/4tA-1024x513.jpg\" alt=\"\" width=\"1024\" height=\"513\" srcset=\"https:\/\/agora.xtec.cat\/escolaconcordia\/wp-content\/uploads\/usu2135\/2024\/02\/4tA-1024x513.jpg 1024w, https:\/\/agora.xtec.cat\/escolaconcordia\/wp-content\/uploads\/usu2135\/2024\/02\/4tA-300x150.jpg 300w, https:\/\/agora.xtec.cat\/escolaconcordia\/wp-content\/uploads\/usu2135\/2024\/02\/4tA-768x385.jpg 768w, https:\/\/agora.xtec.cat\/escolaconcordia\/wp-content\/uploads\/usu2135\/2024\/02\/4tA-1536x770.jpg 1536w, https:\/\/agora.xtec.cat\/escolaconcordia\/wp-content\/uploads\/usu2135\/2024\/02\/4tA-2048x1027.jpg 2048w\" sizes=\"auto, (max-width: 1024px) 100vw, 1024px\" \/><\/a><\/h2>\n<p><a href=\"https:\/\/photos.app.goo.gl\/G1Z7DZRxLrZUsEGs9\"><img loading=\"lazy\" decoding=\"async\" class=\"aligncenter size-large wp-image-5144\" src=\"https:\/\/agora.xtec.cat\/escolaconcordia\/wp-content\/uploads\/usu2135\/2024\/02\/4tB-1024x449.jpg\" alt=\"\" width=\"1024\" height=\"449\" srcset=\"https:\/\/agora.xtec.cat\/escolaconcordia\/wp-content\/uploads\/usu2135\/2024\/02\/4tB-1024x449.jpg 1024w, https:\/\/agora.xtec.cat\/escolaconcordia\/wp-content\/uploads\/usu2135\/2024\/02\/4tB-300x131.jpg 300w, https:\/\/agora.xtec.cat\/escolaconcordia\/wp-content\/uploads\/usu2135\/2024\/02\/4tB-768x336.jpg 768w, https:\/\/agora.xtec.cat\/escolaconcordia\/wp-content\/uploads\/usu2135\/2024\/02\/4tB-1536x673.jpg 1536w, https:\/\/agora.xtec.cat\/escolaconcordia\/wp-content\/uploads\/usu2135\/2024\/02\/4tB-2048x897.jpg 2048w\" sizes=\"auto, (max-width: 1024px) 100vw, 1024px\" \/><\/a><\/p>\n<p><a href=\"https:\/\/photos.app.goo.gl\/tCoFkodaBe55KDZ47\"><img loading=\"lazy\" decoding=\"async\" class=\"aligncenter size-large wp-image-5148\" src=\"https:\/\/agora.xtec.cat\/escolaconcordia\/wp-content\/uploads\/usu2135\/2024\/02\/5e-A-1024x577.jpg\" alt=\"\" width=\"1024\" height=\"577\" srcset=\"https:\/\/agora.xtec.cat\/escolaconcordia\/wp-content\/uploads\/usu2135\/2024\/02\/5e-A-1024x577.jpg 1024w, https:\/\/agora.xtec.cat\/escolaconcordia\/wp-content\/uploads\/usu2135\/2024\/02\/5e-A-300x169.jpg 300w, https:\/\/agora.xtec.cat\/escolaconcordia\/wp-content\/uploads\/usu2135\/2024\/02\/5e-A-768x432.jpg 768w, https:\/\/agora.xtec.cat\/escolaconcordia\/wp-content\/uploads\/usu2135\/2024\/02\/5e-A-1536x865.jpg 1536w, https:\/\/agora.xtec.cat\/escolaconcordia\/wp-content\/uploads\/usu2135\/2024\/02\/5e-A.jpg 2048w\" sizes=\"auto, (max-width: 1024px) 100vw, 1024px\" \/><\/a><\/p>\n<h2><a href=\"https:\/\/photos.app.goo.gl\/tCoFkodaBe55KDZ47\"><img loading=\"lazy\" decoding=\"async\" class=\"aligncenter size-large wp-image-5145\" src=\"https:\/\/agora.xtec.cat\/escolaconcordia\/wp-content\/uploads\/usu2135\/2024\/02\/5e-B-1024x662.jpg\" alt=\"\" width=\"1024\" height=\"662\" srcset=\"https:\/\/agora.xtec.cat\/escolaconcordia\/wp-content\/uploads\/usu2135\/2024\/02\/5e-B-1024x662.jpg 1024w, https:\/\/agora.xtec.cat\/escolaconcordia\/wp-content\/uploads\/usu2135\/2024\/02\/5e-B-300x194.jpg 300w, https:\/\/agora.xtec.cat\/escolaconcordia\/wp-content\/uploads\/usu2135\/2024\/02\/5e-B-768x496.jpg 768w, https:\/\/agora.xtec.cat\/escolaconcordia\/wp-content\/uploads\/usu2135\/2024\/02\/5e-B-1536x993.jpg 1536w, https:\/\/agora.xtec.cat\/escolaconcordia\/wp-content\/uploads\/usu2135\/2024\/02\/5e-B-2048x1324.jpg 2048w\" sizes=\"auto, (max-width: 1024px) 100vw, 1024px\" \/><\/a><\/h2>\n<h2><a href=\"https:\/\/photos.app.goo.gl\/UzWqTUH6VJftmuVL7\"><img loading=\"lazy\" decoding=\"async\" class=\"aligncenter size-full wp-image-5159\" src=\"https:\/\/agora.xtec.cat\/escolaconcordia\/wp-content\/uploads\/usu2135\/2024\/02\/IMG_8566.jpg\" alt=\"\" width=\"1018\" height=\"763\" srcset=\"https:\/\/agora.xtec.cat\/escolaconcordia\/wp-content\/uploads\/usu2135\/2024\/02\/IMG_8566.jpg 1018w, https:\/\/agora.xtec.cat\/escolaconcordia\/wp-content\/uploads\/usu2135\/2024\/02\/IMG_8566-300x225.jpg 300w, https:\/\/agora.xtec.cat\/escolaconcordia\/wp-content\/uploads\/usu2135\/2024\/02\/IMG_8566-768x576.jpg 768w, https:\/\/agora.xtec.cat\/escolaconcordia\/wp-content\/uploads\/usu2135\/2024\/02\/IMG_8566-200x150.jpg 200w\" sizes=\"auto, (max-width: 1018px) 100vw, 1018px\" \/><\/a><\/h2>\n<p><a href=\"https:\/\/photos.app.goo.gl\/UzWqTUH6VJftmuVL7\"><img loading=\"lazy\" decoding=\"async\" class=\"aligncenter size-large wp-image-5146\" src=\"https:\/\/agora.xtec.cat\/escolaconcordia\/wp-content\/uploads\/usu2135\/2024\/02\/6eB-def-1024x535.jpg\" alt=\"\" width=\"1024\" height=\"535\" srcset=\"https:\/\/agora.xtec.cat\/escolaconcordia\/wp-content\/uploads\/usu2135\/2024\/02\/6eB-def-1024x535.jpg 1024w, https:\/\/agora.xtec.cat\/escolaconcordia\/wp-content\/uploads\/usu2135\/2024\/02\/6eB-def-300x157.jpg 300w, https:\/\/agora.xtec.cat\/escolaconcordia\/wp-content\/uploads\/usu2135\/2024\/02\/6eB-def-768x401.jpg 768w, https:\/\/agora.xtec.cat\/escolaconcordia\/wp-content\/uploads\/usu2135\/2024\/02\/6eB-def-1536x803.jpg 1536w, https:\/\/agora.xtec.cat\/escolaconcordia\/wp-content\/uploads\/usu2135\/2024\/02\/6eB-def-2048x1070.jpg 2048w\" sizes=\"auto, (max-width: 1024px) 100vw, 1024px\" \/><\/a><\/p>\n<h2><span style=\"color: #99cc00;\">JA TENIM AQU\u00cd AL REI CARNESTOLTES!<\/span><\/h2>\n<p>Aquest any el Rei Carnestoltes ha arribat a l&#8217;escola d&#8217;una manera molt i molt especial! Els infants de sis\u00e8 l&#8217;han acompanyat fent molt de soroll amb la seva batucada d&#8217;all\u00f2 m\u00e9s especial! No us ho voldreu perdre, oi?<\/p>\n<p><a href=\"https:\/\/photos.app.goo.gl\/9RdR6TLU9rCiwWqX7\"><img loading=\"lazy\" decoding=\"async\" class=\"aligncenter wp-image-4156\" src=\"https:\/\/agora.xtec.cat\/escolaconcordia\/wp-content\/uploads\/usu2135\/2023\/03\/carnestoltes.jpg\" alt=\"\" width=\"444\" height=\"243\" srcset=\"https:\/\/agora.xtec.cat\/escolaconcordia\/wp-content\/uploads\/usu2135\/2023\/03\/carnestoltes.jpg 303w, https:\/\/agora.xtec.cat\/escolaconcordia\/wp-content\/uploads\/usu2135\/2023\/03\/carnestoltes-300x164.jpg 300w\" sizes=\"auto, (max-width: 444px) 100vw, 444px\" \/><\/a><\/p>\n<p>Un cop ha arribat ens ha deixat unes paraules&#8230;.<\/p>\n<p>&nbsp;<\/p>\n<p>Despr\u00e9s d&#8217;aquesta rebuda tan especial, l&#8217;AMPA ens ha convidat a un esmorzar delici\u00f3s que hem compartit al pati.<\/p>\n<p>&nbsp;<\/p>\n<p><a href=\"https:\/\/photos.app.goo.gl\/hjzhdLySifN5qmJj9\"><img loading=\"lazy\" decoding=\"async\" class=\"size-full wp-image-4158\" src=\"https:\/\/agora.xtec.cat\/escolaconcordia\/wp-content\/uploads\/usu2135\/2023\/03\/desayuno-3b.jpg\" alt=\"\" width=\"1024\" height=\"573\" srcset=\"https:\/\/agora.xtec.cat\/escolaconcordia\/wp-content\/uploads\/usu2135\/2023\/03\/desayuno-3b.jpg 1024w, https:\/\/agora.xtec.cat\/escolaconcordia\/wp-content\/uploads\/usu2135\/2023\/03\/desayuno-3b-300x168.jpg 300w, https:\/\/agora.xtec.cat\/escolaconcordia\/wp-content\/uploads\/usu2135\/2023\/03\/desayuno-3b-768x430.jpg 768w\" sizes=\"auto, (max-width: 1024px) 100vw, 1024px\" \/><\/a><\/p>\n<p>I ja per la tarda&#8230; la pista de l&#8217;escola ha tornat a ser la de sempre, plena de disfresses preparades per ballar davant de totes les fam\u00edlies! Quina gran festa!<\/p>\n<p><a href=\"https:\/\/photos.app.goo.gl\/1o2R57QWLQ9nfW6y6\"><img loading=\"lazy\" decoding=\"async\" class=\"aligncenter size-large wp-image-4161\" src=\"https:\/\/agora.xtec.cat\/escolaconcordia\/wp-content\/uploads\/usu2135\/2023\/03\/P4B-COLLAGE-1024x1024.jpg\" alt=\"\" width=\"1024\" height=\"1024\" srcset=\"https:\/\/agora.xtec.cat\/escolaconcordia\/wp-content\/uploads\/usu2135\/2023\/03\/P4B-COLLAGE-1024x1024.jpg 1024w, https:\/\/agora.xtec.cat\/escolaconcordia\/wp-content\/uploads\/usu2135\/2023\/03\/P4B-COLLAGE-300x300.jpg 300w, https:\/\/agora.xtec.cat\/escolaconcordia\/wp-content\/uploads\/usu2135\/2023\/03\/P4B-COLLAGE-150x150.jpg 150w, https:\/\/agora.xtec.cat\/escolaconcordia\/wp-content\/uploads\/usu2135\/2023\/03\/P4B-COLLAGE-768x768.jpg 768w, https:\/\/agora.xtec.cat\/escolaconcordia\/wp-content\/uploads\/usu2135\/2023\/03\/P4B-COLLAGE.jpg 1530w\" sizes=\"auto, (max-width: 1024px) 100vw, 1024px\" \/><\/a><\/p>\n<p><a href=\"https:\/\/photos.app.goo.gl\/ZnFAKm46Uv1Wr25c7\"><img loading=\"lazy\" decoding=\"async\" class=\"aligncenter size-large wp-image-4162\" src=\"https:\/\/agora.xtec.cat\/escolaconcordia\/wp-content\/uploads\/usu2135\/2023\/03\/curso-1-aa-COLLAGE-769x1024.jpg\" alt=\"\" width=\"769\" height=\"1024\" srcset=\"https:\/\/agora.xtec.cat\/escolaconcordia\/wp-content\/uploads\/usu2135\/2023\/03\/curso-1-aa-COLLAGE-769x1024.jpg 769w, https:\/\/agora.xtec.cat\/escolaconcordia\/wp-content\/uploads\/usu2135\/2023\/03\/curso-1-aa-COLLAGE-225x300.jpg 225w, https:\/\/agora.xtec.cat\/escolaconcordia\/wp-content\/uploads\/usu2135\/2023\/03\/curso-1-aa-COLLAGE-768x1023.jpg 768w, https:\/\/agora.xtec.cat\/escolaconcordia\/wp-content\/uploads\/usu2135\/2023\/03\/curso-1-aa-COLLAGE-1153x1536.jpg 1153w, https:\/\/agora.xtec.cat\/escolaconcordia\/wp-content\/uploads\/usu2135\/2023\/03\/curso-1-aa-COLLAGE.jpg 1330w\" sizes=\"auto, (max-width: 769px) 100vw, 769px\" \/><\/a><\/p>\n<p><a href=\"https:\/\/photos.app.goo.gl\/o1pcUyvVjTxSuocS8\"><img loading=\"lazy\" decoding=\"async\" class=\"aligncenter size-large wp-image-4163\" src=\"https:\/\/agora.xtec.cat\/escolaconcordia\/wp-content\/uploads\/usu2135\/2023\/03\/Foto-Grupo-2nA-COLLAGE-768x1024.jpg\" alt=\"\" width=\"768\" height=\"1024\" srcset=\"https:\/\/agora.xtec.cat\/escolaconcordia\/wp-content\/uploads\/usu2135\/2023\/03\/Foto-Grupo-2nA-COLLAGE-768x1024.jpg 768w, https:\/\/agora.xtec.cat\/escolaconcordia\/wp-content\/uploads\/usu2135\/2023\/03\/Foto-Grupo-2nA-COLLAGE-225x300.jpg 225w, https:\/\/agora.xtec.cat\/escolaconcordia\/wp-content\/uploads\/usu2135\/2023\/03\/Foto-Grupo-2nA-COLLAGE-1152x1536.jpg 1152w, https:\/\/agora.xtec.cat\/escolaconcordia\/wp-content\/uploads\/usu2135\/2023\/03\/Foto-Grupo-2nA-COLLAGE.jpg 1535w\" sizes=\"auto, (max-width: 768px) 100vw, 768px\" \/><\/a><\/p>\n<p><a href=\"https:\/\/photos.app.goo.gl\/tuYuyB1CawnkWyi68\"><img loading=\"lazy\" decoding=\"async\" class=\"aligncenter size-large wp-image-4165\" src=\"https:\/\/agora.xtec.cat\/escolaconcordia\/wp-content\/uploads\/usu2135\/2023\/03\/Foto-grupo-3A-COLLAGE-768x1024.jpg\" alt=\"\" width=\"768\" height=\"1024\" srcset=\"https:\/\/agora.xtec.cat\/escolaconcordia\/wp-content\/uploads\/usu2135\/2023\/03\/Foto-grupo-3A-COLLAGE-768x1024.jpg 768w, https:\/\/agora.xtec.cat\/escolaconcordia\/wp-content\/uploads\/usu2135\/2023\/03\/Foto-grupo-3A-COLLAGE-225x300.jpg 225w, https:\/\/agora.xtec.cat\/escolaconcordia\/wp-content\/uploads\/usu2135\/2023\/03\/Foto-grupo-3A-COLLAGE-1152x1536.jpg 1152w, https:\/\/agora.xtec.cat\/escolaconcordia\/wp-content\/uploads\/usu2135\/2023\/03\/Foto-grupo-3A-COLLAGE.jpg 1535w\" sizes=\"auto, (max-width: 768px) 100vw, 768px\" \/><\/a><\/p>\n<p><a href=\"https:\/\/photos.app.goo.gl\/JX39KXZasP23J8K76\"><img loading=\"lazy\" decoding=\"async\" class=\"aligncenter size-large wp-image-4167\" src=\"https:\/\/agora.xtec.cat\/escolaconcordia\/wp-content\/uploads\/usu2135\/2023\/03\/4t-b-COLLAGE-769x1024.jpg\" alt=\"\" width=\"769\" height=\"1024\" srcset=\"https:\/\/agora.xtec.cat\/escolaconcordia\/wp-content\/uploads\/usu2135\/2023\/03\/4t-b-COLLAGE-769x1024.jpg 769w, https:\/\/agora.xtec.cat\/escolaconcordia\/wp-content\/uploads\/usu2135\/2023\/03\/4t-b-COLLAGE-225x300.jpg 225w, https:\/\/agora.xtec.cat\/escolaconcordia\/wp-content\/uploads\/usu2135\/2023\/03\/4t-b-COLLAGE-768x1023.jpg 768w, https:\/\/agora.xtec.cat\/escolaconcordia\/wp-content\/uploads\/usu2135\/2023\/03\/4t-b-COLLAGE-1153x1536.jpg 1153w, https:\/\/agora.xtec.cat\/escolaconcordia\/wp-content\/uploads\/usu2135\/2023\/03\/4t-b-COLLAGE.jpg 1480w\" sizes=\"auto, (max-width: 769px) 100vw, 769px\" \/><\/a><\/p>\n<p><a href=\"https:\/\/photos.app.goo.gl\/1ybLd2k6hkJ4SgeMA\"><img loading=\"lazy\" decoding=\"async\" class=\"aligncenter size-large wp-image-4169\" src=\"https:\/\/agora.xtec.cat\/escolaconcordia\/wp-content\/uploads\/usu2135\/2023\/03\/5a-COLLAGE-768x1024.jpg\" alt=\"\" width=\"768\" height=\"1024\" srcset=\"https:\/\/agora.xtec.cat\/escolaconcordia\/wp-content\/uploads\/usu2135\/2023\/03\/5a-COLLAGE-768x1024.jpg 768w, https:\/\/agora.xtec.cat\/escolaconcordia\/wp-content\/uploads\/usu2135\/2023\/03\/5a-COLLAGE-225x300.jpg 225w, https:\/\/agora.xtec.cat\/escolaconcordia\/wp-content\/uploads\/usu2135\/2023\/03\/5a-COLLAGE-1152x1536.jpg 1152w, https:\/\/agora.xtec.cat\/escolaconcordia\/wp-content\/uploads\/usu2135\/2023\/03\/5a-COLLAGE.jpg 1535w\" sizes=\"auto, (max-width: 768px) 100vw, 768px\" \/><\/a><\/p>\n<p><a href=\"https:\/\/photos.app.goo.gl\/XM5jkzuJNX2VjrbH6\"><img loading=\"lazy\" decoding=\"async\" class=\"aligncenter size-full wp-image-4171\" src=\"https:\/\/agora.xtec.cat\/escolaconcordia\/wp-content\/uploads\/usu2135\/2023\/03\/Foto-grupo-6B.jpg\" alt=\"\" width=\"1024\" height=\"472\" srcset=\"https:\/\/agora.xtec.cat\/escolaconcordia\/wp-content\/uploads\/usu2135\/2023\/03\/Foto-grupo-6B.jpg 1024w, https:\/\/agora.xtec.cat\/escolaconcordia\/wp-content\/uploads\/usu2135\/2023\/03\/Foto-grupo-6B-300x138.jpg 300w, https:\/\/agora.xtec.cat\/escolaconcordia\/wp-content\/uploads\/usu2135\/2023\/03\/Foto-grupo-6B-768x354.jpg 768w\" sizes=\"auto, (max-width: 1024px) 100vw, 1024px\" \/><\/a><\/p>\n<p>&nbsp;<\/p>\n","protected":false},"excerpt":{"rendered":"<p>FESTA DE CARNAVAL<br \/>\nAquest curs el temps va fer perillar la festa per\u00f2 al final&#8230; vam poder gaudir d&#8217;un pati ple a vessar de fam\u00edlies, una pista plena disfresses, m\u00fasica, balls i alegria. Penseu que exagerem? Doncs cliqueu a sobre de les imatges i ja veureu&hellip;  <a href=\"https:\/\/agora.xtec.cat\/escolaconcordia\/festes\/carnaval\/\" title=\"Read Carnaval\">Llegeix m\u00e9s\u00bb<\/a><\/p>\n","protected":false},"author":1,"featured_media":0,"parent":1018,"menu_order":40,"comment_status":"closed","ping_status":"closed","template":"page-templates\/side-menu.php","meta":{"_bbp_topic_count":0,"_bbp_reply_count":0,"_bbp_total_topic_count":0,"_bbp_total_reply_count":0,"_bbp_voice_count":0,"_bbp_anonymous_reply_count":0,"_bbp_topic_count_hidden":0,"_bbp_reply_count_hidden":0,"_bbp_forum_subforum_count":0,"footnotes":""},"class_list":["post-564","page","type-page","status-publish","hentry"],"post_mailing_queue_ids":[],"_links":{"self":[{"href":"https:\/\/agora.xtec.cat\/escolaconcordia\/wp-json\/wp\/v2\/pages\/564","targetHints":{"allow":["GET"]}}],"collection":[{"href":"https:\/\/agora.xtec.cat\/escolaconcordia\/wp-json\/wp\/v2\/pages"}],"about":[{"href":"https:\/\/agora.xtec.cat\/escolaconcordia\/wp-json\/wp\/v2\/types\/page"}],"author":[{"embeddable":true,"href":"https:\/\/agora.xtec.cat\/escolaconcordia\/wp-json\/wp\/v2\/users\/1"}],"replies":[{"embeddable":true,"href":"https:\/\/agora.xtec.cat\/escolaconcordia\/wp-json\/wp\/v2\/comments?post=564"}],"version-history":[{"count":6,"href":"https:\/\/agora.xtec.cat\/escolaconcordia\/wp-json\/wp\/v2\/pages\/564\/revisions"}],"predecessor-version":[{"id":5164,"href":"https:\/\/agora.xtec.cat\/escolaconcordia\/wp-json\/wp\/v2\/pages\/564\/revisions\/5164"}],"up":[{"embeddable":true,"href":"https:\/\/agora.xtec.cat\/escolaconcordia\/wp-json\/wp\/v2\/pages\/1018"}],"wp:attachment":[{"href":"https:\/\/agora.xtec.cat\/escolaconcordia\/wp-json\/wp\/v2\/media?parent=564"}],"curies":[{"name":"wp","href":"https:\/\/api.w.org\/{rel}","templated":true}]}}