{"id":561,"date":"2020-03-27T00:25:59","date_gmt":"2020-03-26T23:25:59","guid":{"rendered":"https:\/\/agora.xtec.cat\/ceipconcordia\/?page_id=561"},"modified":"2024-02-28T15:35:25","modified_gmt":"2024-02-28T14:35:25","slug":"festa-de-la-tardor","status":"publish","type":"page","link":"https:\/\/agora.xtec.cat\/escolaconcordia\/festes\/festa-de-la-tardor\/","title":{"rendered":"Nadal"},"content":{"rendered":"<h2><strong><span style=\"color: #99cc00;\">NADAL 23-24<\/span><\/strong><\/h2>\n<p>Aquests dies a l&#8217;escola han estat fren\u00e8tics amb tots els preparatius de les festes de Nadal: ambaixador, ti\u00f3, poemes, can\u00e7ons, festival&#8230; un munt d&#8217;emocions que han quedat reflectides en aquestes imatges&#8230;<\/p>\n<p>Esperem que serveixin per compartir-los a la sobretaula aquests dies en fam\u00edlia<\/p>\n<p>I4<\/p>\n<p><a href=\"https:\/\/photos.app.goo.gl\/ckbicNoZY8Yv7xzs7\"><img loading=\"lazy\" decoding=\"async\" class=\"aligncenter size-large wp-image-4869\" src=\"https:\/\/agora.xtec.cat\/escolaconcordia\/wp-content\/uploads\/usu2135\/2023\/12\/Grupal-I4-1024x436.jpg\" alt=\"\" width=\"1024\" height=\"436\" srcset=\"https:\/\/agora.xtec.cat\/escolaconcordia\/wp-content\/uploads\/usu2135\/2023\/12\/Grupal-I4-1024x436.jpg 1024w, https:\/\/agora.xtec.cat\/escolaconcordia\/wp-content\/uploads\/usu2135\/2023\/12\/Grupal-I4-300x128.jpg 300w, https:\/\/agora.xtec.cat\/escolaconcordia\/wp-content\/uploads\/usu2135\/2023\/12\/Grupal-I4-768x327.jpg 768w, https:\/\/agora.xtec.cat\/escolaconcordia\/wp-content\/uploads\/usu2135\/2023\/12\/Grupal-I4-1536x654.jpg 1536w, https:\/\/agora.xtec.cat\/escolaconcordia\/wp-content\/uploads\/usu2135\/2023\/12\/Grupal-I4-2048x872.jpg 2048w\" sizes=\"auto, (max-width: 1024px) 100vw, 1024px\" \/><\/a><\/p>\n<p>I5<\/p>\n<p><a href=\"https:\/\/photos.app.goo.gl\/DzqH7niQrzfCakhK9\"><img loading=\"lazy\" decoding=\"async\" class=\"aligncenter size-large wp-image-4870\" src=\"https:\/\/agora.xtec.cat\/escolaconcordia\/wp-content\/uploads\/usu2135\/2023\/12\/Grupal-I5-1024x577.jpg\" alt=\"\" width=\"1024\" height=\"577\" srcset=\"https:\/\/agora.xtec.cat\/escolaconcordia\/wp-content\/uploads\/usu2135\/2023\/12\/Grupal-I5-1024x577.jpg 1024w, https:\/\/agora.xtec.cat\/escolaconcordia\/wp-content\/uploads\/usu2135\/2023\/12\/Grupal-I5-300x169.jpg 300w, https:\/\/agora.xtec.cat\/escolaconcordia\/wp-content\/uploads\/usu2135\/2023\/12\/Grupal-I5-768x433.jpg 768w, https:\/\/agora.xtec.cat\/escolaconcordia\/wp-content\/uploads\/usu2135\/2023\/12\/Grupal-I5-1536x866.jpg 1536w, https:\/\/agora.xtec.cat\/escolaconcordia\/wp-content\/uploads\/usu2135\/2023\/12\/Grupal-I5-2048x1154.jpg 2048w\" sizes=\"auto, (max-width: 1024px) 100vw, 1024px\" \/><\/a><\/p>\n<p>1r<\/p>\n<p><a href=\"https:\/\/photos.app.goo.gl\/vK1j5SWd3zjEpBri9\"><img loading=\"lazy\" decoding=\"async\" class=\"aligncenter size-large wp-image-4871\" src=\"https:\/\/agora.xtec.cat\/escolaconcordia\/wp-content\/uploads\/usu2135\/2023\/12\/Grupal-1r-1024x524.jpg\" alt=\"\" width=\"1024\" height=\"524\" srcset=\"https:\/\/agora.xtec.cat\/escolaconcordia\/wp-content\/uploads\/usu2135\/2023\/12\/Grupal-1r-1024x524.jpg 1024w, https:\/\/agora.xtec.cat\/escolaconcordia\/wp-content\/uploads\/usu2135\/2023\/12\/Grupal-1r-300x154.jpg 300w, https:\/\/agora.xtec.cat\/escolaconcordia\/wp-content\/uploads\/usu2135\/2023\/12\/Grupal-1r-768x393.jpg 768w, https:\/\/agora.xtec.cat\/escolaconcordia\/wp-content\/uploads\/usu2135\/2023\/12\/Grupal-1r-1536x786.jpg 1536w, https:\/\/agora.xtec.cat\/escolaconcordia\/wp-content\/uploads\/usu2135\/2023\/12\/Grupal-1r-2048x1049.jpg 2048w\" sizes=\"auto, (max-width: 1024px) 100vw, 1024px\" \/><\/a><\/p>\n<p>2n<\/p>\n<p><a href=\"https:\/\/photos.app.goo.gl\/SW2N66mxqmiGqKR87\"><img loading=\"lazy\" decoding=\"async\" class=\"aligncenter size-large wp-image-4872\" src=\"https:\/\/agora.xtec.cat\/escolaconcordia\/wp-content\/uploads\/usu2135\/2023\/12\/Grupal-2n-1024x576.jpg\" alt=\"\" width=\"1024\" height=\"576\" srcset=\"https:\/\/agora.xtec.cat\/escolaconcordia\/wp-content\/uploads\/usu2135\/2023\/12\/Grupal-2n-1024x576.jpg 1024w, https:\/\/agora.xtec.cat\/escolaconcordia\/wp-content\/uploads\/usu2135\/2023\/12\/Grupal-2n-300x169.jpg 300w, https:\/\/agora.xtec.cat\/escolaconcordia\/wp-content\/uploads\/usu2135\/2023\/12\/Grupal-2n-768x432.jpg 768w, https:\/\/agora.xtec.cat\/escolaconcordia\/wp-content\/uploads\/usu2135\/2023\/12\/Grupal-2n-1536x864.jpg 1536w, https:\/\/agora.xtec.cat\/escolaconcordia\/wp-content\/uploads\/usu2135\/2023\/12\/Grupal-2n-2048x1152.jpg 2048w\" sizes=\"auto, (max-width: 1024px) 100vw, 1024px\" \/><\/a><\/p>\n<p>3r<\/p>\n<p><a href=\"https:\/\/photos.app.goo.gl\/6oRstU5rtjfKv8Qk7\"><img loading=\"lazy\" decoding=\"async\" class=\"aligncenter size-large wp-image-4874\" src=\"https:\/\/agora.xtec.cat\/escolaconcordia\/wp-content\/uploads\/usu2135\/2023\/12\/Grupal-3r-1024x524.jpeg\" alt=\"\" width=\"1024\" height=\"524\" srcset=\"https:\/\/agora.xtec.cat\/escolaconcordia\/wp-content\/uploads\/usu2135\/2023\/12\/Grupal-3r-1024x524.jpeg 1024w, https:\/\/agora.xtec.cat\/escolaconcordia\/wp-content\/uploads\/usu2135\/2023\/12\/Grupal-3r-300x153.jpeg 300w, https:\/\/agora.xtec.cat\/escolaconcordia\/wp-content\/uploads\/usu2135\/2023\/12\/Grupal-3r-768x393.jpeg 768w, https:\/\/agora.xtec.cat\/escolaconcordia\/wp-content\/uploads\/usu2135\/2023\/12\/Grupal-3r.jpeg 1447w\" sizes=\"auto, (max-width: 1024px) 100vw, 1024px\" \/><\/a><\/p>\n<p>4t<\/p>\n<p><a href=\"https:\/\/photos.app.goo.gl\/cM2CSE7aP1gfJJ2j7\"><img loading=\"lazy\" decoding=\"async\" class=\"aligncenter size-large wp-image-4873\" src=\"https:\/\/agora.xtec.cat\/escolaconcordia\/wp-content\/uploads\/usu2135\/2023\/12\/Grupal-4t-1024x637.jpg\" alt=\"\" width=\"1024\" height=\"637\" srcset=\"https:\/\/agora.xtec.cat\/escolaconcordia\/wp-content\/uploads\/usu2135\/2023\/12\/Grupal-4t-1024x637.jpg 1024w, https:\/\/agora.xtec.cat\/escolaconcordia\/wp-content\/uploads\/usu2135\/2023\/12\/Grupal-4t-300x187.jpg 300w, https:\/\/agora.xtec.cat\/escolaconcordia\/wp-content\/uploads\/usu2135\/2023\/12\/Grupal-4t-768x478.jpg 768w, https:\/\/agora.xtec.cat\/escolaconcordia\/wp-content\/uploads\/usu2135\/2023\/12\/Grupal-4t-1536x956.jpg 1536w, https:\/\/agora.xtec.cat\/escolaconcordia\/wp-content\/uploads\/usu2135\/2023\/12\/Grupal-4t-2048x1274.jpg 2048w\" sizes=\"auto, (max-width: 1024px) 100vw, 1024px\" \/><\/a><\/p>\n<p>5\u00e8<\/p>\n<p><a href=\"https:\/\/photos.app.goo.gl\/4Y9Qpy5cbZq4KDPA6\"><img loading=\"lazy\" decoding=\"async\" class=\"aligncenter size-large wp-image-4875\" src=\"https:\/\/agora.xtec.cat\/escolaconcordia\/wp-content\/uploads\/usu2135\/2023\/12\/Grupal-5e-1024x395.jpg\" alt=\"\" width=\"1024\" height=\"395\" srcset=\"https:\/\/agora.xtec.cat\/escolaconcordia\/wp-content\/uploads\/usu2135\/2023\/12\/Grupal-5e-1024x395.jpg 1024w, https:\/\/agora.xtec.cat\/escolaconcordia\/wp-content\/uploads\/usu2135\/2023\/12\/Grupal-5e-300x116.jpg 300w, https:\/\/agora.xtec.cat\/escolaconcordia\/wp-content\/uploads\/usu2135\/2023\/12\/Grupal-5e-768x297.jpg 768w, https:\/\/agora.xtec.cat\/escolaconcordia\/wp-content\/uploads\/usu2135\/2023\/12\/Grupal-5e-1536x593.jpg 1536w, https:\/\/agora.xtec.cat\/escolaconcordia\/wp-content\/uploads\/usu2135\/2023\/12\/Grupal-5e-2048x791.jpg 2048w\" sizes=\"auto, (max-width: 1024px) 100vw, 1024px\" \/><\/a><\/p>\n<p>6\u00e8<\/p>\n<p><a href=\"https:\/\/photos.app.goo.gl\/5QpfRUvxUGKnbMrY6\"><img loading=\"lazy\" decoding=\"async\" class=\"aligncenter size-large wp-image-4876\" src=\"https:\/\/agora.xtec.cat\/escolaconcordia\/wp-content\/uploads\/usu2135\/2023\/12\/Grupal-6e-1024x365.jpg\" alt=\"\" width=\"1024\" height=\"365\" srcset=\"https:\/\/agora.xtec.cat\/escolaconcordia\/wp-content\/uploads\/usu2135\/2023\/12\/Grupal-6e-1024x365.jpg 1024w, https:\/\/agora.xtec.cat\/escolaconcordia\/wp-content\/uploads\/usu2135\/2023\/12\/Grupal-6e-300x107.jpg 300w, https:\/\/agora.xtec.cat\/escolaconcordia\/wp-content\/uploads\/usu2135\/2023\/12\/Grupal-6e-768x274.jpg 768w, https:\/\/agora.xtec.cat\/escolaconcordia\/wp-content\/uploads\/usu2135\/2023\/12\/Grupal-6e-1536x547.jpg 1536w, https:\/\/agora.xtec.cat\/escolaconcordia\/wp-content\/uploads\/usu2135\/2023\/12\/Grupal-6e-2048x730.jpg 2048w\" sizes=\"auto, (max-width: 1024px) 100vw, 1024px\" \/><\/a><\/p>\n<h3><\/h3>\n<h3><span style=\"color: #99cc00;\"><strong>NADAL 22-23<\/strong><\/span><\/h3>\n<p>Aquest curs hem recuperat el format de sempre en el nostre festival de Nadal. Ha estat molt emocionant omplir de nou la sala d&#8217;actes amb fam\u00edlies, infants i mestres i compartir els moments entranyables que sempre ens porta aquest festival.<\/p>\n<p>Si voleu fer una ullada al que hem preparat nom\u00e9s heu de clicar a sobre de les imatges.<\/p>\n<p>Esperem que us agradi!<\/p>\n<p><a href=\"https:\/\/drive.google.com\/drive\/folders\/1w4-VXYvQwoAd7p0OrpOmbCmdVuD9XZ3l?usp=share_link\"><img loading=\"lazy\" decoding=\"async\" class=\"aligncenter size-large wp-image-3989\" src=\"https:\/\/agora.xtec.cat\/escolaconcordia\/wp-content\/uploads\/usu2135\/2023\/01\/IMG_20230131_092121-COLLAGE-1024x1024.jpg\" alt=\"\" width=\"1024\" height=\"1024\" srcset=\"https:\/\/agora.xtec.cat\/escolaconcordia\/wp-content\/uploads\/usu2135\/2023\/01\/IMG_20230131_092121-COLLAGE-1024x1024.jpg 1024w, https:\/\/agora.xtec.cat\/escolaconcordia\/wp-content\/uploads\/usu2135\/2023\/01\/IMG_20230131_092121-COLLAGE-300x300.jpg 300w, https:\/\/agora.xtec.cat\/escolaconcordia\/wp-content\/uploads\/usu2135\/2023\/01\/IMG_20230131_092121-COLLAGE-150x150.jpg 150w, https:\/\/agora.xtec.cat\/escolaconcordia\/wp-content\/uploads\/usu2135\/2023\/01\/IMG_20230131_092121-COLLAGE-768x768.jpg 768w, https:\/\/agora.xtec.cat\/escolaconcordia\/wp-content\/uploads\/usu2135\/2023\/01\/IMG_20230131_092121-COLLAGE-1536x1536.jpg 1536w, https:\/\/agora.xtec.cat\/escolaconcordia\/wp-content\/uploads\/usu2135\/2023\/01\/IMG_20230131_092121-COLLAGE.jpg 2046w\" sizes=\"auto, (max-width: 1024px) 100vw, 1024px\" \/><\/a><\/p>\n<p>&nbsp;<\/p>\n<p>&nbsp;<\/p>\n<h3><span style=\"color: #99cc00;\"><strong>CONCERT DE NADAL 20-21<\/strong><\/span><\/h3>\n<p>Aquests dies l&#8217;hivern i el Nadal han arribat a l&#8217;escola&#8230;<\/p>\n<p>Aquest curs els nens i nenes s\u2019han esfor\u00e7at com sempre malgrat les fam\u00edlies no estiguessin de p\u00fablic i els mestres han fet que malgrat el festival no es pogu\u00e9s viure com anteriors cursos, fos tamb\u00e9 especial posant tot de la seva part perqu\u00e8 els infants cantessin les seves nadales i recitessin el seu poema amb una gran qualitat.<\/p>\n<p>Cliqueu a sobre de les imatges per veure el concert. QUE DISFRUTEU MOLT!!!!<\/p>\n<p><a href=\"https:\/\/photos.app.goo.gl\/uzX7jigYkScXLNXv6\"><img loading=\"lazy\" decoding=\"async\" class=\"alignnone size-large wp-image-1192\" src=\"https:\/\/agora.xtec.cat\/escolaconcordia\/wp-content\/uploads\/usu2135\/2020\/12\/20201214_160850-COLLAGE-1024x1024.jpg\" sizes=\"auto, (max-width: 1024px) 100vw, 1024px\" srcset=\"https:\/\/agora.xtec.cat\/escolaconcordia\/wp-content\/uploads\/usu2135\/2020\/12\/20201214_160850-COLLAGE-1024x1024.jpg 1024w, https:\/\/agora.xtec.cat\/escolaconcordia\/wp-content\/uploads\/usu2135\/2020\/12\/20201214_160850-COLLAGE-150x150.jpg 150w, https:\/\/agora.xtec.cat\/escolaconcordia\/wp-content\/uploads\/usu2135\/2020\/12\/20201214_160850-COLLAGE-300x300.jpg 300w, https:\/\/agora.xtec.cat\/escolaconcordia\/wp-content\/uploads\/usu2135\/2020\/12\/20201214_160850-COLLAGE-768x768.jpg 768w\" alt=\"\" width=\"1024\" height=\"1024\" \/><\/a><\/p>\n<h3><strong>Si voleu veure les fotos,<a href=\"https:\/\/photos.app.goo.gl\/CUfYENDybtMNbYRN8\">\u00a0cliqueu aqu\u00ed<\/a>.<\/strong><\/h3>\n<p>&nbsp;<\/p>\n<h3><span style=\"color: #99cc00;\"><strong>AMBAIXADOR REIAL<\/strong><\/span><\/h3>\n<p>Com cada curs, gr\u00e0cies a la col\u00b7laboraci\u00f3 de l\u2019AMPA, l\u2019ambaixador reial ha vingut a l\u2019escola i els infants han tingut l\u2019oportunitat d\u2019entregar-li la carta. A m\u00e9s a m\u00e9s aquest curs, ho han fet en un entorn privilegiat, la nostra tippi s\u2019ha transformat en un arbre de nadal! Cliqueu a sobre la imatge per veure les fotografies.<\/p>\n<p><a href=\"https:\/\/photos.app.goo.gl\/tJgCrTzGq3r14AZY7\"><img loading=\"lazy\" decoding=\"async\" class=\"size-large wp-image-1194 alignnone\" src=\"https:\/\/agora.xtec.cat\/escolaconcordia\/wp-content\/uploads\/usu2135\/2020\/12\/Ambaixador-1024x768.jpg\" sizes=\"auto, (max-width: 1024px) 100vw, 1024px\" srcset=\"https:\/\/agora.xtec.cat\/escolaconcordia\/wp-content\/uploads\/usu2135\/2020\/12\/Ambaixador.jpg 1024w, https:\/\/agora.xtec.cat\/escolaconcordia\/wp-content\/uploads\/usu2135\/2020\/12\/Ambaixador-300x225.jpg 300w, https:\/\/agora.xtec.cat\/escolaconcordia\/wp-content\/uploads\/usu2135\/2020\/12\/Ambaixador-768x576.jpg 768w, https:\/\/agora.xtec.cat\/escolaconcordia\/wp-content\/uploads\/usu2135\/2020\/12\/Ambaixador-200x150.jpg 200w\" alt=\"\" width=\"1024\" height=\"768\" \/><\/a><\/p>\n","protected":false},"excerpt":{"rendered":"<p>NADAL 23-24<br \/>\nAquests dies a l&#8217;escola han estat fren\u00e8tics amb tots els preparatius de les festes de Nadal: ambaixador, ti\u00f3, poemes, can\u00e7ons, festival&#8230; un munt d&#8217;emocions que han quedat reflectides en aquestes imatges&#8230;<br \/>\nEsperem que serveixin per compartir-los a la sobretaula aquests dies en fam\u00edlia<br \/>\nI4<br \/>\n<a href=\"https:\/\/photos.app.goo.gl\/ckbicNoZY8Yv7xzs7\"><\/a><br \/>\nI5<br \/>\n<a href=\"https:\/\/photos.app.goo.gl\/DzqH7niQrzfCakhK9\"><\/a><br \/>\n1r<br \/>\n<a&hellip;  <a href=\"https:\/\/agora.xtec.cat\/escolaconcordia\/festes\/festa-de-la-tardor\/\" title=\"Read Nadal\">Llegeix m\u00e9s\u00bb<\/a><\/p>\n","protected":false},"author":1,"featured_media":0,"parent":1018,"menu_order":30,"comment_status":"closed","ping_status":"closed","template":"page-templates\/side-menu.php","meta":{"_bbp_topic_count":0,"_bbp_reply_count":0,"_bbp_total_topic_count":0,"_bbp_total_reply_count":0,"_bbp_voice_count":0,"_bbp_anonymous_reply_count":0,"_bbp_topic_count_hidden":0,"_bbp_reply_count_hidden":0,"_bbp_forum_subforum_count":0,"footnotes":""},"class_list":["post-561","page","type-page","status-publish","hentry"],"post_mailing_queue_ids":[],"_links":{"self":[{"href":"https:\/\/agora.xtec.cat\/escolaconcordia\/wp-json\/wp\/v2\/pages\/561","targetHints":{"allow":["GET"]}}],"collection":[{"href":"https:\/\/agora.xtec.cat\/escolaconcordia\/wp-json\/wp\/v2\/pages"}],"about":[{"href":"https:\/\/agora.xtec.cat\/escolaconcordia\/wp-json\/wp\/v2\/types\/page"}],"author":[{"embeddable":true,"href":"https:\/\/agora.xtec.cat\/escolaconcordia\/wp-json\/wp\/v2\/users\/1"}],"replies":[{"embeddable":true,"href":"https:\/\/agora.xtec.cat\/escolaconcordia\/wp-json\/wp\/v2\/comments?post=561"}],"version-history":[{"count":6,"href":"https:\/\/agora.xtec.cat\/escolaconcordia\/wp-json\/wp\/v2\/pages\/561\/revisions"}],"predecessor-version":[{"id":5165,"href":"https:\/\/agora.xtec.cat\/escolaconcordia\/wp-json\/wp\/v2\/pages\/561\/revisions\/5165"}],"up":[{"embeddable":true,"href":"https:\/\/agora.xtec.cat\/escolaconcordia\/wp-json\/wp\/v2\/pages\/1018"}],"wp:attachment":[{"href":"https:\/\/agora.xtec.cat\/escolaconcordia\/wp-json\/wp\/v2\/media?parent=561"}],"curies":[{"name":"wp","href":"https:\/\/api.w.org\/{rel}","templated":true}]}}