{"id":543,"date":"2020-03-27T00:16:43","date_gmt":"2020-03-26T23:16:43","guid":{"rendered":"https:\/\/agora.xtec.cat\/ceipconcordia\/?page_id=543"},"modified":"2021-02-08T15:01:36","modified_gmt":"2021-02-08T14:01:36","slug":"setmana-cultural","status":"publish","type":"page","link":"https:\/\/agora.xtec.cat\/escolaconcordia\/lescola\/projecte-educatiu\/setmana-cultural\/","title":{"rendered":"Setmana cultural"},"content":{"rendered":"<h2><strong><span style=\"color: #99cc00;\">VOTACI\u00d3 SETMANA CULTURAL 20-21<\/span><\/strong><\/h2>\n<p>El dia de la votaci\u00f3 del tema de la setmana cultural \u00e9s sempre un dia especial a l&#8217;escola per\u00f2 aquest curs ho ha estat m\u00e9s que mai ja que ho hem hagut de fer d&#8217;una manera molt especial. El recompte de vots ho han fet uns representants dels nens i nenes de sis\u00e8 i tota l&#8217;escola ho ha pogut veure a trav\u00e9s d&#8217;una videotrucada, els grups i infants confinats tamb\u00e9 han sigut convidats a aquest moment tant especial. Ha sigut molt emocionant! Si voleu saber quin ser\u00e0 el tema sobre el que girar\u00e0 la SETMANA CULTURAL 20-21 cliqueu a sobre de la imatge!<\/p>\n<p><a href=\"https:\/\/photos.app.goo.gl\/6ZbuiFJ3KqHHkhgo6\"><img loading=\"lazy\" decoding=\"async\" class=\"aligncenter size-large wp-image-1675\" src=\"https:\/\/agora.xtec.cat\/escolaconcordia\/wp-content\/uploads\/usu2135\/2021\/02\/votaci\u00f3-1-1024x768.jpg\" alt=\"\" width=\"1024\" height=\"768\" srcset=\"https:\/\/agora.xtec.cat\/escolaconcordia\/wp-content\/uploads\/usu2135\/2021\/02\/votaci\u00f3-1.jpg 1024w, https:\/\/agora.xtec.cat\/escolaconcordia\/wp-content\/uploads\/usu2135\/2021\/02\/votaci\u00f3-1-300x225.jpg 300w, https:\/\/agora.xtec.cat\/escolaconcordia\/wp-content\/uploads\/usu2135\/2021\/02\/votaci\u00f3-1-768x576.jpg 768w, https:\/\/agora.xtec.cat\/escolaconcordia\/wp-content\/uploads\/usu2135\/2021\/02\/votaci\u00f3-1-200x150.jpg 200w\" sizes=\"auto, (max-width: 1024px) 100vw, 1024px\" \/><\/a><\/p>\n<p>&nbsp;<\/p>\n<h3><span style=\"color: #99cc00;\"><span style=\"font-family: arial, sans-serif; font-size: xx-large;\"><b>SETMANA CULTURAL 19-20: <\/b><\/span><span style=\"font-family: arial, sans-serif; font-size: xx-large;\"><b>ELS JOCS OL\u00cdMPICS<\/b><\/span><\/span><\/h3>\n<div><\/div>\n<div>\n<p><span style=\"font-size: medium;\">Aquest curs 19-20, la setmana de la cultura ser\u00e0 la setmana\u00a0<\/span><span style=\"color: #38761d;\"><span style=\"font-size: large;\">d<\/span><b><span style=\"font-size: medium;\">el 2 al 6 de mar\u00e7<\/span><\/b><\/span><span style=\"font-size: medium;\">.\u00a0 <\/span><span style=\"font-size: medium;\">A l&#8217;escola, els alumnes\u00a0<\/span><span style=\"color: #000000; font-size: medium;\">voten<\/span><span style=\"font-size: medium;\">\u00a0els temes proposats pels diferents cicles.<\/span><\/p>\n<p>Fan una votaci\u00f3 a la classe i la butlleta la posen a la b\u00fastia de votaci\u00f3 de tota l&#8217;escola.<\/p>\n<p>Aquest curs els possibles temes eren:\u00a0 Jocs Ol\u00edmpics, Cultures del m\u00f3n,\u00a0La nostra ciutat, Canvi clim\u00e0tic.<\/p>\n<p>Despr\u00e9s de les votacions el tema que treballarem ser\u00e0&#8230; cliqueu a sobre la fotografia!<\/p>\n<\/div>\n<p><a href=\"https:\/\/drive.google.com\/drive\/folders\/13gdne7kOk1CQrHMUJFuFNk9QDt7mPGcE?usp=sharing\"><img loading=\"lazy\" decoding=\"async\" class=\"alignnone size-large wp-image-1300\" src=\"https:\/\/agora.xtec.cat\/escolaconcordia\/wp-content\/uploads\/usu2135\/2021\/01\/Votaci\u00f3-1024x498.jpg\" alt=\"\" width=\"1024\" height=\"498\" srcset=\"https:\/\/agora.xtec.cat\/escolaconcordia\/wp-content\/uploads\/usu2135\/2021\/01\/Votaci\u00f3.jpg 1024w, https:\/\/agora.xtec.cat\/escolaconcordia\/wp-content\/uploads\/usu2135\/2021\/01\/Votaci\u00f3-300x146.jpg 300w, https:\/\/agora.xtec.cat\/escolaconcordia\/wp-content\/uploads\/usu2135\/2021\/01\/Votaci\u00f3-768x374.jpg 768w\" sizes=\"auto, (max-width: 1024px) 100vw, 1024px\" \/><\/a><\/p>\n<h3><span style=\"color: #99cc00;\">SETMANA DE LA CULTURA: CERIM\u00d2NIA D&#8217;OBERTURA<\/span><\/h3>\n<div>Ahir va ser un dia hist\u00f2ric a l&#8217;Escola Conc\u00f2rdia, vam inaugurar els\u00a0JJOO\u00a0i\u00a0ho vam fer vestits de gala.<\/div>\n<p>Els peveters ol\u00edmpics van ser encesos amb la flama ol\u00edmpica\u00a0que uns <a href=\"https:\/\/drive.google.com\/drive\/folders\/1JV424pIQu4LH6lWl9_SmO84KDKaVxZxi?usp=sharing\">esportistes ol\u00edmpics<\/a> i d\u2019elit ens van fer l\u2019honor de portar.<\/p>\n<p>Josep Molins, el primer atleta sabadellenc que va participar en uns JJOO\u00a0i ho va fer a Roma l\u2019any 1960 en la modalitat d\u2019atletisme.<\/p>\n<p>Aschiwin Wildeboer, nedador ol\u00edmpic.<\/p>\n<p>Ekaterina Tankeeva, waterpolista ol\u00edmpica i la seva companya\u00a0Ruth Ari\u00f1o, waterpolista del CNS i exalumna de l\u2019escola.<\/p>\n<p>Van venir acompanyades de l&#8217;\u00a0Ernest Aguilar, coordinador del Club i triatleta.<\/p>\n<p>Tamb\u00e9 vam tenir l\u2019honor de comptar amb\u00a0Andreu Canals, el pare d\u2019un nen de l\u2019escola\u00a0que va ser ol\u00edmpic a Barcelona 92 en la modalitat de rem.<\/p>\n<p>I finalment,\u00a0Julio del Cerro, com a representant dels jocs Paral\u00edmpics,\u00a0tamb\u00e9 pare d\u2019una alumna de l\u2019escola.<\/p>\n<div><\/div>\n<div><\/div>\n<div><\/div>\n<div><\/div>\n<div><\/div>\n<div><a href=\"https:\/\/drive.google.com\/drive\/folders\/1AEep729iuTa_IZ15q4pxizQOsZrOtHw7?usp=sharing\"><img loading=\"lazy\" decoding=\"async\" class=\"alignnone size-large wp-image-1301\" src=\"https:\/\/agora.xtec.cat\/escolaconcordia\/wp-content\/uploads\/usu2135\/2021\/01\/Parlaments-1024x768.jpg\" alt=\"\" width=\"1024\" height=\"768\" srcset=\"https:\/\/agora.xtec.cat\/escolaconcordia\/wp-content\/uploads\/usu2135\/2021\/01\/Parlaments.jpg 1024w, https:\/\/agora.xtec.cat\/escolaconcordia\/wp-content\/uploads\/usu2135\/2021\/01\/Parlaments-300x225.jpg 300w, https:\/\/agora.xtec.cat\/escolaconcordia\/wp-content\/uploads\/usu2135\/2021\/01\/Parlaments-768x576.jpg 768w, https:\/\/agora.xtec.cat\/escolaconcordia\/wp-content\/uploads\/usu2135\/2021\/01\/Parlaments-200x150.jpg 200w\" sizes=\"auto, (max-width: 1024px) 100vw, 1024px\" \/><\/a><\/div>\n<div><\/div>\n<p>&nbsp;<\/p>\n<div>\n<p><span style=\"color: #000000;\">Una vegada festes les presentacions i amb l&#8217;emoci\u00f3 al cos,\u00a0<\/span><span style=\"color: #000000;\">dir que no hi ha JJOO sense\u00a0mascota\u00a0i per suposat en els JJOO del Conc\u00f2rdia<\/span><span style=\"color: #000000;\">\u00a0vam tenir la nostra,\u00a0El Quibo, una granota molt divertida dissenyada\u00a0<\/span><span style=\"color: #000000;\">per una nena de quart de l&#8217;escola que va apar\u00e8ixer per sorpresa de tothom.\u00a0<\/span><\/p>\n<\/div>\n<div>\n<p><a href=\"https:\/\/drive.google.com\/drive\/folders\/1D8aGzHykedrOlR5LwRIwNJ9g0aOO7Gr4?usp=sharing\"><img loading=\"lazy\" decoding=\"async\" class=\"size-large wp-image-1302\" src=\"https:\/\/agora.xtec.cat\/escolaconcordia\/wp-content\/uploads\/usu2135\/2021\/01\/Mascota-1024x683.jpg\" alt=\"\" width=\"1024\" height=\"683\" srcset=\"https:\/\/agora.xtec.cat\/escolaconcordia\/wp-content\/uploads\/usu2135\/2021\/01\/Mascota.jpg 1024w, https:\/\/agora.xtec.cat\/escolaconcordia\/wp-content\/uploads\/usu2135\/2021\/01\/Mascota-300x200.jpg 300w, https:\/\/agora.xtec.cat\/escolaconcordia\/wp-content\/uploads\/usu2135\/2021\/01\/Mascota-768x512.jpg 768w\" sizes=\"auto, (max-width: 1024px) 100vw, 1024px\" \/><\/a><\/p>\n<\/div>\n<p>Els grups es van fer la foto amb la mascota. <a href=\"https:\/\/drive.google.com\/drive\/folders\/1eslZPxDvK9HNi14du2Qf07s1cji0avuJ?usp=sharing\">Cliqueu aqu\u00ed.<\/a><\/p>\n<p><span style=\"color: #000000;\">Ja ho ten\u00edem gaireb\u00e9 tot, els atletes, els peveters, la flama ol\u00edmpica, la mascota, &#8230;<\/span><span style=\"color: #000000;\">nom\u00e9s ens faltava &#8230; l\u2019himne.\u00a0<\/span><\/p>\n<p><span style=\"color: #000000;\">Un himne que ha estat composat per a l\u2019ocasi\u00f3\u00a0<\/span><span style=\"color: #000000;\">per les mestres de m\u00fasica.<\/span><\/p>\n<!--[if lt IE 9]><script>document.createElement('audio');<\/script><![endif]-->\n<audio class=\"wp-audio-shortcode\" id=\"audio-543-1\" preload=\"none\" style=\"width: 100%;\" controls=\"controls\"><source type=\"audio\/mpeg\" src=\"https:\/\/agora.xtec.cat\/escolaconcordia\/wp-content\/uploads\/usu2135\/2021\/01\/Himne-olimp\u00edades-Conc\u00f2rdia-cantada.mp3?_=1\" \/><a href=\"https:\/\/agora.xtec.cat\/escolaconcordia\/wp-content\/uploads\/usu2135\/2021\/01\/Himne-olimp\u00edades-Conc\u00f2rdia-cantada.mp3\">https:\/\/agora.xtec.cat\/escolaconcordia\/wp-content\/uploads\/usu2135\/2021\/01\/Himne-olimp\u00edades-Conc\u00f2rdia-cantada.mp3<\/a><\/audio>\n<p><a href=\"https:\/\/agora.xtec.cat\/escolaconcordia\/wp-content\/uploads\/usu2135\/2021\/01\/HIMNE.pdf\">HIMNE LLETRA<\/a><\/p>\n<p>&nbsp;<\/p>\n","protected":false},"excerpt":{"rendered":"<p>VOTACI\u00d3 SETMANA CULTURAL 20-21<br \/>\nEl dia de la votaci\u00f3 del tema de la setmana cultural \u00e9s sempre un dia especial a l&#8217;escola per\u00f2 aquest curs ho ha estat m\u00e9s que mai ja que ho hem hagut de fer d&#8217;una manera molt especial. El recompte de vots&hellip;  <a href=\"https:\/\/agora.xtec.cat\/escolaconcordia\/lescola\/projecte-educatiu\/setmana-cultural\/\" title=\"Read Setmana cultural\">Llegeix m\u00e9s\u00bb<\/a><\/p>\n","protected":false},"author":1,"featured_media":0,"parent":505,"menu_order":100,"comment_status":"closed","ping_status":"closed","template":"page-templates\/side-menu.php","meta":{"_bbp_topic_count":0,"_bbp_reply_count":0,"_bbp_total_topic_count":0,"_bbp_total_reply_count":0,"_bbp_voice_count":0,"_bbp_anonymous_reply_count":0,"_bbp_topic_count_hidden":0,"_bbp_reply_count_hidden":0,"_bbp_forum_subforum_count":0,"footnotes":""},"class_list":["post-543","page","type-page","status-publish","hentry"],"post_mailing_queue_ids":[],"_links":{"self":[{"href":"https:\/\/agora.xtec.cat\/escolaconcordia\/wp-json\/wp\/v2\/pages\/543","targetHints":{"allow":["GET"]}}],"collection":[{"href":"https:\/\/agora.xtec.cat\/escolaconcordia\/wp-json\/wp\/v2\/pages"}],"about":[{"href":"https:\/\/agora.xtec.cat\/escolaconcordia\/wp-json\/wp\/v2\/types\/page"}],"author":[{"embeddable":true,"href":"https:\/\/agora.xtec.cat\/escolaconcordia\/wp-json\/wp\/v2\/users\/1"}],"replies":[{"embeddable":true,"href":"https:\/\/agora.xtec.cat\/escolaconcordia\/wp-json\/wp\/v2\/comments?post=543"}],"version-history":[{"count":3,"href":"https:\/\/agora.xtec.cat\/escolaconcordia\/wp-json\/wp\/v2\/pages\/543\/revisions"}],"predecessor-version":[{"id":1676,"href":"https:\/\/agora.xtec.cat\/escolaconcordia\/wp-json\/wp\/v2\/pages\/543\/revisions\/1676"}],"up":[{"embeddable":true,"href":"https:\/\/agora.xtec.cat\/escolaconcordia\/wp-json\/wp\/v2\/pages\/505"}],"wp:attachment":[{"href":"https:\/\/agora.xtec.cat\/escolaconcordia\/wp-json\/wp\/v2\/media?parent=543"}],"curies":[{"name":"wp","href":"https:\/\/api.w.org\/{rel}","templated":true}]}}