{"id":539,"date":"2020-03-27T00:13:36","date_gmt":"2020-03-26T23:13:36","guid":{"rendered":"https:\/\/agora.xtec.cat\/ceipconcordia\/?page_id=539"},"modified":"2021-01-07T00:00:21","modified_gmt":"2021-01-06T23:00:21","slug":"festa-de-la-convivencia","status":"publish","type":"page","link":"https:\/\/agora.xtec.cat\/escolaconcordia\/festes\/festa-de-la-convivencia\/","title":{"rendered":"Festa de la conviv\u00e8ncia"},"content":{"rendered":"<p><span style=\"font-size: medium;\">Normalment el primer dissabte del mes de juny es celebra a l&#8217;escola el <\/span><span style=\"font-size: large;\"><span style=\"color: #38761d;\"><b>DIA DE LA CONVIV\u00c8NCIA<\/b><\/span><\/span><\/p>\n<p><span style=\"font-size: medium;\">La darrera edici\u00f3 va comen\u00e7ar a primer\u00edssima hora amb <\/span><span style=\"font-size: medium;\">la gran <\/span><b><span style=\"font-size: large;\">CURSA!!!<\/span><\/b><\/p>\n<p>Tothom, des dels m\u00e9s petits fins als m\u00e9s grans de l&#8217;escola, estava preparat a la l\u00ednia de sortida,&#8230;READY, STEADY, GO!!!!<\/p>\n<p>Comencen els nens i nenes d&#8217;Educaci\u00f3 Infantil&#8230;<\/p>\n<p>Infants de P3<\/p>\n<div><\/div>\n<div><a href=\"https:\/\/drive.google.com\/drive\/folders\/11UapFGn1UOzgXZHaPWnkOgsfxD6-Sf2i?usp=sharing\"><img loading=\"lazy\" decoding=\"async\" class=\"alignnone size-large wp-image-1254\" src=\"https:\/\/agora.xtec.cat\/escolaconcordia\/wp-content\/uploads\/usu2135\/2021\/01\/P3-1024x683.jpg\" alt=\"\" width=\"1024\" height=\"683\" srcset=\"https:\/\/agora.xtec.cat\/escolaconcordia\/wp-content\/uploads\/usu2135\/2021\/01\/P3.jpg 1024w, https:\/\/agora.xtec.cat\/escolaconcordia\/wp-content\/uploads\/usu2135\/2021\/01\/P3-300x200.jpg 300w, https:\/\/agora.xtec.cat\/escolaconcordia\/wp-content\/uploads\/usu2135\/2021\/01\/P3-768x512.jpg 768w\" sizes=\"auto, (max-width: 1024px) 100vw, 1024px\" \/><\/a><\/div>\n<div><\/div>\n<div><\/div>\n<div><\/div>\n<div>Infants P4<\/div>\n<div><\/div>\n<div><\/div>\n<div><\/div>\n<div><a href=\"https:\/\/drive.google.com\/drive\/folders\/1mKcECJQIsJnobMT2xBI5iNAnMnDGndsT?usp=sharing\"><img loading=\"lazy\" decoding=\"async\" class=\"alignnone size-large wp-image-1256\" src=\"https:\/\/agora.xtec.cat\/escolaconcordia\/wp-content\/uploads\/usu2135\/2021\/01\/P4-1024x768.jpg\" alt=\"\" width=\"1024\" height=\"768\" srcset=\"https:\/\/agora.xtec.cat\/escolaconcordia\/wp-content\/uploads\/usu2135\/2021\/01\/P4.jpg 1024w, https:\/\/agora.xtec.cat\/escolaconcordia\/wp-content\/uploads\/usu2135\/2021\/01\/P4-300x225.jpg 300w, https:\/\/agora.xtec.cat\/escolaconcordia\/wp-content\/uploads\/usu2135\/2021\/01\/P4-768x576.jpg 768w, https:\/\/agora.xtec.cat\/escolaconcordia\/wp-content\/uploads\/usu2135\/2021\/01\/P4-200x150.jpg 200w\" sizes=\"auto, (max-width: 1024px) 100vw, 1024px\" \/><\/a><\/div>\n<div><\/div>\n<div>Infants de P5<\/div>\n<div><\/div>\n<div><a href=\"https:\/\/drive.google.com\/drive\/folders\/1MQawMBNjqR2qwFplpJuFV1Z311ddXP0v?usp=sharing\"><img loading=\"lazy\" decoding=\"async\" class=\"alignnone size-large wp-image-1258\" src=\"https:\/\/agora.xtec.cat\/escolaconcordia\/wp-content\/uploads\/usu2135\/2021\/01\/P5-1024x683.jpg\" alt=\"\" width=\"1024\" height=\"683\" srcset=\"https:\/\/agora.xtec.cat\/escolaconcordia\/wp-content\/uploads\/usu2135\/2021\/01\/P5-1024x683.jpg 1024w, https:\/\/agora.xtec.cat\/escolaconcordia\/wp-content\/uploads\/usu2135\/2021\/01\/P5-300x200.jpg 300w, https:\/\/agora.xtec.cat\/escolaconcordia\/wp-content\/uploads\/usu2135\/2021\/01\/P5-768x512.jpg 768w, https:\/\/agora.xtec.cat\/escolaconcordia\/wp-content\/uploads\/usu2135\/2021\/01\/P5.jpg 2048w\" sizes=\"auto, (max-width: 1024px) 100vw, 1024px\" \/><\/a><\/div>\n<div><\/div>\n<div>Anem pujant i \u00e9s el torn de Cicle Inicial!<\/div>\n<div><\/div>\n<div><\/div>\n<div><\/div>\n<div>Nens i nenes de 1r<\/div>\n<div><\/div>\n<div><a href=\"https:\/\/drive.google.com\/drive\/folders\/14h5_cLGlgpodRH4zjUQD0_NZQvAlikmT?usp=sharing\"><img loading=\"lazy\" decoding=\"async\" class=\"alignnone size-large wp-image-1260\" src=\"https:\/\/agora.xtec.cat\/escolaconcordia\/wp-content\/uploads\/usu2135\/2021\/01\/1r-1024x768.jpg\" alt=\"\" width=\"1024\" height=\"768\" srcset=\"https:\/\/agora.xtec.cat\/escolaconcordia\/wp-content\/uploads\/usu2135\/2021\/01\/1r.jpg 1024w, https:\/\/agora.xtec.cat\/escolaconcordia\/wp-content\/uploads\/usu2135\/2021\/01\/1r-300x225.jpg 300w, https:\/\/agora.xtec.cat\/escolaconcordia\/wp-content\/uploads\/usu2135\/2021\/01\/1r-768x576.jpg 768w, https:\/\/agora.xtec.cat\/escolaconcordia\/wp-content\/uploads\/usu2135\/2021\/01\/1r-200x150.jpg 200w\" sizes=\"auto, (max-width: 1024px) 100vw, 1024px\" \/><\/a><\/div>\n<div><\/div>\n<div>Nens i nenes de 2n<\/div>\n<div><\/div>\n<div><a href=\"https:\/\/drive.google.com\/drive\/folders\/1kVh4i-hRv295AQjF-JJueUcsMnPzAB7k?usp=sharing\"><img loading=\"lazy\" decoding=\"async\" class=\"alignnone size-large wp-image-1261\" src=\"https:\/\/agora.xtec.cat\/escolaconcordia\/wp-content\/uploads\/usu2135\/2021\/01\/2n-1024x768.jpg\" alt=\"\" width=\"1024\" height=\"768\" srcset=\"https:\/\/agora.xtec.cat\/escolaconcordia\/wp-content\/uploads\/usu2135\/2021\/01\/2n.jpg 1024w, https:\/\/agora.xtec.cat\/escolaconcordia\/wp-content\/uploads\/usu2135\/2021\/01\/2n-300x225.jpg 300w, https:\/\/agora.xtec.cat\/escolaconcordia\/wp-content\/uploads\/usu2135\/2021\/01\/2n-768x576.jpg 768w, https:\/\/agora.xtec.cat\/escolaconcordia\/wp-content\/uploads\/usu2135\/2021\/01\/2n-200x150.jpg 200w\" sizes=\"auto, (max-width: 1024px) 100vw, 1024px\" \/><\/a><\/div>\n<div><\/div>\n<div><\/div>\n<div>Cicle Mitj\u00e0 ja est\u00e0 preparat!<\/div>\n<div><\/div>\n<div><\/div>\n<div>Nens i nenes de 3r<\/div>\n<div><\/div>\n<div><\/div>\n<div><a href=\"https:\/\/drive.google.com\/drive\/folders\/1kVh4i-hRv295AQjF-JJueUcsMnPzAB7k?usp=sharing\"><img loading=\"lazy\" decoding=\"async\" class=\"alignnone size-large wp-image-1263\" src=\"https:\/\/agora.xtec.cat\/escolaconcordia\/wp-content\/uploads\/usu2135\/2021\/01\/3r-1024x683.jpg\" alt=\"\" width=\"1024\" height=\"683\" srcset=\"https:\/\/agora.xtec.cat\/escolaconcordia\/wp-content\/uploads\/usu2135\/2021\/01\/3r.jpg 1024w, https:\/\/agora.xtec.cat\/escolaconcordia\/wp-content\/uploads\/usu2135\/2021\/01\/3r-300x200.jpg 300w, https:\/\/agora.xtec.cat\/escolaconcordia\/wp-content\/uploads\/usu2135\/2021\/01\/3r-768x512.jpg 768w\" sizes=\"auto, (max-width: 1024px) 100vw, 1024px\" \/><\/a><\/div>\n<div><\/div>\n<div><\/div>\n<div><\/div>\n<div>Nens i nenes de 4t<\/div>\n<div><\/div>\n<div><\/div>\n<div><\/div>\n<div><a href=\"https:\/\/drive.google.com\/drive\/folders\/1kVh4i-hRv295AQjF-JJueUcsMnPzAB7k?usp=sharing\"><img loading=\"lazy\" decoding=\"async\" class=\"alignnone size-large wp-image-1265\" src=\"https:\/\/agora.xtec.cat\/escolaconcordia\/wp-content\/uploads\/usu2135\/2021\/01\/4t-1024x683.jpg\" alt=\"\" width=\"1024\" height=\"683\" srcset=\"https:\/\/agora.xtec.cat\/escolaconcordia\/wp-content\/uploads\/usu2135\/2021\/01\/4t.jpg 1024w, https:\/\/agora.xtec.cat\/escolaconcordia\/wp-content\/uploads\/usu2135\/2021\/01\/4t-300x200.jpg 300w, https:\/\/agora.xtec.cat\/escolaconcordia\/wp-content\/uploads\/usu2135\/2021\/01\/4t-768x512.jpg 768w\" sizes=\"auto, (max-width: 1024px) 100vw, 1024px\" \/><\/a><\/div>\n<div><\/div>\n<div><\/div>\n<div>Tot a punt per als nens i nenes de Cicle Superior&#8230;<\/div>\n<div><\/div>\n<div><\/div>\n<div>Nens i nenes de 5\u00e8<\/div>\n<div><\/div>\n<div><\/div>\n<div><\/div>\n<div><a href=\"https:\/\/drive.google.com\/drive\/folders\/1AhqDHcjuVbHWFbZB2q_0taTYoUW_smMS?usp=sharing\"><img loading=\"lazy\" decoding=\"async\" class=\"alignnone size-large wp-image-1267\" src=\"https:\/\/agora.xtec.cat\/escolaconcordia\/wp-content\/uploads\/usu2135\/2021\/01\/5\u00e8-1024x768.jpg\" alt=\"\" width=\"1024\" height=\"768\" srcset=\"https:\/\/agora.xtec.cat\/escolaconcordia\/wp-content\/uploads\/usu2135\/2021\/01\/5\u00e8.jpg 1024w, https:\/\/agora.xtec.cat\/escolaconcordia\/wp-content\/uploads\/usu2135\/2021\/01\/5\u00e8-300x225.jpg 300w, https:\/\/agora.xtec.cat\/escolaconcordia\/wp-content\/uploads\/usu2135\/2021\/01\/5\u00e8-768x576.jpg 768w, https:\/\/agora.xtec.cat\/escolaconcordia\/wp-content\/uploads\/usu2135\/2021\/01\/5\u00e8-200x150.jpg 200w\" sizes=\"auto, (max-width: 1024px) 100vw, 1024px\" \/><\/a><\/div>\n<div><\/div>\n<div><\/div>\n<div><\/div>\n<div>Nens i nenes de 6\u00e8<\/div>\n<div><\/div>\n<div><\/div>\n<div><\/div>\n<div><a href=\"https:\/\/drive.google.com\/drive\/folders\/1koyEyl1kNFjvDjN_rGb_loebe4jSHnMR?usp=sharing\"><img loading=\"lazy\" decoding=\"async\" class=\"alignnone size-large wp-image-1269\" src=\"https:\/\/agora.xtec.cat\/escolaconcordia\/wp-content\/uploads\/usu2135\/2021\/01\/6\u00e8-1024x683.jpg\" alt=\"\" width=\"1024\" height=\"683\" srcset=\"https:\/\/agora.xtec.cat\/escolaconcordia\/wp-content\/uploads\/usu2135\/2021\/01\/6\u00e8.jpg 1024w, https:\/\/agora.xtec.cat\/escolaconcordia\/wp-content\/uploads\/usu2135\/2021\/01\/6\u00e8-300x200.jpg 300w, https:\/\/agora.xtec.cat\/escolaconcordia\/wp-content\/uploads\/usu2135\/2021\/01\/6\u00e8-768x512.jpg 768w\" sizes=\"auto, (max-width: 1024px) 100vw, 1024px\" \/><\/a><\/div>\n<div><\/div>\n<div><\/div>\n<div><\/div>\n<div>Penseu que ja s&#8217;ha acabat? Les nostres fam\u00edlies tamb\u00e9 es van apuntar a la cursa!!!!<\/div>\n<div><\/div>\n<div><\/div>\n<div><\/div>\n<div><a href=\"https:\/\/drive.google.com\/drive\/folders\/1txZaKmvv1llZRoV2bbxL9heH1P6ldPeh?usp=sharing\"><img loading=\"lazy\" decoding=\"async\" class=\"alignnone size-large wp-image-1271\" src=\"https:\/\/agora.xtec.cat\/escolaconcordia\/wp-content\/uploads\/usu2135\/2021\/01\/Adults-1024x683.jpg\" alt=\"\" width=\"1024\" height=\"683\" srcset=\"https:\/\/agora.xtec.cat\/escolaconcordia\/wp-content\/uploads\/usu2135\/2021\/01\/Adults.jpg 1024w, https:\/\/agora.xtec.cat\/escolaconcordia\/wp-content\/uploads\/usu2135\/2021\/01\/Adults-300x200.jpg 300w, https:\/\/agora.xtec.cat\/escolaconcordia\/wp-content\/uploads\/usu2135\/2021\/01\/Adults-768x512.jpg 768w\" sizes=\"auto, (max-width: 1024px) 100vw, 1024px\" \/><\/a><\/div>\n<div><\/div>\n<div>\n<p><span style=\"color: #000000; font-size: medium;\">I<\/span><span style=\"font-family: arial, sans-serif; font-size: medium;\"> COM A CLOENDA, animaci\u00f3 per als m\u00e9s petits, que s&#8217;ho van passar d&#8217;all\u00f2 m\u00e9s b\u00e9 amb els <\/span><b><span style=\"color: #38761d; font-size: large;\">INFLABLES, JOCS GEGANTS,&#8230;I LA FESTA DE L&#8217;ESCUMA!!!<\/span><\/b><\/p>\n<\/div>\n<p><a href=\"https:\/\/drive.google.com\/drive\/folders\/1ar4BxCz9zNFRvrl_G2oK4Woz9d1CuAAi?usp=sharing\"><img loading=\"lazy\" decoding=\"async\" class=\"alignnone size-large wp-image-1273\" src=\"https:\/\/agora.xtec.cat\/escolaconcordia\/wp-content\/uploads\/usu2135\/2021\/01\/Festa-1024x683.jpg\" alt=\"\" width=\"1024\" height=\"683\" srcset=\"https:\/\/agora.xtec.cat\/escolaconcordia\/wp-content\/uploads\/usu2135\/2021\/01\/Festa.jpg 1024w, https:\/\/agora.xtec.cat\/escolaconcordia\/wp-content\/uploads\/usu2135\/2021\/01\/Festa-300x200.jpg 300w, https:\/\/agora.xtec.cat\/escolaconcordia\/wp-content\/uploads\/usu2135\/2021\/01\/Festa-768x512.jpg 768w\" sizes=\"auto, (max-width: 1024px) 100vw, 1024px\" \/><\/a><\/p>\n<p><span style=\"color: #000000;\">Qu\u00e8 b\u00e9 que ens ho vam passar tots junts.<\/span><\/p>\n<p><span style=\"color: #000000;\">Vam <\/span><span style=\"color: #38761d;\"><b><span style=\"font-size: large;\">GAUDIR<\/span>\u00a0<\/b><\/span><span style=\"font-size: medium;\">d&#8217;una jornada\u00a0<\/span><b><span style=\"color: #38761d; font-size: x-large;\">FANT\u00c0STICA<\/span><span style=\"color: #38761d; font-size: x-large;\">!!!<\/span><\/b><\/p>\n<p><span style=\"font-size: large;\"><i><span style=\"color: #000000;\">GR\u00c0CIES A LA COL\u00b7LABORACI\u00d3 DE\u00a0<\/span><span style=\"color: #38761d;\"><b>L&#8217;AMPA, ART BO I FORN CONC\u00d2RDIA<\/b><\/span><\/i><\/span><\/p>\n<p>&nbsp;<\/p>\n","protected":false},"excerpt":{"rendered":"<p>Normalment el primer dissabte del mes de juny es celebra a l&#8217;escola el DIA DE LA CONVIV\u00c8NCIA<br \/>\nLa darrera edici\u00f3 va comen\u00e7ar a primer\u00edssima hora amb la gran CURSA!!!<br \/>\nTothom, des dels m\u00e9s petits fins als m\u00e9s grans de l&#8217;escola, estava preparat a la l\u00ednia de sortida,&#8230;READY,&hellip;  <a href=\"https:\/\/agora.xtec.cat\/escolaconcordia\/festes\/festa-de-la-convivencia\/\" title=\"Read Festa de la conviv\u00e8ncia\">Llegeix m\u00e9s\u00bb<\/a><\/p>\n","protected":false},"author":1,"featured_media":0,"parent":1018,"menu_order":60,"comment_status":"closed","ping_status":"closed","template":"page-templates\/side-menu.php","meta":{"_bbp_topic_count":0,"_bbp_reply_count":0,"_bbp_total_topic_count":0,"_bbp_total_reply_count":0,"_bbp_voice_count":0,"_bbp_anonymous_reply_count":0,"_bbp_topic_count_hidden":0,"_bbp_reply_count_hidden":0,"_bbp_forum_subforum_count":0,"footnotes":""},"class_list":["post-539","page","type-page","status-publish","hentry"],"post_mailing_queue_ids":[],"_links":{"self":[{"href":"https:\/\/agora.xtec.cat\/escolaconcordia\/wp-json\/wp\/v2\/pages\/539","targetHints":{"allow":["GET"]}}],"collection":[{"href":"https:\/\/agora.xtec.cat\/escolaconcordia\/wp-json\/wp\/v2\/pages"}],"about":[{"href":"https:\/\/agora.xtec.cat\/escolaconcordia\/wp-json\/wp\/v2\/types\/page"}],"author":[{"embeddable":true,"href":"https:\/\/agora.xtec.cat\/escolaconcordia\/wp-json\/wp\/v2\/users\/1"}],"replies":[{"embeddable":true,"href":"https:\/\/agora.xtec.cat\/escolaconcordia\/wp-json\/wp\/v2\/comments?post=539"}],"version-history":[{"count":4,"href":"https:\/\/agora.xtec.cat\/escolaconcordia\/wp-json\/wp\/v2\/pages\/539\/revisions"}],"predecessor-version":[{"id":1253,"href":"https:\/\/agora.xtec.cat\/escolaconcordia\/wp-json\/wp\/v2\/pages\/539\/revisions\/1253"}],"up":[{"embeddable":true,"href":"https:\/\/agora.xtec.cat\/escolaconcordia\/wp-json\/wp\/v2\/pages\/1018"}],"wp:attachment":[{"href":"https:\/\/agora.xtec.cat\/escolaconcordia\/wp-json\/wp\/v2\/media?parent=539"}],"curies":[{"name":"wp","href":"https:\/\/api.w.org\/{rel}","templated":true}]}}