{"id":515,"date":"2020-03-27T00:07:22","date_gmt":"2020-03-26T23:07:22","guid":{"rendered":"https:\/\/agora.xtec.cat\/ceipconcordia\/?page_id=515"},"modified":"2024-11-15T15:53:07","modified_gmt":"2024-11-15T14:53:07","slug":"dinamitzacio-de-patis","status":"publish","type":"page","link":"https:\/\/agora.xtec.cat\/escolaconcordia\/lescola\/projecte-educatiu\/dinamitzacio-de-patis\/","title":{"rendered":"Els patis. Un espai per a l&#8217;aprenentatge"},"content":{"rendered":"<p style=\"text-align: justify;\">El pati \u00e9s un dels pocs espais, si no l\u2019\u00fanic, pensat exclusivament per al joc i l\u2019esbarjo dels infants i, alhora, \u00e9s un espai educatiu dintre de l&#8217;escola. Ambd\u00f3s factors converteixen el pati, doncs, en un espai privilegiat i amb moltes possibilitats.<\/p>\n<p>La idea \u00e9s oferir espais per al joc actiu, tranquil, espais, materials i propostes atractives i estimulants.<\/p>\n<p style=\"text-align: justify;\"><span lang=\"CA\">A l&#8217;escola, a l&#8217;estona d&#8217;esbarjo s&#8217;ofereixen diverses opcions: <\/span><\/p>\n<p><strong>DINAMITZACI\u00d3 DE PATIS<\/strong><\/p>\n<p style=\"text-align: justify;\"><span lang=\"CA\">S\u00f3n els dies en qu\u00e8 el pati deixa de ser un camp de futbol i es converteix en un taulell gegant dels jocs m\u00e9s diversos amb\u00a0\u00a0qu\u00e8 nens i nenes gaudeixen d\u2019all\u00f2 m\u00e9s. Voleu saber m\u00e9s? Continueu llegint, doncs!<\/span><\/p>\n<p style=\"text-align: justify;\"><span lang=\"CA\">Un dels objectius que pretenem com a escola \u00e9s la millora de la cohesi\u00f3 social. Arran d\u2019aix\u00f2, una de les activitats que ens hem plantejat\u00a0 \u00e9s la de dinamitzaci\u00f3 d\u2019aquestes estones que considerem tamb\u00e9 amb un contingut educatiu.<\/span><\/p>\n<p style=\"text-align: justify;\"><span lang=\"CA\">\u00a0<\/span><span lang=\"CA\">A nivell general, es tracta d\u2019oferir a l\u2019alumnat alternatives al futbol implicant-los a ells mateixos en la din\u00e0mica de l\u2019activitat.<\/span><\/p>\n<ul style=\"text-align: justify;\">\n<li><u><b><span lang=\"CA\">Com ho fem?<\/span><\/b><\/u><\/li>\n<\/ul>\n<p style=\"text-align: justify;\"><span lang=\"CA\">En un primer moment, els i les alumnes de sis\u00e8 van pensar quins jocs alternatius al futbol podrien oferir als altres companys i companyes d\u2019escola per a l\u2019estona del pati. Les possibilitats van ser moltes i els va sorprendre positivament: mocador, xarranca, petanca, ca\u00e7a bolets, gomes\/cordes, tennis taula, atrapa cues, \u201cmate\u201d, sogatira, etc.<\/span><\/p>\n<p style=\"text-align: justify;\"><span lang=\"CA\">\u00a0<\/span><span lang=\"CA\">Un cop fet aix\u00f2 calia organitzar-se i distribuir responsabilitats. Van decidir que cada un d\u2019ells, per torns, es faria responsable d\u2019un dels jocs cada setmana durant el temps d\u2019esbarjo. Fer-se responsable implica preparar el joc, explicar-ho als nens i nenes que volen participar, fer respectar les normes, resoldre els possibles malentesos, recollir el material quan el pati s\u2019acaba, etc. sempre sota la supervisi\u00f3 dels mestres.<\/span><\/p>\n<p style=\"text-align: justify;\"><span lang=\"CA\">Quan els nens i nenes de Cicle Mitj\u00e0 i Superior surten al pati poden escollir jugar al joc que vulguin i canviar tantes vegades com els vingui de gust, sempre respectant els torns establerts.<\/span><\/p>\n<p>Actualment els infants de 4t tamb\u00e9 organitzen jocs per als seus companys i companyes d&#8217;educaci\u00f3 infantil (I4 i I5)<\/p>\n<ul style=\"text-align: justify;\">\n<li><b><span lang=\"CA\"><u>Objectius<\/u>:<\/span><\/b><\/li>\n<\/ul>\n<p style=\"text-align: justify;\"><span lang=\"CA\">&#8211; Permetre als alumnes participar en la gesti\u00f3 d&#8217;activitats del centre, promovent aix\u00ed l&#8217;autonomia i la iniciativa personal.\u00a0<\/span><\/p>\n<p style=\"text-align: justify;\"><span lang=\"CA\">&#8211; Afavorir el desenvolupament d&#8217;aprenentatges transversals. Els coneixement que els alumnes aprenent en una \u00e0rea, els utilitzen per resoldre activitats d&#8217;una altra \u00e0rea del curr\u00edculum.<\/span><\/p>\n<p style=\"text-align: justify;\"><span lang=\"CA\">&#8211; Participar de manera aut\u00f2noma, en la pr\u00f2pia gesti\u00f3 del temps lliure, mitjan\u00e7ant la pr\u00e0ctica volunt\u00e0ria en activitats diverses.<\/span><\/p>\n<p style=\"text-align: justify;\">&#8211;\u00a0\u00a0<span lang=\"CA\">Fomentar actituds de respecte, solidaritat, cooperaci\u00f3, toler\u00e0ncia, llibertat i responsabilitat entre alumnes de cicles diferents.<\/span><\/p>\n<p style=\"text-align: justify;\">&#8211;\u00a0\u00a0<span lang=\"CA\">Potenciar les capacitats dels nostres alumnes planificant activitats que no fomentin la competitivitat.<\/span><\/p>\n<p style=\"text-align: justify;\">&#8211;\u00a0\u00a0<span lang=\"CA\">Afavorir la coeducaci\u00f3 en tots els sentits.<\/span><\/p>\n<p style=\"text-align: justify;\"><a href=\"https:\/\/agora.xtec.cat\/escolaconcordia\/wp-content\/uploads\/usu2135\/2021\/01\/Dinamitzaci\u00f3-1.jpg\"><img loading=\"lazy\" decoding=\"async\" class=\"alignnone size-large wp-image-1324\" src=\"https:\/\/agora.xtec.cat\/escolaconcordia\/wp-content\/uploads\/usu2135\/2021\/01\/Dinamitzaci\u00f3-1-1024x1024.jpg\" alt=\"\" width=\"1024\" height=\"1024\" srcset=\"https:\/\/agora.xtec.cat\/escolaconcordia\/wp-content\/uploads\/usu2135\/2021\/01\/Dinamitzaci\u00f3-1-1024x1024.jpg 1024w, https:\/\/agora.xtec.cat\/escolaconcordia\/wp-content\/uploads\/usu2135\/2021\/01\/Dinamitzaci\u00f3-1-150x150.jpg 150w, https:\/\/agora.xtec.cat\/escolaconcordia\/wp-content\/uploads\/usu2135\/2021\/01\/Dinamitzaci\u00f3-1-300x300.jpg 300w, https:\/\/agora.xtec.cat\/escolaconcordia\/wp-content\/uploads\/usu2135\/2021\/01\/Dinamitzaci\u00f3-1-768x768.jpg 768w, https:\/\/agora.xtec.cat\/escolaconcordia\/wp-content\/uploads\/usu2135\/2021\/01\/Dinamitzaci\u00f3-1.jpg 2047w\" sizes=\"auto, (max-width: 1024px) 100vw, 1024px\" \/><\/a><\/p>\n<p><strong>PATIS TRANQUILS<\/strong><\/p>\n<p>Una altra de les possibilitats a l&#8217;estona d&#8217;esbarjo \u00e9s gaudir jugant a jocs de taula o b\u00e9 llegint llibres que proposa la bibliopati. L&#8217;objectiu \u00e9s oferir als infants diverses possibilitats perqu\u00e8 puguin triar all\u00f2 que els ve m\u00e9s de gust de fer en companyia del seu grup d&#8217;amics\/amigues en aquesta estona.<\/p>\n<p><a href=\"https:\/\/agora.xtec.cat\/escolaconcordia\/wp-content\/uploads\/usu2135\/2024\/11\/20231204_110918-COLLAGE.jpg\"><img loading=\"lazy\" decoding=\"async\" class=\"aligncenter size-large wp-image-5818\" src=\"https:\/\/agora.xtec.cat\/escolaconcordia\/wp-content\/uploads\/usu2135\/2024\/11\/20231204_110918-COLLAGE-1024x1024.jpg\" alt=\"\" width=\"1024\" height=\"1024\" srcset=\"https:\/\/agora.xtec.cat\/escolaconcordia\/wp-content\/uploads\/usu2135\/2024\/11\/20231204_110918-COLLAGE-1024x1024.jpg 1024w, https:\/\/agora.xtec.cat\/escolaconcordia\/wp-content\/uploads\/usu2135\/2024\/11\/20231204_110918-COLLAGE-300x300.jpg 300w, https:\/\/agora.xtec.cat\/escolaconcordia\/wp-content\/uploads\/usu2135\/2024\/11\/20231204_110918-COLLAGE-150x150.jpg 150w, https:\/\/agora.xtec.cat\/escolaconcordia\/wp-content\/uploads\/usu2135\/2024\/11\/20231204_110918-COLLAGE-768x768.jpg 768w, https:\/\/agora.xtec.cat\/escolaconcordia\/wp-content\/uploads\/usu2135\/2024\/11\/20231204_110918-COLLAGE-1536x1536.jpg 1536w, https:\/\/agora.xtec.cat\/escolaconcordia\/wp-content\/uploads\/usu2135\/2024\/11\/20231204_110918-COLLAGE.jpg 2046w\" sizes=\"auto, (max-width: 1024px) 100vw, 1024px\" \/><\/a><\/p>\n<p>&nbsp;<\/p>\n<p><strong>MATERIAL DE PATI<\/strong><\/p>\n<p>A banda, cada grup classe, des d&#8217;infantil a prim\u00e0ria, t\u00e9 una capsa de materials per jugar al pati que poden fer servir sempre que vulguin de manera totalment aut\u00f2noma, individual o col\u00b7lectiva, amb la finalitat tamb\u00e9 de fer volar la imaginaci\u00f3 i creativitat.<\/p>\n<p><strong>JOCS PINTATS AL PATI<\/strong><\/p>\n<p>Gr\u00e0cies a la col\u00b7laboraci\u00f3 de les fam\u00edlies, a diferents espais de l&#8217;escola, comptem amb jocs pintats al pati que fan que els infants puguin tamb\u00e9 de manera aut\u00f2noma amb els seu companys i companyes jugar a jocs tradicionals.<\/p>\n<p>&nbsp;<\/p>\n<p><a href=\"https:\/\/agora.xtec.cat\/escolaconcordia\/wp-content\/uploads\/usu2135\/2024\/11\/IMG20240223092048-COLLAGE.jpg\"><img loading=\"lazy\" decoding=\"async\" class=\"aligncenter size-large wp-image-5817\" src=\"https:\/\/agora.xtec.cat\/escolaconcordia\/wp-content\/uploads\/usu2135\/2024\/11\/IMG20240223092048-COLLAGE-1024x1024.jpg\" alt=\"\" width=\"1024\" height=\"1024\" srcset=\"https:\/\/agora.xtec.cat\/escolaconcordia\/wp-content\/uploads\/usu2135\/2024\/11\/IMG20240223092048-COLLAGE-1024x1024.jpg 1024w, https:\/\/agora.xtec.cat\/escolaconcordia\/wp-content\/uploads\/usu2135\/2024\/11\/IMG20240223092048-COLLAGE-300x300.jpg 300w, https:\/\/agora.xtec.cat\/escolaconcordia\/wp-content\/uploads\/usu2135\/2024\/11\/IMG20240223092048-COLLAGE-150x150.jpg 150w, https:\/\/agora.xtec.cat\/escolaconcordia\/wp-content\/uploads\/usu2135\/2024\/11\/IMG20240223092048-COLLAGE-768x768.jpg 768w, https:\/\/agora.xtec.cat\/escolaconcordia\/wp-content\/uploads\/usu2135\/2024\/11\/IMG20240223092048-COLLAGE-1536x1536.jpg 1536w, https:\/\/agora.xtec.cat\/escolaconcordia\/wp-content\/uploads\/usu2135\/2024\/11\/IMG20240223092048-COLLAGE.jpg 2047w\" sizes=\"auto, (max-width: 1024px) 100vw, 1024px\" \/><\/a><\/p>\n","protected":false},"excerpt":{"rendered":"<p>El pati \u00e9s un dels pocs espais, si no l\u2019\u00fanic, pensat exclusivament per al joc i l\u2019esbarjo dels infants i, alhora, \u00e9s un espai educatiu dintre de l&#8217;escola. Ambd\u00f3s factors converteixen el pati, doncs, en un espai privilegiat i amb moltes possibilitats.<br \/>\nLa idea \u00e9s oferir&hellip;  <a href=\"https:\/\/agora.xtec.cat\/escolaconcordia\/lescola\/projecte-educatiu\/dinamitzacio-de-patis\/\" title=\"Read Els patis. Un espai per a l&#8217;aprenentatge\">Llegeix m\u00e9s\u00bb<\/a><\/p>\n","protected":false},"author":1,"featured_media":0,"parent":505,"menu_order":70,"comment_status":"closed","ping_status":"closed","template":"page-templates\/side-menu.php","meta":{"_bbp_topic_count":0,"_bbp_reply_count":0,"_bbp_total_topic_count":0,"_bbp_total_reply_count":0,"_bbp_voice_count":0,"_bbp_anonymous_reply_count":0,"_bbp_topic_count_hidden":0,"_bbp_reply_count_hidden":0,"_bbp_forum_subforum_count":0,"footnotes":""},"class_list":["post-515","page","type-page","status-publish","hentry"],"post_mailing_queue_ids":[],"_links":{"self":[{"href":"https:\/\/agora.xtec.cat\/escolaconcordia\/wp-json\/wp\/v2\/pages\/515","targetHints":{"allow":["GET"]}}],"collection":[{"href":"https:\/\/agora.xtec.cat\/escolaconcordia\/wp-json\/wp\/v2\/pages"}],"about":[{"href":"https:\/\/agora.xtec.cat\/escolaconcordia\/wp-json\/wp\/v2\/types\/page"}],"author":[{"embeddable":true,"href":"https:\/\/agora.xtec.cat\/escolaconcordia\/wp-json\/wp\/v2\/users\/1"}],"replies":[{"embeddable":true,"href":"https:\/\/agora.xtec.cat\/escolaconcordia\/wp-json\/wp\/v2\/comments?post=515"}],"version-history":[{"count":6,"href":"https:\/\/agora.xtec.cat\/escolaconcordia\/wp-json\/wp\/v2\/pages\/515\/revisions"}],"predecessor-version":[{"id":5826,"href":"https:\/\/agora.xtec.cat\/escolaconcordia\/wp-json\/wp\/v2\/pages\/515\/revisions\/5826"}],"up":[{"embeddable":true,"href":"https:\/\/agora.xtec.cat\/escolaconcordia\/wp-json\/wp\/v2\/pages\/505"}],"wp:attachment":[{"href":"https:\/\/agora.xtec.cat\/escolaconcordia\/wp-json\/wp\/v2\/media?parent=515"}],"curies":[{"name":"wp","href":"https:\/\/api.w.org\/{rel}","templated":true}]}}