{"id":512,"date":"2020-03-27T00:06:21","date_gmt":"2020-03-26T23:06:21","guid":{"rendered":"https:\/\/agora.xtec.cat\/ceipconcordia\/?page_id=512"},"modified":"2020-04-30T19:27:06","modified_gmt":"2020-04-30T17:27:06","slug":"tallers","status":"publish","type":"page","link":"https:\/\/agora.xtec.cat\/escolaconcordia\/lescola\/projecte-educatiu\/tallers\/","title":{"rendered":"Agenda 21+"},"content":{"rendered":"<div style=\"text-align: justify;\"><span style=\"font-size: medium;\">L&#8217;agenda 21 Escolar Plus (+) \u00e9s un programa que fomenta les pr\u00e0ctiques participatives als centres educatius des del punt de vista de la sostenibilitat, que s&#8217;emmarca en l&#8217;Agenda 21 Local de Sabadell. Introdueix projectes i\/o iniciatives de sostenibilitat als centres educatius mintjan\u00e7ant l&#8217;educaci\u00f3 en l&#8217;acci\u00f3, i refor\u00e7a els vincles entre la ciutat i l&#8217;escola.<\/span><\/div>\n<div style=\"text-align: justify;\"><span style=\"font-size: medium;\">\u00a0<\/span><\/div>\n<div style=\"text-align: justify;\"><span style=\"font-size: medium;\">Des del curs 2003-2004 han participat 68 centres que han desenvolupat m\u00e9s de dos-cents cinquanta projectes sobre jardineria, hort ecol\u00f2gic, efici\u00e8ncia energ\u00e8tica, estalvi d&#8217;aigua, prevenci\u00f3 i gesti\u00f3 de residus i altres.<\/span><\/div>\n<div style=\"text-align: justify;\"><span style=\"font-size: medium;\">\u00a0<\/span><\/div>\n<div style=\"text-align: justify;\"><span style=\"font-size: medium;\">Per ajudar als centres de prim\u00e0ra del municipi a avan\u00e7ar en la implementaci\u00f3 de les actuacions en mat\u00e8ria de gesti\u00f3 ambiental i educaci\u00f3 en la sostenibilitat, cal oferir-los un assessorament de qualitat i de proximitat, que estigui vinculat al territori i que s&#8217;deq\u00fci al grau de maduresa que ja han assolit els centre durant aquests anys.<\/span><\/div>\n<div style=\"text-align: justify;\"><span style=\"font-size: medium;\">\u00a0<\/span><\/div>\n<div style=\"text-align: justify;\"><span style=\"font-size: medium;\">Aquest assessorament, compr\u00e8n un conjunt de tasques emparades sota el t\u00edtol PROGRAMA AGENDA \u00a0<\/span>ESCOLAR PLUS (+) DE SABADELL i \u00e9s un programa en el qual l&#8217;Escola Conc\u00f2rdia participa amb l&#8217;objectiu de estalviar energia (aigua i llum) i millorar en la gesti\u00f3 de residus.<\/div>\n<div style=\"text-align: justify;\"><span style=\"font-size: medium;\">\u00a0<\/span><\/div>\n<div><a href=\"https:\/\/agenda21escolarplussabadell.cat\/\" target=\"_blank\" rel=\"noopener noreferrer\"><img loading=\"lazy\" decoding=\"async\" class=\"aligncenter\" src=\"https:\/\/sites.google.com\/a\/xtec.cat\/escola-concordia\/_\/rsrc\/1491477599933\/escola-concordia\/projectes\/agenda-21\/logo.jpg?height=93&amp;width=320\" alt=\"http:\/\/agenda21escolarplussabadell.cat\/\" width=\"249\" height=\"73\" \/><\/a><\/div>\n<div><\/div>\n","protected":false},"excerpt":{"rendered":"<p>L&#8217;agenda 21 Escolar Plus (+) \u00e9s un programa que fomenta les pr\u00e0ctiques participatives als centres educatius des del punt de vista de la sostenibilitat, que s&#8217;emmarca en l&#8217;Agenda 21 Local de Sabadell. Introdueix projectes i\/o iniciatives de sostenibilitat als centres educatius mintjan\u00e7ant l&#8217;educaci\u00f3 en l&#8217;acci\u00f3,&hellip;  <a href=\"https:\/\/agora.xtec.cat\/escolaconcordia\/lescola\/projecte-educatiu\/tallers\/\" title=\"Read Agenda 21+\">Llegeix m\u00e9s\u00bb<\/a><\/p>\n","protected":false},"author":1,"featured_media":0,"parent":505,"menu_order":90,"comment_status":"closed","ping_status":"closed","template":"page-templates\/side-menu.php","meta":{"_bbp_topic_count":0,"_bbp_reply_count":0,"_bbp_total_topic_count":0,"_bbp_total_reply_count":0,"_bbp_voice_count":0,"_bbp_anonymous_reply_count":0,"_bbp_topic_count_hidden":0,"_bbp_reply_count_hidden":0,"_bbp_forum_subforum_count":0,"footnotes":""},"class_list":["post-512","page","type-page","status-publish","hentry"],"post_mailing_queue_ids":[],"_links":{"self":[{"href":"https:\/\/agora.xtec.cat\/escolaconcordia\/wp-json\/wp\/v2\/pages\/512","targetHints":{"allow":["GET"]}}],"collection":[{"href":"https:\/\/agora.xtec.cat\/escolaconcordia\/wp-json\/wp\/v2\/pages"}],"about":[{"href":"https:\/\/agora.xtec.cat\/escolaconcordia\/wp-json\/wp\/v2\/types\/page"}],"author":[{"embeddable":true,"href":"https:\/\/agora.xtec.cat\/escolaconcordia\/wp-json\/wp\/v2\/users\/1"}],"replies":[{"embeddable":true,"href":"https:\/\/agora.xtec.cat\/escolaconcordia\/wp-json\/wp\/v2\/comments?post=512"}],"version-history":[{"count":3,"href":"https:\/\/agora.xtec.cat\/escolaconcordia\/wp-json\/wp\/v2\/pages\/512\/revisions"}],"predecessor-version":[{"id":834,"href":"https:\/\/agora.xtec.cat\/escolaconcordia\/wp-json\/wp\/v2\/pages\/512\/revisions\/834"}],"up":[{"embeddable":true,"href":"https:\/\/agora.xtec.cat\/escolaconcordia\/wp-json\/wp\/v2\/pages\/505"}],"wp:attachment":[{"href":"https:\/\/agora.xtec.cat\/escolaconcordia\/wp-json\/wp\/v2\/media?parent=512"}],"curies":[{"name":"wp","href":"https:\/\/api.w.org\/{rel}","templated":true}]}}