{"id":509,"date":"2020-03-27T00:05:25","date_gmt":"2020-03-26T23:05:25","guid":{"rendered":"https:\/\/agora.xtec.cat\/ceipconcordia\/?page_id=509"},"modified":"2021-01-06T15:11:03","modified_gmt":"2021-01-06T14:11:03","slug":"tractament-de-la-llengua-estrangera","status":"publish","type":"page","link":"https:\/\/agora.xtec.cat\/escolaconcordia\/lescola\/projecte-educatiu\/tractament-de-la-llengua-estrangera\/","title":{"rendered":"Espais a Educaci\u00f3 Infantil"},"content":{"rendered":"<p>A Educaci\u00f3 Infantil treballem per espais.<\/p>\n<p>Treballar per espais \u00e9s una organitzaci\u00f3 on els infants de P3, P4 i P5\u00a0 construeixen el seu propi aprenentatge a partir de diferents propostes obertes, creades per l&#8217;adult i reptes que poden tenir diferents solucions. Deixant espai f\u00edsic lliure amb material a l&#8217;abast dels infants per fomentar la seva autonomia, espontane\u00eftat i creativitat. Tot aix\u00f2 es fa de manera vivencial i manipulativa, que fa que els aprenentatges siguin molt m\u00e9s significatius i propers per a l&#8217;infant.<\/p>\n<p>El mestre ofereix diferents propostes a partir de les necessitats i interessos dels propis infants amb la intenci\u00f3 de provocar l&#8217;adquisici\u00f3 d&#8217;aprenentatges. Veiem el mestre com un acompanyant amb un paper secundari per\u00f2 actiu, participatiu, que fa bones preguntes i que d\u00f3na seguretat alhora que potencia les seves habilitats, respecta els diferents ritmes.<\/p>\n<p>Els nostres espais s\u00f3n:<\/p>\n<p>&#8211; Sensaci\u00f3 de viure<\/p>\n<p>&#8211; Minimons<\/p>\n<p>&#8211; Constru\u00efm<\/p>\n<p>&#8211; CreArt<\/p>\n<p>&#8211; A les fosques<\/p>\n<p>&#8211; Mou-te<\/p>\n<p>&#8211; La f\u00e0brica de les paraules<\/p>\n<p>&#8211; A la fresca<\/p>\n<p>&#8211; Experimenta<\/p>\n<p>&#8211; Natura<\/p>\n<p>Cliqueu a sobre de la fotografia per veure les diferents imatges!<\/p>\n<p>&nbsp;<\/p>\n<p><a href=\"https:\/\/drive.google.com\/drive\/folders\/1M3wrSFlNSCAdc3r_3e1uJ57FsSDIqNqy?usp=sharing\"><img loading=\"lazy\" decoding=\"async\" class=\"alignnone size-large wp-image-1236\" src=\"https:\/\/agora.xtec.cat\/escolaconcordia\/wp-content\/uploads\/usu2135\/2021\/01\/Espais-1024x768.jpg\" alt=\"\" width=\"1024\" height=\"768\" srcset=\"https:\/\/agora.xtec.cat\/escolaconcordia\/wp-content\/uploads\/usu2135\/2021\/01\/Espais.jpg 1024w, https:\/\/agora.xtec.cat\/escolaconcordia\/wp-content\/uploads\/usu2135\/2021\/01\/Espais-300x225.jpg 300w, https:\/\/agora.xtec.cat\/escolaconcordia\/wp-content\/uploads\/usu2135\/2021\/01\/Espais-768x576.jpg 768w, https:\/\/agora.xtec.cat\/escolaconcordia\/wp-content\/uploads\/usu2135\/2021\/01\/Espais-200x150.jpg 200w\" sizes=\"auto, (max-width: 1024px) 100vw, 1024px\" \/><\/a><\/p>\n","protected":false},"excerpt":{"rendered":"<p>A Educaci\u00f3 Infantil treballem per espais.<br \/>\nTreballar per espais \u00e9s una organitzaci\u00f3 on els infants de P3, P4 i P5\u00a0 construeixen el seu propi aprenentatge a partir de diferents propostes obertes, creades per l&#8217;adult i reptes que poden tenir diferents solucions. Deixant espai f\u00edsic lliure amb&hellip;  <a href=\"https:\/\/agora.xtec.cat\/escolaconcordia\/lescola\/projecte-educatiu\/tractament-de-la-llengua-estrangera\/\" title=\"Read Espais a Educaci\u00f3 Infantil\">Llegeix m\u00e9s\u00bb<\/a><\/p>\n","protected":false},"author":1,"featured_media":0,"parent":505,"menu_order":10,"comment_status":"closed","ping_status":"closed","template":"page-templates\/side-menu.php","meta":{"_bbp_topic_count":0,"_bbp_reply_count":0,"_bbp_total_topic_count":0,"_bbp_total_reply_count":0,"_bbp_voice_count":0,"_bbp_anonymous_reply_count":0,"_bbp_topic_count_hidden":0,"_bbp_reply_count_hidden":0,"_bbp_forum_subforum_count":0,"footnotes":""},"class_list":["post-509","page","type-page","status-publish","hentry"],"post_mailing_queue_ids":[],"_links":{"self":[{"href":"https:\/\/agora.xtec.cat\/escolaconcordia\/wp-json\/wp\/v2\/pages\/509","targetHints":{"allow":["GET"]}}],"collection":[{"href":"https:\/\/agora.xtec.cat\/escolaconcordia\/wp-json\/wp\/v2\/pages"}],"about":[{"href":"https:\/\/agora.xtec.cat\/escolaconcordia\/wp-json\/wp\/v2\/types\/page"}],"author":[{"embeddable":true,"href":"https:\/\/agora.xtec.cat\/escolaconcordia\/wp-json\/wp\/v2\/users\/1"}],"replies":[{"embeddable":true,"href":"https:\/\/agora.xtec.cat\/escolaconcordia\/wp-json\/wp\/v2\/comments?post=509"}],"version-history":[{"count":2,"href":"https:\/\/agora.xtec.cat\/escolaconcordia\/wp-json\/wp\/v2\/pages\/509\/revisions"}],"predecessor-version":[{"id":1239,"href":"https:\/\/agora.xtec.cat\/escolaconcordia\/wp-json\/wp\/v2\/pages\/509\/revisions\/1239"}],"up":[{"embeddable":true,"href":"https:\/\/agora.xtec.cat\/escolaconcordia\/wp-json\/wp\/v2\/pages\/505"}],"wp:attachment":[{"href":"https:\/\/agora.xtec.cat\/escolaconcordia\/wp-json\/wp\/v2\/media?parent=509"}],"curies":[{"name":"wp","href":"https:\/\/api.w.org\/{rel}","templated":true}]}}