{"id":505,"date":"2020-03-27T00:01:37","date_gmt":"2020-03-26T23:01:37","guid":{"rendered":"https:\/\/agora.xtec.cat\/ceipconcordia\/?page_id=505"},"modified":"2020-04-28T19:51:42","modified_gmt":"2020-04-28T17:51:42","slug":"projecte-educatiu","status":"publish","type":"page","link":"https:\/\/agora.xtec.cat\/escolaconcordia\/lescola\/projecte-educatiu\/","title":{"rendered":"Projecte educatiu"},"content":{"rendered":"<p style=\"text-align: justify;\"><strong>L&#8217;Escola<\/strong><br \/>\nLa nostra escola t\u00e9 un projecte educatiu orientat a la formaci\u00f3 integral dels alumnes.<\/p>\n<p style=\"text-align: justify;\">Volem desenvolupar els valors humans, tot inculcant un elevat sentit de respecte envers els altres, la solidaritat, la toler\u00e0ncia i les capacitats, per tal d\u2019assolir les compet\u00e8ncies que facilitin, als nostres alumnes, arribar a ser part activa dins de la societat d\u2019una manera responsable.<\/p>\n<p style=\"text-align: justify;\">El proc\u00e9s pedag\u00f2gic de la nostra escola, es basa en els principis d\u2019una pedagogia personalitzada. Una educaci\u00f3 que t\u00e9 en compte que cada persona \u00e9s diferent i que cal acollir i orientar cadasc\u00fa d\u2019acord amb la seva personalitat.<\/p>\n<p style=\"text-align: justify;\">Entenem el dret educatiu com una realitat din\u00e0mica i un proc\u00e9s canviant.<\/p>\n<p style=\"text-align: justify;\">Fomentem l\u2019educaci\u00f3 en la llibertat i la conviv\u00e8ncia, en la socialitzaci\u00f3 i el respecte als drets i deures de les persones. Aix\u00ed potenciem una actitud acollidora entre els educadors, els alumnes i les fam\u00edlies per tal d\u2019enriquir les relacions interpersonals, rebutjant qualsevol discriminaci\u00f3.<\/p>\n<p style=\"text-align: justify;\">Com escola catalana, adoptem el catal\u00e0 com a llengua d\u2019aprenentatge, de comunicaci\u00f3 interna i de projecci\u00f3 exterior, induint a l\u2019alumne a estimar i tenir present la realitat geogr\u00e0fica, social, hist\u00f2rica i cultural de Catalunya i les seves institucions, per\u00f2 sense descuidar la cultura i les institucions de les altres comunitats aut\u00f2nomes per tal d\u2019aconseguir una major possibilitat de conviv\u00e8ncia entre elles i, a la vegada, fomentar en l\u2019alumne una visi\u00f3 \u00e0mplia i universal del fet cultural.<\/p>\n<p style=\"text-align: justify;\">Es d\u00f3na l\u2019opci\u00f3 de rebre coneixements de religi\u00f3 a tots els alumnes que lliurement ho desitgin i ho demanin, respectant sempre la llibertat dels alumnes, del professorat i de les fam\u00edlies.<\/p>\n<p style=\"text-align: justify;\">La nostra escola \u00e9s coeducativa i no discrimina a ning\u00fa per ra\u00f3 de sexe i desenvolupa l\u2019ensenyament inculcant amb la major cura possible el respecte i la conviv\u00e8ncia entre els dos sexes, fomentant els valors de la cooperaci\u00f3 enfront de la competici\u00f3.<\/p>\n<p style=\"text-align: justify;\">L\u2019escola desenvolupa tamb\u00e9 una tasca d\u2019atenci\u00f3 a la diversitat dels alumnes que presentin problemes espec\u00edfics (de tipus f\u00edsic, ps\u00edquic, sensorial, &#8230;) esfor\u00e7ant-se per adaptar els curr\u00edculums a les diferents circumst\u00e0ncies de cada un d\u2019aquests alumnes per tal que puguin desenvolupar al m\u00e0xim les seves capacitats intel\u00b7lectuals i socials.<\/p>\n<p><strong>Objectius educatius<\/strong><\/p>\n<p>Les fites educatives que pretenem, partint de les caracter\u00edstiques socio-culturals dels alumnes que integren el Centre s\u00f3n:<\/p>\n<p style=\"text-align: justify;\">*Facilitar el desenvolupament de les compet\u00e8ncies que possibilitin la comprensi\u00f3 dels elements b\u00e0sics de la cultura: les humanitats, les ci\u00e8ncies, les noves tecnologies,&#8230; que caracteritzen la societat actual.<\/p>\n<p style=\"text-align: justify;\">*Atendre la diversitat de l\u2019alumnat respectant el seu nivell maduratiu i el ritme de treball fent adaptacions curriculars quan calgui, variant activitats, estrat\u00e8gies, materials,&#8230; i adoptant les mesures necess\u00e0ries de refor\u00e7 per a la millora dels processos d&#8217;ensenyament-aprenentatge.<\/p>\n<p style=\"text-align: justify;\">*Potenciar activitats de caire cultural, l\u00fadiques i de contacte amb la natura amb l\u2019objectiu d\u2019afavorir el proc\u00e9s de desenvolupament harm\u00f2nic de la personalitat de l\u2019alumne.<\/p>\n<p style=\"text-align: justify;\">*Crear actituds solid\u00e0ries i de toler\u00e0ncia rebutjant discriminacions degudes a l\u2019edat, la ra\u00e7a, la religi\u00f3, el sexe i altres difer\u00e8ncies de car\u00e0cter f\u00edsic, ps\u00edquic o social, respectant els principis b\u00e0sics de conviv\u00e8ncia.<\/p>\n<p style=\"text-align: justify;\">*Infondre valors referits a la salut individual i col\u00b7lectiva, a la conservaci\u00f3 del medi ambient, a la cooperaci\u00f3 i a la pau.<\/p>\n<p style=\"text-align: justify;\">*Promoure el respecte a totes les persones que integren la comunitat escolar: alumnes, pares, mestres, personal no docent, etc.<\/p>\n","protected":false},"excerpt":{"rendered":"<p>L&#8217;Escola<br \/>\nLa nostra escola t\u00e9 un projecte educatiu orientat a la formaci\u00f3 integral dels alumnes.<br \/>\nVolem desenvolupar els valors humans, tot inculcant un elevat sentit de respecte envers els altres, la solidaritat, la toler\u00e0ncia i les capacitats, per tal d\u2019assolir les compet\u00e8ncies que facilitin, als nostres alumnes,&hellip;  <a href=\"https:\/\/agora.xtec.cat\/escolaconcordia\/lescola\/projecte-educatiu\/\" title=\"Read Projecte educatiu\">Llegeix m\u00e9s\u00bb<\/a><\/p>\n","protected":false},"author":1,"featured_media":0,"parent":22,"menu_order":30,"comment_status":"closed","ping_status":"closed","template":"page-templates\/side-menu.php","meta":{"_bbp_topic_count":0,"_bbp_reply_count":0,"_bbp_total_topic_count":0,"_bbp_total_reply_count":0,"_bbp_voice_count":0,"_bbp_anonymous_reply_count":0,"_bbp_topic_count_hidden":0,"_bbp_reply_count_hidden":0,"_bbp_forum_subforum_count":0,"footnotes":""},"class_list":["post-505","page","type-page","status-publish","hentry"],"post_mailing_queue_ids":[],"_links":{"self":[{"href":"https:\/\/agora.xtec.cat\/escolaconcordia\/wp-json\/wp\/v2\/pages\/505","targetHints":{"allow":["GET"]}}],"collection":[{"href":"https:\/\/agora.xtec.cat\/escolaconcordia\/wp-json\/wp\/v2\/pages"}],"about":[{"href":"https:\/\/agora.xtec.cat\/escolaconcordia\/wp-json\/wp\/v2\/types\/page"}],"author":[{"embeddable":true,"href":"https:\/\/agora.xtec.cat\/escolaconcordia\/wp-json\/wp\/v2\/users\/1"}],"replies":[{"embeddable":true,"href":"https:\/\/agora.xtec.cat\/escolaconcordia\/wp-json\/wp\/v2\/comments?post=505"}],"version-history":[{"count":4,"href":"https:\/\/agora.xtec.cat\/escolaconcordia\/wp-json\/wp\/v2\/pages\/505\/revisions"}],"predecessor-version":[{"id":815,"href":"https:\/\/agora.xtec.cat\/escolaconcordia\/wp-json\/wp\/v2\/pages\/505\/revisions\/815"}],"up":[{"embeddable":true,"href":"https:\/\/agora.xtec.cat\/escolaconcordia\/wp-json\/wp\/v2\/pages\/22"}],"wp:attachment":[{"href":"https:\/\/agora.xtec.cat\/escolaconcordia\/wp-json\/wp\/v2\/media?parent=505"}],"curies":[{"name":"wp","href":"https:\/\/api.w.org\/{rel}","templated":true}]}}