{"id":495,"date":"2020-03-26T23:55:52","date_gmt":"2020-03-26T22:55:52","guid":{"rendered":"https:\/\/agora.xtec.cat\/ceipconcordia\/?page_id=495"},"modified":"2024-01-31T05:36:47","modified_gmt":"2024-01-31T04:36:47","slug":"consell-escolar","status":"publish","type":"page","link":"https:\/\/agora.xtec.cat\/escolaconcordia\/lescola\/comunitat-educativa\/consell-escolar\/","title":{"rendered":"Consell Escolar"},"content":{"rendered":"<p>El Consell Escolar \u00e9s l&#8217;\u00f2rgan de govern de l&#8217;escola on hi ha representaci\u00f3 dels seg\u00fcents sectors de la comunitat educativa:<\/p>\n<ul style=\"list-style-type: disc;\">\n<li>Mestres<\/li>\n<li>Pares i mares<\/li>\n<li>AMPA<\/li>\n<li>Administraci\u00f3 i serveis<\/li>\n<li>Ajuntament<\/li>\n<li>Es reuneix de forma ordin\u00e0ria un cop al trimestre i sempre que es consideri necessari.<\/li>\n<\/ul>\n<div class=\"sites-layout-tile sites-tile-name-header\">\n<div dir=\"ltr\">\n<div><span style=\"color: #274e13; font-size: x-large;\"><b><u>RELACI\u00d3 DE MEMBRES DEL CONSELL ESCOLAR<\/u><\/b><\/span><\/div>\n<\/div>\n<\/div>\n<div><\/div>\n<div><\/div>\n<div>\n<table style=\"height: 248px; width: 317px;\">\n<tbody>\n<tr style=\"height: 31px;\">\n<td style=\"height: 31px; width: 126px;\">Presidenta<\/td>\n<td style=\"height: 31px; width: 183px;\">Sara G.<\/td>\n<\/tr>\n<tr style=\"height: 31px;\">\n<td style=\"height: 31px; width: 126px;\">Cap d&#8217;estudis<\/td>\n<td style=\"height: 31px; width: 183px;\">Ana U.<\/td>\n<\/tr>\n<tr style=\"height: 31px;\">\n<td style=\"height: 31px; width: 126px;\">Secret\u00e0ria<\/td>\n<td style=\"height: 31px; width: 183px;\">Montserrat T.<\/td>\n<\/tr>\n<tr style=\"height: 31px;\">\n<td style=\"height: 31px; width: 126px;\">Ajuntament<\/td>\n<td style=\"height: 31px; width: 183px;\">N\u00faria S.<\/td>\n<\/tr>\n<tr style=\"height: 31px;\">\n<td style=\"height: 31px; width: 126px;\">Professorat<\/td>\n<td style=\"height: 31px; width: 183px;\">Cristina C.<\/p>\n<p>M. \u00c1ngeles P.<\/p>\n<p>&nbsp;<\/p>\n<p>N\u00faria R.<\/p>\n<p>Noa R.<\/p>\n<p>Alba S.<\/p>\n<p>Ampar S.<\/td>\n<\/tr>\n<tr style=\"height: 31px;\">\n<td style=\"height: 31px; width: 126px;\">Pares<\/td>\n<td style=\"height: 31px; width: 183px;\">Mari A<\/p>\n<p>Gl\u00f2ria B.<\/p>\n<p>Amanda C.<\/p>\n<p>Pilar J.<\/p>\n<p>M. Carmen M.<\/td>\n<\/tr>\n<tr style=\"height: 31px;\">\n<td style=\"height: 31px; width: 126px;\">AMPA<\/td>\n<td style=\"height: 31px; width: 183px;\">Sandra A.<\/td>\n<\/tr>\n<tr style=\"height: 31px;\">\n<td style=\"height: 31px; width: 126px;\">PAS<\/td>\n<td style=\"height: 31px; width: 183px;\">Sandra M.<\/td>\n<\/tr>\n<\/tbody>\n<\/table>\n<\/div>\n<div><\/div>\n<div><\/div>\n<h3><span style=\"color: #274e13; font-size: x-large;\"><b><u>ACORDS DE CONSELL ESCOLAR<\/u><\/b><\/span><\/h3>\n<div><\/div>\n<div>&#8211; <a href=\"https:\/\/drive.google.com\/file\/d\/1-_QVnCJFRmF_gMlNvZAWIecp-0LI1X6x\/view?usp=share_link\">Pressupost any 2023<\/a><\/div>\n<div><\/div>\n<p>&nbsp;<\/p>\n<p>&nbsp;<\/p>\n","protected":false},"excerpt":{"rendered":"<p>El Consell Escolar \u00e9s l&#8217;\u00f2rgan de govern de l&#8217;escola on hi ha representaci\u00f3 dels seg\u00fcents sectors de la comunitat educativa:<\/p>\n<ul style=\"list-style-type: disc;\">\n<li>Mestres<\/li>\n<li>Pares i mares<\/li>\n<li>AMPA<\/li>\n<li>Administraci\u00f3 i serveis<\/li>\n<li>Ajuntament<\/li>\n<li>Es reuneix de forma ordin\u00e0ria un cop al trimestre i sempre que es consideri necessari.<\/li>\n<\/ul>\n<p>RELACI\u00d3 DE MEMBRES DEL CONSELL ESCOLAR<\/p>\n<p>Presidenta<br \/>\nSara&hellip;  <a href=\"https:\/\/agora.xtec.cat\/escolaconcordia\/lescola\/comunitat-educativa\/consell-escolar\/\" title=\"Read Consell Escolar\">Llegeix m\u00e9s\u00bb<\/a><\/p>\n","protected":false},"author":1,"featured_media":0,"parent":489,"menu_order":30,"comment_status":"closed","ping_status":"closed","template":"page-templates\/side-menu.php","meta":{"_bbp_topic_count":0,"_bbp_reply_count":0,"_bbp_total_topic_count":0,"_bbp_total_reply_count":0,"_bbp_voice_count":0,"_bbp_anonymous_reply_count":0,"_bbp_topic_count_hidden":0,"_bbp_reply_count_hidden":0,"_bbp_forum_subforum_count":0,"footnotes":""},"class_list":["post-495","page","type-page","status-publish","hentry"],"post_mailing_queue_ids":[],"_links":{"self":[{"href":"https:\/\/agora.xtec.cat\/escolaconcordia\/wp-json\/wp\/v2\/pages\/495","targetHints":{"allow":["GET"]}}],"collection":[{"href":"https:\/\/agora.xtec.cat\/escolaconcordia\/wp-json\/wp\/v2\/pages"}],"about":[{"href":"https:\/\/agora.xtec.cat\/escolaconcordia\/wp-json\/wp\/v2\/types\/page"}],"author":[{"embeddable":true,"href":"https:\/\/agora.xtec.cat\/escolaconcordia\/wp-json\/wp\/v2\/users\/1"}],"replies":[{"embeddable":true,"href":"https:\/\/agora.xtec.cat\/escolaconcordia\/wp-json\/wp\/v2\/comments?post=495"}],"version-history":[{"count":4,"href":"https:\/\/agora.xtec.cat\/escolaconcordia\/wp-json\/wp\/v2\/pages\/495\/revisions"}],"predecessor-version":[{"id":4989,"href":"https:\/\/agora.xtec.cat\/escolaconcordia\/wp-json\/wp\/v2\/pages\/495\/revisions\/4989"}],"up":[{"embeddable":true,"href":"https:\/\/agora.xtec.cat\/escolaconcordia\/wp-json\/wp\/v2\/pages\/489"}],"wp:attachment":[{"href":"https:\/\/agora.xtec.cat\/escolaconcordia\/wp-json\/wp\/v2\/media?parent=495"}],"curies":[{"name":"wp","href":"https:\/\/api.w.org\/{rel}","templated":true}]}}