{"id":493,"date":"2020-03-26T23:54:58","date_gmt":"2020-03-26T22:54:58","guid":{"rendered":"https:\/\/agora.xtec.cat\/ceipconcordia\/?page_id=493"},"modified":"2021-01-16T14:15:39","modified_gmt":"2021-01-16T13:15:39","slug":"personal-dadministracio-i-serveis","status":"publish","type":"page","link":"https:\/\/agora.xtec.cat\/escolaconcordia\/lescola\/comunitat-educativa\/personal-dadministracio-i-serveis\/","title":{"rendered":"Personal d&#8217;administraci\u00f3 i serveis"},"content":{"rendered":"<p>El personal d&#8217;administraci\u00f3 i serveis de l&#8217;escola est\u00e0 format per:<\/p>\n<p>&nbsp;<\/p>\n<p>Conserge: Antonio Aranda<\/p>\n<p>Administrativa: Ana Bel\u00e9n G\u00f3mez<\/p>\n","protected":false},"excerpt":{"rendered":"<p>El personal d&#8217;administraci\u00f3 i serveis de l&#8217;escola est\u00e0 format per:<br \/>\n&nbsp;<br \/>\nConserge: Antonio Aranda<br \/>\nAdministrativa: Ana Bel\u00e9n G\u00f3mez<\/p>\n","protected":false},"author":1,"featured_media":0,"parent":489,"menu_order":40,"comment_status":"closed","ping_status":"closed","template":"page-templates\/side-menu.php","meta":{"_bbp_topic_count":0,"_bbp_reply_count":0,"_bbp_total_topic_count":0,"_bbp_total_reply_count":0,"_bbp_voice_count":0,"_bbp_anonymous_reply_count":0,"_bbp_topic_count_hidden":0,"_bbp_reply_count_hidden":0,"_bbp_forum_subforum_count":0,"footnotes":""},"class_list":["post-493","page","type-page","status-publish","hentry"],"post_mailing_queue_ids":[],"_links":{"self":[{"href":"https:\/\/agora.xtec.cat\/escolaconcordia\/wp-json\/wp\/v2\/pages\/493","targetHints":{"allow":["GET"]}}],"collection":[{"href":"https:\/\/agora.xtec.cat\/escolaconcordia\/wp-json\/wp\/v2\/pages"}],"about":[{"href":"https:\/\/agora.xtec.cat\/escolaconcordia\/wp-json\/wp\/v2\/types\/page"}],"author":[{"embeddable":true,"href":"https:\/\/agora.xtec.cat\/escolaconcordia\/wp-json\/wp\/v2\/users\/1"}],"replies":[{"embeddable":true,"href":"https:\/\/agora.xtec.cat\/escolaconcordia\/wp-json\/wp\/v2\/comments?post=493"}],"version-history":[{"count":3,"href":"https:\/\/agora.xtec.cat\/escolaconcordia\/wp-json\/wp\/v2\/pages\/493\/revisions"}],"predecessor-version":[{"id":1326,"href":"https:\/\/agora.xtec.cat\/escolaconcordia\/wp-json\/wp\/v2\/pages\/493\/revisions\/1326"}],"up":[{"embeddable":true,"href":"https:\/\/agora.xtec.cat\/escolaconcordia\/wp-json\/wp\/v2\/pages\/489"}],"wp:attachment":[{"href":"https:\/\/agora.xtec.cat\/escolaconcordia\/wp-json\/wp\/v2\/media?parent=493"}],"curies":[{"name":"wp","href":"https:\/\/api.w.org\/{rel}","templated":true}]}}