{"id":1120,"date":"2020-12-17T16:28:54","date_gmt":"2020-12-17T15:28:54","guid":{"rendered":"https:\/\/agora.xtec.cat\/escolaconcordia\/?page_id=1120"},"modified":"2021-06-15T23:04:35","modified_gmt":"2021-06-15T21:04:35","slug":"6eb","status":"publish","type":"page","link":"https:\/\/agora.xtec.cat\/escolaconcordia\/cursos\/6eb\/","title":{"rendered":"6\u00e8B"},"content":{"rendered":"<h2><span style=\"color: #99cc00;\"><strong>FEM D&#8217;ARTISTES<\/strong><\/span><\/h2>\n<p>A la nostra escola cada curs\u00a0 &#8220;fem d&#8217;artistes&#8221;.\u00a0 Voleu entrar i veure el Museu Conc\u00f2rdia? Podeu clicar a sobre de la imatge i gaudir de la visita.<\/p>\n<p><a href=\"https:\/\/drive.google.com\/file\/d\/1yaaR357Itej2vt-TFVuqYJ2uvLWaL6Br\/view?usp=sharing\" target=\"_blank\" rel=\"noopener noreferrer\"><img loading=\"lazy\" decoding=\"async\" class=\"aligncenter size-large wp-image-2474\" src=\"https:\/\/agora.xtec.cat\/escolaconcordia\/wp-content\/uploads\/usu2135\/2021\/06\/6AB-1024x614.jpg\" alt=\"\" width=\"1024\" height=\"614\" srcset=\"https:\/\/agora.xtec.cat\/escolaconcordia\/wp-content\/uploads\/usu2135\/2021\/06\/6AB.jpg 1024w, https:\/\/agora.xtec.cat\/escolaconcordia\/wp-content\/uploads\/usu2135\/2021\/06\/6AB-300x180.jpg 300w, https:\/\/agora.xtec.cat\/escolaconcordia\/wp-content\/uploads\/usu2135\/2021\/06\/6AB-768x461.jpg 768w\" sizes=\"auto, (max-width: 1024px) 100vw, 1024px\" \/><\/a><\/p>\n<h2><span style=\"color: #99cc00;\"><strong>JOCS FLORALS I SANT JORDI<\/strong><\/span><\/h2>\n<p>Va ser un dia meravell\u00f3s i ho vam passar molt b\u00e9,\u00a0 at\u00e8s que van rebre un premi les finalistes. \u00a0Tothom mereix un premi pel seu esfor\u00e7.<\/p>\n<p>I el llibre de classe..\u00a0 ha estat tot un \u00e8xit!\u00a0 A tota la classe li agrada el Konan.<\/p>\n<p><a href=\"https:\/\/photos.app.goo.gl\/qUnx3dHTELNUv97s8\" target=\"_blank\" rel=\"noopener noreferrer\"><img loading=\"lazy\" decoding=\"async\" class=\"size-large wp-image-2112 aligncenter\" src=\"https:\/\/agora.xtec.cat\/escolaconcordia\/wp-content\/uploads\/usu2135\/2021\/05\/IMG_20210422_120634-1024x768.jpg\" alt=\"\" width=\"1024\" height=\"768\" srcset=\"https:\/\/agora.xtec.cat\/escolaconcordia\/wp-content\/uploads\/usu2135\/2021\/05\/IMG_20210422_120634.jpg 1024w, https:\/\/agora.xtec.cat\/escolaconcordia\/wp-content\/uploads\/usu2135\/2021\/05\/IMG_20210422_120634-300x225.jpg 300w, https:\/\/agora.xtec.cat\/escolaconcordia\/wp-content\/uploads\/usu2135\/2021\/05\/IMG_20210422_120634-768x576.jpg 768w, https:\/\/agora.xtec.cat\/escolaconcordia\/wp-content\/uploads\/usu2135\/2021\/05\/IMG_20210422_120634-200x150.jpg 200w\" sizes=\"auto, (max-width: 1024px) 100vw, 1024px\" \/><\/a><\/p>\n<h2><span style=\"color: #99cc00;\"><strong>CRIM<\/strong><\/span><\/h2>\n<p>Hem anat a l&#8217;Espai Cultura Sabadell avui 09\/04\/2021.<\/p>\n<p>Hem fet de cient\u00edfics i cient\u00edfiques i d&#8217;investigadors i investigadores per resoldre un crim i trobar l&#8217;assass\u00ed i&#8230;. Clar que s\u00ed, l&#8217;hem trobat!!<\/p>\n<p><a href=\"https:\/\/photos.app.goo.gl\/NtcC6nZvZD2peLb66\" target=\"_blank\" rel=\"noopener noreferrer\"><img loading=\"lazy\" decoding=\"async\" class=\"aligncenter size-large wp-image-2060\" src=\"https:\/\/agora.xtec.cat\/escolaconcordia\/wp-content\/uploads\/usu2135\/2021\/04\/photo_2021-04-11_09-02-04-768x1024.jpg\" alt=\"\" width=\"768\" height=\"1024\" srcset=\"https:\/\/agora.xtec.cat\/escolaconcordia\/wp-content\/uploads\/usu2135\/2021\/04\/photo_2021-04-11_09-02-04-768x1024.jpg 768w, https:\/\/agora.xtec.cat\/escolaconcordia\/wp-content\/uploads\/usu2135\/2021\/04\/photo_2021-04-11_09-02-04-225x300.jpg 225w, https:\/\/agora.xtec.cat\/escolaconcordia\/wp-content\/uploads\/usu2135\/2021\/04\/photo_2021-04-11_09-02-04.jpg 960w\" sizes=\"auto, (max-width: 768px) 100vw, 768px\" \/><\/a><\/p>\n<h2><span style=\"color: #99cc00;\"><strong>ELS COLORS DE LA LLUM<\/strong><\/span><\/h2>\n<p>Avui hem fet Lightpainting a l\u2019escola!!\u00a0 Aprofitant que estem estudiant les propietats de la llum hem fet un taller per descobrir les seves caracter\u00edstiques a partir de petites activitats i experiments.\u00a0 Hem participat al temps que hem jugat amb la llum i els miralls per arribar a descobrir com funciona la reflexi\u00f3 de la llum.\u00a0 Tamb\u00e9 hem descobert quins colors formen la llum i quin efecte tenen sobre els primes.<\/p>\n<p>Per acabar hem fet Lightpainting.\u00a0 No us podeu perdre les nostres creacions\u2026<\/p>\n<h2><a href=\"https:\/\/photos.app.goo.gl\/bnJPXAUUC3K8YHGq6\"><img loading=\"lazy\" decoding=\"async\" class=\"aligncenter size-full wp-image-1634\" src=\"https:\/\/agora.xtec.cat\/escolaconcordia\/wp-content\/uploads\/usu2135\/2021\/02\/LLUM.jpg\" alt=\"\" width=\"640\" height=\"480\" srcset=\"https:\/\/agora.xtec.cat\/escolaconcordia\/wp-content\/uploads\/usu2135\/2021\/02\/LLUM.jpg 640w, https:\/\/agora.xtec.cat\/escolaconcordia\/wp-content\/uploads\/usu2135\/2021\/02\/LLUM-300x225.jpg 300w, https:\/\/agora.xtec.cat\/escolaconcordia\/wp-content\/uploads\/usu2135\/2021\/02\/LLUM-200x150.jpg 200w\" sizes=\"auto, (max-width: 640px) 100vw, 640px\" \/><\/a><\/h2>\n<h2><span style=\"color: #99cc00;\"><strong>ASSOCIACI\u00d3 ANDI<\/strong><\/span><\/h2>\n<p>Avui ens han visitat els voluntaris d\u2019Andi Down Sabadell a la nostra aula. Hem dut a terme uns tallers de sensibilitzaci\u00f3 sobre la tem\u00e0tica de la discapacitat intel\u00b7lectual, centrat en la S\u00edndrome de Down.<\/p>\n<p>Gr\u00e0cies a aquest taller hem pogut con\u00e8ixer la discapacitat intel\u00b7lectual, concretament la S\u00edndrome de Down, i trencar amb alguns dels estereotips preconcebuts vers aquest col\u00b7lectiu.<\/p>\n<p>&nbsp;<\/p>\n<p><a href=\"https:\/\/photos.app.goo.gl\/vZEWjtJrWTg3oNPt6\"><img loading=\"lazy\" decoding=\"async\" class=\"aligncenter size-full wp-image-1632\" src=\"https:\/\/agora.xtec.cat\/escolaconcordia\/wp-content\/uploads\/usu2135\/2021\/02\/IMG_5057.jpg\" alt=\"\" width=\"640\" height=\"480\" srcset=\"https:\/\/agora.xtec.cat\/escolaconcordia\/wp-content\/uploads\/usu2135\/2021\/02\/IMG_5057.jpg 640w, https:\/\/agora.xtec.cat\/escolaconcordia\/wp-content\/uploads\/usu2135\/2021\/02\/IMG_5057-300x225.jpg 300w, https:\/\/agora.xtec.cat\/escolaconcordia\/wp-content\/uploads\/usu2135\/2021\/02\/IMG_5057-200x150.jpg 200w\" sizes=\"auto, (max-width: 640px) 100vw, 640px\" \/><\/a><\/p>\n","protected":false},"excerpt":{"rendered":"<p>FEM D&#8217;ARTISTES<br \/>\nA la nostra escola cada curs\u00a0 &#8220;fem d&#8217;artistes&#8221;.\u00a0 Voleu entrar i veure el Museu Conc\u00f2rdia? Podeu clicar a sobre de la imatge i gaudir de la visita.<br \/>\n<a href=\"https:\/\/drive.google.com\/file\/d\/1yaaR357Itej2vt-TFVuqYJ2uvLWaL6Br\/view?usp=sharing\" target=\"_blank\" rel=\"noopener noreferrer\"><\/a><br \/>\nJOCS FLORALS I SANT JORDI<br \/>\nVa ser un dia meravell\u00f3s i ho vam passar molt&hellip;  <a href=\"https:\/\/agora.xtec.cat\/escolaconcordia\/cursos\/6eb\/\" title=\"Read 6\u00e8B\">Llegeix m\u00e9s\u00bb<\/a><\/p>\n","protected":false},"author":1,"featured_media":0,"parent":728,"menu_order":220,"comment_status":"closed","ping_status":"closed","template":"","meta":{"_bbp_topic_count":0,"_bbp_reply_count":0,"_bbp_total_topic_count":0,"_bbp_total_reply_count":0,"_bbp_voice_count":0,"_bbp_anonymous_reply_count":0,"_bbp_topic_count_hidden":0,"_bbp_reply_count_hidden":0,"_bbp_forum_subforum_count":0,"footnotes":""},"class_list":["post-1120","page","type-page","status-publish","hentry"],"post_mailing_queue_ids":[],"_links":{"self":[{"href":"https:\/\/agora.xtec.cat\/escolaconcordia\/wp-json\/wp\/v2\/pages\/1120","targetHints":{"allow":["GET"]}}],"collection":[{"href":"https:\/\/agora.xtec.cat\/escolaconcordia\/wp-json\/wp\/v2\/pages"}],"about":[{"href":"https:\/\/agora.xtec.cat\/escolaconcordia\/wp-json\/wp\/v2\/types\/page"}],"author":[{"embeddable":true,"href":"https:\/\/agora.xtec.cat\/escolaconcordia\/wp-json\/wp\/v2\/users\/1"}],"replies":[{"embeddable":true,"href":"https:\/\/agora.xtec.cat\/escolaconcordia\/wp-json\/wp\/v2\/comments?post=1120"}],"version-history":[{"count":4,"href":"https:\/\/agora.xtec.cat\/escolaconcordia\/wp-json\/wp\/v2\/pages\/1120\/revisions"}],"predecessor-version":[{"id":2494,"href":"https:\/\/agora.xtec.cat\/escolaconcordia\/wp-json\/wp\/v2\/pages\/1120\/revisions\/2494"}],"up":[{"embeddable":true,"href":"https:\/\/agora.xtec.cat\/escolaconcordia\/wp-json\/wp\/v2\/pages\/728"}],"wp:attachment":[{"href":"https:\/\/agora.xtec.cat\/escolaconcordia\/wp-json\/wp\/v2\/media?parent=1120"}],"curies":[{"name":"wp","href":"https:\/\/api.w.org\/{rel}","templated":true}]}}