{"id":1112,"date":"2020-12-17T16:27:34","date_gmt":"2020-12-17T15:27:34","guid":{"rendered":"https:\/\/agora.xtec.cat\/escolaconcordia\/?page_id=1112"},"modified":"2021-06-15T23:27:46","modified_gmt":"2021-06-15T21:27:46","slug":"3rb","status":"publish","type":"page","link":"https:\/\/agora.xtec.cat\/escolaconcordia\/cursos\/3rb\/","title":{"rendered":"3rB"},"content":{"rendered":"<h2><span style=\"color: #99cc00;\"><strong>FEM D&#8217;ARTISTES<\/strong><\/span><\/h2>\n<p>A la nostra escola cada curs\u00a0 &#8220;fem d&#8217;artistes&#8221;.\u00a0 Voleu entrar i veure el Museu Conc\u00f2rdia? Podeu clicar a sobre de la imatge i gaudir de la visita.<\/p>\n<p><a href=\"https:\/\/drive.google.com\/file\/d\/1W9NpQtNq4Ozkm4WElllfqSjl0l8riGKL\/view?usp=sharing\" target=\"_blank\" rel=\"noopener noreferrer\"><img loading=\"lazy\" decoding=\"async\" class=\"aligncenter size-large wp-image-2506\" src=\"https:\/\/agora.xtec.cat\/escolaconcordia\/wp-content\/uploads\/usu2135\/2021\/06\/3B-1024x576.jpg\" alt=\"\" width=\"1024\" height=\"576\" srcset=\"https:\/\/agora.xtec.cat\/escolaconcordia\/wp-content\/uploads\/usu2135\/2021\/06\/3B.jpg 1024w, https:\/\/agora.xtec.cat\/escolaconcordia\/wp-content\/uploads\/usu2135\/2021\/06\/3B-300x169.jpg 300w, https:\/\/agora.xtec.cat\/escolaconcordia\/wp-content\/uploads\/usu2135\/2021\/06\/3B-768x432.jpg 768w\" sizes=\"auto, (max-width: 1024px) 100vw, 1024px\" \/><\/a><\/p>\n<h2><span style=\"color: #99cc00;\"><strong>ASSAIG \u00a0DE LA CLIKA<\/strong><\/span><\/h2>\n<div>\n<p>Hola a tothom! Com ja sabeu, aquesta setmana arriba el gran dia que tots els nens i nenes est\u00e0vem esperant: La cantata de LA CLIKA! Aqu\u00ed us deixem una <strong><a href=\"https:\/\/photos.app.goo.gl\/w1eGjxhUe3oRHFNd6\" target=\"_blank\" rel=\"noopener noreferrer\">mostra dels nostres \u00faltims assajos<\/a><\/strong> amb les can\u00e7ons de &#8220;Somni&#8221; i &#8220;Colors&#8221;. Hem preparat aquest esdeveniment durant el segon i el tercer trimestre amb moltes ganes. Podreu seguir la cantata en directe el proper divendres dia 11 a les 11h del mat\u00ed des del canal de Youtube de La Clika o clicant directament <strong><a href=\"https:\/\/www.youtube.com\/watch?v=FINLXDPcjmk&amp;list=PLHD7uylFZ7w_IQErLTxecM9tEsC_muMnB&amp;index=7\" target=\"_blank\" rel=\"noopener noreferrer\">AQU\u00cd<\/a>\u00a0.<\/strong><\/p>\n<p>Recordeu que des d&#8217;all\u00e0 nom\u00e9s hi veureu la banda, nosaltres estarem cantant des de l&#8217;escola, per\u00f2 amb molta il\u00b7lusi\u00f3 us ensenyarem com ens ha anat!<\/p>\n<p>Visca La Clika!<\/p>\n<h2><span style=\"color: #99cc00;\"><strong>MAS BANYERES\u00a0<\/strong><\/span><\/h2>\n<p>El 25 de maig els nens i nenes de 3r vam fer la sortida general de curs a la Mas\u00a0 Banyeres\u00a0 una casa de col\u00f2nies prop de Centelles (Osona). Vam fer moltes activitats: tirolines, roc\u00f2drom, equilibristes i trepadores. Ens ho vam passar d&#8217;all\u00f2 m\u00e9s b\u00e9!!!<\/p>\n<div><a href=\"https:\/\/photos.app.goo.gl\/q65uXR8AYnAmAXKq7\" target=\"_blank\" rel=\"noopener noreferrer\"><img loading=\"lazy\" decoding=\"async\" class=\"aligncenter size-large wp-image-2388\" src=\"https:\/\/agora.xtec.cat\/escolaconcordia\/wp-content\/uploads\/usu2135\/2021\/06\/IMG_20210525_132802-768x1024.jpg\" alt=\"\" width=\"768\" height=\"1024\" srcset=\"https:\/\/agora.xtec.cat\/escolaconcordia\/wp-content\/uploads\/usu2135\/2021\/06\/IMG_20210525_132802.jpg 768w, https:\/\/agora.xtec.cat\/escolaconcordia\/wp-content\/uploads\/usu2135\/2021\/06\/IMG_20210525_132802-225x300.jpg 225w\" sizes=\"auto, (max-width: 768px) 100vw, 768px\" \/><\/a><\/div>\n<\/div>\n<div><\/div>\n<div>\n<h2><span style=\"color: #99cc00;\"><strong>VISITA MUSEU PICASSO<\/strong><\/span><\/h2>\n<div><\/div>\n<p>El divendres 21 de maig les nenes i els nens de 3r van fer una sortida al Parc de la Ciutadella i al Museu Picasso de Barcelona. Com b\u00e9 sabeu, Picasso \u00e9s el pintor que hem treballat aquest curs, pel que tenien moltes ganes de con\u00e8ixer les seves obres m\u00e9s de prop.<\/p>\n<p>Vam tenir temps de jugar i gaudir d&#8217;aquest incre\u00efble parc, aix\u00ed com de fer una visitada guiada al Museu Picasso per a con\u00e8ixer les obres m\u00e9s representatives d\u2019aquest gran artista i sorprendre el guia amb tot el que sabem. Si fins i tot ens hem apr\u00e8s el seu nom complet, us ho podeu creure?<\/p>\n<p>Per\u00f2 el m\u00e9s important de tot \u00e9s que ens ho vam passar s\u00faper b\u00e9!!!<\/p>\n<p><a href=\"https:\/\/photos.app.goo.gl\/TPEpCfFLMdZS4C7K8\" target=\"_blank\" rel=\"noopener noreferrer\"><img loading=\"lazy\" decoding=\"async\" class=\"aligncenter size-large wp-image-2389\" src=\"https:\/\/agora.xtec.cat\/escolaconcordia\/wp-content\/uploads\/usu2135\/2021\/06\/IMG_20210521_125906-1024x768.jpg\" alt=\"\" width=\"1024\" height=\"768\" srcset=\"https:\/\/agora.xtec.cat\/escolaconcordia\/wp-content\/uploads\/usu2135\/2021\/06\/IMG_20210521_125906.jpg 1024w, https:\/\/agora.xtec.cat\/escolaconcordia\/wp-content\/uploads\/usu2135\/2021\/06\/IMG_20210521_125906-300x225.jpg 300w, https:\/\/agora.xtec.cat\/escolaconcordia\/wp-content\/uploads\/usu2135\/2021\/06\/IMG_20210521_125906-768x576.jpg 768w, https:\/\/agora.xtec.cat\/escolaconcordia\/wp-content\/uploads\/usu2135\/2021\/06\/IMG_20210521_125906-200x150.jpg 200w\" sizes=\"auto, (max-width: 1024px) 100vw, 1024px\" \/><\/a><\/p>\n<\/div>\n<div>\n<h2><span style=\"color: #99cc00;\"><strong>CA L&#8217;ESTRUCH\u00a0<\/strong><\/span><\/h2>\n<p>El 19 de maig, avan\u00e7ant-nos una mica a la setmana cultural per\u00f2 comen\u00e7ant a con\u00e8ixer entitats i espais de la nostra ciutat\u00a0 vam anar a\u00a0 Ca l&#8217;Estruc\u00a0on est\u00e0 instal\u00b7lada\u00a0 la carpa del circ de Sabadell que es diu &#8220;La vela&#8221;. Vam veure un espectacle de circ molt bonic on ens feien un petit tastet de les diferents disciplines del circ: pallassos, trapezi, malabarismes, &#8230;. Vam quedar amb ganes de m\u00e9s!<\/p>\n<p><a href=\"https:\/\/photos.app.goo.gl\/8b8pjzrjbRE9b1Vu7\" target=\"_blank\" rel=\"noopener noreferrer\"><img loading=\"lazy\" decoding=\"async\" class=\"aligncenter size-large wp-image-2395\" src=\"https:\/\/agora.xtec.cat\/escolaconcordia\/wp-content\/uploads\/usu2135\/2021\/06\/IMG_20210519_113447-1024x768.jpg\" alt=\"\" width=\"1024\" height=\"768\" srcset=\"https:\/\/agora.xtec.cat\/escolaconcordia\/wp-content\/uploads\/usu2135\/2021\/06\/IMG_20210519_113447.jpg 1024w, https:\/\/agora.xtec.cat\/escolaconcordia\/wp-content\/uploads\/usu2135\/2021\/06\/IMG_20210519_113447-300x225.jpg 300w, https:\/\/agora.xtec.cat\/escolaconcordia\/wp-content\/uploads\/usu2135\/2021\/06\/IMG_20210519_113447-768x576.jpg 768w, https:\/\/agora.xtec.cat\/escolaconcordia\/wp-content\/uploads\/usu2135\/2021\/06\/IMG_20210519_113447-200x150.jpg 200w\" sizes=\"auto, (max-width: 1024px) 100vw, 1024px\" \/><\/a><\/p>\n<\/div>\n<h2><span style=\"color: #99cc00;\"><strong>TREBALLANT AMB LES TAULETES<\/strong><\/span><\/h2>\n<p>Aquest any, com ja us vam informar, els vostres fills i filles estan familiaritzant-se amb les tauletes.\u00a0Un cop a la setmana treballem amb elles tan sigui per investigar i buscar informaci\u00f3 (sobre l\u2019aparell locomotor, sobre Picasso, sobre els vertebrats,&#8230;) com per realitzar activitats de refor\u00e7 (Kahoots, Liveworksheets, ). Algunes vegades tamb\u00e9 poden triar lliurement alguns\u00a0 jocs de matem\u00e0tiques o llengua que estan descarregats a la tauleta.<span style=\"color: #9900ff;\">\u00a0<\/span><\/p>\n<p>S\u2019estan convertint en experts i expertes!<\/p>\n<p><a href=\"https:\/\/photos.app.goo.gl\/zad38PjGURCTkgW56\" target=\"_blank\" rel=\"noopener noreferrer\"><img loading=\"lazy\" decoding=\"async\" class=\"aligncenter size-large wp-image-2167\" src=\"https:\/\/agora.xtec.cat\/escolaconcordia\/wp-content\/uploads\/usu2135\/2021\/05\/IMG_20210301_101345-1024x768.jpg\" alt=\"\" width=\"1024\" height=\"768\" srcset=\"https:\/\/agora.xtec.cat\/escolaconcordia\/wp-content\/uploads\/usu2135\/2021\/05\/IMG_20210301_101345.jpg 1024w, https:\/\/agora.xtec.cat\/escolaconcordia\/wp-content\/uploads\/usu2135\/2021\/05\/IMG_20210301_101345-300x225.jpg 300w, https:\/\/agora.xtec.cat\/escolaconcordia\/wp-content\/uploads\/usu2135\/2021\/05\/IMG_20210301_101345-768x576.jpg 768w, https:\/\/agora.xtec.cat\/escolaconcordia\/wp-content\/uploads\/usu2135\/2021\/05\/IMG_20210301_101345-200x150.jpg 200w\" sizes=\"auto, (max-width: 1024px) 100vw, 1024px\" \/><\/a><\/p>\n<h2><span style=\"color: #99cc00;\"><strong>ELS 5 GRUPS D&#8217;ANIMALS VERTEBRATS<\/strong><\/span><\/h2>\n<p>Com podeu veure als alumnes de 3r els encanten els animals i s&#8217;han esfor\u00e7at molt\u00edssim fent els p\u00f2sters dels 5 grups d&#8217;animals vertebrats: els peixos, els amfibis, els r\u00e8ptils, els ocells i els mam\u00edfers.<\/p>\n<p>Hem fet una recerca d&#8217;informaci\u00f3 a trav\u00e9s de les tauletes i el llibre de text, per tal de seleccionar i resumir la informaci\u00f3 m\u00e9s rellevant, que hem recollit en aquests fant\u00e0stics p\u00f2sters.<\/p>\n<p>Hem apr\u00e8s molt\u00edssimes coses dels 5 grups d&#8217;animals vertebrats i el m\u00e9s important, ho hem passat genial!<\/p>\n<p><a href=\"https:\/\/photos.app.goo.gl\/HepcWmS2ir74bxfD7\" target=\"_blank\" rel=\"noopener noreferrer\"><img loading=\"lazy\" decoding=\"async\" class=\"aligncenter size-large wp-image-2165\" src=\"https:\/\/agora.xtec.cat\/escolaconcordia\/wp-content\/uploads\/usu2135\/2021\/05\/IMG_20210412_093811-1024x768.jpg\" alt=\"\" width=\"1024\" height=\"768\" srcset=\"https:\/\/agora.xtec.cat\/escolaconcordia\/wp-content\/uploads\/usu2135\/2021\/05\/IMG_20210412_093811.jpg 1024w, https:\/\/agora.xtec.cat\/escolaconcordia\/wp-content\/uploads\/usu2135\/2021\/05\/IMG_20210412_093811-300x225.jpg 300w, https:\/\/agora.xtec.cat\/escolaconcordia\/wp-content\/uploads\/usu2135\/2021\/05\/IMG_20210412_093811-768x576.jpg 768w, https:\/\/agora.xtec.cat\/escolaconcordia\/wp-content\/uploads\/usu2135\/2021\/05\/IMG_20210412_093811-200x150.jpg 200w\" sizes=\"auto, (max-width: 1024px) 100vw, 1024px\" \/><\/a><\/p>\n<h2><span style=\"color: #99cc00;\"><strong>CELEBREM SANT JORDI<\/strong><\/span><\/h2>\n<p>Aquest any els nens i nenes de 3r no han deixat passar l\u2019oportunitat de celebrar la diada de Sant Jordi escrivint contes pels Jocs Florals, rebent al drac de l\u2019escola i escoltant els contes del Cesc Serrat. S\u2019ho van passar mooolt b\u00e9!<\/p>\n<p><a href=\"https:\/\/photos.app.goo.gl\/wW477mvsvbitj4GL7\" target=\"_blank\" rel=\"noopener noreferrer\"><img loading=\"lazy\" decoding=\"async\" class=\"aligncenter size-large wp-image-2166\" src=\"https:\/\/agora.xtec.cat\/escolaconcordia\/wp-content\/uploads\/usu2135\/2021\/05\/IMG_20210422_154525-1-1024x768.jpg\" alt=\"\" width=\"1024\" height=\"768\" srcset=\"https:\/\/agora.xtec.cat\/escolaconcordia\/wp-content\/uploads\/usu2135\/2021\/05\/IMG_20210422_154525-1.jpg 1024w, https:\/\/agora.xtec.cat\/escolaconcordia\/wp-content\/uploads\/usu2135\/2021\/05\/IMG_20210422_154525-1-300x225.jpg 300w, https:\/\/agora.xtec.cat\/escolaconcordia\/wp-content\/uploads\/usu2135\/2021\/05\/IMG_20210422_154525-1-768x576.jpg 768w, https:\/\/agora.xtec.cat\/escolaconcordia\/wp-content\/uploads\/usu2135\/2021\/05\/IMG_20210422_154525-1-200x150.jpg 200w\" sizes=\"auto, (max-width: 1024px) 100vw, 1024px\" \/><\/a><\/p>\n<p>A la tarda, van estar molt concentrats i concentrades elaborant una rosa i un drac que van quedar espectaculars!<\/p>\n<h2 class=\"gmail_default\"><span id=\"EL_NOSTRE_SISTEMA_MONETARI\" style=\"color: #99cc00;\"><strong>TALLER MESUMAT: EL NOSTRE SISTEMA MONETARI<\/strong><\/span><\/h2>\n<p class=\"gmail_default\">A 3r hem dedicat l\u2019\u00faltim taller a descobrir i treballar el nostre sistema monetari. Ens agraden molt els reptes a trav\u00e9s de jocs d\u2019intercanvi de monedes. Hem apr\u00e8s a fer equival\u00e8ncies i a distingir les monedes i els bitllets que ens envolten simulant la nostra pr\u00f2pia compra. Gr\u00e0cies a aquest taller posem a la pr\u00e0ctica molts aprenentatges de l\u2019\u00e0rea de matem\u00e0tiques de manera vivencial.<\/p>\n<h2><a href=\"https:\/\/photos.app.goo.gl\/WnxceSo9SGRMXtYQ8\" target=\"_blank\" rel=\"noopener noreferrer\"><img loading=\"lazy\" decoding=\"async\" class=\"aligncenter size-large wp-image-1980\" src=\"https:\/\/agora.xtec.cat\/escolaconcordia\/wp-content\/uploads\/usu2135\/2021\/04\/IMG_20210209_161407-1024x768.jpg\" alt=\"\" width=\"1024\" height=\"768\" srcset=\"https:\/\/agora.xtec.cat\/escolaconcordia\/wp-content\/uploads\/usu2135\/2021\/04\/IMG_20210209_161407.jpg 1024w, https:\/\/agora.xtec.cat\/escolaconcordia\/wp-content\/uploads\/usu2135\/2021\/04\/IMG_20210209_161407-300x225.jpg 300w, https:\/\/agora.xtec.cat\/escolaconcordia\/wp-content\/uploads\/usu2135\/2021\/04\/IMG_20210209_161407-768x576.jpg 768w, https:\/\/agora.xtec.cat\/escolaconcordia\/wp-content\/uploads\/usu2135\/2021\/04\/IMG_20210209_161407-200x150.jpg 200w\" sizes=\"auto, (max-width: 1024px) 100vw, 1024px\" \/><\/a><\/h2>\n<h2 class=\"gmail_default\"><span id=\"SORTIDA_A_LA_MASIA_DE_CAN_DEU\" style=\"color: #99cc00;\"><strong>VISITEM LA MASIA DE CAN DEU<\/strong><\/span><\/h2>\n<p>El dimecres 24 de mar\u00e7 les nenes i els nens de 3r van anar a la masia de Can Deu a fer una activitat relacionada amb el m\u00f3n agr\u00edcola.<\/p>\n<p>Despr\u00e9s d\u2019una bona caminada \u2013 vam anar i tornar a peu \u2013 vam poder fer l\u2019activitat \u201cFem pa\u201d on vam con\u00e8ixer tot el proc\u00e9s que passa el blat abans de convertir-se en pa i vam acabar fent la nostra pr\u00f2pia pe\u00e7a de pa. Era bon\u00edssima!<\/p>\n<p>Tot i fer tantes coses, encara vam tenir temps per jugar i gaudir de la natura, el bon temps i fins i tot de anar a veure els animals de granja que hi ha a la masia.<\/p>\n<p>Ens ho vam passar s\u00fa\u00fa\u00faper b\u00e9!!!<\/p>\n<h2><a href=\"https:\/\/photos.app.goo.gl\/hhZNjVqi65K6H4d88\" target=\"_blank\" rel=\"noopener noreferrer\"><img loading=\"lazy\" decoding=\"async\" class=\"aligncenter size-large wp-image-1978\" src=\"https:\/\/agora.xtec.cat\/escolaconcordia\/wp-content\/uploads\/usu2135\/2021\/04\/IMG_20210324_104241-1024x768.jpg\" alt=\"\" width=\"1024\" height=\"768\" srcset=\"https:\/\/agora.xtec.cat\/escolaconcordia\/wp-content\/uploads\/usu2135\/2021\/04\/IMG_20210324_104241.jpg 1024w, https:\/\/agora.xtec.cat\/escolaconcordia\/wp-content\/uploads\/usu2135\/2021\/04\/IMG_20210324_104241-300x225.jpg 300w, https:\/\/agora.xtec.cat\/escolaconcordia\/wp-content\/uploads\/usu2135\/2021\/04\/IMG_20210324_104241-768x576.jpg 768w, https:\/\/agora.xtec.cat\/escolaconcordia\/wp-content\/uploads\/usu2135\/2021\/04\/IMG_20210324_104241-200x150.jpg 200w\" sizes=\"auto, (max-width: 1024px) 100vw, 1024px\" \/><\/a><\/h2>\n<h2><span style=\"color: #99cc00;\"><strong>FLIPBOOK: ALL ABOUT ME<\/strong><\/span><\/h2>\n<p>Els nens i les nenes de tercer de prim\u00e0ria han gaudit molt\u00edssim fent els flipbooks de &#8220;All about me&#8221;. Gr\u00e0cies als quals hem treballat oralment el vocabulari en angl\u00e8s i ens hem conegut una mica m\u00e9s els uns als altres.<\/p>\n<p>Per\u00f2 que b\u00e9 que s&#8217;expressen en angl\u00e8s!<br \/>\nI que bonics han quedat, si \u00e9s que s\u00f3n uns artistes!!!.<\/p>\n<h2><a href=\"https:\/\/photos.app.goo.gl\/3t8ki5AUyhcRQAbAA\" target=\"_blank\" rel=\"noopener noreferrer\"><img loading=\"lazy\" decoding=\"async\" class=\"aligncenter size-large wp-image-1951\" src=\"https:\/\/agora.xtec.cat\/escolaconcordia\/wp-content\/uploads\/usu2135\/2021\/03\/tempImageFOmYXz-768x1024.jpg\" alt=\"\" width=\"768\" height=\"1024\" srcset=\"https:\/\/agora.xtec.cat\/escolaconcordia\/wp-content\/uploads\/usu2135\/2021\/03\/tempImageFOmYXz.jpg 768w, https:\/\/agora.xtec.cat\/escolaconcordia\/wp-content\/uploads\/usu2135\/2021\/03\/tempImageFOmYXz-225x300.jpg 225w\" sizes=\"auto, (max-width: 768px) 100vw, 768px\" \/><\/a><\/h2>\n<h2><span style=\"color: #99cc00;\"><strong>TREBALLEM L&#8217;APARELL LOCOMOTOR<\/strong><\/span><\/h2>\n<p>A 3r vam estar treballant el cos hum\u00e0 recordant els sentits i els seus \u00f2rgans i aprenent coses sobre l&#8217;esquelet hum\u00e0 i els m\u00fasculs. Com a cloenda del tema, els nens i nenes van fer per grups un murals molt xulos i van haver de buscar la informaci\u00f3 per trobar els noms de tants m\u00fasculs i ossos. Van quedar d&#8217;all\u00f2 m\u00e9s b\u00e9!!<\/p>\n<p><a href=\"https:\/\/photos.app.goo.gl\/VWkirGGQHXmTafVEA\" target=\"_blank\" rel=\"noopener noreferrer\"><img loading=\"lazy\" decoding=\"async\" class=\"aligncenter size-large wp-image-1885\" src=\"https:\/\/agora.xtec.cat\/escolaconcordia\/wp-content\/uploads\/usu2135\/2021\/03\/IMG_20210301_111117-1024x768.jpg\" alt=\"\" width=\"1024\" height=\"768\" srcset=\"https:\/\/agora.xtec.cat\/escolaconcordia\/wp-content\/uploads\/usu2135\/2021\/03\/IMG_20210301_111117.jpg 1024w, https:\/\/agora.xtec.cat\/escolaconcordia\/wp-content\/uploads\/usu2135\/2021\/03\/IMG_20210301_111117-300x225.jpg 300w, https:\/\/agora.xtec.cat\/escolaconcordia\/wp-content\/uploads\/usu2135\/2021\/03\/IMG_20210301_111117-768x576.jpg 768w, https:\/\/agora.xtec.cat\/escolaconcordia\/wp-content\/uploads\/usu2135\/2021\/03\/IMG_20210301_111117-200x150.jpg 200w\" sizes=\"auto, (max-width: 1024px) 100vw, 1024px\" \/><\/a><\/p>\n<h2><span style=\"color: #99cc00;\"><strong>CELEBREM EL CARNAVAL<\/strong><\/span><\/h2>\n<p>A tercer de Prim\u00e0ria ho hem passat genial celebrant el carnaval. El que m\u00e9s ens ha agradat ha estat ballar disfressats. Mireu quines disfresses m\u00e9s boniques i cridaneres\u00a0port\u00e0vem!<\/p>\n<h2><a href=\"https:\/\/photos.app.goo.gl\/XqCMe962Waa7WgTy9\" target=\"_blank\" rel=\"noopener noreferrer\"><img loading=\"lazy\" decoding=\"async\" class=\"aligncenter size-large wp-image-1887\" src=\"https:\/\/agora.xtec.cat\/escolaconcordia\/wp-content\/uploads\/usu2135\/2021\/03\/IMG_20210212_163005-1024x768.jpg\" alt=\"\" width=\"1024\" height=\"768\" srcset=\"https:\/\/agora.xtec.cat\/escolaconcordia\/wp-content\/uploads\/usu2135\/2021\/03\/IMG_20210212_163005.jpg 1024w, https:\/\/agora.xtec.cat\/escolaconcordia\/wp-content\/uploads\/usu2135\/2021\/03\/IMG_20210212_163005-300x225.jpg 300w, https:\/\/agora.xtec.cat\/escolaconcordia\/wp-content\/uploads\/usu2135\/2021\/03\/IMG_20210212_163005-768x576.jpg 768w, https:\/\/agora.xtec.cat\/escolaconcordia\/wp-content\/uploads\/usu2135\/2021\/03\/IMG_20210212_163005-200x150.jpg 200w\" sizes=\"auto, (max-width: 1024px) 100vw, 1024px\" \/><\/a><\/h2>\n<h2><span style=\"color: #99cc00;\"><strong>ARRIBA L&#8217;HIVERN-NADAL<\/strong><\/span><\/h2>\n<p>El primer dia del mes de desembre ens vam trobar amb un calendari d\u2019advent a la classe. Va ser molt bonic perqu\u00e8 a cada un dels dies ten\u00edem dues sorpreses. Els reptes que hav\u00edem de superar eren molt emocionants i les xocolates estaven bon\u00edssimes!<\/p>\n<p>Com que ens encanta fer activitats pl\u00e0stiques, per decorar el nostre espai, vam pensar que seria bona idea fer unes manualitats nadalenques amb papers de diferents textures. \u00a0I un ninot de neu per regalar a la nostra fam\u00edlia.<\/p>\n<p>Tamb\u00e9 vam anar \u00a0a buscar el Ti\u00f3. Ens va enviar una carta explicant que estava una mica perdut, que si el podr\u00edem ajudar. I tant que s\u00ed!!!, vam contestar tots i totes. \u00a0Ens tenia preparat un joc de pistes i gr\u00e0cies a elles el vam poder trobar.\u00a0Uns dies despr\u00e9s d\u2019haver-lo alimentat com cal, i com no pot ser d\u2019una altra manera, el vam fer cagar.<\/p>\n<p>Va ser un mes molt intens, no vam parar. Fins i tot, i com cada any fem, ens vam preparar pel festival de Nadal. Vam recitar un poema i vam cantar unes can\u00e7ons meravelloses. Podeu veure les nostres actuacions <a href=\"https:\/\/agora.xtec.cat\/escolaconcordia\/festes\/festa-de-la-tardor\/\" target=\"_blank\" rel=\"noopener noreferrer\">aqu\u00ed.<\/a><\/p>\n<p><a href=\"https:\/\/agora.xtec.cat\/escolaconcordia\/wp-content\/uploads\/usu2135\/2021\/03\/F7B781CF-7D00-4EF6-B637-674A9A7105E2_1_105_c-1.jpeg\"><br \/>\n<\/a> <a href=\"https:\/\/photos.app.goo.gl\/jqCx4zcS3nyeKHNS7\" target=\"_blank\" rel=\"noopener noreferrer\"><img loading=\"lazy\" decoding=\"async\" class=\"aligncenter size-large wp-image-1899\" src=\"https:\/\/agora.xtec.cat\/escolaconcordia\/wp-content\/uploads\/usu2135\/2021\/03\/IMG_20201218_161500-768x1024.jpg\" alt=\"\" width=\"768\" height=\"1024\" srcset=\"https:\/\/agora.xtec.cat\/escolaconcordia\/wp-content\/uploads\/usu2135\/2021\/03\/IMG_20201218_161500-768x1024.jpg 768w, https:\/\/agora.xtec.cat\/escolaconcordia\/wp-content\/uploads\/usu2135\/2021\/03\/IMG_20201218_161500-225x300.jpg 225w, https:\/\/agora.xtec.cat\/escolaconcordia\/wp-content\/uploads\/usu2135\/2021\/03\/IMG_20201218_161500.jpg 1200w\" sizes=\"auto, (max-width: 768px) 100vw, 768px\" \/><\/a><\/p>\n<h2><strong><span style=\"color: #99cc00;\">TALLER XERRAMECA: ANEM AL RESTAURANT<\/span><\/strong><\/h2>\n<p>Durant el primer trimestre els nens i nenes de 3r hem participat i gaudit del Taller Xerrameca &#8220;Anem al restaurant!&#8221;.<\/p>\n<p>Ho hem fet simulant una escena molt divertida en un restaurant treballant el di\u00e0leg entre cambrers\/es i clients\/es.<\/p>\n<p>Voleu veure la nostra posada en escena?<\/p>\n<p><a href=\"https:\/\/photos.app.goo.gl\/eftV7MwnXiQL2pfR8\">Aqu\u00ed us ensenyem les nostres actuacions.<\/a><\/p>\n<h2><strong><span style=\"color: #99cc00;\">BALLEM HIP-HOP<\/span><\/strong><\/h2>\n<p>Els nens i nenes de 3r han compartit durant dues sessions en \u201cexperts\u201d en hip-hop. L\u2019\u00c0lvar, el professor ens va explicar els or\u00edgens i la hist\u00f2ria d\u2019aquest moviment cultural nascut als anys 60 als EEUU.<\/p>\n<p>Despr\u00e9s, en una sessi\u00f3 pr\u00e0ctica, els va fer un tastet de diversos passos d\u2019aquesta modalitat de ball\u00a0\u00a0 que els vostres fills i filles \u2013 excel\u00b7lents\u00a0 dansaires-\u00a0 aprofitaran per preparar una part de la dansa de Carnaval.<\/p>\n<p><a href=\"https:\/\/photos.app.goo.gl\/sS1QirteDEZdisD47\">Aqu\u00ed teniu una petita mostra de les classes pr\u00e0ctiques<\/a>. S\u2019ho van passar d\u2019all\u00f2 m\u00e9s b\u00e9!<\/p>\n","protected":false},"excerpt":{"rendered":"<p>FEM D&#8217;ARTISTES<br \/>\nA la nostra escola cada curs\u00a0 &#8220;fem d&#8217;artistes&#8221;.\u00a0 Voleu entrar i veure el Museu Conc\u00f2rdia? Podeu clicar a sobre de la imatge i gaudir de la visita.<br \/>\n<a href=\"https:\/\/drive.google.com\/file\/d\/1W9NpQtNq4Ozkm4WElllfqSjl0l8riGKL\/view?usp=sharing\" target=\"_blank\" rel=\"noopener noreferrer\"><\/a><br \/>\nASSAIG \u00a0DE LA CLIKA<\/p>\n<p>Hola a tothom! Com ja sabeu, aquesta setmana arriba el gran&hellip;  <a href=\"https:\/\/agora.xtec.cat\/escolaconcordia\/cursos\/3rb\/\" title=\"Read 3rB\">Llegeix m\u00e9s\u00bb<\/a><\/p>\n","protected":false},"author":1,"featured_media":0,"parent":728,"menu_order":140,"comment_status":"closed","ping_status":"closed","template":"page-templates\/side-menu.php","meta":{"_bbp_topic_count":0,"_bbp_reply_count":0,"_bbp_total_topic_count":0,"_bbp_total_reply_count":0,"_bbp_voice_count":0,"_bbp_anonymous_reply_count":0,"_bbp_topic_count_hidden":0,"_bbp_reply_count_hidden":0,"_bbp_forum_subforum_count":0,"footnotes":""},"class_list":["post-1112","page","type-page","status-publish","hentry"],"post_mailing_queue_ids":[],"_links":{"self":[{"href":"https:\/\/agora.xtec.cat\/escolaconcordia\/wp-json\/wp\/v2\/pages\/1112","targetHints":{"allow":["GET"]}}],"collection":[{"href":"https:\/\/agora.xtec.cat\/escolaconcordia\/wp-json\/wp\/v2\/pages"}],"about":[{"href":"https:\/\/agora.xtec.cat\/escolaconcordia\/wp-json\/wp\/v2\/types\/page"}],"author":[{"embeddable":true,"href":"https:\/\/agora.xtec.cat\/escolaconcordia\/wp-json\/wp\/v2\/users\/1"}],"replies":[{"embeddable":true,"href":"https:\/\/agora.xtec.cat\/escolaconcordia\/wp-json\/wp\/v2\/comments?post=1112"}],"version-history":[{"count":4,"href":"https:\/\/agora.xtec.cat\/escolaconcordia\/wp-json\/wp\/v2\/pages\/1112\/revisions"}],"predecessor-version":[{"id":2510,"href":"https:\/\/agora.xtec.cat\/escolaconcordia\/wp-json\/wp\/v2\/pages\/1112\/revisions\/2510"}],"up":[{"embeddable":true,"href":"https:\/\/agora.xtec.cat\/escolaconcordia\/wp-json\/wp\/v2\/pages\/728"}],"wp:attachment":[{"href":"https:\/\/agora.xtec.cat\/escolaconcordia\/wp-json\/wp\/v2\/media?parent=1112"}],"curies":[{"name":"wp","href":"https:\/\/api.w.org\/{rel}","templated":true}]}}