{"id":1105,"date":"2020-12-17T16:26:13","date_gmt":"2020-12-17T15:26:13","guid":{"rendered":"https:\/\/agora.xtec.cat\/escolaconcordia\/?page_id=1105"},"modified":"2021-06-15T23:29:56","modified_gmt":"2021-06-15T21:29:56","slug":"2nb","status":"publish","type":"page","link":"https:\/\/agora.xtec.cat\/escolaconcordia\/cursos\/2nb\/","title":{"rendered":"2nB"},"content":{"rendered":"<h2><span style=\"color: #99cc00;\"><strong>FEM D&#8217;ARTISTES<\/strong><\/span><\/h2>\n<p>A la nostra escola cada curs\u00a0 &#8220;fem d&#8217;artistes&#8221;.\u00a0 Voleu entrar i veure el Museu Conc\u00f2rdia? Podeu clicar a sobre de la imatge i gaudir de la visita.<\/p>\n<p><a href=\"https:\/\/drive.google.com\/file\/d\/1oTAJqUvsklvEzBpI63_iOS1t8LGEPw1o\/view?usp=sharing\" target=\"_blank\" rel=\"noopener noreferrer\"><img loading=\"lazy\" decoding=\"async\" class=\"aligncenter size-large wp-image-2511\" src=\"https:\/\/agora.xtec.cat\/escolaconcordia\/wp-content\/uploads\/usu2135\/2021\/06\/2n-1024x824.jpg\" alt=\"\" width=\"1024\" height=\"824\" srcset=\"https:\/\/agora.xtec.cat\/escolaconcordia\/wp-content\/uploads\/usu2135\/2021\/06\/2n.jpg 1024w, https:\/\/agora.xtec.cat\/escolaconcordia\/wp-content\/uploads\/usu2135\/2021\/06\/2n-300x241.jpg 300w, https:\/\/agora.xtec.cat\/escolaconcordia\/wp-content\/uploads\/usu2135\/2021\/06\/2n-768x618.jpg 768w\" sizes=\"auto, (max-width: 1024px) 100vw, 1024px\" \/><\/a><\/p>\n<h2><span style=\"color: #99cc00;\"><strong>ZUMBA a 2n B<\/strong><\/span><\/h2>\n<p>La classe de les estrelles aquesta setmana hem fet una activitat al gimn\u00e0s de l\u2019escola de zumba.<\/p>\n<p>Hem ballat i tamb\u00e9 hem jugat acompanyats de m\u00fasica, amb una monitora que es diu Isabel.<\/p>\n<p>Hem fet molt exercici i en ho hem passat genial!!<\/p>\n<p><a href=\"https:\/\/photos.app.goo.gl\/VJDUUBtzZYvZMtT2A\" target=\"_blank\" rel=\"noopener noreferrer\"><img loading=\"lazy\" decoding=\"async\" class=\"aligncenter size-large wp-image-2398\" src=\"https:\/\/agora.xtec.cat\/escolaconcordia\/wp-content\/uploads\/usu2135\/2021\/06\/20210609_120109-1024x731.jpg\" alt=\"\" width=\"1024\" height=\"731\" srcset=\"https:\/\/agora.xtec.cat\/escolaconcordia\/wp-content\/uploads\/usu2135\/2021\/06\/20210609_120109.jpg 1024w, https:\/\/agora.xtec.cat\/escolaconcordia\/wp-content\/uploads\/usu2135\/2021\/06\/20210609_120109-300x214.jpg 300w, https:\/\/agora.xtec.cat\/escolaconcordia\/wp-content\/uploads\/usu2135\/2021\/06\/20210609_120109-768x548.jpg 768w\" sizes=\"auto, (max-width: 1024px) 100vw, 1024px\" \/><\/a><\/p>\n<h2><span style=\"color: #99cc00;\"><strong>LA COLLITA DE PATATES DE 2n B<\/strong><\/span><\/h2>\n<p>Fa ja uns dies vam anar a l\u2019hort de l\u2019escola a fer la collita de patates, amb l\u2019ajuda de l\u2019Antonio.<\/p>\n<p>Aquest curs hem anat a fer moltes tasques a l\u2019hort. Hem plantat tamb\u00e9 hem regat i per \u00faltim hem fet les collites de tot all\u00f2 que an\u00e0vem plantant.<\/p>\n<p>Ha estat molt interessant veure cr\u00e9ixer els fruits de les nostres collites, enciams, bledes, cebes, porros, alls&#8230; i per \u00faltim les patates.<\/p>\n<p>De gaireb\u00e9 tot, hem pogut portar a casa una mostra per poder menjar-la.<\/p>\n<p>Ha sigut molt emocionant i hem apr\u00e9s moltes coses noves.<\/p>\n<p>Moltes gr\u00e0cies Antonio per ajudar-nos!<\/p>\n<p><a href=\"https:\/\/photos.app.goo.gl\/y6M67TS77Aot4rbn6\" target=\"_blank\" rel=\"noopener noreferrer\"><img loading=\"lazy\" decoding=\"async\" class=\"aligncenter size-large wp-image-2399\" src=\"https:\/\/agora.xtec.cat\/escolaconcordia\/wp-content\/uploads\/usu2135\/2021\/06\/tempImage835YYo-1024x768.jpg\" alt=\"\" width=\"1024\" height=\"768\" srcset=\"https:\/\/agora.xtec.cat\/escolaconcordia\/wp-content\/uploads\/usu2135\/2021\/06\/tempImage835YYo.jpg 1024w, https:\/\/agora.xtec.cat\/escolaconcordia\/wp-content\/uploads\/usu2135\/2021\/06\/tempImage835YYo-300x225.jpg 300w, https:\/\/agora.xtec.cat\/escolaconcordia\/wp-content\/uploads\/usu2135\/2021\/06\/tempImage835YYo-768x576.jpg 768w, https:\/\/agora.xtec.cat\/escolaconcordia\/wp-content\/uploads\/usu2135\/2021\/06\/tempImage835YYo-200x150.jpg 200w\" sizes=\"auto, (max-width: 1024px) 100vw, 1024px\" \/><\/a><\/p>\n<h2><span style=\"color: #99cc00;\"><strong>LES ESTRELLES HEM ANAT A L\u2019ASTRON\u00d2MICA DE SABADELL<\/strong><\/span><\/h2>\n<p>El dijous passat vam anar a l\u2019astron\u00f2mica de Sabadell, a fer un taller sobre les estrelles.<\/p>\n<p>Pel cam\u00ed d\u2019anada vam passar pel camp de futbol del Sabadell. Despr\u00e9s vam anar pel cam\u00ed del parc de Catalunya fins arribar a l\u2019observatori.<\/p>\n<p>All\u00e0, primer una noia que es deia Ariadna, ens va ensenyar un telescopi gegant que hi ha a l\u2019observatori i vam veure el Sol, amb uns aparells especials i filtres.<\/p>\n<p>L\u2019Albert, que \u00e9s un astr\u00f2nom, ens va explicar i ens va ensenyar coses sobre les estrelles. Algunes ja les sab\u00edem d\u2019altres les vam aprendre.<\/p>\n<p>Ha sigut una excursi\u00f3 molt interessant!<\/p>\n<p><a href=\"https:\/\/photos.app.goo.gl\/giuQzV96DCSPMGbz8\" target=\"_blank\" rel=\"noopener noreferrer\"><img loading=\"lazy\" decoding=\"async\" class=\"aligncenter size-large wp-image-2330\" src=\"https:\/\/agora.xtec.cat\/escolaconcordia\/wp-content\/uploads\/usu2135\/2021\/06\/20210603_103534-576x1024.jpg\" alt=\"\" width=\"576\" height=\"1024\" srcset=\"https:\/\/agora.xtec.cat\/escolaconcordia\/wp-content\/uploads\/usu2135\/2021\/06\/20210603_103534-576x1024.jpg 576w, https:\/\/agora.xtec.cat\/escolaconcordia\/wp-content\/uploads\/usu2135\/2021\/06\/20210603_103534-169x300.jpg 169w, https:\/\/agora.xtec.cat\/escolaconcordia\/wp-content\/uploads\/usu2135\/2021\/06\/20210603_103534-768x1365.jpg 768w\" sizes=\"auto, (max-width: 576px) 100vw, 576px\" \/><\/a><\/p>\n<h2><span style=\"color: #99cc00;\"><strong>TALLER LES FORQUES DE CAN DEU <\/strong><\/span><\/h2>\n<p>El dimarts ens van venir a fer a l\u2019escola un taller sobre una colla de diables de Sabadell que es diuen Forques de Can Deu.<\/p>\n<p>Tres persones que formen part d\u2019aquesta colla de diables, ens van fer una explicaci\u00f3 de com eren els dracs, de qu\u00e8 estaven fets i com es deien; l\u2019 Antonot el Foc i la Forca. Tamb\u00e9 ens van explicar quina era la roba que portaven i qu\u00e8 utilitzaven per fer els focs.<\/p>\n<p>Aquest divendres ens vindran a fer una demostraci\u00f3 junt amb les Bruixes del Nord i els Gegants de la Conc\u00f2rdia!<\/p>\n<p>Quina il\u00b7lusi\u00f3!!<\/p>\n<p><a href=\"https:\/\/photos.app.goo.gl\/BVBU9dPpd3tERHFcA\" target=\"_blank\" rel=\"noopener noreferrer\"><img loading=\"lazy\" decoding=\"async\" class=\"aligncenter size-large wp-image-2331\" src=\"https:\/\/agora.xtec.cat\/escolaconcordia\/wp-content\/uploads\/usu2135\/2021\/06\/20210602_153024-576x1024.jpg\" alt=\"\" width=\"576\" height=\"1024\" srcset=\"https:\/\/agora.xtec.cat\/escolaconcordia\/wp-content\/uploads\/usu2135\/2021\/06\/20210602_153024-576x1024.jpg 576w, https:\/\/agora.xtec.cat\/escolaconcordia\/wp-content\/uploads\/usu2135\/2021\/06\/20210602_153024-169x300.jpg 169w, https:\/\/agora.xtec.cat\/escolaconcordia\/wp-content\/uploads\/usu2135\/2021\/06\/20210602_153024-768x1365.jpg 768w\" sizes=\"auto, (max-width: 576px) 100vw, 576px\" \/><\/a><\/p>\n<h2><span style=\"color: #99cc00;\"><strong>HEM ANAT A LA SALUT<\/strong><\/span><\/h2>\n<p>Aquest \u00a0dilluns aprofitant\u00a0 la setmana cultural de la nostra escola, a on estem aprenen moltes coses sobre la nostra ciutat de Sabadell, hem anat d\u2019excursi\u00f3 a la Salut.<\/p>\n<p>All\u00e0 hem gaudit de tot el dia a l\u2019aire lliure. Hem apr\u00e8s moltes coses sobre el bosc: els animals que viuen al bosc , com els esquirols, el\u00a0 ratol\u00ed de bosc, la garsa i el colom, i els arbres que hi ha i com s\u00f3n , el pi blanc i l\u2019alzina.<\/p>\n<p>Tamb\u00e9 hem jugat i hem aprofitat per fer alguns dibuixos del paisatge al natural.<\/p>\n<p>Ens ho hem passat molt b\u00e9!<\/p>\n<p><a href=\"https:\/\/photos.app.goo.gl\/Vg3WS4vs7q6f8a9Y6\" target=\"_blank\" rel=\"noopener noreferrer\"><img loading=\"lazy\" decoding=\"async\" class=\"aligncenter size-large wp-image-2283\" src=\"https:\/\/agora.xtec.cat\/escolaconcordia\/wp-content\/uploads\/usu2135\/2021\/06\/20210531_094607-1024x576.jpg\" alt=\"\" width=\"1024\" height=\"576\" srcset=\"https:\/\/agora.xtec.cat\/escolaconcordia\/wp-content\/uploads\/usu2135\/2021\/06\/20210531_094607.jpg 1024w, https:\/\/agora.xtec.cat\/escolaconcordia\/wp-content\/uploads\/usu2135\/2021\/06\/20210531_094607-300x169.jpg 300w, https:\/\/agora.xtec.cat\/escolaconcordia\/wp-content\/uploads\/usu2135\/2021\/06\/20210531_094607-768x432.jpg 768w\" sizes=\"auto, (max-width: 1024px) 100vw, 1024px\" \/><\/a><\/p>\n<h2><span style=\"color: #99cc00;\"><strong>HEM ANAT A CAN VANDRELL<\/strong><\/span><\/h2>\n<p>La classe de les estrelles de 2n B, vam anar el passat dilluns a Can Vandrell a passar tot el dia a una casa a on vam fer activitats l\u00fadiques.<\/p>\n<p>Primer vam fer tir amb arc, despr\u00e9s vam muntar amb una mena de tricicles que es deien balance i despr\u00e9s de dinar vam fer la darrera activitat que es deia objectiu Mart, a on, entre d\u2019altres coses, ens vam llen\u00e7ar amb la tirolina.<\/p>\n<p>Ens ho vam passar molt b\u00e9!!<\/p>\n<p><a href=\"https:\/\/photos.app.goo.gl\/hfYsCkroii5Sxhxs5\" target=\"_blank\" rel=\"noopener noreferrer\"><img loading=\"lazy\" decoding=\"async\" class=\"aligncenter size-large wp-image-2222\" src=\"https:\/\/agora.xtec.cat\/escolaconcordia\/wp-content\/uploads\/usu2135\/2021\/05\/20210525_144601-1024x576.jpg\" alt=\"\" width=\"1024\" height=\"576\" srcset=\"https:\/\/agora.xtec.cat\/escolaconcordia\/wp-content\/uploads\/usu2135\/2021\/05\/20210525_144601.jpg 1024w, https:\/\/agora.xtec.cat\/escolaconcordia\/wp-content\/uploads\/usu2135\/2021\/05\/20210525_144601-300x169.jpg 300w, https:\/\/agora.xtec.cat\/escolaconcordia\/wp-content\/uploads\/usu2135\/2021\/05\/20210525_144601-768x432.jpg 768w\" sizes=\"auto, (max-width: 1024px) 100vw, 1024px\" \/><\/a><\/p>\n<h2><span style=\"color: #99cc00;\"><strong>MARUJA MALLO I LES NOSTRES OBRES<\/strong><\/span><\/h2>\n<p>Durant aquest trimestre la classe de les estrelles hem estat treballant a pl\u00e0stica activitats relacionades amb l\u2019artista surrealista Maruja Mallo.<\/p>\n<p>Primer vam fer unes composicions nostres a partir dels nostres retrats i un collage fet amb revistes.<\/p>\n<p>Despr\u00e9s vam fer la part de l\u2019exposici\u00f3 de l\u2019escola amb els nostres personatges fant\u00e0stics i per acabar hem treballat la simetria dels nostres retrats.<\/p>\n<p>Hem apr\u00e8s moltes coses que no sab\u00edem i hem gaudit fent-les!!<\/p>\n<p>Aqu\u00ed podreu observar algunes fotos fent les nostres creacions. Esperem que us agradin!<\/p>\n<p><a href=\"https:\/\/photos.app.goo.gl\/y9xieYTTwzxpWgDr5\" target=\"_blank\" rel=\"noopener noreferrer\"><img loading=\"lazy\" decoding=\"async\" class=\"aligncenter size-large wp-image-2223\" src=\"https:\/\/agora.xtec.cat\/escolaconcordia\/wp-content\/uploads\/usu2135\/2021\/05\/20210420_191604-1024x953.jpg\" alt=\"\" width=\"1024\" height=\"953\" srcset=\"https:\/\/agora.xtec.cat\/escolaconcordia\/wp-content\/uploads\/usu2135\/2021\/05\/20210420_191604.jpg 1024w, https:\/\/agora.xtec.cat\/escolaconcordia\/wp-content\/uploads\/usu2135\/2021\/05\/20210420_191604-300x279.jpg 300w, https:\/\/agora.xtec.cat\/escolaconcordia\/wp-content\/uploads\/usu2135\/2021\/05\/20210420_191604-768x715.jpg 768w\" sizes=\"auto, (max-width: 1024px) 100vw, 1024px\" \/><\/a><\/p>\n<h2><span style=\"color: #99cc00;\"><strong>LES ESTRELLES DE 2nB VISITEM L&#8217;H\u00cdPICA<\/strong><\/span><\/h2>\n<p>La passada setmana la classe de les estrelles vam anar a visitar l\u2019h\u00edpica.<\/p>\n<p>El primer que vam fer va ser pentinar als cavalls amb els raspalls i acariciar-los amb la m\u00e0 molt suaument.<\/p>\n<p>Despr\u00e9s hi vam posar les cadires de muntar, les brides i les regnes per poder muntar a cavall.<\/p>\n<p>Tots i totes vam muntar. Vam donar una volta a la pista oberta dels cavalls. Va ser molt emocionant.<\/p>\n<p>Quan vam acabar de muntar, vam esmorzar i despr\u00e9s vam anar a visitar la granja.<\/p>\n<p>Vam veure a on dormen els cavalls, les dutxes, tamb\u00e9 vam entrar a la caravana que utilitzen per traslladar-los.<\/p>\n<p>Despr\u00e9s vam veure i vam c\u00f3rrer a la pista coberta dels cavalls per quan plou i finalment ens van ensenyar les bales de palla que estan separades per llibres i que donen per menjar als cavalls. Per\u00f2 tamb\u00e9 mengen penso amb el que obtenen m\u00e9s vitamines. Aquest penso est\u00e0 emmagatzemat en una sitja de penso i ens van explicar que l\u2019omplien cada mes amb un cami\u00f3.<\/p>\n<p>Els monitors, molt amables, ens van regalar una ferradura que estem decorant a la classe per poder portar-la a casa.<\/p>\n<p>Finalment ens vam acomiadar i vam tornar a l\u2019escola.<\/p>\n<p>Va ser una excursi\u00f3 molt divertida!!<\/p>\n<p><a href=\"https:\/\/photos.app.goo.gl\/FxBktVZpMDuYac3c7\" target=\"_blank\" rel=\"noopener noreferrer\"><img loading=\"lazy\" decoding=\"async\" class=\"aligncenter size-large wp-image-2142\" src=\"https:\/\/agora.xtec.cat\/escolaconcordia\/wp-content\/uploads\/usu2135\/2021\/05\/20210503_094147-1024x576.jpg\" alt=\"\" width=\"1024\" height=\"576\" srcset=\"https:\/\/agora.xtec.cat\/escolaconcordia\/wp-content\/uploads\/usu2135\/2021\/05\/20210503_094147.jpg 1024w, https:\/\/agora.xtec.cat\/escolaconcordia\/wp-content\/uploads\/usu2135\/2021\/05\/20210503_094147-300x169.jpg 300w, https:\/\/agora.xtec.cat\/escolaconcordia\/wp-content\/uploads\/usu2135\/2021\/05\/20210503_094147-768x432.jpg 768w\" sizes=\"auto, (max-width: 1024px) 100vw, 1024px\" \/><\/a><\/p>\n<h2><span style=\"color: #99cc00;\"><strong>SANT JORDI<\/strong><\/span><\/h2>\n<p>Aqu\u00ed teniu un petit v\u00eddeo de la classe de les estrelles, 2n B celebrant Sant Jordi.<\/p>\n<p>El dijous al mat\u00ed, a la pista, vam fer el concurs literari a on el drac i la seva ajudant, la Sara, ens van donar els premis del concurs. \u00a0Vam participar tota la classe amb les nostres descripcions dels personatges fant\u00e0stics creats per nosaltres i van quedar quatre de nosaltres finalistes i dos guanyadors perqu\u00e8 vam concursar per parelles.<\/p>\n<p>Tots les descripcions estaven molt b\u00e9!<\/p>\n<p>Tamb\u00e9 vam fer moltes manualitats de Sant Jordi i el divendres vam veure un espectacle de Rosa Fit\u00e9 a on ens explicar el conte de la castanya de coloraines i el de l\u2019anegueta atabaladora, la granota el peixet, que s\u00f3n contes per conviure. Eren molt divertits i ens ho vam passar molt b\u00e9.<\/p>\n<p>Ha sigut una celebraci\u00f3 diferent a altres anys, per\u00f2 ens ho hem passat molt b\u00e9!!<strong><a href=\"https:\/\/photos.app.goo.gl\/SXniKL3ETNaw7rpHA\" target=\"_blank\" rel=\"noopener noreferrer\"><img loading=\"lazy\" decoding=\"async\" class=\"aligncenter size-full wp-image-2221\" src=\"https:\/\/agora.xtec.cat\/escolaconcordia\/wp-content\/uploads\/usu2135\/2021\/05\/Sant-jordi.jpeg\" alt=\"\" width=\"1000\" height=\"707\" srcset=\"https:\/\/agora.xtec.cat\/escolaconcordia\/wp-content\/uploads\/usu2135\/2021\/05\/Sant-jordi.jpeg 1000w, https:\/\/agora.xtec.cat\/escolaconcordia\/wp-content\/uploads\/usu2135\/2021\/05\/Sant-jordi-300x212.jpeg 300w, https:\/\/agora.xtec.cat\/escolaconcordia\/wp-content\/uploads\/usu2135\/2021\/05\/Sant-jordi-768x543.jpeg 768w\" sizes=\"auto, (max-width: 1000px) 100vw, 1000px\" \/><\/a><\/strong><\/p>\n<h2><span style=\"color: #99cc00;\">CARNAVAL<\/span><\/h2>\n<p>La festa del carnestoltes ens agrada molt!<\/p>\n<p>Vam comen\u00e7ar el dijous, al mat\u00ed vam fer un assaig conjunt del ball i a la tarda, fam fer la rebuda del rei carnestoltes diferent d\u2019altres cursos, amb el Meet del carnestoltes en directe, que va resultar la reina carnestoltes!<\/p>\n<p>El divendres pel mat\u00ed vam fer un taller de m\u00e0scares molt xulo, i a la tarda&#8230;<\/p>\n<p>El carnaval!! ens vam disfressar, vam ballar, vam cantar i ens ho vam passar moooolt b\u00e9!!<\/p>\n<p>Segur que les fotos i els v\u00eddeos us agradaran MOOOLT!!<\/p>\n<p><a href=\"https:\/\/photos.app.goo.gl\/fSjyz8rWJXKdryXYA\" target=\"_blank\" rel=\"noopener noreferrer\"><img loading=\"lazy\" decoding=\"async\" class=\"aligncenter size-large wp-image-1824\" src=\"https:\/\/agora.xtec.cat\/escolaconcordia\/wp-content\/uploads\/usu2135\/2021\/02\/Collage-2021-02-16-22_44_27-1024x768.jpg\" alt=\"\" width=\"1024\" height=\"768\" srcset=\"https:\/\/agora.xtec.cat\/escolaconcordia\/wp-content\/uploads\/usu2135\/2021\/02\/Collage-2021-02-16-22_44_27-1024x768.jpg 1024w, https:\/\/agora.xtec.cat\/escolaconcordia\/wp-content\/uploads\/usu2135\/2021\/02\/Collage-2021-02-16-22_44_27-300x225.jpg 300w, https:\/\/agora.xtec.cat\/escolaconcordia\/wp-content\/uploads\/usu2135\/2021\/02\/Collage-2021-02-16-22_44_27-768x576.jpg 768w, https:\/\/agora.xtec.cat\/escolaconcordia\/wp-content\/uploads\/usu2135\/2021\/02\/Collage-2021-02-16-22_44_27-200x150.jpg 200w, https:\/\/agora.xtec.cat\/escolaconcordia\/wp-content\/uploads\/usu2135\/2021\/02\/Collage-2021-02-16-22_44_27.jpg 1440w\" sizes=\"auto, (max-width: 1024px) 100vw, 1024px\" \/><\/a><\/p>\n<h2 style=\"text-align: left;\"><span style=\"color: #99cc00;\">ENS PINTEM A L&#8217;HIVERN<\/span><\/h2>\n<p style=\"text-align: left;\">Els nens i nenes de 2n B ens estem pintant I dibuixant amb una activitat molt divertida a l\u2019\u00e0rea de pl\u00e0stica.<\/p>\n<p style=\"text-align: left;\">Hem pintat uns guants i un barret amb Pintura I despr\u00e9s hem dibuixat la nostra cara. Hem apr\u00e9s a dibuixar ulls, nas i boca. Despr\u00e9s ens hem pintat.<\/p>\n<p style=\"text-align: left;\">Ens ha quedat genial!!<\/p>\n<p><a href=\"https:\/\/photos.google.com\/u\/4\/share\/AF1QipO1_5mYDJOl9GYGdPwDFShevoROUobL2hX_Wjfy2ArMoyXQrjh2fuGDxKfQcDRHHA?key=N3N5YmRHTU5Pc29wTkNzT1hlTl9lZmpiZG1PSU13\"><img loading=\"lazy\" decoding=\"async\" class=\"aligncenter size-large wp-image-1557\" src=\"https:\/\/agora.xtec.cat\/escolaconcordia\/wp-content\/uploads\/usu2135\/2021\/02\/HIVERN-1024x576.jpg\" alt=\"\" width=\"1024\" height=\"576\" srcset=\"https:\/\/agora.xtec.cat\/escolaconcordia\/wp-content\/uploads\/usu2135\/2021\/02\/HIVERN-1024x576.jpg 1024w, https:\/\/agora.xtec.cat\/escolaconcordia\/wp-content\/uploads\/usu2135\/2021\/02\/HIVERN-300x169.jpg 300w, https:\/\/agora.xtec.cat\/escolaconcordia\/wp-content\/uploads\/usu2135\/2021\/02\/HIVERN-768x432.jpg 768w\" sizes=\"auto, (max-width: 1024px) 100vw, 1024px\" \/><\/a><\/p>\n<h2><strong><span style=\"color: #99cc00;\">TALLER ESTALVI D&#8217;AIGUA<\/span><\/strong><\/h2>\n<p>Fa uns dies va venir una senyoreta que es diu Pilar i ens va explicar moltes coses sobre l\u2019aigua.Ens va ensenyar coses sobre el cicle de l\u2019aigua i tamb\u00e9 vam estar parlant sobre com estalviar aigua a la llar.<\/p>\n<p>Cadascun de nosaltres va pensar com pod\u00edem estalviar aigua, per exemple amb la rentadora, omplint-la quan es renta la roba, per regar, reutilitzar aigua que llan\u00e7ar\u00edem, utilitzar la dutxa i tancar l\u2019aixeta quan ens ensabonem o ens retem el cabell&#8230;<\/p>\n<p>Tamb\u00e9 vam fer una activitat pr\u00e0ctica amb una ampolla d\u2019aigua.<\/p>\n<p>Vam aprendre moltes coses que no sab\u00edem i tamb\u00e9 vam fer moltes aportacions.<\/p>\n<p>Va ser molt interessant.<\/p>\n<p><a href=\"https:\/\/photos.app.goo.gl\/dnHWyu5Yoni517jr6\"><img loading=\"lazy\" decoding=\"async\" class=\"aligncenter size-large wp-image-1556\" src=\"https:\/\/agora.xtec.cat\/escolaconcordia\/wp-content\/uploads\/usu2135\/2021\/02\/TALLER-AIGUA-2B-1024x576.jpg\" alt=\"\" width=\"1024\" height=\"576\" srcset=\"https:\/\/agora.xtec.cat\/escolaconcordia\/wp-content\/uploads\/usu2135\/2021\/02\/TALLER-AIGUA-2B-1024x576.jpg 1024w, https:\/\/agora.xtec.cat\/escolaconcordia\/wp-content\/uploads\/usu2135\/2021\/02\/TALLER-AIGUA-2B-300x169.jpg 300w, https:\/\/agora.xtec.cat\/escolaconcordia\/wp-content\/uploads\/usu2135\/2021\/02\/TALLER-AIGUA-2B-768x432.jpg 768w\" sizes=\"auto, (max-width: 1024px) 100vw, 1024px\" \/><\/a><\/p>\n<p>&nbsp;<\/p>\n<h2 style=\"text-align: left;\"><span style=\"color: #99cc00;\">CONCERT I AMBAIXADOR<\/span><\/h2>\n<p>Aqu\u00ed tenim algunes fotos del concert de Nadal i de la visita de l\u2019ambaixador d\u2019aquest curs.<\/p>\n<h2><a href=\"https:\/\/photos.app.goo.gl\/NbNqEg6LfUAhhZBQ9\"><img loading=\"lazy\" decoding=\"async\" class=\"aligncenter wp-image-1555 size-large\" src=\"https:\/\/agora.xtec.cat\/escolaconcordia\/wp-content\/uploads\/usu2135\/2021\/02\/AMBAIXADOR-2B-1024x576.jpg\" alt=\"\" width=\"1024\" height=\"576\" srcset=\"https:\/\/agora.xtec.cat\/escolaconcordia\/wp-content\/uploads\/usu2135\/2021\/02\/AMBAIXADOR-2B.jpg 1024w, https:\/\/agora.xtec.cat\/escolaconcordia\/wp-content\/uploads\/usu2135\/2021\/02\/AMBAIXADOR-2B-300x169.jpg 300w, https:\/\/agora.xtec.cat\/escolaconcordia\/wp-content\/uploads\/usu2135\/2021\/02\/AMBAIXADOR-2B-768x432.jpg 768w\" sizes=\"auto, (max-width: 1024px) 100vw, 1024px\" \/><\/a><\/h2>\n<h2 style=\"text-align: left;\"><span style=\"color: #99cc00;\">F<\/span><span style=\"color: #99cc00;\">EM CAGAR EL TI\u00d3<\/span><\/h2>\n<p>Quina il\u00b7lusi\u00f3, despr\u00e9s d\u2019uns quants dies que hav\u00edem anat a buscar el ti\u00f3, al final ha aparegut! S\u2019havia perdut despr\u00e9s que el vam trobar!!\u00a0Pobret, l\u2019hem tapat i li hem donat de menjar. Al final ha menjat molt i ha cagat molts regals!!<\/p>\n<h2><a href=\"https:\/\/photos.app.goo.gl\/fKYBxNPNBDbrobXFA\"><img loading=\"lazy\" decoding=\"async\" class=\"aligncenter size-large wp-image-1554\" src=\"https:\/\/agora.xtec.cat\/escolaconcordia\/wp-content\/uploads\/usu2135\/2021\/02\/CAGUEM-TIO-2B-1024x576.jpg\" alt=\"\" width=\"1024\" height=\"576\" srcset=\"https:\/\/agora.xtec.cat\/escolaconcordia\/wp-content\/uploads\/usu2135\/2021\/02\/CAGUEM-TIO-2B-1024x576.jpg 1024w, https:\/\/agora.xtec.cat\/escolaconcordia\/wp-content\/uploads\/usu2135\/2021\/02\/CAGUEM-TIO-2B-300x169.jpg 300w, https:\/\/agora.xtec.cat\/escolaconcordia\/wp-content\/uploads\/usu2135\/2021\/02\/CAGUEM-TIO-2B-768x432.jpg 768w\" sizes=\"auto, (max-width: 1024px) 100vw, 1024px\" \/><\/a><\/h2>\n<h2 style=\"text-align: left;\"><span style=\"color: #99cc00;\">EN BUSCA DEL TI\u00d3<\/span><\/h2>\n<p>Que b\u00e9 que ens ho hem passat buscant el ti\u00f3 aquest any!\u00a0Hem anat en petits grups buscant pistes pel pati de l\u2019escola i fent petites proves.\u00a0Al final l\u2019hem trobat! Estava al\u2026<\/p>\n<p><a href=\"https:\/\/photos.app.goo.gl\/YakSFz8qBPgFXbyTA\"><img loading=\"lazy\" decoding=\"async\" class=\"aligncenter size-large wp-image-1553\" src=\"https:\/\/agora.xtec.cat\/escolaconcordia\/wp-content\/uploads\/usu2135\/2021\/02\/BUSQUEM-EL-TIO-2B-1-1024x576.jpg\" alt=\"\" width=\"1024\" height=\"576\" srcset=\"https:\/\/agora.xtec.cat\/escolaconcordia\/wp-content\/uploads\/usu2135\/2021\/02\/BUSQUEM-EL-TIO-2B-1.jpg 1024w, https:\/\/agora.xtec.cat\/escolaconcordia\/wp-content\/uploads\/usu2135\/2021\/02\/BUSQUEM-EL-TIO-2B-1-300x169.jpg 300w, https:\/\/agora.xtec.cat\/escolaconcordia\/wp-content\/uploads\/usu2135\/2021\/02\/BUSQUEM-EL-TIO-2B-1-768x432.jpg 768w\" sizes=\"auto, (max-width: 1024px) 100vw, 1024px\" \/><\/a><\/p>\n<h2 style=\"text-align: left;\"><span style=\"color: #99cc00;\">ANEM A LA B\u00daSTIA<\/span><\/h2>\n<p>El passat mes de desembre vam escriure la postal de Nadal, la vam ficar en un sobre i li vam enganxar un segell.\u00a0Quina il\u00b7lusi\u00f3! la vam portar a la b\u00fastia de Correus perqu\u00e8 arrib\u00e9s a casa nostra.\u00a0Era una sorpresa! Les nostres fam\u00edlies no ho sabien!<\/p>\n<h2><a href=\"https:\/\/photos.app.goo.gl\/kkqHwxuXqfnbaRCL9\"><img loading=\"lazy\" decoding=\"async\" class=\"aligncenter size-large wp-image-1551\" src=\"https:\/\/agora.xtec.cat\/escolaconcordia\/wp-content\/uploads\/usu2135\/2021\/02\/BUSTIA-2B-576x1024.jpg\" alt=\"\" width=\"576\" height=\"1024\" srcset=\"https:\/\/agora.xtec.cat\/escolaconcordia\/wp-content\/uploads\/usu2135\/2021\/02\/BUSTIA-2B.jpg 576w, https:\/\/agora.xtec.cat\/escolaconcordia\/wp-content\/uploads\/usu2135\/2021\/02\/BUSTIA-2B-169x300.jpg 169w\" sizes=\"auto, (max-width: 576px) 100vw, 576px\" \/><\/a><\/h2>\n<h2 style=\"text-align: left;\"><span style=\"color: #99cc00;\"><strong>EL NOSTRE PETIT HORT<\/strong><\/span><\/h2>\n<p>Hem plantat un petit hort a l\u2019aula, reutilitzant unes garrafes d\u2019aigua I amb el Sistema d\u2019auto-reg. Hem tallat la garrafa m\u00e9s o menys per la meitat, hem fet un forat al tap i l\u2019hem col\u00b7locat un tros de llana. Hem afegit sorra, hem plantat unes llavors\u2026 i ja est\u00e0, ara a esperar a veure qu\u00e8 passa!<\/p>\n<p><a href=\"https:\/\/photos.app.goo.gl\/EeGv1mQQVAQtxPUo7\"><img loading=\"lazy\" decoding=\"async\" class=\"size-large wp-image-1548 aligncenter\" src=\"https:\/\/agora.xtec.cat\/escolaconcordia\/wp-content\/uploads\/usu2135\/2021\/02\/HORT-1024x576.jpg\" alt=\"\" width=\"1024\" height=\"576\" srcset=\"https:\/\/agora.xtec.cat\/escolaconcordia\/wp-content\/uploads\/usu2135\/2021\/02\/HORT-1024x576.jpg 1024w, https:\/\/agora.xtec.cat\/escolaconcordia\/wp-content\/uploads\/usu2135\/2021\/02\/HORT-300x169.jpg 300w, https:\/\/agora.xtec.cat\/escolaconcordia\/wp-content\/uploads\/usu2135\/2021\/02\/HORT-768x432.jpg 768w\" sizes=\"auto, (max-width: 1024px) 100vw, 1024px\" \/><\/a><\/p>\n","protected":false},"excerpt":{"rendered":"<p>FEM D&#8217;ARTISTES<br \/>\nA la nostra escola cada curs\u00a0 &#8220;fem d&#8217;artistes&#8221;.\u00a0 Voleu entrar i veure el Museu Conc\u00f2rdia? Podeu clicar a sobre de la imatge i gaudir de la visita.<br \/>\n<a href=\"https:\/\/drive.google.com\/file\/d\/1oTAJqUvsklvEzBpI63_iOS1t8LGEPw1o\/view?usp=sharing\" target=\"_blank\" rel=\"noopener noreferrer\"><\/a><br \/>\nZUMBA a 2n B<br \/>\nLa classe de les estrelles aquesta setmana hem fet una activitat&hellip;  <a href=\"https:\/\/agora.xtec.cat\/escolaconcordia\/cursos\/2nb\/\" title=\"Read 2nB\">Llegeix m\u00e9s\u00bb<\/a><\/p>\n","protected":false},"author":1,"featured_media":0,"parent":728,"menu_order":110,"comment_status":"closed","ping_status":"closed","template":"page-templates\/side-menu.php","meta":{"_bbp_topic_count":0,"_bbp_reply_count":0,"_bbp_total_topic_count":0,"_bbp_total_reply_count":0,"_bbp_voice_count":0,"_bbp_anonymous_reply_count":0,"_bbp_topic_count_hidden":0,"_bbp_reply_count_hidden":0,"_bbp_forum_subforum_count":0,"footnotes":""},"class_list":["post-1105","page","type-page","status-publish","hentry"],"post_mailing_queue_ids":[],"_links":{"self":[{"href":"https:\/\/agora.xtec.cat\/escolaconcordia\/wp-json\/wp\/v2\/pages\/1105","targetHints":{"allow":["GET"]}}],"collection":[{"href":"https:\/\/agora.xtec.cat\/escolaconcordia\/wp-json\/wp\/v2\/pages"}],"about":[{"href":"https:\/\/agora.xtec.cat\/escolaconcordia\/wp-json\/wp\/v2\/types\/page"}],"author":[{"embeddable":true,"href":"https:\/\/agora.xtec.cat\/escolaconcordia\/wp-json\/wp\/v2\/users\/1"}],"replies":[{"embeddable":true,"href":"https:\/\/agora.xtec.cat\/escolaconcordia\/wp-json\/wp\/v2\/comments?post=1105"}],"version-history":[{"count":4,"href":"https:\/\/agora.xtec.cat\/escolaconcordia\/wp-json\/wp\/v2\/pages\/1105\/revisions"}],"predecessor-version":[{"id":2514,"href":"https:\/\/agora.xtec.cat\/escolaconcordia\/wp-json\/wp\/v2\/pages\/1105\/revisions\/2514"}],"up":[{"embeddable":true,"href":"https:\/\/agora.xtec.cat\/escolaconcordia\/wp-json\/wp\/v2\/pages\/728"}],"wp:attachment":[{"href":"https:\/\/agora.xtec.cat\/escolaconcordia\/wp-json\/wp\/v2\/media?parent=1105"}],"curies":[{"name":"wp","href":"https:\/\/api.w.org\/{rel}","templated":true}]}}