{"id":1092,"date":"2020-12-17T16:20:01","date_gmt":"2020-12-17T15:20:01","guid":{"rendered":"https:\/\/agora.xtec.cat\/escolaconcordia\/?page_id=1092"},"modified":"2021-06-15T23:33:32","modified_gmt":"2021-06-15T21:33:32","slug":"1rc","status":"publish","type":"page","link":"https:\/\/agora.xtec.cat\/escolaconcordia\/cursos\/1rc\/","title":{"rendered":"1rC"},"content":{"rendered":"<h2><span style=\"color: #99cc00;\"><strong>FEM D&#8217;ARTISTES<\/strong><\/span><\/h2>\n<p>A la nostra escola cada curs\u00a0 &#8220;fem d&#8217;artistes&#8221;.\u00a0 Voleu entrar i veure el Museu Conc\u00f2rdia? Podeu clicar a sobre de la imatge i gaudir de la visita.<\/p>\n<p><a href=\"https:\/\/drive.google.com\/file\/d\/14qumm3JP8PjbCJhftgS3O58IIcJ_d_gp\/view?usp=sharing\" target=\"_blank\" rel=\"noopener noreferrer\"><img loading=\"lazy\" decoding=\"async\" class=\"aligncenter size-large wp-image-2518\" src=\"https:\/\/agora.xtec.cat\/escolaconcordia\/wp-content\/uploads\/usu2135\/2021\/06\/1C-cercles-conc\u00e8ntrics-950x1024.jpg\" alt=\"\" width=\"950\" height=\"1024\" srcset=\"https:\/\/agora.xtec.cat\/escolaconcordia\/wp-content\/uploads\/usu2135\/2021\/06\/1C-cercles-conc\u00e8ntrics.jpg 950w, https:\/\/agora.xtec.cat\/escolaconcordia\/wp-content\/uploads\/usu2135\/2021\/06\/1C-cercles-conc\u00e8ntrics-278x300.jpg 278w, https:\/\/agora.xtec.cat\/escolaconcordia\/wp-content\/uploads\/usu2135\/2021\/06\/1C-cercles-conc\u00e8ntrics-768x828.jpg 768w\" sizes=\"auto, (max-width: 950px) 100vw, 950px\" \/><\/a><\/p>\n<h2><span style=\"color: #99cc00;\"><strong>SORTIDA\u00a0 A\u00a0 CAN\u00a0 GAMB\u00daS<\/strong><\/span><\/h2>\n<p>Avui hem anat al parc de Can Gamb\u00fas a gaudir d&#8217;un mat\u00ed de jocs cooperatius en grup. Ens ho hem passat molt b\u00e9!!!!<\/p>\n<p>Mireu, mireu les fotos&#8230;<\/p>\n<p><a href=\"https:\/\/photos.app.goo.gl\/zGaBvyRe92CUhwVv7\" target=\"_blank\" rel=\"noopener noreferrer\"><img loading=\"lazy\" decoding=\"async\" class=\"aligncenter size-large wp-image-2325\" src=\"https:\/\/agora.xtec.cat\/escolaconcordia\/wp-content\/uploads\/usu2135\/2021\/06\/image-2-1024x576.png\" alt=\"\" width=\"1024\" height=\"576\" srcset=\"https:\/\/agora.xtec.cat\/escolaconcordia\/wp-content\/uploads\/usu2135\/2021\/06\/image-2.png 1024w, https:\/\/agora.xtec.cat\/escolaconcordia\/wp-content\/uploads\/usu2135\/2021\/06\/image-2-300x169.png 300w, https:\/\/agora.xtec.cat\/escolaconcordia\/wp-content\/uploads\/usu2135\/2021\/06\/image-2-768x432.png 768w\" sizes=\"auto, (max-width: 1024px) 100vw, 1024px\" \/><\/a><\/p>\n<h2><span style=\"color: #99cc00;\"><strong>VISITEM\u00a0 L&#8217;OBSERVATORI ASTRON\u00d2MIC DE SABADELL<\/strong><\/span><\/h2>\n<p>1r C estem estudiant els planetes del Sistema Solar i hem tingut la gran oportunitat de visitar l&#8217;observatori astron\u00f2mic de Sabadell. Ens han explicat moltes coses sobre els planetes i nosaltres tamb\u00e9 hem pogut demostrar tot el que hem apr\u00e8s ja. A m\u00e9s, hem mirat a trav\u00e9s del gran telescopi que tenen i hem vist el sol amb uns filtres especials per no fer-nos mal a la vista. Ha estat genial!<\/p>\n<p>Aqu\u00ed teniu moltes fotos per fer-vos una idea del que hem fet.<\/p>\n<p><a href=\"https:\/\/photos.app.goo.gl\/6Y63J1pCNrxpeGcNA\" target=\"_blank\" rel=\"noopener noreferrer\"><img loading=\"lazy\" decoding=\"async\" class=\"aligncenter size-large wp-image-2316\" src=\"https:\/\/agora.xtec.cat\/escolaconcordia\/wp-content\/uploads\/usu2135\/2021\/06\/image-1-1024x576.png\" alt=\"\" width=\"1024\" height=\"576\" srcset=\"https:\/\/agora.xtec.cat\/escolaconcordia\/wp-content\/uploads\/usu2135\/2021\/06\/image-1.png 1024w, https:\/\/agora.xtec.cat\/escolaconcordia\/wp-content\/uploads\/usu2135\/2021\/06\/image-1-300x169.png 300w, https:\/\/agora.xtec.cat\/escolaconcordia\/wp-content\/uploads\/usu2135\/2021\/06\/image-1-768x432.png 768w\" sizes=\"auto, (max-width: 1024px) 100vw, 1024px\" \/><\/a><\/p>\n<h2><span style=\"color: #99cc00;\"><strong>VISITEM\u00a0 EL\u00a0 CENTRE\u00a0 DE\u00a0 SABADELL<\/strong><\/span><\/h2>\n<p>Dins de la nostra Setmana Cultural, en la qual volem con\u00e8ixer una mica m\u00e9s la nostra ciutat, avui 1r C hem visitat el centre de Sabadell. Hem recorregut el casc antic i hem vist per fora diferents edificis emblem\u00e0tics: El Mercat Central, l&#8217;Ajuntament, l&#8217;edifici de l&#8217;Antiga Caixa de Sabadell, etc. Tamb\u00e9 hem entrat a jugar als jardinets i el parc infantil de l&#8217;ajuntament; hem descobert les est\u00e0tues i monuments que hi havia en el nostre trajecte i hem fet un dibuix al natural de la &#8220;Campana&#8221; d&#8217;Antoni T\u00e0pies que es troba en el rac\u00f3 del campanar de Sant F\u00e8lix. Ha estat tota una experi\u00e8ncia! A m\u00e9s tamb\u00e9 hem estat dins de l&#8217;Institut Catal\u00e0 de Paleontologia Miquel Crusafont, on hem pogut con\u00e8ixer diferents aspectes del m\u00f3n dels f\u00f2ssils, els quals li agradaven molt a Miquel Crusafont, un personatge important a Sabadell dins d&#8217;aquest camp i que hem estat treballant a classe.<\/p>\n<p>Voleu veure com hem gaudit? Doncs aqu\u00ed teniu un V\u00cdDEO&#8230;<\/p>\n<p><a href=\"https:\/\/photos.app.goo.gl\/7R6YmJTefYGxNrhJ8\" target=\"_blank\" rel=\"noopener noreferrer\"><img loading=\"lazy\" decoding=\"async\" class=\"aligncenter size-large wp-image-2277\" src=\"https:\/\/agora.xtec.cat\/escolaconcordia\/wp-content\/uploads\/usu2135\/2021\/06\/20210602_120527-1024x576.jpg\" alt=\"\" width=\"1024\" height=\"576\" srcset=\"https:\/\/agora.xtec.cat\/escolaconcordia\/wp-content\/uploads\/usu2135\/2021\/06\/20210602_120527.jpg 1024w, https:\/\/agora.xtec.cat\/escolaconcordia\/wp-content\/uploads\/usu2135\/2021\/06\/20210602_120527-300x169.jpg 300w, https:\/\/agora.xtec.cat\/escolaconcordia\/wp-content\/uploads\/usu2135\/2021\/06\/20210602_120527-768x432.jpg 768w\" sizes=\"auto, (max-width: 1024px) 100vw, 1024px\" \/><\/a><\/p>\n<div><\/div>\n<div><\/div>\n<div>&#8230; i moltes<a href=\"https:\/\/photos.app.goo.gl\/QR33oZ3KXrw2Mjdn6\" target=\"_blank\" rel=\"noopener noreferrer\">\u00a0<strong>FOTOS<\/strong><\/a> per veure-ho!<\/div>\n<div><\/div>\n<div><\/div>\n<h2><span style=\"color: #99cc00;\"><strong>DESPERTEM ELS GEGANTS DE LA CONC\u00d2RDIA<\/strong><\/span><\/h2>\n<p>Aquest curs, el tema de la Setmana Cultural de la nostra escola \u00e9s &#8220;Sabadell, la nostra ciutat&#8221;.<\/p>\n<p>Durant aquesta setmana, volem con\u00e8ixer molts aspectes de la nostra ciutat, entre ells, alguns relacionats amb les tradicions i cultura popular. Per aquesta ra\u00f3, els alumnes de 1r C avui hem conegut als &#8220;Gegants de la Conc\u00f2rdia&#8221;. Al mat\u00ed, tres persones de l&#8217;entitat ens han visitat a l&#8217;escola i ens han explicat tot all\u00f2 que vol\u00edem saber sobre els &#8220;Gegants&#8221;. Tamb\u00e9 ens han ensenyat a fer un instrument musical anomenat gralla, que ens ha servit per despertar als &#8220;Gegants&#8221; i fer-los ballar. Ens han acompanyat a buscar als gegants al local on dormen i hem aconseguit despertar al &#8220;Cau&#8221;, el gegant m\u00e9s jove de tots. S&#8217;ha posat molt content de veure&#8217;ns i ens ha acompanyat fins a l&#8217;escola.<\/p>\n<p>Per la tarda, hem fet treball en grup per descobrir m\u00e9s coses sobre els gegants com el pes, l&#8217;al\u00e7ada, etc.<\/p>\n<p>Acompanyeu-nos una mica a trav\u00e9s d&#8217;aquest video.<\/p>\n<p><a href=\"https:\/\/photos.app.goo.gl\/q94v8RaPrHeEBzrq9\" target=\"_blank\" rel=\"noopener noreferrer\"><img loading=\"lazy\" decoding=\"async\" class=\"aligncenter size-large wp-image-2230\" src=\"https:\/\/agora.xtec.cat\/escolaconcordia\/wp-content\/uploads\/usu2135\/2021\/06\/image-1024x576.png\" alt=\"\" width=\"1024\" height=\"576\" srcset=\"https:\/\/agora.xtec.cat\/escolaconcordia\/wp-content\/uploads\/usu2135\/2021\/06\/image.png 1024w, https:\/\/agora.xtec.cat\/escolaconcordia\/wp-content\/uploads\/usu2135\/2021\/06\/image-300x169.png 300w, https:\/\/agora.xtec.cat\/escolaconcordia\/wp-content\/uploads\/usu2135\/2021\/06\/image-768x432.png 768w\" sizes=\"auto, (max-width: 1024px) 100vw, 1024px\" \/><\/a><\/p>\n<p>&#8230; I mireu totes aquestes fotos&#8230;<\/p>\n<p><a href=\"https:\/\/photos.app.goo.gl\/iGRCJrcM3YhEKurC6\" target=\"_blank\" rel=\"noopener noreferrer\"><img loading=\"lazy\" decoding=\"async\" class=\"aligncenter size-large wp-image-2231\" src=\"https:\/\/agora.xtec.cat\/escolaconcordia\/wp-content\/uploads\/usu2135\/2021\/06\/image-c\u00f2pia-1024x576.jpg\" alt=\"\" width=\"1024\" height=\"576\" srcset=\"https:\/\/agora.xtec.cat\/escolaconcordia\/wp-content\/uploads\/usu2135\/2021\/06\/image-c\u00f2pia.jpg 1024w, https:\/\/agora.xtec.cat\/escolaconcordia\/wp-content\/uploads\/usu2135\/2021\/06\/image-c\u00f2pia-300x169.jpg 300w, https:\/\/agora.xtec.cat\/escolaconcordia\/wp-content\/uploads\/usu2135\/2021\/06\/image-c\u00f2pia-768x432.jpg 768w\" sizes=\"auto, (max-width: 1024px) 100vw, 1024px\" \/><\/a><\/p>\n<h2><span style=\"color: #99cc00;\"><strong>ANEM D&#8217;EXCURSI\u00d3 AL CIM D&#8217;\u00c0LIGUES<\/strong><\/span><\/h2>\n<p>El grup de 1r C hem pogut realitzar una visita al &#8220;Cim d&#8217;\u00e0ligues&#8221;.<\/p>\n<p>Ha estat una experi\u00e8ncia fant\u00e0stica. Ens ha encantat con\u00e8ixer moltes coses sobre les aus rapinyaires i poder veure-les de molt a prop.<\/p>\n<p>Aqu\u00ed teniu un V\u00cdDEO i &#8230;<\/p>\n<p><a href=\"https:\/\/photos.app.goo.gl\/n2eDsoNhK1MJVgVK8\" target=\"_blank\" rel=\"noopener noreferrer\"><img loading=\"lazy\" decoding=\"async\" class=\"aligncenter size-large wp-image-2214\" src=\"https:\/\/agora.xtec.cat\/escolaconcordia\/wp-content\/uploads\/usu2135\/2021\/05\/image-2-1024x576.png\" alt=\"\" width=\"1024\" height=\"576\" srcset=\"https:\/\/agora.xtec.cat\/escolaconcordia\/wp-content\/uploads\/usu2135\/2021\/05\/image-2.png 1024w, https:\/\/agora.xtec.cat\/escolaconcordia\/wp-content\/uploads\/usu2135\/2021\/05\/image-2-300x169.png 300w, https:\/\/agora.xtec.cat\/escolaconcordia\/wp-content\/uploads\/usu2135\/2021\/05\/image-2-768x432.png 768w\" sizes=\"auto, (max-width: 1024px) 100vw, 1024px\" \/><\/a><\/p>\n<p>&#8230;moltes FOTOS perqu\u00e8 veieu com vam gaudir.<\/p>\n<p><a href=\"https:\/\/photos.app.goo.gl\/RB92P7q45SQbUaFF6\" target=\"_blank\" rel=\"noopener noreferrer\"><img loading=\"lazy\" decoding=\"async\" class=\"aligncenter size-large wp-image-2216\" src=\"https:\/\/agora.xtec.cat\/escolaconcordia\/wp-content\/uploads\/usu2135\/2021\/05\/image-3-1024x576.png\" alt=\"\" width=\"1024\" height=\"576\" srcset=\"https:\/\/agora.xtec.cat\/escolaconcordia\/wp-content\/uploads\/usu2135\/2021\/05\/image-3.png 1024w, https:\/\/agora.xtec.cat\/escolaconcordia\/wp-content\/uploads\/usu2135\/2021\/05\/image-3-300x169.png 300w, https:\/\/agora.xtec.cat\/escolaconcordia\/wp-content\/uploads\/usu2135\/2021\/05\/image-3-768x432.png 768w\" sizes=\"auto, (max-width: 1024px) 100vw, 1024px\" \/><\/a><\/p>\n<h2><span style=\"color: #99cc00;\"><strong>TALLER BUFACONTES<\/strong><\/span><\/h2>\n<p>Els alumnes de 4t C ens han explicat uns contes que han preparat en el taller &#8220;Bufacontes&#8221;. Ho hem fet en el pati de les moreres, hem mantingut la dist\u00e0ncia de seguretat i hem gaudit de l&#8217;experi\u00e8ncia. Els alumnes de 4t C ho han fet molt b\u00e9 i a nosaltres ens ha agradat molt\u00edssim escoltar-los.<\/p>\n<h2><a href=\"https:\/\/photos.app.goo.gl\/Sg4RWFa8zyqhViJj6\" target=\"_blank\" rel=\"noopener noreferrer\"><img loading=\"lazy\" decoding=\"async\" class=\"aligncenter size-large wp-image-2233\" src=\"https:\/\/agora.xtec.cat\/escolaconcordia\/wp-content\/uploads\/usu2135\/2021\/06\/image-c\u00f2pia-1-1024x576.jpg\" alt=\"\" width=\"1024\" height=\"576\" srcset=\"https:\/\/agora.xtec.cat\/escolaconcordia\/wp-content\/uploads\/usu2135\/2021\/06\/image-c\u00f2pia-1.jpg 1024w, https:\/\/agora.xtec.cat\/escolaconcordia\/wp-content\/uploads\/usu2135\/2021\/06\/image-c\u00f2pia-1-300x169.jpg 300w, https:\/\/agora.xtec.cat\/escolaconcordia\/wp-content\/uploads\/usu2135\/2021\/06\/image-c\u00f2pia-1-768x432.jpg 768w\" sizes=\"auto, (max-width: 1024px) 100vw, 1024px\" \/><\/a><\/h2>\n<h2><span style=\"color: #99cc00;\"><strong>SORTIDA A CAN VANDRELL<\/strong><\/span><\/h2>\n<p>1r C hem anat a la casa de col\u00f2nies &#8220;Can Vandrell&#8221;, a Girona, i hem pogut gaudir d&#8217;un dia ple d&#8217;activitats d&#8217;aventura. Ha estat fant\u00e0stic!<\/p>\n<p><a href=\"https:\/\/photos.app.goo.gl\/EijVyvTt9USc6SNQA\" target=\"_blank\" rel=\"noopener noreferrer\"><img loading=\"lazy\" decoding=\"async\" class=\"aligncenter size-large wp-image-2199\" src=\"https:\/\/agora.xtec.cat\/escolaconcordia\/wp-content\/uploads\/usu2135\/2021\/05\/image-1-1024x576.png\" alt=\"\" width=\"1024\" height=\"576\" srcset=\"https:\/\/agora.xtec.cat\/escolaconcordia\/wp-content\/uploads\/usu2135\/2021\/05\/image-1.png 1024w, https:\/\/agora.xtec.cat\/escolaconcordia\/wp-content\/uploads\/usu2135\/2021\/05\/image-1-300x169.png 300w, https:\/\/agora.xtec.cat\/escolaconcordia\/wp-content\/uploads\/usu2135\/2021\/05\/image-1-768x432.png 768w\" sizes=\"auto, (max-width: 1024px) 100vw, 1024px\" \/><\/a><\/p>\n<h2><span style=\"color: #99cc00;\"><strong>DESCOBRIM ELS VOLCANS DE VENUS<\/strong><\/span><\/h2>\n<p>Hem apr\u00e8s que Venus \u00e9s un planeta que est\u00e0 ple de volcans actius. Per imitar les erupcions dels seus volcans, fem un\u00a0 experiment i descobrim quins ingredients interaccionen entre ells i\u00a0 provoquen erupcions.<\/p>\n<p><a href=\"https:\/\/photos.app.goo.gl\/1qb9ridrPkJuHdLi9\" target=\"_blank\" rel=\"noopener noreferrer\"><img loading=\"lazy\" decoding=\"async\" class=\"aligncenter size-large wp-image-2177\" src=\"https:\/\/agora.xtec.cat\/escolaconcordia\/wp-content\/uploads\/usu2135\/2021\/05\/20210225_154057-2-1024x576.jpg\" alt=\"\" width=\"1024\" height=\"576\" srcset=\"https:\/\/agora.xtec.cat\/escolaconcordia\/wp-content\/uploads\/usu2135\/2021\/05\/20210225_154057-2.jpg 1024w, https:\/\/agora.xtec.cat\/escolaconcordia\/wp-content\/uploads\/usu2135\/2021\/05\/20210225_154057-2-300x169.jpg 300w, https:\/\/agora.xtec.cat\/escolaconcordia\/wp-content\/uploads\/usu2135\/2021\/05\/20210225_154057-2-768x432.jpg 768w\" sizes=\"auto, (max-width: 1024px) 100vw, 1024px\" \/><\/a><\/p>\n<h2><span style=\"color: #99cc00;\"><strong>DESCOBRIM LES TEMPESTES DE J\u00daPITER<\/strong><\/span><\/h2>\n<p>Hem\u00a0 apr\u00e8s que J\u00fapiter t\u00e9 moltes tempestes. De fet, hem descobert que t\u00e9 una gran taca vermella, m\u00e9s gran que el planeta Terra, que resulta que \u00e9s una tempesta que ja fa m\u00e9s de 300 anys que dura!<\/p>\n<p>Per imitar aquestes tempestes de manera art\u00edstica, hem treballat amb llet, colorant i rentavaixelles. Aqu\u00ed en teniu els resultats. Ha estat molt divertit!<\/p>\n<p><a href=\"https:\/\/photos.app.goo.gl\/fvTLiV5d2KQzt3r88\" target=\"_blank\" rel=\"noopener noreferrer\"><img loading=\"lazy\" decoding=\"async\" class=\"aligncenter size-large wp-image-2175\" src=\"https:\/\/agora.xtec.cat\/escolaconcordia\/wp-content\/uploads\/usu2135\/2021\/05\/20210422_160328-1-1024x576.jpg\" alt=\"\" width=\"1024\" height=\"576\" srcset=\"https:\/\/agora.xtec.cat\/escolaconcordia\/wp-content\/uploads\/usu2135\/2021\/05\/20210422_160328-1.jpg 1024w, https:\/\/agora.xtec.cat\/escolaconcordia\/wp-content\/uploads\/usu2135\/2021\/05\/20210422_160328-1-300x169.jpg 300w, https:\/\/agora.xtec.cat\/escolaconcordia\/wp-content\/uploads\/usu2135\/2021\/05\/20210422_160328-1-768x432.jpg 768w\" sizes=\"auto, (max-width: 1024px) 100vw, 1024px\" \/><\/a><\/p>\n<h2><span style=\"color: #99cc00;\">INTENTEM ENTENDRE ELS ANELLS DE SATURN<\/span><\/h2>\n<p>Hem\u00a0 descobert que el planeta Saturn t\u00e9 uns anells enormes girant al seu voltant. Per\u00f2 resulta que estan formats per trossos de roques i gel que giren molt de pressa al seu voltant. Per entendre com pot ser aix\u00f2, fem un experiment amb alcohol, aigua i oli.<\/p>\n<p>Ha sigut molt interessant!<\/p>\n<p><a href=\"https:\/\/agora.xtec.cat\/escolaconcordia\/wp-content\/uploads\/usu2135\/2021\/05\/image.png\" target=\"_blank\" rel=\"noopener noreferrer\"><img loading=\"lazy\" decoding=\"async\" class=\"aligncenter size-large wp-image-2174\" src=\"https:\/\/agora.xtec.cat\/escolaconcordia\/wp-content\/uploads\/usu2135\/2021\/05\/image-1024x576.png\" alt=\"\" width=\"1024\" height=\"576\" srcset=\"https:\/\/agora.xtec.cat\/escolaconcordia\/wp-content\/uploads\/usu2135\/2021\/05\/image.png 1024w, https:\/\/agora.xtec.cat\/escolaconcordia\/wp-content\/uploads\/usu2135\/2021\/05\/image-300x169.png 300w, https:\/\/agora.xtec.cat\/escolaconcordia\/wp-content\/uploads\/usu2135\/2021\/05\/image-768x432.png 768w\" sizes=\"auto, (max-width: 1024px) 100vw, 1024px\" \/><\/a><\/p>\n<h2><span style=\"color: #99cc00;\"><strong>FEM ZUMBA!<\/strong><\/span><\/h2>\n<p>Una monitora del Club de Nataci\u00f3 de Sabadell, ha vingut a l&#8217;escola a mostrar-nos una classe de zumba.<\/p>\n<p>Ens ho hem passat genial!<\/p>\n<p><a href=\"https:\/\/photos.app.goo.gl\/2Mqq4nRVyuL2awoS6\" target=\"_blank\" rel=\"noopener noreferrer\"><img loading=\"lazy\" decoding=\"async\" class=\"aligncenter size-large wp-image-2150\" src=\"https:\/\/agora.xtec.cat\/escolaconcordia\/wp-content\/uploads\/usu2135\/2021\/05\/image-c\u00f2pia-1024x576.jpg\" alt=\"\" width=\"1024\" height=\"576\" srcset=\"https:\/\/agora.xtec.cat\/escolaconcordia\/wp-content\/uploads\/usu2135\/2021\/05\/image-c\u00f2pia.jpg 1024w, https:\/\/agora.xtec.cat\/escolaconcordia\/wp-content\/uploads\/usu2135\/2021\/05\/image-c\u00f2pia-300x169.jpg 300w, https:\/\/agora.xtec.cat\/escolaconcordia\/wp-content\/uploads\/usu2135\/2021\/05\/image-c\u00f2pia-768x432.jpg 768w\" sizes=\"auto, (max-width: 1024px) 100vw, 1024px\" \/><\/a><\/p>\n<p>&nbsp;<\/p>\n","protected":false},"excerpt":{"rendered":"<p>FEM D&#8217;ARTISTES<br \/>\nA la nostra escola cada curs\u00a0 &#8220;fem d&#8217;artistes&#8221;.\u00a0 Voleu entrar i veure el Museu Conc\u00f2rdia? Podeu clicar a sobre de la imatge i gaudir de la visita.<br \/>\n<a href=\"https:\/\/drive.google.com\/file\/d\/14qumm3JP8PjbCJhftgS3O58IIcJ_d_gp\/view?usp=sharing\" target=\"_blank\" rel=\"noopener noreferrer\"><\/a><br \/>\nSORTIDA\u00a0 A\u00a0 CAN\u00a0 GAMB\u00daS<br \/>\nAvui hem anat al parc de Can Gamb\u00fas a gaudir d&#8217;un&hellip;  <a href=\"https:\/\/agora.xtec.cat\/escolaconcordia\/cursos\/1rc\/\" title=\"Read 1rC\">Llegeix m\u00e9s\u00bb<\/a><\/p>\n","protected":false},"author":1,"featured_media":0,"parent":728,"menu_order":90,"comment_status":"closed","ping_status":"closed","template":"","meta":{"_bbp_topic_count":0,"_bbp_reply_count":0,"_bbp_total_topic_count":0,"_bbp_total_reply_count":0,"_bbp_voice_count":0,"_bbp_anonymous_reply_count":0,"_bbp_topic_count_hidden":0,"_bbp_reply_count_hidden":0,"_bbp_forum_subforum_count":0,"footnotes":""},"class_list":["post-1092","page","type-page","status-publish","hentry"],"post_mailing_queue_ids":[],"_links":{"self":[{"href":"https:\/\/agora.xtec.cat\/escolaconcordia\/wp-json\/wp\/v2\/pages\/1092","targetHints":{"allow":["GET"]}}],"collection":[{"href":"https:\/\/agora.xtec.cat\/escolaconcordia\/wp-json\/wp\/v2\/pages"}],"about":[{"href":"https:\/\/agora.xtec.cat\/escolaconcordia\/wp-json\/wp\/v2\/types\/page"}],"author":[{"embeddable":true,"href":"https:\/\/agora.xtec.cat\/escolaconcordia\/wp-json\/wp\/v2\/users\/1"}],"replies":[{"embeddable":true,"href":"https:\/\/agora.xtec.cat\/escolaconcordia\/wp-json\/wp\/v2\/comments?post=1092"}],"version-history":[{"count":4,"href":"https:\/\/agora.xtec.cat\/escolaconcordia\/wp-json\/wp\/v2\/pages\/1092\/revisions"}],"predecessor-version":[{"id":2519,"href":"https:\/\/agora.xtec.cat\/escolaconcordia\/wp-json\/wp\/v2\/pages\/1092\/revisions\/2519"}],"up":[{"embeddable":true,"href":"https:\/\/agora.xtec.cat\/escolaconcordia\/wp-json\/wp\/v2\/pages\/728"}],"wp:attachment":[{"href":"https:\/\/agora.xtec.cat\/escolaconcordia\/wp-json\/wp\/v2\/media?parent=1092"}],"curies":[{"name":"wp","href":"https:\/\/api.w.org\/{rel}","templated":true}]}}