{"id":1071,"date":"2020-12-11T15:08:54","date_gmt":"2020-12-11T14:08:54","guid":{"rendered":"https:\/\/agora.xtec.cat\/escolaconcordia\/?page_id=1071"},"modified":"2021-06-15T23:18:39","modified_gmt":"2021-06-15T21:18:39","slug":"4t-c","status":"publish","type":"page","link":"https:\/\/agora.xtec.cat\/escolaconcordia\/cursos\/4t-c\/","title":{"rendered":"4t C"},"content":{"rendered":"<h2><span style=\"color: #99cc00;\"><strong>FEM D&#8217;ARTISTES<\/strong><\/span><\/h2>\n<p>A la nostra escola cada curs\u00a0 &#8220;fem d&#8217;artistes&#8221;.\u00a0 Voleu entrar i veure el Museu Conc\u00f2rdia? Podeu clicar a sobre de la imatge i gaudir de la visita.<\/p>\n<table>\n<tbody>\n<tr>\n<td>\n<h2><span style=\"color: #99cc00;\"><strong><a href=\"https:\/\/drive.google.com\/file\/d\/1BSWzYlOHyN4wqsLhfQYfb0kPr6ZdTTUD\/view?usp=sharing\" target=\"_blank\" rel=\"noopener noreferrer\"><img loading=\"lazy\" decoding=\"async\" class=\"aligncenter wp-image-2499\" src=\"https:\/\/agora.xtec.cat\/escolaconcordia\/wp-content\/uploads\/usu2135\/2021\/06\/4A-1-1024x576.jpg\" alt=\"\" width=\"322\" height=\"181\" srcset=\"https:\/\/agora.xtec.cat\/escolaconcordia\/wp-content\/uploads\/usu2135\/2021\/06\/4A-1.jpg 1024w, https:\/\/agora.xtec.cat\/escolaconcordia\/wp-content\/uploads\/usu2135\/2021\/06\/4A-1-300x169.jpg 300w, https:\/\/agora.xtec.cat\/escolaconcordia\/wp-content\/uploads\/usu2135\/2021\/06\/4A-1-768x432.jpg 768w\" sizes=\"auto, (max-width: 322px) 100vw, 322px\" \/><\/a><\/strong><\/span><\/h2>\n<\/td>\n<td><a href=\"https:\/\/drive.google.com\/file\/d\/10mYxWBC-_UJj-VNGOKm7gUdU86bN2NoT\/view?usp=sharing\" target=\"_blank\" rel=\"noopener noreferrer\"><img loading=\"lazy\" decoding=\"async\" class=\"aligncenter  wp-image-2501\" src=\"https:\/\/agora.xtec.cat\/escolaconcordia\/wp-content\/uploads\/usu2135\/2021\/06\/4B-1-1024x576.jpg\" alt=\"\" width=\"328\" height=\"185\" srcset=\"https:\/\/agora.xtec.cat\/escolaconcordia\/wp-content\/uploads\/usu2135\/2021\/06\/4B-1.jpg 1024w, https:\/\/agora.xtec.cat\/escolaconcordia\/wp-content\/uploads\/usu2135\/2021\/06\/4B-1-300x169.jpg 300w, https:\/\/agora.xtec.cat\/escolaconcordia\/wp-content\/uploads\/usu2135\/2021\/06\/4B-1-768x432.jpg 768w\" sizes=\"auto, (max-width: 328px) 100vw, 328px\" \/><\/a><\/td>\n<\/tr>\n<\/tbody>\n<\/table>\n<h2><span style=\"color: #99cc00;\"><strong>COMPARTIM LES NOSTRES CAPSES BUFACONTES<\/strong><\/span><\/h2>\n<p>Aquest trimestre les nenes i els nens de 4t hem fet el\u00a0 taller de xerrameca del Bufacontes. Ens hem esfor\u00e7at molt\u00edssim per preparar l&#8217;exposici\u00f3 oral i hem construit\u00a0la nostra pr\u00f2pia\u00a0 capsa Bufacontes\u00a0 amb l&#8217;ajuda de les nostres fam\u00edlies.<\/p>\n<p>Com a cloenda del taller hem explicat a les\u00a0 companyes i companys de 1r\u00a0 els contes que hem preparat. Ha estat una experi\u00e8ncia emocionant i hem gaudit molt\u00edssim!<\/p>\n<p>No us perdeu les imatges de l&#8217;activitat.<\/p>\n<p><a href=\"https:\/\/photos.app.goo.gl\/wsYvTzfDuJgMn8zi6\" target=\"_blank\" rel=\"noopener noreferrer\"><img loading=\"lazy\" decoding=\"async\" class=\"aligncenter size-large wp-image-2310\" src=\"https:\/\/agora.xtec.cat\/escolaconcordia\/wp-content\/uploads\/usu2135\/2021\/06\/tempImageFRbHTu-1024x768.jpg\" alt=\"\" width=\"1024\" height=\"768\" srcset=\"https:\/\/agora.xtec.cat\/escolaconcordia\/wp-content\/uploads\/usu2135\/2021\/06\/tempImageFRbHTu.jpg 1024w, https:\/\/agora.xtec.cat\/escolaconcordia\/wp-content\/uploads\/usu2135\/2021\/06\/tempImageFRbHTu-300x225.jpg 300w, https:\/\/agora.xtec.cat\/escolaconcordia\/wp-content\/uploads\/usu2135\/2021\/06\/tempImageFRbHTu-768x576.jpg 768w, https:\/\/agora.xtec.cat\/escolaconcordia\/wp-content\/uploads\/usu2135\/2021\/06\/tempImageFRbHTu-200x150.jpg 200w\" sizes=\"auto, (max-width: 1024px) 100vw, 1024px\" \/><\/a><\/p>\n<h2 dir=\"auto\"><span style=\"color: #99cc00;\"><strong>SORTIDA A MAS BANYERES<\/strong><\/span><\/h2>\n<p>Gaireb\u00e9 ja hem superat aquest curs tant diferent i \u00e9s per aix\u00f2 que ens hem guanyat una super recompensa al nostre esfor\u00e7. Per aquest motiu el dimarts 25 vam anar d&#8217;excursi\u00f3 a la casa de col\u00f2nies Mas Banyeres i vam poder gaudir d&#8217;un dia ple d&#8217;aventures i diversi\u00f3. Ens vam llen\u00e7ar amb tirolina, vam fer un circuit pels arbres anomenat bosc del cel i vam fer un roc\u00f2drom for\u00e7a complicat.<\/p>\n<p>Si voleu veure que b\u00e9 ens ho vam passar mireu aquestes fotos.<\/p>\n<p><a href=\"https:\/\/photos.app.goo.gl\/HF466VWY7ANkXzsZA\" target=\"_blank\" rel=\"noopener noreferrer\"><img loading=\"lazy\" decoding=\"async\" class=\"aligncenter size-large wp-image-2254\" src=\"https:\/\/agora.xtec.cat\/escolaconcordia\/wp-content\/uploads\/usu2135\/2021\/06\/IMG_20210525_111431-1024x769.jpg\" alt=\"\" width=\"1024\" height=\"769\" srcset=\"https:\/\/agora.xtec.cat\/escolaconcordia\/wp-content\/uploads\/usu2135\/2021\/06\/IMG_20210525_111431.jpg 1024w, https:\/\/agora.xtec.cat\/escolaconcordia\/wp-content\/uploads\/usu2135\/2021\/06\/IMG_20210525_111431-300x225.jpg 300w, https:\/\/agora.xtec.cat\/escolaconcordia\/wp-content\/uploads\/usu2135\/2021\/06\/IMG_20210525_111431-768x577.jpg 768w, https:\/\/agora.xtec.cat\/escolaconcordia\/wp-content\/uploads\/usu2135\/2021\/06\/IMG_20210525_111431-200x150.jpg 200w\" sizes=\"auto, (max-width: 1024px) 100vw, 1024px\" \/><\/a><\/p>\n<h2 dir=\"auto\"><span style=\"color: #99cc00;\"><strong>VISITA A LA MASIA DE CAN DEU<\/strong><\/span><\/h2>\n<p>Les nenes i els nens de 4t vam anar el 20 d\u2019abril a la Masia de Can Deu. Vam anar i tornar caminant. Ens van explicar com es feia l\u2019oli antigament en una masia i les eines que feien servir, ens van ensenyar les oliveres i el proc\u00e9s per produir aquest aliment tant saludable. Tamb\u00e9 vam veure els animals que hi havia a la granja.<\/p>\n<p>Per acabar vam fer un taller de sab\u00f3 amb oli \u00a0i ens vam emportar a casa la pe\u00e7a de sab\u00f3 que vam fer.<\/p>\n<p>Vam esmorzar i dinar a la masia, ens ho vam passar genial!!!!<\/p>\n<p><a href=\"https:\/\/photos.app.goo.gl\/7mCpJ3CbcSoaP4da9\" target=\"_blank\" rel=\"noopener noreferrer\"><img loading=\"lazy\" decoding=\"async\" class=\"aligncenter size-large wp-image-2134\" src=\"https:\/\/agora.xtec.cat\/escolaconcordia\/wp-content\/uploads\/usu2135\/2021\/05\/tempImageWEsyFP-768x1024.jpg\" alt=\"\" width=\"768\" height=\"1024\" srcset=\"https:\/\/agora.xtec.cat\/escolaconcordia\/wp-content\/uploads\/usu2135\/2021\/05\/tempImageWEsyFP.jpg 768w, https:\/\/agora.xtec.cat\/escolaconcordia\/wp-content\/uploads\/usu2135\/2021\/05\/tempImageWEsyFP-225x300.jpg 225w\" sizes=\"auto, (max-width: 768px) 100vw, 768px\" \/><\/a><\/p>\n<h2><span style=\"color: #99cc00;\"><strong>CELEBREM SANT JORDI<\/strong><\/span><\/h2>\n<p>El 23 d\u2019abril vam celebrar Sant Jordi a l\u2019escola, pel mat\u00ed vam fer una manualitat a classe,\u201d una rosa m\u00e0gica\u201d, i a continuaci\u00f3 vam escoltar els contes del Cesc Serrat, un contacontes molt divertit que venia acompanyat de les seves titelles i d\u2019un m\u00fasic.<\/p>\n<p>A la tarda vam celebrar els Jocs Florals, tots i totes vam fer uns cal\u00b7ligrames genials, per\u00f2 el jurat va haver de triar un\/a guanyador\/a \u00a0i dos finalistes per grup classe.<\/p>\n<p>A m\u00e9s, el drac de Sant Jordi ens va regalar dos llibres per a cada classe, i ens van agradar molt.<\/p>\n<h2 dir=\"auto\"><span style=\"color: #99cc00;\"><strong>JUGUEM A HOQUEI<\/strong><\/span><\/h2>\n<p dir=\"auto\">Al Conc\u00f2rdia no es camina &#8230;es balla!!!! \u00a0I a ritme de Hip hop!<\/p>\n<p dir=\"auto\">Ho vols veure?<\/p>\n<p dir=\"auto\"><a href=\"https:\/\/photos.app.goo.gl\/geSrtbtNB1YSceLVA\" target=\"_blank\" rel=\"noopener noreferrer\"><img loading=\"lazy\" decoding=\"async\" class=\"aligncenter size-large wp-image-2015\" src=\"https:\/\/agora.xtec.cat\/escolaconcordia\/wp-content\/uploads\/usu2135\/2021\/04\/20210302_155835-1024x576.jpg\" alt=\"\" width=\"1024\" height=\"576\" srcset=\"https:\/\/agora.xtec.cat\/escolaconcordia\/wp-content\/uploads\/usu2135\/2021\/04\/20210302_155835.jpg 1024w, https:\/\/agora.xtec.cat\/escolaconcordia\/wp-content\/uploads\/usu2135\/2021\/04\/20210302_155835-300x169.jpg 300w, https:\/\/agora.xtec.cat\/escolaconcordia\/wp-content\/uploads\/usu2135\/2021\/04\/20210302_155835-768x432.jpg 768w\" sizes=\"auto, (max-width: 1024px) 100vw, 1024px\" \/><\/a><\/p>\n<h2 dir=\"auto\"><strong><span style=\"color: #99cc00;\">CAN GAMB\u00daS TRAIL<\/span><\/strong><\/h2>\n<p dir=\"auto\">Hem fet una sessi\u00f3 d&#8217;Educaci\u00f3 F\u00edsica diferent&#8230;. Hem anat a Can Gamb\u00fas i per equips hem superat diferents reptes: hem saltat, volat en tirolina, escalat, &#8230;. Alguns molt dif\u00edcils! Per\u00f2 junts l&#8217;hem aconseguit!<\/p>\n<p dir=\"auto\"><a href=\"https:\/\/photos.app.goo.gl\/qbU1qErJcRui2YBk9\" target=\"_blank\" rel=\"noopener noreferrer\"><img loading=\"lazy\" decoding=\"async\" class=\"aligncenter size-large wp-image-2014\" src=\"https:\/\/agora.xtec.cat\/escolaconcordia\/wp-content\/uploads\/usu2135\/2021\/04\/20210322_103705-1024x576.jpg\" alt=\"\" width=\"1024\" height=\"576\" srcset=\"https:\/\/agora.xtec.cat\/escolaconcordia\/wp-content\/uploads\/usu2135\/2021\/04\/20210322_103705.jpg 1024w, https:\/\/agora.xtec.cat\/escolaconcordia\/wp-content\/uploads\/usu2135\/2021\/04\/20210322_103705-300x169.jpg 300w, https:\/\/agora.xtec.cat\/escolaconcordia\/wp-content\/uploads\/usu2135\/2021\/04\/20210322_103705-768x432.jpg 768w\" sizes=\"auto, (max-width: 1024px) 100vw, 1024px\" \/><\/a><\/p>\n<h2 dir=\"auto\"><span style=\"color: #99cc00;\"><strong>A RITME DE HIP-HOP<\/strong><\/span><\/h2>\n<div class=\"gmail_default\">Aquest trimestre hem treballat el hoquei: passades, tirs, conduccions i partidets!<\/div>\n<p>&nbsp;<\/p>\n<h2><a href=\"https:\/\/photos.app.goo.gl\/hJvWnhfRCppJTLCb6\" target=\"_blank\" rel=\"noopener noreferrer\"><img loading=\"lazy\" decoding=\"async\" class=\"aligncenter size-large wp-image-2016\" src=\"https:\/\/agora.xtec.cat\/escolaconcordia\/wp-content\/uploads\/usu2135\/2021\/04\/20210226_154506-1024x461.jpg\" alt=\"\" width=\"1024\" height=\"461\" srcset=\"https:\/\/agora.xtec.cat\/escolaconcordia\/wp-content\/uploads\/usu2135\/2021\/04\/20210226_154506.jpg 1024w, https:\/\/agora.xtec.cat\/escolaconcordia\/wp-content\/uploads\/usu2135\/2021\/04\/20210226_154506-300x135.jpg 300w, https:\/\/agora.xtec.cat\/escolaconcordia\/wp-content\/uploads\/usu2135\/2021\/04\/20210226_154506-768x346.jpg 768w\" sizes=\"auto, (max-width: 1024px) 100vw, 1024px\" \/><\/a><\/h2>\n<h2><strong><span style=\"color: #99cc00;\">TALLER XERRAMECA<\/span><\/strong><\/h2>\n<p dir=\"auto\">Les nenes i els nens de 4t us volem ensenyar el resultat del treball\u00a0 del taller de XERRAMECA.<\/p>\n<p dir=\"auto\">Hem treballat\u00a0 a partir d\u2019una situaci\u00f3 propera i quotidiana com \u00e9s el di\u00e0leg entre un\/a cambrer\/a i un\/a client\/a ben segur, que a partir d\u2019ara quan anem a un restaurant posarem en pr\u00e0ctica el que hem apr\u00e8s.<\/p>\n<p dir=\"auto\"><a href=\"https:\/\/photos.app.goo.gl\/bGREezy3euMLxdY18\">Gaudiu dels v\u00eddeos!<\/a><\/p>\n<h2><strong><span style=\"color: #99cc00;\">EXPERI\u00c8NCIES AMB LA MESURA<\/span><\/strong><\/h2>\n<p>Els nens i les nenes de 4t hem\u00a0 treballat\u00a0 la longitud i les seves unitat de mesura.\u00a0\u00a0Ens hem organitzat en grups de treball i hem descobert quines unitats de mesura hi ha i com podem mesurar diferents dist\u00e0ncies.<\/p>\n<p>Durant les activitats hem fet estimacions abans de mesurar i fer la comprovaci\u00f3 utilitzant\u00a0 la comparaci\u00f3 d\u2019elements, mesurant amb pams i passos i partint de la nostra mesura com a punt refer\u00e8ncia. A m\u00e9s a m\u00e9s, hem hagut de seleccionar quina eina utilitzar per mesura en funci\u00f3 de la dist\u00e0ncia i per \u00faltim, hem apr\u00e8s a fer canvis d\u2019unitats.<\/p>\n<p>Ha estat una experi\u00e8ncia molt divertida!<\/p>\n<p><a href=\"https:\/\/photos.app.goo.gl\/wLiuhTVAmtGPfTqM6\"><img loading=\"lazy\" decoding=\"async\" class=\"alignnone size-large wp-image-1350\" src=\"https:\/\/agora.xtec.cat\/escolaconcordia\/wp-content\/uploads\/usu2135\/2021\/01\/Mesura-4t-1024x768.jpg\" alt=\"\" width=\"1024\" height=\"768\" srcset=\"https:\/\/agora.xtec.cat\/escolaconcordia\/wp-content\/uploads\/usu2135\/2021\/01\/Mesura-4t.jpg 1024w, https:\/\/agora.xtec.cat\/escolaconcordia\/wp-content\/uploads\/usu2135\/2021\/01\/Mesura-4t-300x225.jpg 300w, https:\/\/agora.xtec.cat\/escolaconcordia\/wp-content\/uploads\/usu2135\/2021\/01\/Mesura-4t-768x576.jpg 768w, https:\/\/agora.xtec.cat\/escolaconcordia\/wp-content\/uploads\/usu2135\/2021\/01\/Mesura-4t-200x150.jpg 200w\" sizes=\"auto, (max-width: 1024px) 100vw, 1024px\" \/><\/a><\/p>\n<h2><span style=\"color: #99cc00;\">AVENGERS<\/span><\/h2>\n<p>Els &#8220;Avengers&#8221; ens han demanat ajuda als nens i nenes de 4t C.<\/p>\n<p>Durant les sessions d&#8217;Educaci\u00f3 F\u00edsica hem fet els nostres propis equips d&#8217;Avengers, hem treballat i &#8220;suat la samarreta&#8221; i hem superat els reptes proposats.<\/p>\n<p>L&#8217;objectiu final: aconseguir les &#8220;gemmes de poder&#8221;! Ho vols veure? Cliqueu sobre la imatge!<\/p>\n<p><a href=\"https:\/\/photos.app.goo.gl\/u3r6PXpbx4Puj1Kk7\"><img loading=\"lazy\" decoding=\"async\" class=\"alignnone size-large wp-image-1202\" src=\"https:\/\/agora.xtec.cat\/escolaconcordia\/wp-content\/uploads\/usu2135\/2020\/12\/20201221_092214-1-1024x670.jpg\" alt=\"\" width=\"1024\" height=\"670\" srcset=\"https:\/\/agora.xtec.cat\/escolaconcordia\/wp-content\/uploads\/usu2135\/2020\/12\/20201221_092214-1-1024x670.jpg 1024w, https:\/\/agora.xtec.cat\/escolaconcordia\/wp-content\/uploads\/usu2135\/2020\/12\/20201221_092214-1-300x196.jpg 300w, https:\/\/agora.xtec.cat\/escolaconcordia\/wp-content\/uploads\/usu2135\/2020\/12\/20201221_092214-1-768x502.jpg 768w\" sizes=\"auto, (max-width: 1024px) 100vw, 1024px\" \/><\/a><\/p>\n<h2><span style=\"color: #99cc00;\">ANEM A BUSCAR EL TI\u00d3<\/span><\/h2>\n<p>&nbsp;<\/p>\n<p>Les nenes i els nens de 4t hem anat a buscar al Ti\u00f3 a un parc a prop de l&#8217;escola. Per trobar-lo hem fet una gimcana per equips molt divertida! Cada vegada que hem superat una prova hem aconseguit una imatge i quan hem tingut totes les imatges hem descobert que era un mapa amb l&#8217;ubicaci\u00f3 de l&#8217;amagatall del Ti\u00f3.<\/p>\n<p>Ens ho hem passat s\u00faper b\u00e9 i ens hem emportat al Ti\u00f3 a l&#8217;escola per cuidar-lo fins que ens cagui i torni a marxar.<\/p>\n<p>Si voleu veure qu\u00e8 b\u00e9 ens ho hem passat cliqueu a sobre de la imatge&#8230;<\/p>\n<p>&nbsp;<\/p>\n<p><a href=\"https:\/\/photos.app.goo.gl\/SAZnvJTa14pbVUcy6\"><img loading=\"lazy\" decoding=\"async\" class=\"alignnone wp-image-1150 size-large\" src=\"https:\/\/agora.xtec.cat\/escolaconcordia\/wp-content\/uploads\/usu2135\/2020\/12\/4tC-e1608306077444-768x1024.jpg\" alt=\"\" width=\"768\" height=\"1024\" srcset=\"https:\/\/agora.xtec.cat\/escolaconcordia\/wp-content\/uploads\/usu2135\/2020\/12\/4tC-e1608306077444.jpg 768w, https:\/\/agora.xtec.cat\/escolaconcordia\/wp-content\/uploads\/usu2135\/2020\/12\/4tC-e1608306077444-225x300.jpg 225w\" sizes=\"auto, (max-width: 768px) 100vw, 768px\" \/><\/a><\/p>\n<h2><strong><span style=\"color: #99cc00;\">EDUCACI\u00d3 F\u00cdSICA AL PARC DE LA ROMEUA<\/span><\/strong><\/h2>\n<p>Els nens i les nenes de 4t hem gaudit d&#8217;un mat\u00ed de treball per equips cooperatius al parc de la Romeua. Ens hem organitzat per equips i hem realitzat diferents proves esportives i activitats sobre les comarques catalanes. El treball en equip, la col\u00b7laboraci\u00f3, el respecte i les ganes de passar-ho b\u00e9 han estat claus per aconseguir superar els diferents reptes.<\/p>\n<p>Cliqueu a sobre l&#8217;<a href=\"https:\/\/photos.app.goo.gl\/2NJ3gMynWhf9Koyv5\">enlla\u00e7<\/a> per veure les imatges.<\/p>\n<h2><span style=\"color: #99cc00;\">JUGUEM A TENNIS!<\/span><\/h2>\n<p>Aquest curs hem comen\u00e7at a treballar el tennis a les classes d&#8217;Ed. F\u00edsica. Cops de dreta, de rev\u00e9s, volees&#8230;. i el repte d&#8217;aconseguir, per parelles, la jugada m\u00e9s llarga.<\/p>\n<p>&nbsp;<\/p>\n<p><a href=\"https:\/\/photos.app.goo.gl\/vF7ZR8yP6gXyZTMe7\"><img loading=\"lazy\" decoding=\"async\" class=\"alignnone size-large wp-image-1084\" src=\"https:\/\/agora.xtec.cat\/escolaconcordia\/wp-content\/uploads\/usu2135\/2020\/12\/Tennis-4tC-1024x768.jpg\" alt=\"\" width=\"1024\" height=\"768\" srcset=\"https:\/\/agora.xtec.cat\/escolaconcordia\/wp-content\/uploads\/usu2135\/2020\/12\/Tennis-4tC.jpg 1024w, https:\/\/agora.xtec.cat\/escolaconcordia\/wp-content\/uploads\/usu2135\/2020\/12\/Tennis-4tC-300x225.jpg 300w, https:\/\/agora.xtec.cat\/escolaconcordia\/wp-content\/uploads\/usu2135\/2020\/12\/Tennis-4tC-768x576.jpg 768w, https:\/\/agora.xtec.cat\/escolaconcordia\/wp-content\/uploads\/usu2135\/2020\/12\/Tennis-4tC-200x150.jpg 200w\" sizes=\"auto, (max-width: 1024px) 100vw, 1024px\" \/><\/a><\/p>\n<p>&nbsp;<\/p>\n","protected":false},"excerpt":{"rendered":"<p>FEM D&#8217;ARTISTES<br \/>\nA la nostra escola cada curs\u00a0 &#8220;fem d&#8217;artistes&#8221;.\u00a0 Voleu entrar i veure el Museu Conc\u00f2rdia? Podeu clicar a sobre de la imatge i gaudir de la visita.<\/p>\n<p><a href=\"https:\/\/drive.google.com\/file\/d\/1BSWzYlOHyN4wqsLhfQYfb0kPr6ZdTTUD\/view?usp=sharing\" target=\"_blank\" rel=\"noopener noreferrer\"><\/a><\/p>\n<p><a href=\"https:\/\/drive.google.com\/file\/d\/10mYxWBC-_UJj-VNGOKm7gUdU86bN2NoT\/view?usp=sharing\" target=\"_blank\" rel=\"noopener noreferrer\"><\/a><\/p>\n<p>COMPARTIM LES NOSTRES CAPSES BUFACONTES<br \/>\nAquest trimestre les nenes i els&hellip;  <a href=\"https:\/\/agora.xtec.cat\/escolaconcordia\/cursos\/4t-c\/\" title=\"Read 4t C\">Llegeix m\u00e9s\u00bb<\/a><\/p>\n","protected":false},"author":1,"featured_media":0,"parent":728,"menu_order":90,"comment_status":"closed","ping_status":"closed","template":"","meta":{"_bbp_topic_count":0,"_bbp_reply_count":0,"_bbp_total_topic_count":0,"_bbp_total_reply_count":0,"_bbp_voice_count":0,"_bbp_anonymous_reply_count":0,"_bbp_topic_count_hidden":0,"_bbp_reply_count_hidden":0,"_bbp_forum_subforum_count":0,"footnotes":""},"class_list":["post-1071","page","type-page","status-publish","hentry"],"post_mailing_queue_ids":[],"_links":{"self":[{"href":"https:\/\/agora.xtec.cat\/escolaconcordia\/wp-json\/wp\/v2\/pages\/1071","targetHints":{"allow":["GET"]}}],"collection":[{"href":"https:\/\/agora.xtec.cat\/escolaconcordia\/wp-json\/wp\/v2\/pages"}],"about":[{"href":"https:\/\/agora.xtec.cat\/escolaconcordia\/wp-json\/wp\/v2\/types\/page"}],"author":[{"embeddable":true,"href":"https:\/\/agora.xtec.cat\/escolaconcordia\/wp-json\/wp\/v2\/users\/1"}],"replies":[{"embeddable":true,"href":"https:\/\/agora.xtec.cat\/escolaconcordia\/wp-json\/wp\/v2\/comments?post=1071"}],"version-history":[{"count":4,"href":"https:\/\/agora.xtec.cat\/escolaconcordia\/wp-json\/wp\/v2\/pages\/1071\/revisions"}],"predecessor-version":[{"id":2503,"href":"https:\/\/agora.xtec.cat\/escolaconcordia\/wp-json\/wp\/v2\/pages\/1071\/revisions\/2503"}],"up":[{"embeddable":true,"href":"https:\/\/agora.xtec.cat\/escolaconcordia\/wp-json\/wp\/v2\/pages\/728"}],"wp:attachment":[{"href":"https:\/\/agora.xtec.cat\/escolaconcordia\/wp-json\/wp\/v2\/media?parent=1071"}],"curies":[{"name":"wp","href":"https:\/\/api.w.org\/{rel}","templated":true}]}}