{"id":1053,"date":"2020-12-07T10:13:34","date_gmt":"2020-12-07T09:13:34","guid":{"rendered":"https:\/\/agora.xtec.cat\/escolaconcordia\/?page_id=1053"},"modified":"2021-06-15T17:22:14","modified_gmt":"2021-06-15T15:22:14","slug":"p3b","status":"publish","type":"page","link":"https:\/\/agora.xtec.cat\/escolaconcordia\/cursos\/p3b\/","title":{"rendered":"P3B"},"content":{"rendered":"<h2><span style=\"color: #99cc00;\"><strong>FEM D&#8217;ARTISTES<\/strong><\/span><\/h2>\n<p>A LA NOSTRA ESCOLA CADA CURS &#8220;FEM D&#8217;ARTISTES&#8221;.<\/p>\n<p>VOLEU ENTRAR I VEURE EL MUSEU CONC\u00d2RDIA?<\/p>\n<p>CLIQUEU A SOBRE DE LA IMATGE I GAUDIU DE LA VISITA.<\/p>\n<p><a href=\"https:\/\/drive.google.com\/file\/d\/1IBx-L54LfsASHK189P8nEj8FCNgaI3Tc\/view?usp=sharing\" target=\"_blank\" rel=\"noopener noreferrer\"><img loading=\"lazy\" decoding=\"async\" class=\"aligncenter size-large wp-image-2434\" src=\"https:\/\/agora.xtec.cat\/escolaconcordia\/wp-content\/uploads\/usu2135\/2021\/06\/FOTO-P3-MIR\u00d3-PORTADA-1-1024x714.jpg\" alt=\"\" width=\"1024\" height=\"714\" srcset=\"https:\/\/agora.xtec.cat\/escolaconcordia\/wp-content\/uploads\/usu2135\/2021\/06\/FOTO-P3-MIR\u00d3-PORTADA-1.jpg 1024w, https:\/\/agora.xtec.cat\/escolaconcordia\/wp-content\/uploads\/usu2135\/2021\/06\/FOTO-P3-MIR\u00d3-PORTADA-1-300x209.jpg 300w, https:\/\/agora.xtec.cat\/escolaconcordia\/wp-content\/uploads\/usu2135\/2021\/06\/FOTO-P3-MIR\u00d3-PORTADA-1-768x536.jpg 768w\" sizes=\"auto, (max-width: 1024px) 100vw, 1024px\" \/><\/a><\/p>\n<h2><\/h2>\n<h2><span style=\"color: #99cc00;\"><strong>VISITA A LA GRANJA DE CAN DEU<\/strong><\/span><\/h2>\n<p>HEM ANAT A LA GRANJA DE CAN DEU I HO HEM PASSAT MOLT B\u00c9.<\/p>\n<p>HEM VIST ANIMALS I ELS HEM DONAT DE MENJAR, TAMB\u00c9 HEM PLANTAT EN L&#8217;HORT.<\/p>\n<p>HEM GAUDIT MOLT D&#8217;AQUESTA EXPERI\u00c8NCIA.<\/p>\n<p><a href=\"https:\/\/photos.app.goo.gl\/B5ZimuRnAFByPB2S7\" target=\"_blank\" rel=\"noopener noreferrer\"><img loading=\"lazy\" decoding=\"async\" class=\"aligncenter size-large wp-image-2376\" src=\"https:\/\/agora.xtec.cat\/escolaconcordia\/wp-content\/uploads\/usu2135\/2021\/06\/20210602_113834-768x1024.jpg\" alt=\"\" width=\"768\" height=\"1024\" srcset=\"https:\/\/agora.xtec.cat\/escolaconcordia\/wp-content\/uploads\/usu2135\/2021\/06\/20210602_113834.jpg 768w, https:\/\/agora.xtec.cat\/escolaconcordia\/wp-content\/uploads\/usu2135\/2021\/06\/20210602_113834-225x300.jpg 225w\" sizes=\"auto, (max-width: 768px) 100vw, 768px\" \/><\/a><\/p>\n<h2><span style=\"color: #99cc00;\"><strong>ANEM AL TEATRE<\/strong><\/span><\/h2>\n<p>HEM ANAT A L&#8217;ESTRUCH A VEURE L&#8217;AVENTURA D&#8217;AVORRIR-SE.<\/p>\n<p>ENS HO HEM PASSAT MOLT B\u00c9 AMB LA RITA!<\/p>\n<p>LI PASSAVEN MOLTES AVENTURES!!!<\/p>\n<div>QU\u00c8 DIVERTIT!<\/div>\n<div><\/div>\n<div><a href=\"https:\/\/photos.app.goo.gl\/hcVgBD6hx6ZqYGHM7\" target=\"_blank\" rel=\"noopener noreferrer\"><img loading=\"lazy\" decoding=\"async\" class=\"aligncenter size-large wp-image-2180\" src=\"https:\/\/agora.xtec.cat\/escolaconcordia\/wp-content\/uploads\/usu2135\/2021\/05\/20210511_105947-768x1024.jpg\" alt=\"\" width=\"768\" height=\"1024\" srcset=\"https:\/\/agora.xtec.cat\/escolaconcordia\/wp-content\/uploads\/usu2135\/2021\/05\/20210511_105947.jpg 768w, https:\/\/agora.xtec.cat\/escolaconcordia\/wp-content\/uploads\/usu2135\/2021\/05\/20210511_105947-225x300.jpg 225w\" sizes=\"auto, (max-width: 768px) 100vw, 768px\" \/><\/a><\/div>\n<div><\/div>\n<h2><span style=\"color: #99cc00;\"><strong>FEM PSICOMOTRICITAT<\/strong><\/span><\/h2>\n<p>HEM JUGAT AMB ELS MATALASSOS, ELS CUBS, ELS CILINDRES, ELS TRIANGLES, ELS PRISMES,&#8230;<\/p>\n<p>HEM SALTAT, HEM RODAT, HEM CONSTRU\u00cfT,&#8230;<\/p>\n<p>HEM FET SERVIR LA NOSTRA IMAGINACI\u00d3,&#8230; !!!<\/p>\n<p>QU\u00c8 B\u00c9 ENS HO HEM PASSAT A PSICOMOTRICITAT !!<\/p>\n<p><a href=\"https:\/\/photos.app.goo.gl\/ca9fFYdgpLeamz8V9\" target=\"_blank\" rel=\"noopener noreferrer\"><img loading=\"lazy\" decoding=\"async\" class=\"aligncenter size-large wp-image-2126\" src=\"https:\/\/agora.xtec.cat\/escolaconcordia\/wp-content\/uploads\/usu2135\/2021\/05\/20210429_154723-768x1024.jpg\" alt=\"\" width=\"768\" height=\"1024\" srcset=\"https:\/\/agora.xtec.cat\/escolaconcordia\/wp-content\/uploads\/usu2135\/2021\/05\/20210429_154723.jpg 768w, https:\/\/agora.xtec.cat\/escolaconcordia\/wp-content\/uploads\/usu2135\/2021\/05\/20210429_154723-225x300.jpg 225w\" sizes=\"auto, (max-width: 768px) 100vw, 768px\" \/><\/a><\/p>\n<h2><span style=\"color: #99cc00;\"><strong>PER SANT JORDI &#8230;<\/strong><\/span><\/h2>\n<p>PER SANTJORDI HEM FET MOLTES ACTIVITATS:<\/p>\n<p>LA LLEGENDA\u00a0 DE SANT JORDI. QUINA EMOCI\u00d3 !!!<\/p>\n<p>UNA ROSA DE PLASTILINA. ERA UNA SORPRESA !!!<\/p>\n<p>UN DIBUIX DELS TRES PORQUETS PELS JOCS FLORALS. QUINA FEINADA !!!<\/p>\n<p>UNA CARTA D&#8217;AGRA\u00cfMENT PEL DRAC. ENS VA PORTAR TRES CONTES PER LA CLASSE !!!<\/p>\n<p>LA ROSA FIT\u00c9 VA VENIR A L&#8217;ESCOLA PER EXPLICAR-NOS CONTES I POEMES. QU\u00c8 DIVERTIT !!!<\/p>\n<p><a href=\"https:\/\/photos.app.goo.gl\/KUWtm5JT6fZCyTEY8\" target=\"_blank\" rel=\"noopener noreferrer\"><img loading=\"lazy\" decoding=\"async\" class=\"aligncenter size-large wp-image-2092\" src=\"https:\/\/agora.xtec.cat\/escolaconcordia\/wp-content\/uploads\/usu2135\/2021\/05\/20210420_152144-1024x768.jpg\" alt=\"\" width=\"1024\" height=\"768\" srcset=\"https:\/\/agora.xtec.cat\/escolaconcordia\/wp-content\/uploads\/usu2135\/2021\/05\/20210420_152144.jpg 1024w, https:\/\/agora.xtec.cat\/escolaconcordia\/wp-content\/uploads\/usu2135\/2021\/05\/20210420_152144-300x225.jpg 300w, https:\/\/agora.xtec.cat\/escolaconcordia\/wp-content\/uploads\/usu2135\/2021\/05\/20210420_152144-768x576.jpg 768w, https:\/\/agora.xtec.cat\/escolaconcordia\/wp-content\/uploads\/usu2135\/2021\/05\/20210420_152144-200x150.jpg 200w\" sizes=\"auto, (max-width: 1024px) 100vw, 1024px\" \/><\/a><\/p>\n<h2><span style=\"color: #99cc00;\"><strong>JUGUEM, EXPERIMENTEM I ENS DIVERTIM ALS ESPAIS!!!<\/strong><\/span><\/h2>\n<p>AQUEST CURS TAN SINGULAR\u00a0 ELS ESPAIS QUE HEM OBERT S\u00d3N: SENSACI\u00d3 DE VIURE, MINIMONS, EXPERIMENTACI\u00d3, CONSTRU\u00cfM I A LA FRESCA.<\/p>\n<p><a href=\"https:\/\/photos.app.goo.gl\/Yy9hXFXXEnMkTsro8\" target=\"_blank\" rel=\"noopener noreferrer\"><img loading=\"lazy\" decoding=\"async\" class=\"aligncenter size-large wp-image-2057\" src=\"https:\/\/agora.xtec.cat\/escolaconcordia\/wp-content\/uploads\/usu2135\/2021\/04\/tempImageoPTxW9-768x1024.jpg\" alt=\"\" width=\"768\" height=\"1024\" srcset=\"https:\/\/agora.xtec.cat\/escolaconcordia\/wp-content\/uploads\/usu2135\/2021\/04\/tempImageoPTxW9.jpg 768w, https:\/\/agora.xtec.cat\/escolaconcordia\/wp-content\/uploads\/usu2135\/2021\/04\/tempImageoPTxW9-225x300.jpg 225w\" sizes=\"auto, (max-width: 768px) 100vw, 768px\" \/><\/a><\/p>\n<h2><span style=\"color: #99cc00;\"><strong>FEM AQUAREL\u00b7LES<\/strong><\/span><\/h2>\n<p>QU\u00c8 DIVERTIT PINTAR AMB AQUAREL.LES !!!<\/p>\n<p>ENS HA QUEDAT MOLT B\u00c9 !!!<\/p>\n<h2><a href=\"https:\/\/photos.app.goo.gl\/9pUEJdPhHx2wM9Z8A\" target=\"_blank\" rel=\"noopener noreferrer\"><img loading=\"lazy\" decoding=\"async\" class=\"aligncenter size-large wp-image-2058\" src=\"https:\/\/agora.xtec.cat\/escolaconcordia\/wp-content\/uploads\/usu2135\/2021\/04\/20210412_102005-1024x768.jpg\" alt=\"\" width=\"1024\" height=\"768\" srcset=\"https:\/\/agora.xtec.cat\/escolaconcordia\/wp-content\/uploads\/usu2135\/2021\/04\/20210412_102005.jpg 1024w, https:\/\/agora.xtec.cat\/escolaconcordia\/wp-content\/uploads\/usu2135\/2021\/04\/20210412_102005-300x225.jpg 300w, https:\/\/agora.xtec.cat\/escolaconcordia\/wp-content\/uploads\/usu2135\/2021\/04\/20210412_102005-768x576.jpg 768w, https:\/\/agora.xtec.cat\/escolaconcordia\/wp-content\/uploads\/usu2135\/2021\/04\/20210412_102005-200x150.jpg 200w\" sizes=\"auto, (max-width: 1024px) 100vw, 1024px\" \/><\/a><\/h2>\n<h2><span style=\"color: #99cc00;\"><strong>PINTEM COM JOAN MIR\u00d3<\/strong><\/span><\/h2>\n<p>HEM TREBALLAT DE VALENT PINTANT A LA MANERA DE JOAN MIR\u00d3!!!<\/p>\n<p>ENS HO HEM PASSAT D&#8217;ALL\u00d2 M\u00c9S B\u00c9!<\/p>\n<p>ESPEREM QUE US AGRADI!<\/p>\n<h2><span style=\"color: #99cc00;\"><strong><a href=\"https:\/\/photos.app.goo.gl\/tt72bqp8bvTX1QkP8\" target=\"_blank\" rel=\"noopener noreferrer\"><img loading=\"lazy\" decoding=\"async\" class=\"aligncenter size-large wp-image-1960\" src=\"https:\/\/agora.xtec.cat\/escolaconcordia\/wp-content\/uploads\/usu2135\/2021\/04\/20210315_100118-768x1024.jpg\" alt=\"\" width=\"768\" height=\"1024\" srcset=\"https:\/\/agora.xtec.cat\/escolaconcordia\/wp-content\/uploads\/usu2135\/2021\/04\/20210315_100118.jpg 768w, https:\/\/agora.xtec.cat\/escolaconcordia\/wp-content\/uploads\/usu2135\/2021\/04\/20210315_100118-225x300.jpg 225w\" sizes=\"auto, (max-width: 768px) 100vw, 768px\" \/><\/a><\/strong><\/span><\/h2>\n<h2><span style=\"color: #99cc00;\"><strong>PLANTEM A L&#8217;HORT<\/strong><\/span><\/h2>\n<p>HEM COMEN\u00c7AT L&#8217;HORT !!!<\/p>\n<div>HEM PLANTAT CEBES, ENCIAMS I MADUIXES !!<\/div>\n<div><\/div>\n<div><\/div>\n<div>QU\u00c8 DIVERTIT !!!<\/div>\n<div><\/div>\n<div><a href=\"https:\/\/photos.app.goo.gl\/VtfVdb9xcpQzeiAs6\" target=\"_blank\" rel=\"noopener noreferrer\"><img loading=\"lazy\" decoding=\"async\" class=\"aligncenter size-large wp-image-1928\" src=\"https:\/\/agora.xtec.cat\/escolaconcordia\/wp-content\/uploads\/usu2135\/2021\/03\/20210305_155101-768x1024.jpg\" alt=\"\" width=\"768\" height=\"1024\" srcset=\"https:\/\/agora.xtec.cat\/escolaconcordia\/wp-content\/uploads\/usu2135\/2021\/03\/20210305_155101.jpg 768w, https:\/\/agora.xtec.cat\/escolaconcordia\/wp-content\/uploads\/usu2135\/2021\/03\/20210305_155101-225x300.jpg 225w\" sizes=\"auto, (max-width: 768px) 100vw, 768px\" \/><\/a><\/div>\n<div><\/div>\n<h2><strong><span style=\"color: #99cc00;\">PER CARNAVAL TOT S&#8217;HI VAL<\/span><\/strong><\/h2>\n<p>FEM L&#8217;ASSAIG DEL BUGUI-BUGUI.<\/p>\n<p>ENS PREPAREM UNA CORONA PER REBRE AL CARNESTOLTES (AQUEST ANY REBUDA VIRTUAL).<\/p>\n<p>I ENS DISFRESSEM &#8230;<\/p>\n<p>APA, A BALLAR &#8230;<\/p>\n<p><a href=\"https:\/\/photos.app.goo.gl\/McrJ489uCuq49jUD9\" target=\"_blank\" rel=\"noopener noreferrer\"><img loading=\"lazy\" decoding=\"async\" class=\"aligncenter size-large wp-image-1822\" src=\"https:\/\/agora.xtec.cat\/escolaconcordia\/wp-content\/uploads\/usu2135\/2021\/02\/20210212_092252_001-768x1024.jpg\" alt=\"\" width=\"768\" height=\"1024\" srcset=\"https:\/\/agora.xtec.cat\/escolaconcordia\/wp-content\/uploads\/usu2135\/2021\/02\/20210212_092252_001.jpg 768w, https:\/\/agora.xtec.cat\/escolaconcordia\/wp-content\/uploads\/usu2135\/2021\/02\/20210212_092252_001-225x300.jpg 225w\" sizes=\"auto, (max-width: 768px) 100vw, 768px\" \/><\/a><\/p>\n<h3><span style=\"color: #99cc00;\">FEM DE PINTORS<\/span><\/h3>\n<p>ENS HO PASSEM D&#8217;ALL\u00d2 M\u00c9S B\u00c9 AMB ELS PINZELLS.<\/p>\n<p><a href=\"https:\/\/photos.app.goo.gl\/DvagQKAQ5m4xvQ948\"><img loading=\"lazy\" decoding=\"async\" class=\"alignnone size-large wp-image-1432\" src=\"https:\/\/agora.xtec.cat\/escolaconcordia\/wp-content\/uploads\/usu2135\/2021\/01\/PINZELLS-768x1024.jpg\" alt=\"\" width=\"768\" height=\"1024\" srcset=\"https:\/\/agora.xtec.cat\/escolaconcordia\/wp-content\/uploads\/usu2135\/2021\/01\/PINZELLS.jpg 768w, https:\/\/agora.xtec.cat\/escolaconcordia\/wp-content\/uploads\/usu2135\/2021\/01\/PINZELLS-225x300.jpg 225w\" sizes=\"auto, (max-width: 768px) 100vw, 768px\" \/><\/a><\/p>\n<h3><span style=\"color: #99cc00;\">ENTRE\u00a0 TOTS\u00a0 FEM\u00a0 UN QUADRE COM <strong>YAYOI<\/strong><strong>\u00a0\u00a0KUSAMA<\/strong><\/span><\/h3>\n<p><img loading=\"lazy\" decoding=\"async\" class=\"aligncenter\" src=\"https:\/\/upload.wikimedia.org\/wikipedia\/commons\/5\/5d\/Yayoi_Kusama_cropped_1_Yayoi_Kusama_201611.jpg\" alt=\"Yayoi Kusama - Wikipedia\" width=\"177\" height=\"244\" \/><\/p>\n<p><img loading=\"lazy\" decoding=\"async\" class=\"\" src=\"https:\/\/cdn.asiatatler.com\/asiatatler\/i\/hk\/2018\/11\/06200022-story-image-19594_cover_1500x900.jpg\" alt=\"5 Must-See Works At The New Yayoi Kusama Show | Tatler Hong Kong\" width=\"352\" height=\"211\" \/> \u00a0 \u00a0 \u00a0 \u00a0 \u00a0 \u00a0 <img decoding=\"async\" src=\"https:\/\/static.ffx.io\/images\/$zoom_1%2C$multiply_0.1891%2C$ratio_1.777778%2C$width_1983%2C$x_0%2C$y_216\/t_crop_custom\/q_86%2Cf_auto\/7d81b0b30e90d341fc909d8422bfd73ba25f0844\" alt=\"At 88, Yayoi Kusama shows what a life of colour looks like\" \/><\/p>\n<p><a href=\"https:\/\/agora.xtec.cat\/escolaconcordia\/wp-content\/uploads\/usu2135\/2021\/01\/IMG-20201006-WA0001-COLLAGE.jpg\"><img loading=\"lazy\" decoding=\"async\" class=\"alignnone size-large wp-image-1426\" src=\"https:\/\/agora.xtec.cat\/escolaconcordia\/wp-content\/uploads\/usu2135\/2021\/01\/IMG-20201006-WA0001-COLLAGE-1024x1024.jpg\" alt=\"\" width=\"1024\" height=\"1024\" srcset=\"https:\/\/agora.xtec.cat\/escolaconcordia\/wp-content\/uploads\/usu2135\/2021\/01\/IMG-20201006-WA0001-COLLAGE-1024x1024.jpg 1024w, https:\/\/agora.xtec.cat\/escolaconcordia\/wp-content\/uploads\/usu2135\/2021\/01\/IMG-20201006-WA0001-COLLAGE-150x150.jpg 150w, https:\/\/agora.xtec.cat\/escolaconcordia\/wp-content\/uploads\/usu2135\/2021\/01\/IMG-20201006-WA0001-COLLAGE-300x300.jpg 300w, https:\/\/agora.xtec.cat\/escolaconcordia\/wp-content\/uploads\/usu2135\/2021\/01\/IMG-20201006-WA0001-COLLAGE-768x768.jpg 768w, https:\/\/agora.xtec.cat\/escolaconcordia\/wp-content\/uploads\/usu2135\/2021\/01\/IMG-20201006-WA0001-COLLAGE.jpg 2047w\" sizes=\"auto, (max-width: 1024px) 100vw, 1024px\" \/><\/a><\/p>\n<h3><span style=\"color: #99cc00;\">COLORS FREDS<\/span><\/h3>\n<p>A P3 ENTRE TOTS FEM UN QUADRE AMB ELS COLORS FREDS DE L&#8217;HIVERN.<\/p>\n<p><a href=\"https:\/\/photos.app.goo.gl\/6qkpjXp7N7GgF7PC6\"><img loading=\"lazy\" decoding=\"async\" class=\"alignnone size-large wp-image-1421\" src=\"https:\/\/agora.xtec.cat\/escolaconcordia\/wp-content\/uploads\/usu2135\/2021\/01\/Freds-B-768x1024.jpg\" alt=\"\" width=\"768\" height=\"1024\" srcset=\"https:\/\/agora.xtec.cat\/escolaconcordia\/wp-content\/uploads\/usu2135\/2021\/01\/Freds-B.jpg 768w, https:\/\/agora.xtec.cat\/escolaconcordia\/wp-content\/uploads\/usu2135\/2021\/01\/Freds-B-225x300.jpg 225w\" sizes=\"auto, (max-width: 768px) 100vw, 768px\" \/><\/a><\/p>\n<div class=\"gs\">\n<div class=\"\">\n<div id=\":ar\" class=\"ii gt\">\n<div id=\":as\" class=\"a3s aiL \">\n<h3 dir=\"ltr\"><strong><span style=\"color: #99cc00;\">JOGUINES DE REIS<\/span><\/strong><\/h3>\n<p>ELS REIS D&#8217;ORIENT ENS HAN PORTAT UN MUNT DE JOGUINES!<\/p>\n<p><a href=\"https:\/\/photos.app.goo.gl\/SSFcXpXaZYnNUrN36\"><img loading=\"lazy\" decoding=\"async\" class=\"alignnone size-large wp-image-1430\" src=\"https:\/\/agora.xtec.cat\/escolaconcordia\/wp-content\/uploads\/usu2135\/2021\/01\/REIS-768x1024.jpg\" alt=\"\" width=\"768\" height=\"1024\" srcset=\"https:\/\/agora.xtec.cat\/escolaconcordia\/wp-content\/uploads\/usu2135\/2021\/01\/REIS.jpg 768w, https:\/\/agora.xtec.cat\/escolaconcordia\/wp-content\/uploads\/usu2135\/2021\/01\/REIS-225x300.jpg 225w\" sizes=\"auto, (max-width: 768px) 100vw, 768px\" \/><\/a><\/p>\n<h3 dir=\"ltr\"><span style=\"color: #99cc00;\">HEM ANAT A CAGAR EL TI\u00d3 !<\/span><\/h3>\n<div><span style=\"font-size: 16px; font-weight: normal;\">ENS HA CAGAT MOLTES JOGUINES!<\/span><\/div>\n<\/div>\n<div><\/div>\n<div id=\":as\" class=\"a3s aiL \">\n<div><a href=\"https:\/\/photos.app.goo.gl\/G3zf1wJrT4foxjbB8\"><img loading=\"lazy\" decoding=\"async\" class=\"alignnone size-large wp-image-1428\" src=\"https:\/\/agora.xtec.cat\/escolaconcordia\/wp-content\/uploads\/usu2135\/2021\/01\/TIO002-1024x768.jpg\" alt=\"\" width=\"1024\" height=\"768\" srcset=\"https:\/\/agora.xtec.cat\/escolaconcordia\/wp-content\/uploads\/usu2135\/2021\/01\/TIO002.jpg 1024w, https:\/\/agora.xtec.cat\/escolaconcordia\/wp-content\/uploads\/usu2135\/2021\/01\/TIO002-300x225.jpg 300w, https:\/\/agora.xtec.cat\/escolaconcordia\/wp-content\/uploads\/usu2135\/2021\/01\/TIO002-768x576.jpg 768w, https:\/\/agora.xtec.cat\/escolaconcordia\/wp-content\/uploads\/usu2135\/2021\/01\/TIO002-200x150.jpg 200w\" sizes=\"auto, (max-width: 1024px) 100vw, 1024px\" \/><\/a><\/div>\n<div class=\"adL\"><\/div>\n<\/div>\n<\/div>\n<div class=\"hi\"><\/div>\n<\/div>\n<\/div>\n<h3><span style=\"color: #99cc00;\">HA ARRIBAT EL TI\u00d3!<\/span><\/h3>\n<p style=\"font-weight: 400;\">Hem anat a buscar el ti\u00f3. Quin fred que feia !<\/p>\n<p style=\"font-weight: 400;\">Primer hem trobat les mandarines, despr\u00e9s la manta i al final molt amagadet a la caseta&#8230; all\u00e0 estava \u201cel ti\u00f3\u201d.<\/p>\n<p style=\"font-weight: 400;\">Li donarem molt de menjar perqu\u00e8 ens cagui molts regals per la classe!<\/p>\n<p style=\"font-weight: 400;\"><a href=\"https:\/\/photos.app.goo.gl\/13kwFvmNZRLAA3JM7\"><img loading=\"lazy\" decoding=\"async\" class=\"alignnone wp-image-1065 size-full\" src=\"https:\/\/agora.xtec.cat\/escolaconcordia\/wp-content\/uploads\/usu2135\/2020\/12\/Tio-P3B.jpg\" alt=\"\" width=\"1024\" height=\"768\" srcset=\"https:\/\/agora.xtec.cat\/escolaconcordia\/wp-content\/uploads\/usu2135\/2020\/12\/Tio-P3B.jpg 1024w, https:\/\/agora.xtec.cat\/escolaconcordia\/wp-content\/uploads\/usu2135\/2020\/12\/Tio-P3B-300x225.jpg 300w, https:\/\/agora.xtec.cat\/escolaconcordia\/wp-content\/uploads\/usu2135\/2020\/12\/Tio-P3B-768x576.jpg 768w, https:\/\/agora.xtec.cat\/escolaconcordia\/wp-content\/uploads\/usu2135\/2020\/12\/Tio-P3B-200x150.jpg 200w\" sizes=\"auto, (max-width: 1024px) 100vw, 1024px\" \/><\/a><\/p>\n<h3><span style=\"color: #99cc00;\"><strong>EL TEATRE VE A L&#8217;ESCOLA<\/strong><\/span><\/h3>\n<p>El nens i nenes de P3B vam participar a l&#8217;obra inspirArt. Ens ho vam passar molt b\u00e9! Clica a sobre de la imatge per veure les fotografies.<\/p>\n<p><a href=\"https:\/\/photos.app.goo.gl\/F8oZcRn5Ka4YiGQQ9\"><img loading=\"lazy\" decoding=\"async\" class=\"alignnone size-large wp-image-1049\" src=\"https:\/\/agora.xtec.cat\/escolaconcordia\/wp-content\/uploads\/usu2135\/2020\/12\/Teatre-P3-1024x404.png\" alt=\"\" width=\"1024\" height=\"404\" srcset=\"https:\/\/agora.xtec.cat\/escolaconcordia\/wp-content\/uploads\/usu2135\/2020\/12\/Teatre-P3-1024x404.png 1024w, https:\/\/agora.xtec.cat\/escolaconcordia\/wp-content\/uploads\/usu2135\/2020\/12\/Teatre-P3-300x118.png 300w, https:\/\/agora.xtec.cat\/escolaconcordia\/wp-content\/uploads\/usu2135\/2020\/12\/Teatre-P3-768x303.png 768w, https:\/\/agora.xtec.cat\/escolaconcordia\/wp-content\/uploads\/usu2135\/2020\/12\/Teatre-P3.png 1140w\" sizes=\"auto, (max-width: 1024px) 100vw, 1024px\" \/><\/a><\/p>\n<h3><strong><span style=\"color: #99cc00;\">ELS PRIMERS DIES DE CURS !!!!<\/span><\/strong><\/h3>\n<div><\/div>\n<div>SER\u00c0 UN CURS UNA MICA DIFERENT PER\u00d2 ENS FA MOLTA IL.LUSI\u00d3 I EMOCI\u00d3 !!!<\/div>\n<div><\/div>\n<div><a href=\"https:\/\/photos.app.goo.gl\/jLE2ZjZB7ZdAtbw47\"><img loading=\"lazy\" decoding=\"async\" class=\"alignnone size-large wp-image-1427\" src=\"https:\/\/agora.xtec.cat\/escolaconcordia\/wp-content\/uploads\/usu2135\/2021\/01\/P3-primers-dies-768x1024.jpg\" alt=\"\" width=\"768\" height=\"1024\" srcset=\"https:\/\/agora.xtec.cat\/escolaconcordia\/wp-content\/uploads\/usu2135\/2021\/01\/P3-primers-dies.jpg 768w, https:\/\/agora.xtec.cat\/escolaconcordia\/wp-content\/uploads\/usu2135\/2021\/01\/P3-primers-dies-225x300.jpg 225w\" sizes=\"auto, (max-width: 768px) 100vw, 768px\" \/><\/a><\/div>\n<div class=\"yj6qo\"><\/div>\n<div class=\"adL\"><\/div>\n","protected":false},"excerpt":{"rendered":"<p>FEM D&#8217;ARTISTES<br \/>\nA LA NOSTRA ESCOLA CADA CURS &#8220;FEM D&#8217;ARTISTES&#8221;.<br \/>\nVOLEU ENTRAR I VEURE EL MUSEU CONC\u00d2RDIA?<br \/>\nCLIQUEU A SOBRE DE LA IMATGE I GAUDIU DE LA VISITA.<br \/>\n<a href=\"https:\/\/drive.google.com\/file\/d\/1IBx-L54LfsASHK189P8nEj8FCNgaI3Tc\/view?usp=sharing\" target=\"_blank\" rel=\"noopener noreferrer\"><\/a><\/p>\n<p>VISITA A LA GRANJA DE CAN DEU<br \/>\nHEM ANAT A LA GRANJA DE CAN DEU I HO HEM&hellip;  <a href=\"https:\/\/agora.xtec.cat\/escolaconcordia\/cursos\/p3b\/\" title=\"Read P3B\">Llegeix m\u00e9s\u00bb<\/a><\/p>\n","protected":false},"author":1,"featured_media":0,"parent":728,"menu_order":0,"comment_status":"closed","ping_status":"closed","template":"page-templates\/side-menu.php","meta":{"_bbp_topic_count":0,"_bbp_reply_count":0,"_bbp_total_topic_count":0,"_bbp_total_reply_count":0,"_bbp_voice_count":0,"_bbp_anonymous_reply_count":0,"_bbp_topic_count_hidden":0,"_bbp_reply_count_hidden":0,"_bbp_forum_subforum_count":0,"footnotes":""},"class_list":["post-1053","page","type-page","status-publish","hentry"],"post_mailing_queue_ids":[],"_links":{"self":[{"href":"https:\/\/agora.xtec.cat\/escolaconcordia\/wp-json\/wp\/v2\/pages\/1053","targetHints":{"allow":["GET"]}}],"collection":[{"href":"https:\/\/agora.xtec.cat\/escolaconcordia\/wp-json\/wp\/v2\/pages"}],"about":[{"href":"https:\/\/agora.xtec.cat\/escolaconcordia\/wp-json\/wp\/v2\/types\/page"}],"author":[{"embeddable":true,"href":"https:\/\/agora.xtec.cat\/escolaconcordia\/wp-json\/wp\/v2\/users\/1"}],"replies":[{"embeddable":true,"href":"https:\/\/agora.xtec.cat\/escolaconcordia\/wp-json\/wp\/v2\/comments?post=1053"}],"version-history":[{"count":4,"href":"https:\/\/agora.xtec.cat\/escolaconcordia\/wp-json\/wp\/v2\/pages\/1053\/revisions"}],"predecessor-version":[{"id":2454,"href":"https:\/\/agora.xtec.cat\/escolaconcordia\/wp-json\/wp\/v2\/pages\/1053\/revisions\/2454"}],"up":[{"embeddable":true,"href":"https:\/\/agora.xtec.cat\/escolaconcordia\/wp-json\/wp\/v2\/pages\/728"}],"wp:attachment":[{"href":"https:\/\/agora.xtec.cat\/escolaconcordia\/wp-json\/wp\/v2\/media?parent=1053"}],"curies":[{"name":"wp","href":"https:\/\/api.w.org\/{rel}","templated":true}]}}