{"id":8204,"date":"2025-03-19T15:21:31","date_gmt":"2025-03-19T14:21:31","guid":{"rendered":"https:\/\/agora.xtec.cat\/escolacolors\/?page_id=8204"},"modified":"2025-03-19T16:50:49","modified_gmt":"2025-03-19T15:50:49","slug":"erasmus-en-construccio","status":"publish","type":"page","link":"https:\/\/agora.xtec.cat\/escolacolors\/erasmus-en-construccio\/","title":{"rendered":"Projectes internacionals"},"content":{"rendered":"<p>&nbsp;<\/p>\n<p style=\"text-align: left;\"><span style=\"color: #ff0000; font-family: inherit; font-size: 1em;\"><a href=\"https:\/\/agora.xtec.cat\/escolacolors\/wp-content\/uploads\/usu1205\/2023\/05\/Erasmus-300x63-1.jpg\"><img loading=\"lazy\" decoding=\"async\" class=\"aligncenter size-full wp-image-6662\" src=\"https:\/\/agora.xtec.cat\/escolacolors\/wp-content\/uploads\/usu1205\/2023\/05\/Erasmus-300x63-1.jpg\" alt=\"\" width=\"300\" height=\"63\" \/><\/a><\/span><\/p>\n<p style=\"text-align: left;\"><em>Erasmus+ \u00e9s el programa de la UE per a l\u2019educaci\u00f3, la formaci\u00f3, la joventut i l\u2019esport a Europa. Aquest programa s\u2019emmarca en les pol\u00edtiques educatives de la Uni\u00f3 Europea i segueix els objectius de l\u2019<a href=\"https:\/\/ec.europa.eu\/education\/education-in-the-eu\/european-education-area_es\">Espai Europeu d\u2019Educaci\u00f3 2025<\/a>.<\/em><\/p>\n<p><em>Les prioritats dels programa es concreten en quatre eixos principals:<\/em><\/p>\n<ul>\n<li><em><strong>Inclusi\u00f3 i diversitat:\u00a0<\/strong>El programa vol promoure la igualtat d\u2019oportunitats i acc\u00e9s, la inclusi\u00f3, la diversitat i l\u2019equitat en totes les seves accions. Es volen prioritzar les organitzacions i els participants amb menys oportunitats. A l\u2019hora de dissenyar els seus projectes i activitats, les organitzacions han de seguir un enfocament inclusiu, fent que siguin accessibles a un ampli ventall de participants.<\/em><\/li>\n<li><em><strong>Transformaci\u00f3 digital:\u00a0<\/strong>La crisis de la COVID-19 ens ha fet veure la necessitat d\u2019aprofitar el potencial que ofereixen les tecnologies digitals per l\u2019ensenyament i l\u2019aprenentatge. D\u2019acord amb les prioritats estrat\u00e8giques del\u00a0<a href=\"https:\/\/ec.europa.eu\/education\/education-in-the-eu\/digital-education-action-plan_es\" target=\"_blank\" rel=\"noopener noreferrer\"><strong>Pla d\u2019Acci\u00f3 d\u2019Educaci\u00f3 Digital<\/strong><\/a>\u00a0(2021-2027) el programa vol recolzar aquest esfor\u00e7 per involucrar l\u2019alumnat i el professorat en el proc\u00e9s de transformaci\u00f3 digital.<\/em><\/li>\n<li><em><strong>Medi ambient i lluita contra el canvi clim\u00e0tic:\u00a0<\/strong>Aquests temes s\u00f3n prioritaris per la Uni\u00f3 Europea ara i en el futur. El programa ser\u00e0, per tant, un instrument clau per la creaci\u00f3 de coneixements, capacitats i actituds en relaci\u00f3 amb el canvi clim\u00e0tic i el desenvolupament sostenible.<\/em><br \/>\n<em>Erasmus+ \u00e9s un programa que promou la mobilitat i cal que s\u2019esforci per aconseguir la reducci\u00f3 d\u2019emissi\u00f3 de carboni a trav\u00e9s de la promoci\u00f3 de mitjans de transport sostenibles i de comportament m\u00e9s responsable.<\/em><\/li>\n<li><em><strong>Participaci\u00f3 en la vida democr\u00e0tica:\u00a0<\/strong>El programa vol potenciar i donar a con\u00e8ixer els valors comuns de la Uni\u00f3 Europea, els principis d\u2019unitat i diversitat i el seu patrimoni social, cultural i hist\u00f2ric. Recolza la ciutadania activa i l\u2019aprenentatge permanent; impulsa el desenvolupament de compet\u00e8ncies socials i interculturals, el pensament cr\u00edtic i l\u2019alfabetitzaci\u00f3 medi\u00e0tica.<\/em><\/li>\n<\/ul>\n<p><em>(<a href=\"https:\/\/xtec.gencat.cat\/ca\/projectes\/plurilinguisme\/programes\/internacionals\/erasmusplus\/quees\/\">Font<\/a>). <\/em>M\u00e9s informaci\u00f3 a <a href=\"https:\/\/xtec.gencat.cat\/ca\/projectes\/plurilinguisme\/programes\/internacionals\/erasmusplus\/\">https:\/\/xtec.gencat.cat\/ca\/projectes\/plurilinguisme\/programes\/internacionals\/erasmusplus\/<\/a><\/p>\n<p>&nbsp;<\/p>\n<p><strong>L&#8217;escola Colors participa a projectes Erasmus+ des de l&#8217;any 2021. Podeu veure&#8217;n m\u00e9s detalls a cada un dels blogs seg\u00fcents:<\/strong><\/p>\n<p><a href=\"https:\/\/agora.xtec.cat\/escolacolors\/categoria\/smile\/\">Erasmus+ KA122 Projecte SMILE<\/a> (curs 24-26)<\/p>\n<p><a href=\"https:\/\/agora.xtec.cat\/escolacolors\/categoria\/cete\/\">Erasmus+ CETE+<\/a> (curs 21-23)<\/p>\n<p style=\"text-align: center;\"><a href=\"https:\/\/agora.xtec.cat\/escolacolors\/wp-content\/uploads\/usu1205\/2025\/03\/etwinning_logo-1024x308-1.png\"><img loading=\"lazy\" decoding=\"async\" class=\"aligncenter wp-image-8213\" src=\"https:\/\/agora.xtec.cat\/escolacolors\/wp-content\/uploads\/usu1205\/2025\/03\/etwinning_logo-1024x308-1.png\" alt=\"\" width=\"276\" height=\"83\" srcset=\"https:\/\/agora.xtec.cat\/escolacolors\/wp-content\/uploads\/usu1205\/2025\/03\/etwinning_logo-1024x308-1.png 1024w, https:\/\/agora.xtec.cat\/escolacolors\/wp-content\/uploads\/usu1205\/2025\/03\/etwinning_logo-1024x308-1-300x90.png 300w, https:\/\/agora.xtec.cat\/escolacolors\/wp-content\/uploads\/usu1205\/2025\/03\/etwinning_logo-1024x308-1-768x231.png 768w\" sizes=\"auto, (max-width: 276px) 100vw, 276px\" \/><\/a><\/p>\n<p><em>eTwinning \u00e9s la comunitat m\u00e9s extensa de centres educatius d\u2019Europa. Va n\u00e9ixer el 2005 com iniciativa del Programa d&#8217;Aprenentatge eLearning de la Comissi\u00f3 Europea i des del 2014 forma part d&#8217;Erasmus+, el Programa de la Uni\u00f3 Europea en mat\u00e8ria d&#8217;educaci\u00f3, formaci\u00f3, joventut i esport El Servei Central de suport est\u00e0 dirigit per European Schoolnet, una associaci\u00f3 internacional de 30 Ministeris Europeus d&#8217;Educaci\u00f3 que promouen l&#8217;educaci\u00f3 en els centres educatius, a nivell del professorat i l\u2019alumnat de tota Europa.<\/em><\/p>\n<p><em>El\u00a0<a href=\"http:\/\/www.etwinning.net\/\" target=\"_blank\" rel=\"noopener\">portal eTwinning<\/a>\u00a0\u00e9s un punt de trobada i un lloc com\u00fa de treball. Est\u00e0 tradu\u00eft a vint-i-cinc idiomes i proporciona eines en l\u00ednia perqu\u00e8 els docents trobin socis, engeguin projectes, comparteixin idees, intercanvi\u00efn pr\u00e0ctiques interessants i comencin a treballar junts, servint-se de diferents eines personalitzades disponibles a la plataforma eTwinning.<\/em><\/p>\n<p><em>Ofereix una plataforma als equips educatius (professors, directors, bibliotecaris, etc.) europeus per comunicar-se, col\u00b7laborar, desenvolupar projectes o el que \u00e9s el mateix, sentir-se i formar part de la comunitat educativa m\u00e9s \u00e0mplia d&#8217;Europa.<\/em><\/p>\n<p><em>La iniciativa eTwinning promou la col\u00b7laboraci\u00f3 escolar a Europa utilitzant les tecnologies per a l\u2019aprenentatge i el coneixement (TAC) i dona suport als centres oferint-los les eines i els serveis necessaris que facilitin la seva associaci\u00f3 per desenvolupar un projecte en com\u00fa.<\/em><\/p>\n<p>(<a href=\"https:\/\/xtec.gencat.cat\/ca\/projectes\/plurilinguisme\/programes\/internacionals\/etwinning\/quees\/\">Font<\/a>) M\u00e9s informaci\u00f3 a https:\/\/xtec.gencat.cat\/ca\/projectes\/plurilinguisme\/programes\/internacionals\/etwinning\/<\/p>\n<p><strong>L&#8217;escola Colors participa a activitats etwinning des de l&#8217;any 2017. Podeu veure&#8217;n m\u00e9s detalls al blog seg\u00fcent: <\/strong><a href=\"https:\/\/agora.xtec.cat\/escolacolors\/tag\/etwinning\/\">Etwinning<\/a><\/p>\n","protected":false},"excerpt":{"rendered":"<p>&nbsp;<br \/>\n<a href=\"https:\/\/agora.xtec.cat\/escolacolors\/wp-content\/uploads\/usu1205\/2023\/05\/Erasmus-300x63-1.jpg\"><\/a><br \/>\nErasmus+ \u00e9s el programa de la UE per a l\u2019educaci\u00f3, la formaci\u00f3, la joventut i l\u2019esport a Europa. Aquest programa s\u2019emmarca en les pol\u00edtiques educatives de la Uni\u00f3 Europea i segueix els objectius de l\u2019<a href=\"https:\/\/ec.europa.eu\/education\/education-in-the-eu\/european-education-area_es\">Espai Europeu d\u2019Educaci\u00f3 2025<\/a>.<br \/>\nLes prioritats dels programa es concreten&hellip;  <a href=\"https:\/\/agora.xtec.cat\/escolacolors\/erasmus-en-construccio\/\" title=\"Read Projectes internacionals\">Llegeix m\u00e9s\u00bb<\/a><\/p>\n","protected":false},"author":1,"featured_media":0,"parent":0,"menu_order":0,"comment_status":"closed","ping_status":"closed","template":"","meta":{"_bbp_topic_count":0,"_bbp_reply_count":0,"_bbp_total_topic_count":0,"_bbp_total_reply_count":0,"_bbp_voice_count":0,"_bbp_anonymous_reply_count":0,"_bbp_topic_count_hidden":0,"_bbp_reply_count_hidden":0,"_bbp_forum_subforum_count":0,"footnotes":""},"class_list":["post-8204","page","type-page","status-publish","hentry"],"post_mailing_queue_ids":[],"_links":{"self":[{"href":"https:\/\/agora.xtec.cat\/escolacolors\/wp-json\/wp\/v2\/pages\/8204","targetHints":{"allow":["GET"]}}],"collection":[{"href":"https:\/\/agora.xtec.cat\/escolacolors\/wp-json\/wp\/v2\/pages"}],"about":[{"href":"https:\/\/agora.xtec.cat\/escolacolors\/wp-json\/wp\/v2\/types\/page"}],"author":[{"embeddable":true,"href":"https:\/\/agora.xtec.cat\/escolacolors\/wp-json\/wp\/v2\/users\/1"}],"replies":[{"embeddable":true,"href":"https:\/\/agora.xtec.cat\/escolacolors\/wp-json\/wp\/v2\/comments?post=8204"}],"version-history":[{"count":6,"href":"https:\/\/agora.xtec.cat\/escolacolors\/wp-json\/wp\/v2\/pages\/8204\/revisions"}],"predecessor-version":[{"id":8215,"href":"https:\/\/agora.xtec.cat\/escolacolors\/wp-json\/wp\/v2\/pages\/8204\/revisions\/8215"}],"wp:attachment":[{"href":"https:\/\/agora.xtec.cat\/escolacolors\/wp-json\/wp\/v2\/media?parent=8204"}],"curies":[{"name":"wp","href":"https:\/\/api.w.org\/{rel}","templated":true}]}}