{"id":73,"date":"2014-09-18T14:01:51","date_gmt":"2014-09-18T13:01:51","guid":{"rendered":"http:\/\/agora.xtec.cat\/escolacolors\/?page_id=73"},"modified":"2026-02-04T17:34:51","modified_gmt":"2026-02-04T16:34:51","slug":"menjador-escolar","status":"publish","type":"page","link":"https:\/\/agora.xtec.cat\/escolacolors\/serveis\/menjador-escolar\/","title":{"rendered":"Menjador escolar"},"content":{"rendered":"<p>El servei de menjador \u00e9s gestionat a trav\u00e9s de l&#8217;empresa Com a Casa menjadors escolars.\u00a0<strong><em><br \/>\n<\/em><\/strong><\/p>\n<p><strong>PREUS I NORMATIVA DE L&#8217;ESPAI DE MIGDIA<\/strong>:<\/p>\n<p class=\"p1\"><strong>Preus del men\u00fa<\/strong>:<\/p>\n<p class=\"p1\">&#8211; <strong>FIX 7,15 \u20ac<\/strong> (a partir de 3 dies a la setmana, sempre que sigui la mateixa rutina (els mateixos dies fixos).<\/p>\n<p class=\"p1\">&#8211; <strong>ESPOR\u00c0DIC 7,85 \u20ac.<\/strong><\/p>\n<p class=\"p2\">El pagament dels usuaris fixos i espor\u00e0dics es far\u00e0 a mes ven\u00e7ut de l\u20191 al 5 de cada mes (excepte el mes de juny que ser\u00e0 el dia 24), a trav\u00e9s de domiciliaci\u00f3 banc\u00e0ria o de l&#8217;APP de Com a Casa per pagament amb targeta electr\u00f2nica (plataforma de pagament segura: DUMA). No s\u2019acceptar\u00e0 cap pagament en efectiu.<\/p>\n<p>Per a qualsevol consulta o necessitat relacionada amb el pagament, en cas que un dia el vostre fill o filla no assisteixi al servei, si necessiteu el servei de menjador de forma espor\u00e0dica o en cas de necessitar una dieta especial (en cas que el nen\/a pateixi alguna al\u00b7l\u00e8rgia o intoler\u00e0ncia \u00e9s necessari un informe m\u00e8dic), poseu-vos en contacte amb la coordinadora del menjador.<\/p>\n<p class=\"p1\"><strong>Comunicaci\u00f3 amb la coordinadora:<\/strong><\/p>\n<table style=\"border-collapse: collapse; width: 100%;\">\n<tbody>\n<tr>\n<td style=\"width: 38.7043%;\">Nom de la coordinadora<\/td>\n<td style=\"width: 61.2957%;\"><strong>ESTHER RAMOS<\/strong><\/td>\n<\/tr>\n<tr>\n<td style=\"width: 38.7043%;\">Tel\u00e8fon de l\u2019espai del migdia<\/td>\n<td style=\"width: 61.2957%;\"><strong>604243318<\/strong><\/td>\n<\/tr>\n<tr>\n<td style=\"width: 38.7043%;\">Correu electr\u00f2nic<\/td>\n<td style=\"width: 61.2957%;\"><a href=\"mailto:menjadorcolors@gmail.com\">menjadorcolors@gmail.com<\/a><\/td>\n<\/tr>\n<tr>\n<td style=\"width: 38.7043%;\">Horari d\u2019atenci\u00f3 a les fam\u00edlies<\/td>\n<td style=\"width: 61.2957%;\"><strong>9.00 h a 9.30 h<\/strong><\/td>\n<\/tr>\n<\/tbody>\n<\/table>\n<p style=\"text-align: center;\"><a href=\"https:\/\/agora.xtec.cat\/escolacolors\/wp-content\/uploads\/usu1205\/2023\/07\/logo-1.jpeg\"><img loading=\"lazy\" decoding=\"async\" class=\"aligncenter size-full wp-image-6839\" src=\"https:\/\/agora.xtec.cat\/escolacolors\/wp-content\/uploads\/usu1205\/2023\/07\/logo-1.jpeg\" alt=\"\" width=\"266\" height=\"89\" \/><\/a><\/p>\n<h6 style=\"text-align: center;\"><span style=\"color: #000000;\"><strong>Trobareu tota la informaci\u00f3 al <a href=\"https:\/\/comacasamenjadors.cat\/\">web de l&#8217;empresa<\/a><\/strong><\/span><\/h6>\n<p>&nbsp;<\/p>\n<p style=\"text-align: center;\">Amb la col\u00b7laboraci\u00f3 de <a href=\"https:\/\/agora.xtec.cat\/escolacolors\/wp-content\/uploads\/usu1205\/2024\/03\/logoeduco.png\"><img loading=\"lazy\" decoding=\"async\" class=\"wp-image-7269 aligncenter\" src=\"https:\/\/agora.xtec.cat\/escolacolors\/wp-content\/uploads\/usu1205\/2024\/03\/logoeduco.png\" alt=\"\" width=\"244\" height=\"92\" srcset=\"https:\/\/agora.xtec.cat\/escolacolors\/wp-content\/uploads\/usu1205\/2024\/03\/logoeduco.png 313w, https:\/\/agora.xtec.cat\/escolacolors\/wp-content\/uploads\/usu1205\/2024\/03\/logoeduco-300x113.png 300w\" sizes=\"auto, (max-width: 244px) 100vw, 244px\" \/><\/a><\/p>\n<p><strong>EQUIP DE MONITORATGE<\/strong><\/p>\n<table style=\"border-collapse: collapse; width: 81.3253%; height: 369px;\">\n<tbody>\n<tr style=\"height: 189px;\">\n<td style=\"width: 20%; height: 189px;\"><a href=\"https:\/\/agora.xtec.cat\/escolacolors\/wp-content\/uploads\/usu1205\/2026\/02\/52c128f6-42c4-4be5-9d17-849ec6e5172f.jpg\"><img loading=\"lazy\" decoding=\"async\" class=\"aligncenter  wp-image-8898\" src=\"https:\/\/agora.xtec.cat\/escolacolors\/wp-content\/uploads\/usu1205\/2026\/02\/52c128f6-42c4-4be5-9d17-849ec6e5172f-825x1024.jpg\" alt=\"\" width=\"220\" height=\"272\" srcset=\"https:\/\/agora.xtec.cat\/escolacolors\/wp-content\/uploads\/usu1205\/2026\/02\/52c128f6-42c4-4be5-9d17-849ec6e5172f-825x1024.jpg 825w, https:\/\/agora.xtec.cat\/escolacolors\/wp-content\/uploads\/usu1205\/2026\/02\/52c128f6-42c4-4be5-9d17-849ec6e5172f-242x300.jpg 242w, https:\/\/agora.xtec.cat\/escolacolors\/wp-content\/uploads\/usu1205\/2026\/02\/52c128f6-42c4-4be5-9d17-849ec6e5172f-768x953.jpg 768w, https:\/\/agora.xtec.cat\/escolacolors\/wp-content\/uploads\/usu1205\/2026\/02\/52c128f6-42c4-4be5-9d17-849ec6e5172f.jpg 923w\" sizes=\"auto, (max-width: 220px) 100vw, 220px\" \/><\/a><\/td>\n<td style=\"width: 20%; height: 189px;\"><a href=\"https:\/\/agora.xtec.cat\/escolacolors\/wp-content\/uploads\/usu1205\/2025\/09\/IMG_9690.jpg\"><img loading=\"lazy\" decoding=\"async\" class=\"aligncenter size-large wp-image-8590\" src=\"https:\/\/agora.xtec.cat\/escolacolors\/wp-content\/uploads\/usu1205\/2025\/09\/IMG_9690-745x1024.jpg\" alt=\"\" width=\"745\" height=\"1024\" srcset=\"https:\/\/agora.xtec.cat\/escolacolors\/wp-content\/uploads\/usu1205\/2025\/09\/IMG_9690-745x1024.jpg 745w, https:\/\/agora.xtec.cat\/escolacolors\/wp-content\/uploads\/usu1205\/2025\/09\/IMG_9690-218x300.jpg 218w, https:\/\/agora.xtec.cat\/escolacolors\/wp-content\/uploads\/usu1205\/2025\/09\/IMG_9690-768x1056.jpg 768w, https:\/\/agora.xtec.cat\/escolacolors\/wp-content\/uploads\/usu1205\/2025\/09\/IMG_9690-1117x1536.jpg 1117w, https:\/\/agora.xtec.cat\/escolacolors\/wp-content\/uploads\/usu1205\/2025\/09\/IMG_9690.jpg 1258w\" sizes=\"auto, (max-width: 745px) 100vw, 745px\" \/><\/a><\/td>\n<td style=\"width: 20%; height: 189px;\"><a href=\"https:\/\/agora.xtec.cat\/escolacolors\/wp-content\/uploads\/usu1205\/2026\/02\/a31aaa63-3f62-4b1c-a8c8-431686ae4c79.jpg\"><img loading=\"lazy\" decoding=\"async\" class=\"aligncenter wp-image-8896\" src=\"https:\/\/agora.xtec.cat\/escolacolors\/wp-content\/uploads\/usu1205\/2026\/02\/a31aaa63-3f62-4b1c-a8c8-431686ae4c79-871x1024.jpg\" alt=\"\" width=\"243\" height=\"285\" srcset=\"https:\/\/agora.xtec.cat\/escolacolors\/wp-content\/uploads\/usu1205\/2026\/02\/a31aaa63-3f62-4b1c-a8c8-431686ae4c79-871x1024.jpg 871w, https:\/\/agora.xtec.cat\/escolacolors\/wp-content\/uploads\/usu1205\/2026\/02\/a31aaa63-3f62-4b1c-a8c8-431686ae4c79-255x300.jpg 255w, https:\/\/agora.xtec.cat\/escolacolors\/wp-content\/uploads\/usu1205\/2026\/02\/a31aaa63-3f62-4b1c-a8c8-431686ae4c79-768x903.jpg 768w, https:\/\/agora.xtec.cat\/escolacolors\/wp-content\/uploads\/usu1205\/2026\/02\/a31aaa63-3f62-4b1c-a8c8-431686ae4c79.jpg 965w\" sizes=\"auto, (max-width: 243px) 100vw, 243px\" \/><\/a><\/td>\n<td style=\"width: 20%; height: 189px;\"><a href=\"https:\/\/agora.xtec.cat\/escolacolors\/wp-content\/uploads\/usu1205\/2025\/09\/IMG_9693.jpg\"><img loading=\"lazy\" decoding=\"async\" class=\"aligncenter size-large wp-image-8587\" src=\"https:\/\/agora.xtec.cat\/escolacolors\/wp-content\/uploads\/usu1205\/2025\/09\/IMG_9693-788x1024.jpg\" alt=\"\" width=\"788\" height=\"1024\" srcset=\"https:\/\/agora.xtec.cat\/escolacolors\/wp-content\/uploads\/usu1205\/2025\/09\/IMG_9693-788x1024.jpg 788w, https:\/\/agora.xtec.cat\/escolacolors\/wp-content\/uploads\/usu1205\/2025\/09\/IMG_9693-231x300.jpg 231w, https:\/\/agora.xtec.cat\/escolacolors\/wp-content\/uploads\/usu1205\/2025\/09\/IMG_9693-768x998.jpg 768w, https:\/\/agora.xtec.cat\/escolacolors\/wp-content\/uploads\/usu1205\/2025\/09\/IMG_9693-1182x1536.jpg 1182w, https:\/\/agora.xtec.cat\/escolacolors\/wp-content\/uploads\/usu1205\/2025\/09\/IMG_9693.jpg 1408w\" sizes=\"auto, (max-width: 788px) 100vw, 788px\" \/><\/a><\/td>\n<td style=\"width: 1.3253%; height: 189px;\"><\/td>\n<\/tr>\n<tr style=\"height: 180px;\">\n<td style=\"width: 20%; height: 180px;\"><a href=\"https:\/\/agora.xtec.cat\/escolacolors\/wp-content\/uploads\/usu1205\/2026\/02\/36a95c93-b496-4e01-94d7-8d9416cf61ee.jpg\"><img loading=\"lazy\" decoding=\"async\" class=\"aligncenter size-large wp-image-8899\" src=\"https:\/\/agora.xtec.cat\/escolacolors\/wp-content\/uploads\/usu1205\/2026\/02\/36a95c93-b496-4e01-94d7-8d9416cf61ee-820x1024.jpg\" alt=\"\" width=\"820\" height=\"1024\" srcset=\"https:\/\/agora.xtec.cat\/escolacolors\/wp-content\/uploads\/usu1205\/2026\/02\/36a95c93-b496-4e01-94d7-8d9416cf61ee-820x1024.jpg 820w, https:\/\/agora.xtec.cat\/escolacolors\/wp-content\/uploads\/usu1205\/2026\/02\/36a95c93-b496-4e01-94d7-8d9416cf61ee-240x300.jpg 240w, https:\/\/agora.xtec.cat\/escolacolors\/wp-content\/uploads\/usu1205\/2026\/02\/36a95c93-b496-4e01-94d7-8d9416cf61ee-768x959.jpg 768w, https:\/\/agora.xtec.cat\/escolacolors\/wp-content\/uploads\/usu1205\/2026\/02\/36a95c93-b496-4e01-94d7-8d9416cf61ee.jpg 878w\" sizes=\"auto, (max-width: 820px) 100vw, 820px\" \/><\/a><\/td>\n<td style=\"width: 20%; height: 180px;\"><a href=\"https:\/\/agora.xtec.cat\/escolacolors\/wp-content\/uploads\/usu1205\/2026\/02\/8d77e59f-c7e3-40d8-a597-7e29192fb89f.jpg\"><img loading=\"lazy\" decoding=\"async\" class=\"aligncenter size-large wp-image-8897\" src=\"https:\/\/agora.xtec.cat\/escolacolors\/wp-content\/uploads\/usu1205\/2026\/02\/8d77e59f-c7e3-40d8-a597-7e29192fb89f-765x1024.jpg\" alt=\"\" width=\"765\" height=\"1024\" srcset=\"https:\/\/agora.xtec.cat\/escolacolors\/wp-content\/uploads\/usu1205\/2026\/02\/8d77e59f-c7e3-40d8-a597-7e29192fb89f-765x1024.jpg 765w, https:\/\/agora.xtec.cat\/escolacolors\/wp-content\/uploads\/usu1205\/2026\/02\/8d77e59f-c7e3-40d8-a597-7e29192fb89f-224x300.jpg 224w, https:\/\/agora.xtec.cat\/escolacolors\/wp-content\/uploads\/usu1205\/2026\/02\/8d77e59f-c7e3-40d8-a597-7e29192fb89f-768x1029.jpg 768w, https:\/\/agora.xtec.cat\/escolacolors\/wp-content\/uploads\/usu1205\/2026\/02\/8d77e59f-c7e3-40d8-a597-7e29192fb89f.jpg 899w\" sizes=\"auto, (max-width: 765px) 100vw, 765px\" \/><\/a><\/td>\n<td style=\"width: 20%; height: 180px;\"><a href=\"https:\/\/agora.xtec.cat\/escolacolors\/wp-content\/uploads\/usu1205\/2025\/09\/IMG_9699.jpg\"><img loading=\"lazy\" decoding=\"async\" class=\"aligncenter wp-image-8582\" src=\"https:\/\/agora.xtec.cat\/escolacolors\/wp-content\/uploads\/usu1205\/2025\/09\/IMG_9699-720x1024.jpg\" alt=\"\" width=\"207\" height=\"295\" srcset=\"https:\/\/agora.xtec.cat\/escolacolors\/wp-content\/uploads\/usu1205\/2025\/09\/IMG_9699-720x1024.jpg 720w, https:\/\/agora.xtec.cat\/escolacolors\/wp-content\/uploads\/usu1205\/2025\/09\/IMG_9699-211x300.jpg 211w, https:\/\/agora.xtec.cat\/escolacolors\/wp-content\/uploads\/usu1205\/2025\/09\/IMG_9699-768x1093.jpg 768w, https:\/\/agora.xtec.cat\/escolacolors\/wp-content\/uploads\/usu1205\/2025\/09\/IMG_9699-1080x1536.jpg 1080w, https:\/\/agora.xtec.cat\/escolacolors\/wp-content\/uploads\/usu1205\/2025\/09\/IMG_9699.jpg 1266w\" sizes=\"auto, (max-width: 207px) 100vw, 207px\" \/><\/a><\/td>\n<td style=\"width: 20%; height: 180px;\"><a href=\"https:\/\/agora.xtec.cat\/escolacolors\/wp-content\/uploads\/usu1205\/2025\/09\/IMG_9696.jpg\"><img loading=\"lazy\" decoding=\"async\" class=\"aligncenter size-large wp-image-8584\" src=\"https:\/\/agora.xtec.cat\/escolacolors\/wp-content\/uploads\/usu1205\/2025\/09\/IMG_9696-729x1024.jpg\" alt=\"\" width=\"729\" height=\"1024\" srcset=\"https:\/\/agora.xtec.cat\/escolacolors\/wp-content\/uploads\/usu1205\/2025\/09\/IMG_9696-729x1024.jpg 729w, https:\/\/agora.xtec.cat\/escolacolors\/wp-content\/uploads\/usu1205\/2025\/09\/IMG_9696-214x300.jpg 214w, https:\/\/agora.xtec.cat\/escolacolors\/wp-content\/uploads\/usu1205\/2025\/09\/IMG_9696-768x1079.jpg 768w, https:\/\/agora.xtec.cat\/escolacolors\/wp-content\/uploads\/usu1205\/2025\/09\/IMG_9696-1093x1536.jpg 1093w, https:\/\/agora.xtec.cat\/escolacolors\/wp-content\/uploads\/usu1205\/2025\/09\/IMG_9696.jpg 1388w\" sizes=\"auto, (max-width: 729px) 100vw, 729px\" \/><\/a><\/td>\n<td style=\"width: 1.3253%; height: 180px;\"><\/td>\n<\/tr>\n<\/tbody>\n<\/table>\n<table style=\"border-collapse: collapse; width: 60.1542%;\">\n<tbody>\n<tr>\n<td style=\"width: 20.0803%;\"><a href=\"https:\/\/agora.xtec.cat\/escolacolors\/wp-content\/uploads\/usu1205\/2026\/02\/f2e8f908-20ce-4c2d-9868-f154e87e5e93.jpg\"><img loading=\"lazy\" decoding=\"async\" class=\"aligncenter size-large wp-image-8902\" src=\"https:\/\/agora.xtec.cat\/escolacolors\/wp-content\/uploads\/usu1205\/2026\/02\/f2e8f908-20ce-4c2d-9868-f154e87e5e93-798x1024.jpg\" alt=\"\" width=\"798\" height=\"1024\" srcset=\"https:\/\/agora.xtec.cat\/escolacolors\/wp-content\/uploads\/usu1205\/2026\/02\/f2e8f908-20ce-4c2d-9868-f154e87e5e93-798x1024.jpg 798w, https:\/\/agora.xtec.cat\/escolacolors\/wp-content\/uploads\/usu1205\/2026\/02\/f2e8f908-20ce-4c2d-9868-f154e87e5e93-234x300.jpg 234w, https:\/\/agora.xtec.cat\/escolacolors\/wp-content\/uploads\/usu1205\/2026\/02\/f2e8f908-20ce-4c2d-9868-f154e87e5e93-768x985.jpg 768w, https:\/\/agora.xtec.cat\/escolacolors\/wp-content\/uploads\/usu1205\/2026\/02\/f2e8f908-20ce-4c2d-9868-f154e87e5e93.jpg 933w\" sizes=\"auto, (max-width: 798px) 100vw, 798px\" \/><\/a><\/td>\n<td style=\"width: 19.9942%;\"><a href=\"https:\/\/agora.xtec.cat\/escolacolors\/wp-content\/uploads\/usu1205\/2025\/09\/IMG_9692.jpg\"><img loading=\"lazy\" decoding=\"async\" class=\"aligncenter wp-image-8588\" src=\"https:\/\/agora.xtec.cat\/escolacolors\/wp-content\/uploads\/usu1205\/2025\/09\/IMG_9692-757x1024.jpg\" alt=\"\" width=\"218\" height=\"295\" srcset=\"https:\/\/agora.xtec.cat\/escolacolors\/wp-content\/uploads\/usu1205\/2025\/09\/IMG_9692-757x1024.jpg 757w, https:\/\/agora.xtec.cat\/escolacolors\/wp-content\/uploads\/usu1205\/2025\/09\/IMG_9692-222x300.jpg 222w, https:\/\/agora.xtec.cat\/escolacolors\/wp-content\/uploads\/usu1205\/2025\/09\/IMG_9692-768x1038.jpg 768w, https:\/\/agora.xtec.cat\/escolacolors\/wp-content\/uploads\/usu1205\/2025\/09\/IMG_9692-1136x1536.jpg 1136w, https:\/\/agora.xtec.cat\/escolacolors\/wp-content\/uploads\/usu1205\/2025\/09\/IMG_9692.jpg 1432w\" sizes=\"auto, (max-width: 218px) 100vw, 218px\" \/><\/a><\/td>\n<td style=\"width: 20.0803%;\"><a href=\"https:\/\/agora.xtec.cat\/escolacolors\/wp-content\/uploads\/usu1205\/2025\/09\/IMG_9701.jpg\"><img loading=\"lazy\" decoding=\"async\" class=\"aligncenter size-large wp-image-8563\" src=\"https:\/\/agora.xtec.cat\/escolacolors\/wp-content\/uploads\/usu1205\/2025\/09\/IMG_9701-753x1024.jpg\" alt=\"\" width=\"753\" height=\"1024\" srcset=\"https:\/\/agora.xtec.cat\/escolacolors\/wp-content\/uploads\/usu1205\/2025\/09\/IMG_9701-753x1024.jpg 753w, https:\/\/agora.xtec.cat\/escolacolors\/wp-content\/uploads\/usu1205\/2025\/09\/IMG_9701-221x300.jpg 221w, https:\/\/agora.xtec.cat\/escolacolors\/wp-content\/uploads\/usu1205\/2025\/09\/IMG_9701-768x1044.jpg 768w, https:\/\/agora.xtec.cat\/escolacolors\/wp-content\/uploads\/usu1205\/2025\/09\/IMG_9701-1130x1536.jpg 1130w, https:\/\/agora.xtec.cat\/escolacolors\/wp-content\/uploads\/usu1205\/2025\/09\/IMG_9701.jpg 1231w\" sizes=\"auto, (max-width: 753px) 100vw, 753px\" \/><\/a><\/td>\n<\/tr>\n<\/tbody>\n<\/table>\n<p><a href=\"https:\/\/agora.xtec.cat\/escolacolors\/wp-content\/uploads\/usu1205\/2026\/02\/7d5b2a98-afe7-473a-84c4-45453e30208b.jpg\"><br \/>\n<img loading=\"lazy\" decoding=\"async\" class=\"wp-image-8903 alignleft\" src=\"https:\/\/agora.xtec.cat\/escolacolors\/wp-content\/uploads\/usu1205\/2026\/02\/7d5b2a98-afe7-473a-84c4-45453e30208b-1024x868.jpg\" alt=\"\" width=\"1056\" height=\"895\" srcset=\"https:\/\/agora.xtec.cat\/escolacolors\/wp-content\/uploads\/usu1205\/2026\/02\/7d5b2a98-afe7-473a-84c4-45453e30208b-1024x868.jpg 1024w, https:\/\/agora.xtec.cat\/escolacolors\/wp-content\/uploads\/usu1205\/2026\/02\/7d5b2a98-afe7-473a-84c4-45453e30208b-300x254.jpg 300w, https:\/\/agora.xtec.cat\/escolacolors\/wp-content\/uploads\/usu1205\/2026\/02\/7d5b2a98-afe7-473a-84c4-45453e30208b-768x651.jpg 768w, https:\/\/agora.xtec.cat\/escolacolors\/wp-content\/uploads\/usu1205\/2026\/02\/7d5b2a98-afe7-473a-84c4-45453e30208b.jpg 1183w\" sizes=\"auto, (max-width: 1056px) 100vw, 1056px\" \/><\/a><\/p>\n<p>&nbsp;<\/p>\n<p>&nbsp;<\/p>\n<p>&nbsp;<\/p>\n<p>&nbsp;<\/p>\n<p>&nbsp;<\/p>\n<p>&nbsp;<\/p>\n<p>&nbsp;<\/p>\n","protected":false},"excerpt":{"rendered":"<p>El servei de menjador \u00e9s gestionat a trav\u00e9s de l&#8217;empresa Com a Casa menjadors escolars.\u00a0<\/p>\n<p>PREUS I NORMATIVA DE L&#8217;ESPAI DE MIGDIA:<br \/>\nPreus del men\u00fa:<br \/>\n&#8211; FIX 7,15 \u20ac (a partir de 3 dies a la setmana, sempre que sigui la mateixa rutina (els mateixos dies fixos).<br \/>\n&#8211; ESPOR\u00c0DIC&hellip;  <a href=\"https:\/\/agora.xtec.cat\/escolacolors\/serveis\/menjador-escolar\/\" title=\"Read Menjador escolar\">Llegeix m\u00e9s\u00bb<\/a><\/p>\n","protected":false},"author":1,"featured_media":0,"parent":66,"menu_order":30,"comment_status":"closed","ping_status":"closed","template":"page-templates\/side-menu.php","meta":{"_bbp_topic_count":0,"_bbp_reply_count":0,"_bbp_total_topic_count":0,"_bbp_total_reply_count":0,"_bbp_voice_count":0,"_bbp_anonymous_reply_count":0,"_bbp_topic_count_hidden":0,"_bbp_reply_count_hidden":0,"_bbp_forum_subforum_count":0,"footnotes":""},"class_list":["post-73","page","type-page","status-publish","hentry"],"post_mailing_queue_ids":[],"_links":{"self":[{"href":"https:\/\/agora.xtec.cat\/escolacolors\/wp-json\/wp\/v2\/pages\/73","targetHints":{"allow":["GET"]}}],"collection":[{"href":"https:\/\/agora.xtec.cat\/escolacolors\/wp-json\/wp\/v2\/pages"}],"about":[{"href":"https:\/\/agora.xtec.cat\/escolacolors\/wp-json\/wp\/v2\/types\/page"}],"author":[{"embeddable":true,"href":"https:\/\/agora.xtec.cat\/escolacolors\/wp-json\/wp\/v2\/users\/1"}],"replies":[{"embeddable":true,"href":"https:\/\/agora.xtec.cat\/escolacolors\/wp-json\/wp\/v2\/comments?post=73"}],"version-history":[{"count":6,"href":"https:\/\/agora.xtec.cat\/escolacolors\/wp-json\/wp\/v2\/pages\/73\/revisions"}],"predecessor-version":[{"id":689,"href":"https:\/\/agora.xtec.cat\/escolacolors\/wp-json\/wp\/v2\/pages\/73\/revisions\/689"}],"up":[{"embeddable":true,"href":"https:\/\/agora.xtec.cat\/escolacolors\/wp-json\/wp\/v2\/pages\/66"}],"wp:attachment":[{"href":"https:\/\/agora.xtec.cat\/escolacolors\/wp-json\/wp\/v2\/media?parent=73"}],"curies":[{"name":"wp","href":"https:\/\/api.w.org\/{rel}","templated":true}]}}