{"id":64,"date":"2014-09-18T12:39:08","date_gmt":"2014-09-18T11:39:08","guid":{"rendered":"http:\/\/agora.xtec.cat\/escolacolors\/?page_id=64"},"modified":"2016-09-11T17:01:56","modified_gmt":"2016-09-11T16:01:56","slug":"projecte-educatiu","status":"publish","type":"page","link":"https:\/\/agora.xtec.cat\/escolacolors\/projecte-educatiu\/","title":{"rendered":"Projecte educatiu"},"content":{"rendered":"<p>L&#8217;Escola Colors va n\u00e9ixer des d&#8217;un bon comen\u00e7ament amb la ferma voluntat de constituir-se en una comunitat educativa que foment\u00e9s el seu treball i les seves relacions personals i professionals en un Projecte Educatiu basat en l&#8217;<strong>Educaci\u00f3 en valors <\/strong>i la consideraci\u00f3 de l&#8217;aprenentatge de les lleng\u00fces des d&#8217;una perspectiva <strong>pluriling\u00fce<\/strong>.<\/p>\n<p>Mestres i fam\u00edlies ens vam posar a treballar en un projecte educatiu engrescador i entusiasta en que els principals objectius que ens defineixen s\u00f3n:<\/p>\n<ol>\n<li>Educar els nostres nens i nenes a &#8220;<strong>saber ser<\/strong>&#8220;.<\/li>\n<li>Entendre l&#8217;escola com el lloc on mestres i fam\u00edlies &#8220;<strong>ensenyem a ser<\/strong>&#8221; en:\n<ul style=\"list-style-type: disc;\">\n<li>emocions<\/li>\n<li>just\u00edcia<\/li>\n<li>llibertat de criteri<\/li>\n<li>respecte a la difer\u00e8ncia i a la diversitat<\/li>\n<li>exig\u00e8ncia a un mateix<\/li>\n<li>valor de l&#8217;esfor\u00e7 individual i col\u00b7lectiu<\/li>\n<li>cooperaci\u00f3<\/li>\n<li>solidaritat<\/li>\n<\/ul>\n<\/li>\n<li>Acceptar els reptes actuals de l&#8217;escola:<strong> interculturalitat<\/strong> i<strong> lleng\u00fces estrangeres<\/strong>.<\/li>\n<li>Afavorir metodologies que tinguin en compte la<strong> inclusi\u00f3<\/strong> des de totes les seves vessants.<\/li>\n<li>Reivindicar la <strong>participaci\u00f3<\/strong> i <strong>el valor dels pares i mares<\/strong> com a elements indispensables en el fet de fer escola i educar.<\/li>\n<li><strong>Obrir l&#8217;escola<\/strong> a l&#8217;entorn facilitant l&#8217;intercanvi continu de formaci\u00f3 i informaci\u00f3 entre els seus integrants i el municipi.<\/li>\n<\/ol>\n<p>Aquests aspectes diferenciadors constitueixen els elements en qu\u00e8 estem basant la construcci\u00f3 progressiva de la nostra escola i del que estem fent part\u00edcips a tota la comunitat. Aix\u00ed, des d&#8217;aquesta voluntat i convenciment s&#8217;estan elaborant, discutint i aprovant els documents que s\u00f3n la base del nostre dia a dia.<\/p>\n","protected":false},"excerpt":{"rendered":"<p>L&#8217;Escola Colors va n\u00e9ixer des d&#8217;un bon comen\u00e7ament amb la ferma voluntat de constituir-se en una comunitat educativa que foment\u00e9s el seu treball i les seves relacions personals i professionals en un Projecte Educatiu basat en l&#8217;Educaci\u00f3 en valors i la consideraci\u00f3 de l&#8217;aprenentatge de&hellip;  <a href=\"https:\/\/agora.xtec.cat\/escolacolors\/projecte-educatiu\/\" title=\"Read Projecte educatiu\">Llegeix m\u00e9s\u00bb<\/a><\/p>\n","protected":false},"author":1,"featured_media":0,"parent":0,"menu_order":0,"comment_status":"closed","ping_status":"closed","template":"page-templates\/side-menu.php","meta":{"_bbp_topic_count":0,"_bbp_reply_count":0,"_bbp_total_topic_count":0,"_bbp_total_reply_count":0,"_bbp_voice_count":0,"_bbp_anonymous_reply_count":0,"_bbp_topic_count_hidden":0,"_bbp_reply_count_hidden":0,"_bbp_forum_subforum_count":0,"footnotes":""},"class_list":["post-64","page","type-page","status-publish","hentry"],"post_mailing_queue_ids":[],"_links":{"self":[{"href":"https:\/\/agora.xtec.cat\/escolacolors\/wp-json\/wp\/v2\/pages\/64","targetHints":{"allow":["GET"]}}],"collection":[{"href":"https:\/\/agora.xtec.cat\/escolacolors\/wp-json\/wp\/v2\/pages"}],"about":[{"href":"https:\/\/agora.xtec.cat\/escolacolors\/wp-json\/wp\/v2\/types\/page"}],"author":[{"embeddable":true,"href":"https:\/\/agora.xtec.cat\/escolacolors\/wp-json\/wp\/v2\/users\/1"}],"replies":[{"embeddable":true,"href":"https:\/\/agora.xtec.cat\/escolacolors\/wp-json\/wp\/v2\/comments?post=64"}],"version-history":[{"count":3,"href":"https:\/\/agora.xtec.cat\/escolacolors\/wp-json\/wp\/v2\/pages\/64\/revisions"}],"predecessor-version":[{"id":478,"href":"https:\/\/agora.xtec.cat\/escolacolors\/wp-json\/wp\/v2\/pages\/64\/revisions\/478"}],"wp:attachment":[{"href":"https:\/\/agora.xtec.cat\/escolacolors\/wp-json\/wp\/v2\/media?parent=64"}],"curies":[{"name":"wp","href":"https:\/\/api.w.org\/{rel}","templated":true}]}}