{"id":5820,"date":"2022-04-20T15:28:40","date_gmt":"2022-04-20T13:28:40","guid":{"rendered":"https:\/\/agora.xtec.cat\/escolacolors\/?page_id=5820"},"modified":"2024-07-15T11:48:33","modified_gmt":"2024-07-15T09:48:33","slug":"cultura-digital","status":"publish","type":"page","link":"https:\/\/agora.xtec.cat\/escolacolors\/projecte-educatiu\/estrategia-digital-de-centre-edc\/cultura-digital\/","title":{"rendered":"Cultura digital"},"content":{"rendered":"<p>&nbsp;<\/p>\n<p><a href=\"https:\/\/agora.xtec.cat\/escolacolors\/wp-content\/uploads\/usu1205\/2022\/07\/Captura-de-pantalla-2022-07-09-124110.jpg\"><img loading=\"lazy\" decoding=\"async\" class=\"aligncenter wp-image-6067\" src=\"https:\/\/agora.xtec.cat\/escolacolors\/wp-content\/uploads\/usu1205\/2022\/07\/Captura-de-pantalla-2022-07-09-124110-1024x664.jpg\" alt=\"\" width=\"596\" height=\"387\" srcset=\"https:\/\/agora.xtec.cat\/escolacolors\/wp-content\/uploads\/usu1205\/2022\/07\/Captura-de-pantalla-2022-07-09-124110-1024x664.jpg 1024w, https:\/\/agora.xtec.cat\/escolacolors\/wp-content\/uploads\/usu1205\/2022\/07\/Captura-de-pantalla-2022-07-09-124110-300x195.jpg 300w, https:\/\/agora.xtec.cat\/escolacolors\/wp-content\/uploads\/usu1205\/2022\/07\/Captura-de-pantalla-2022-07-09-124110-768x498.jpg 768w, https:\/\/agora.xtec.cat\/escolacolors\/wp-content\/uploads\/usu1205\/2022\/07\/Captura-de-pantalla-2022-07-09-124110.jpg 1125w\" sizes=\"auto, (max-width: 596px) 100vw, 596px\" \/><\/a><\/p>\n<p>A l&#8217;apartat de cultura digital de centre s&#8217;hi poden trobar diferents blocs sobre tota la documentaci\u00f3 que recull l&#8217;organitzaci\u00f3 digital di\u00e0ria del centre. Queda aqu\u00ed recollida i enlla\u00e7ada per tal que totes les refer\u00e8ncies a la cultura digital de centre siguin f\u00e0cilment localitzables i estiguin a l\u2019abast de la comunitat educativa.<\/p>\n<p>Durant el primer curs de la transformaci\u00f3 educativa al centre (21-22), la comissi\u00f3 d&#8217;estrat\u00e8gia digital ha recollit i organitzat la informaci\u00f3 referent a l&#8217;\u00e0mbit digital. En els propers cursos, s&#8217;anir\u00e0 actualitzant tota la documentaci\u00f3 que, un cop elaborada la FIC al centre, s&#8217;hagi consensuat conjuntament amb el claustre.<\/p>\n<table style=\"border-collapse: collapse; width: 100%; height: 247px;\">\n<tbody>\n<tr style=\"height: 32px;\">\n<td style=\"width: 100%; text-align: center; height: 32px;\"><a href=\"https:\/\/docs.google.com\/document\/d\/1wYWKrOw-WIo61hG_TJwS16UGNV_xZOZb1xtPAKdoURI\/edit?usp=sharing\">Comunicaci\u00f3 amb la comunitat educativa<\/a><\/td>\n<\/tr>\n<tr style=\"height: 32px;\">\n<td style=\"width: 100%; text-align: center; height: 32px;\"><span style=\"background-color: #ffffff;\">Serveis digitals i procediments de gesti\u00f3<\/span><\/td>\n<\/tr>\n<tr>\n<td style=\"width: 100%; text-align: center;\"><a href=\"https:\/\/agora.xtec.cat\/escolacolors\/wp-content\/uploads\/usu1205\/2024\/07\/PLA-DACOLLIDA-DIGITAL-23_24.pdf.pdf\">Pla d&#8217;acollida digital<\/a><\/td>\n<\/tr>\n<tr style=\"height: 32px;\">\n<td style=\"width: 100%; text-align: center; height: 32px;\">Acolliment digital alumnat<\/td>\n<\/tr>\n<tr style=\"height: 32px;\">\n<td style=\"width: 100%; text-align: center; height: 32px;\"><a href=\"https:\/\/docs.google.com\/document\/d\/1VgHGzn6uMU8DRK8Zwullo-JGOtnYFrbQWRa6HwalyU0\/edit?usp=sharing\"><span style=\"background-color: #ffffff;\">Acolliment digital fam\u00edlies<\/span><\/a><\/td>\n<\/tr>\n<tr style=\"height: 32px;\">\n<td style=\"width: 100%; text-align: center; height: 32px;\"><a href=\"https:\/\/docs.google.com\/document\/d\/15zRcT6vN3TOow2b1_eeAnHESP0SEdNQnFDcIy1G8WC0\/edit?usp=sharing\">Acolliment digital docents<\/a><\/td>\n<\/tr>\n<tr style=\"height: 32px;\">\n<td style=\"width: 100%; text-align: center; height: 32px;\"><a href=\"https:\/\/docs.google.com\/document\/d\/1E91ULJ3GSUkDBjV4DZsCx9fDxnO_FKn94VsT_ZsiNa8\/edit?usp=sharing\">Desplegament curricular de la compet\u00e8ncia digital de l&#8217;alumnat<\/a><\/td>\n<\/tr>\n<tr style=\"height: 32px;\">\n<td style=\"width: 100%; text-align: center; height: 32px;\"><span style=\"background-color: #f9f9f9;\">Acords i Protocols de centre<\/span><\/td>\n<\/tr>\n<tr style=\"height: 23px;\">\n<td style=\"width: 100%; text-align: center; height: 23px;\"><a href=\"https:\/\/docs.google.com\/document\/d\/1BwH6U4fFGZ9onVAo_tRi_eX7sy_VChLjjxBlFdPHeMk\/edit?usp=sharing\">Portals web i xarxes socials<\/a><\/td>\n<\/tr>\n<\/tbody>\n<\/table>\n<p>&nbsp;<\/p>\n","protected":false},"excerpt":{"rendered":"<p>&nbsp;<br \/>\n<a href=\"https:\/\/agora.xtec.cat\/escolacolors\/wp-content\/uploads\/usu1205\/2022\/07\/Captura-de-pantalla-2022-07-09-124110.jpg\"><\/a><br \/>\nA l&#8217;apartat de cultura digital de centre s&#8217;hi poden trobar diferents blocs sobre tota la documentaci\u00f3 que recull l&#8217;organitzaci\u00f3 digital di\u00e0ria del centre. Queda aqu\u00ed recollida i enlla\u00e7ada per tal que totes les refer\u00e8ncies a la cultura digital de centre siguin f\u00e0cilment localitzables i&hellip;  <a href=\"https:\/\/agora.xtec.cat\/escolacolors\/projecte-educatiu\/estrategia-digital-de-centre-edc\/cultura-digital\/\" title=\"Read Cultura digital\">Llegeix m\u00e9s\u00bb<\/a><\/p>\n","protected":false},"author":1,"featured_media":0,"parent":5814,"menu_order":20,"comment_status":"closed","ping_status":"closed","template":"page-templates\/side-menu.php","meta":{"_bbp_topic_count":0,"_bbp_reply_count":0,"_bbp_total_topic_count":0,"_bbp_total_reply_count":0,"_bbp_voice_count":0,"_bbp_anonymous_reply_count":0,"_bbp_topic_count_hidden":0,"_bbp_reply_count_hidden":0,"_bbp_forum_subforum_count":0,"footnotes":""},"class_list":["post-5820","page","type-page","status-publish","hentry"],"post_mailing_queue_ids":[],"_links":{"self":[{"href":"https:\/\/agora.xtec.cat\/escolacolors\/wp-json\/wp\/v2\/pages\/5820","targetHints":{"allow":["GET"]}}],"collection":[{"href":"https:\/\/agora.xtec.cat\/escolacolors\/wp-json\/wp\/v2\/pages"}],"about":[{"href":"https:\/\/agora.xtec.cat\/escolacolors\/wp-json\/wp\/v2\/types\/page"}],"author":[{"embeddable":true,"href":"https:\/\/agora.xtec.cat\/escolacolors\/wp-json\/wp\/v2\/users\/1"}],"replies":[{"embeddable":true,"href":"https:\/\/agora.xtec.cat\/escolacolors\/wp-json\/wp\/v2\/comments?post=5820"}],"version-history":[{"count":7,"href":"https:\/\/agora.xtec.cat\/escolacolors\/wp-json\/wp\/v2\/pages\/5820\/revisions"}],"predecessor-version":[{"id":7772,"href":"https:\/\/agora.xtec.cat\/escolacolors\/wp-json\/wp\/v2\/pages\/5820\/revisions\/7772"}],"up":[{"embeddable":true,"href":"https:\/\/agora.xtec.cat\/escolacolors\/wp-json\/wp\/v2\/pages\/5814"}],"wp:attachment":[{"href":"https:\/\/agora.xtec.cat\/escolacolors\/wp-json\/wp\/v2\/media?parent=5820"}],"curies":[{"name":"wp","href":"https:\/\/api.w.org\/{rel}","templated":true}]}}